{"id":167859,"date":"2026-04-30T12:38:23","date_gmt":"2026-04-30T17:38:23","guid":{"rendered":"https:\/\/www.acrartex.com\/products\/rcl-200-sokljus\/"},"modified":"2026-04-30T13:08:39","modified_gmt":"2026-04-30T18:08:39","slug":"rcl-200-sokljus","status":"publish","type":"product","link":"https:\/\/www.acrartex.com\/sv\/products\/rcl-200-sokljus\/","title":{"rendered":"RCL-200 S\u00f6kljus"},"content":{"rendered":"<p class=\"ai-optimize-57 ai-optimize-introduction\"><strong>Snygg kraft. O\u00f6vertr\u00e4ffad prestanda. <\/strong><\/p>\n<p class=\"ai-optimize-58\"><span data-olk-copy-source=\"MessageBody\">Den marina s\u00f6karlampan RCL-200 LED kombinerar elegant design med kompromissl\u00f6s h\u00e5llbarhet f\u00f6r att m\u00f6ta dagens b\u00e5t\u00e4gares krav. Denna s\u00f6karlampa \u00e4r konstruerad med ett robust h\u00f6lje i pressgjuten aluminium och \u00e4r byggd f\u00f6r att klara tuffa marina milj\u00f6er samtidigt som den bibeh\u00e5ller ett elegant och modernt utseende som kompletterar alla fartyg. <\/span><\/p>\n<p class=\"ai-optimize-59\"><span data-olk-copy-source=\"MessageBody\">RCL-200 LED drivs av 12 h\u00f6gintensiva lysdioder och producerar en lysande str\u00e5le p\u00e5 720 000 candela, vilket garanterar maximal sikt och s\u00e4kerhet under nattnavigering eller s\u00f6k- och r\u00e4ddningsinsatser. Med st\u00f6d f\u00f6r flera sp\u00e4nningar (DC 12V\u201324V) erbjuder den installationsflexibilitet f\u00f6r en m\u00e4ngd olika b\u00e5tar. <\/span><\/p>\n<p class=\"ai-optimize-60\"><span data-olk-copy-source=\"MessageBody\">RCL-200 LED \u00e4r utformad med bekv\u00e4mlighet och m\u00e5ngsidighet i \u00e5tanke och har avancerade kontrollfunktioner, inklusive m\u00f6jligheten att \u00e5terg\u00e5 till hempositionen p\u00e5 kommando och styra tv\u00e5 str\u00e5lkastare fr\u00e5n en station \u2013 eller tv\u00e5 str\u00e5lkastare fr\u00e5n tv\u00e5 stationer. Oavsett om du uppgraderar ett befintligt system eller utrustar ett nytt fartyg, levererar denna str\u00e5lkastare den tillf\u00f6rlitlighet, prestanda och stil du f\u00f6rv\u00e4ntar dig p\u00e5 vattnet. <\/span><\/p>\n<p>&nbsp;<\/p>\n<p class=\"ai-optimize-61\"><strong>Drag:<\/strong><\/p>\n<ul>\n<li class=\"ai-optimize-62\"><strong>Ljus belysning<\/strong> \u2013 <span data-olk-copy-source=\"MessageBody\">12 h\u00f6gintensiva lysdioder producerar en kraftfull str\u00e5le p\u00e5 720 000 candela f\u00f6r maximal synlighet.<\/span><\/li>\n<li class=\"ai-optimize-63\"><strong>Robust och snygg design<\/strong> \u2013 <span data-olk-copy-source=\"MessageBody\">H\u00e5llbart h\u00f6lje i pressgjuten aluminium, byggt f\u00f6r att t\u00e5la tuffa marina milj\u00f6er med ett elegant och modernt utseende.<\/span><\/li>\n<li class=\"ai-optimize-64\"><strong>Smarta kontrollalternativ<\/strong> \u2013 <span data-olk-copy-source=\"MessageBody\">\u00c5terg\u00e5ng till hempositionering med en knapptryckning.<\/span><\/li>\n<li class=\"ai-optimize-65\"><strong>Flexibel drift<\/strong> \u2013 <span data-olk-copy-source=\"MessageBody\">Styr tv\u00e5 str\u00e5lkastare fr\u00e5n en station eller tv\u00e5 str\u00e5lkastare fr\u00e5n tv\u00e5 stationer.<\/span><\/li>\n<li class=\"ai-optimize-66\"><strong>Bred sp\u00e4nningskompatibilitet<\/strong> \u2013 <span data-olk-copy-source=\"MessageBody\">St\u00f6der DC 12V\u201324V-system f\u00f6r m\u00e5ngsidig installation i en rad olika fartyg.<\/span><\/li>\n<\/ul>\n<p>&nbsp;<\/p>\n","protected":false},"excerpt":{"rendered":"<p><span style=\"color: #ff0000;\"><strong>KOMMER H\u00d6STEN 2026<\/strong><\/span><\/p>\n<p><span data-olk-copy-source=\"MessageBody\">RCL-200 LED \u00e4r en snygg och h\u00e5llbar marin str\u00e5lkastare byggd f\u00f6r prestanda. Med ett h\u00f6lje i pressgjuten aluminium, 12 h\u00f6gintensiva lysdioder och en imponerande ljusstr\u00e5le p\u00e5 720 000 candela ger den kraftfull sikt n\u00e4r du beh\u00f6ver det som mest. Med st\u00f6d f\u00f6r flera sp\u00e4nningar (DC 12V\u201324V) och avancerade styralternativ \u00e4r det den perfekta uppgraderingen f\u00f6r medelstora till stora fritidsfartyg s\u00e5v\u00e4l som kommersiella fartyg.  <\/span><\/p>\n","protected":false},"featured_media":167770,"template":"","meta":{"_acf_changed":false,"om_disable_all_campaigns":false},"product_brand":[],"product_cat":[5822,5826,5583,5823,7092,5825],"product_tag":[16239,16241,16243,16245,7112,7103,11958,7661,7674,7105,7099],"class_list":{"0":"post-167859","1":"product","2":"type-product","3":"status-publish","4":"has-post-thumbnail","6":"product_cat-inat-landet","7":"product_cat-kommersiell","8":"product_cat-marin","9":"product_cat-nara-stranden","10":"product_cat-stralkastare","11":"product_cat-till-havs","12":"product_tag-16239","13":"product_tag-16241","14":"product_tag-acr-rcl-200","15":"product_tag-acr-rcl-200-led","16":"product_tag-acr-sokljus","17":"product_tag-batstralkastare","18":"product_tag-led-batstralkastare-sv","19":"product_tag-led-sokljus","20":"product_tag-marin-led-sokarljus","21":"product_tag-marin-sokljus","22":"product_tag-sokarljus","24":"first","25":"outofstock","26":"taxable","27":"shipping-taxable","28":"product-type-variable"},"acf":[],"_links":{"self":[{"href":"https:\/\/www.acrartex.com\/sv\/wp-json\/wp\/v2\/product\/167859","targetHints":{"allow":["GET"]}}],"collection":[{"href":"https:\/\/www.acrartex.com\/sv\/wp-json\/wp\/v2\/product"}],"about":[{"href":"https:\/\/www.acrartex.com\/sv\/wp-json\/wp\/v2\/types\/product"}],"wp:featuredmedia":[{"embeddable":true,"href":"https:\/\/www.acrartex.com\/sv\/wp-json\/wp\/v2\/media\/167770"}],"wp:attachment":[{"href":"https:\/\/www.acrartex.com\/sv\/wp-json\/wp\/v2\/media?parent=167859"}],"wp:term":[{"taxonomy":"product_brand","embeddable":true,"href":"https:\/\/www.acrartex.com\/sv\/wp-json\/wp\/v2\/product_brand?post=167859"},{"taxonomy":"product_cat","embeddable":true,"href":"https:\/\/www.acrartex.com\/sv\/wp-json\/wp\/v2\/product_cat?post=167859"},{"taxonomy":"product_tag","embeddable":true,"href":"https:\/\/www.acrartex.com\/sv\/wp-json\/wp\/v2\/product_tag?post=167859"}],"curies":[{"name":"wp","href":"https:\/\/api.w.org\/{rel}","templated":true}]}}