{"id":166618,"date":"2025-11-12T18:18:59","date_gmt":"2025-11-12T23:18:59","guid":{"rendered":"https:\/\/www.acrartex.com\/products\/sr303-vhf-radio\/"},"modified":"2026-03-24T10:37:21","modified_gmt":"2026-03-24T15:37:21","slug":"sr303-vhf-radio","status":"publish","type":"product","link":"https:\/\/www.acrartex.com\/sv\/products\/sr303-vhf-radio\/","title":{"rendered":"SR303 VHF-radio"},"content":{"rendered":"<p>ACR Electronics SR303-radion erbjuds i tv\u00e5 praktiska format, som enbart en GMDSS-n\u00f6d-VHF f\u00f6r n\u00f6dsituationer eller som ett komplett kit f\u00f6r allm\u00e4n vardagsbruk och\/eller n\u00f6dsituationer, och fungerar som en helt\u00e4ckande l\u00f6sning f\u00f6r alla dina maritima kommunikationsbehov.<\/p>\n<p>GMDSS-n\u00f6d-VHF:n levereras med ett prim\u00e4rt litiumbatteri, vilket inkluderar en batterietikett s\u00e5 att det aldrig finns n\u00e5gon tvekan om huruvida prim\u00e4rbatteriet har anv\u00e4nts eller inte. N\u00e4r etiketten har tagits bort sl\u00e5s radion p\u00e5 automatiskt n\u00e4r batteriet ansluts, och enheten g\u00e5r ocks\u00e5 automatiskt in i GMDSS-driftl\u00e4ge med f\u00f6ljande f\u00f6rinst\u00e4llda inst\u00e4llningar: kanal 16, volymniv\u00e5 8 och brussp\u00e4rr inst\u00e4lld p\u00e5 2. <\/p>\n<p>Hela kitet inkluderar det prim\u00e4ra litiumbatteriet enligt beskrivningen och levereras \u00e4ven med ett uppladdningsbart litiumjonbatteri och en laddningsbas. Standardtillbeh\u00f6r som medf\u00f6ljer b\u00e5de det frist\u00e5ende GMDSS Emergency VHF-alternativet och det kompletta kitet inkluderar en flexibel gummiantenn, b\u00e4lteskl\u00e4mma och handledsrem. <\/p>\n<p>SR303 \u00e4r byggd med anv\u00e4ndarv\u00e4nlighet som en prioritet och \u00e4r l\u00e4mplig f\u00f6r anv\u00e4ndning med \u00f6verlevnadshandskar p\u00e5. Den har en l\u00e4ttl\u00e4st digital display. B\u00e5de displayen och knappsatsen \u00e4r bakgrundsbelysta, vilket g\u00f6r anv\u00e4ndningen enkel i milj\u00f6er med svagt ljus. SR303 har \u00e4ven NFC (Near Field Communication), vilket ger \u00e5tkomst till batteribytesdatum och produktinformation p\u00e5 en mobil enhet.  <\/p>\n<p>SR303:s h\u00e5llbara design g\u00f6r den l\u00e4mplig f\u00f6r alla marina till\u00e4mpningar och ett idealiskt val f\u00f6r obligatorisk och frivillig medf\u00f6ring. Med betydande erfarenhet inom marin s\u00e4kerhetsteknik och ett kontinuerligt engagemang f\u00f6r kvalitet och innovation, levererar ACR Electronics SR303 Marine GMDSS VHF-radio den typ av o\u00f6vertr\u00e4ffad prestanda som sj\u00f6m\u00e4n v\u00e4rlden \u00f6ver har kommit att f\u00f6rv\u00e4nta sig av alla produkter som produceras av ACR Electronics. <\/p>\n","protected":false},"excerpt":{"rendered":"<p>ACR Electronics SR303 Marine GMDSS VHF-radio \u00e4r byggd med flexibilitet i \u00e5tanke och erbjuder anv\u00e4ndarna praktiska alternativ f\u00f6r att underl\u00e4tta kommunikation till sj\u00f6ss oavsett omst\u00e4ndigheter. Denna vattent\u00e4ta VHF-radio \u00e4r designad som en GMDSS-produkt (Global Maritime Distress and Safety System) och \u00e4r fullt certifierad f\u00f6r att uppfylla IMO- och SOLAS-f\u00f6reskrifter. Den ger s\u00f6ml\u00f6st viktigt kommunikationsst\u00f6d i b\u00e5de kritiska situationer och under dagliga maritima operationer. <\/p>\n","protected":false},"featured_media":166619,"template":"","meta":{"_acf_changed":false,"om_disable_all_campaigns":false},"product_brand":[],"product_cat":[5826,5583,5825],"product_tag":[14377,14374,14381,14370,14357,14308,14340,14316,14363,14348,9622,14323,14385],"class_list":{"0":"post-166618","1":"product","2":"type-product","3":"status-publish","4":"has-post-thumbnail","6":"product_cat-kommersiell","7":"product_cat-marin","8":"product_cat-till-havs","9":"product_tag-gmdss-overlevnadsradio","10":"product_tag-gmdss-vhf-radio-sv","11":"product_tag-gmdss-godkand-radio","12":"product_tag-handhallen-marin-vhf-radio","13":"product_tag-handhallen-vhf-radio","14":"product_tag-marin-vhf-radio-sv","15":"product_tag-marin-vhf-radioantenn","16":"product_tag-marina-vhf-radioapparater","17":"product_tag-marina-vhf-radioapparater-till-salu","18":"product_tag-recensioner-av-marin-vhf-radio","19":"product_tag-vhf-marinradio","20":"product_tag-vhf-radio-sv","21":"product_tag-vhf-radio-gmdss-sv","23":"first","24":"outofstock","25":"taxable","26":"shipping-taxable","27":"product-type-simple"},"acf":[],"_links":{"self":[{"href":"https:\/\/www.acrartex.com\/sv\/wp-json\/wp\/v2\/product\/166618","targetHints":{"allow":["GET"]}}],"collection":[{"href":"https:\/\/www.acrartex.com\/sv\/wp-json\/wp\/v2\/product"}],"about":[{"href":"https:\/\/www.acrartex.com\/sv\/wp-json\/wp\/v2\/types\/product"}],"wp:featuredmedia":[{"embeddable":true,"href":"https:\/\/www.acrartex.com\/sv\/wp-json\/wp\/v2\/media\/166619"}],"wp:attachment":[{"href":"https:\/\/www.acrartex.com\/sv\/wp-json\/wp\/v2\/media?parent=166618"}],"wp:term":[{"taxonomy":"product_brand","embeddable":true,"href":"https:\/\/www.acrartex.com\/sv\/wp-json\/wp\/v2\/product_brand?post=166618"},{"taxonomy":"product_cat","embeddable":true,"href":"https:\/\/www.acrartex.com\/sv\/wp-json\/wp\/v2\/product_cat?post=166618"},{"taxonomy":"product_tag","embeddable":true,"href":"https:\/\/www.acrartex.com\/sv\/wp-json\/wp\/v2\/product_tag?post=166618"}],"curies":[{"name":"wp","href":"https:\/\/api.w.org\/{rel}","templated":true}]}}