{"id":166507,"date":"2025-11-06T04:45:51","date_gmt":"2025-11-06T09:45:51","guid":{"rendered":"https:\/\/www.acrartex.com\/products\/bivy-go-abonnemang-bivy-stick-mesh-obegransad-data\/"},"modified":"2025-11-06T04:45:51","modified_gmt":"2025-11-06T09:45:51","slug":"bivy-go-abonnemang-bivy-stick-mesh-obegransad-data","status":"publish","type":"product","link":"https:\/\/www.acrartex.com\/sv\/products\/bivy-go-abonnemang-bivy-stick-mesh-obegransad-data\/","title":{"rendered":"Bivy Go-abonnemang \u2013 Bivy Stick MESH + Obegr\u00e4nsad data"},"content":{"rendered":"<p>Bivy Stick MESH \u00e4r inte bara en enhet \u2013 det \u00e4r banbrytande framsteg inom f\u00f6retagskommunikation f\u00f6r fj\u00e4rrstyrning. Den \u00e4r utformad f\u00f6r att h\u00e5lla team uppkopplade \u00e4ven i de mest utmanande milj\u00f6erna och levererar s\u00f6ml\u00f6s dubbell\u00e4gesanslutning, d\u00e4r den intelligent v\u00e4xlar mellan det globala Iridium\u00ae-satellitn\u00e4tverket och LoRa\u00ae-aktiverade mesh-n\u00e4tverk f\u00f6r o\u00f6vertr\u00e4ffad tillf\u00f6rlitlighet och t\u00e4ckning. <\/p>\n<p>&nbsp;<\/p>\n<p>St\u00e4rker din fj\u00e4rrkommunikation:<\/p>\n<ul>\n<li><strong>Global Iridium-satellitt\u00e4ckning:<\/strong> Arbeta tryggt var som helst p\u00e5 jorden och utnyttja Iridiums o\u00f6vertr\u00e4ffade satellitkonstellation f\u00f6r orubblig kommunikation.<\/li>\n<li><strong>LoRa\u00ae-aktiverade mesh-n\u00e4tverk:<\/strong> Sj\u00e4lvbildande mesh-n\u00e4tverk, som m\u00f6jligg\u00f6r realtidsmeddelanden och GPS positionsuppdateringar f\u00f6r f\u00f6rb\u00e4ttrad teamkoordinering.<\/li>\n<\/ul>\n<p><strong> <\/strong><\/p>\n<p>ACR Bivy har konsekvent varit ledande i branschen och introducerade f\u00f6rst satellitaktiverad gruppkommunikation och sp\u00e5rning f\u00f6r upp till 12 Bivy Sticks. Nu med LoRa\u00ae-aktiverad MESH-integration h\u00f6jer Bivy ribban igen och bef\u00e4ster sin position som den fr\u00e4msta kommunikationsl\u00f6sningen f\u00f6r team som arbetar p\u00e5 platser utanf\u00f6r eln\u00e4tet. <\/p>\n<h2>Bivy Stick MESH-funktioner:<\/h2>\n<ul>\n<li><strong>Dubbla kommunikationsl\u00e4gen<\/strong> : Kombinerar unikt LoRa\u00ae-aktiverat mesh-n\u00e4tverk med robust global satellitkommunikation, vilket erbjuder o\u00f6vertr\u00e4ffad anslutning i olika milj\u00f6er och s\u00e4tter en ny standard inom utomhuskommunikationsteknik.\n<ul>\n<li><strong>Global satellitkommunikation<\/strong> :<br \/>\n Lita p\u00e5 Iridium-n\u00e4tverket f\u00f6r konsekvent, global anslutning \u00e4ven p\u00e5 de mest isolerade platserna.<\/li>\n<li><strong>LoRa\u00ae-aktiverat mesh-n\u00e4tverk:<br \/>\n<\/strong> F\u00f6rb\u00e4ttra teamkoordineringen med mesh-n\u00e4tverk f\u00f6r direkta enhetsanslutningar upp till en och en halv kilometer ifr\u00e5n varandra, med st\u00f6d f\u00f6r upp till 12 enheter.<\/li>\n<\/ul>\n<\/li>\n<li><strong>LoRa\u00ae-aktiverad meddelandehantering:<\/strong> Meddelande\u00f6verf\u00f6ring mellan enheter inom n\u00e5gra sekunder, vilket \u00e4r betydligt snabbare \u00e4n traditionell satellitkommunikation som kan ta minuter mellan enheter.<\/li>\n<\/ul>\n<ul>\n<li><strong>Anpassningsbar till tuffa milj\u00f6er:<\/strong> Utformad f\u00f6r att fungera s\u00f6ml\u00f6st i extrema f\u00f6rh\u00e5llanden, fr\u00e5n t\u00e4t skogsmark med tjocka tr\u00e4dkronor till omr\u00e5den t\u00e4ckta med betongkonstruktioner, och etablerar sig som en viktig tillg\u00e5ng f\u00f6r team och r\u00e4ddningstj\u00e4nst i signalkompromitterade omr\u00e5den.<\/li>\n<li><strong>Gruppmeddelanden:<\/strong> Anv\u00e4ndare kan enkelt skapa och g\u00e5 med i gruppchattar inom mesh-n\u00e4tverket, vilket m\u00f6jligg\u00f6r effektiv samordning och kommunikation mellan team eller grupper av m\u00e4nniskor.<\/li>\n<li aria-level=\"1\"><b>Platsdelning i realtid:<\/b> Enheter l\u00e5ter anv\u00e4ndare dela sin plats i realtid med andra i mesh-n\u00e4tverket, vilket f\u00f6rb\u00e4ttrar s\u00e4kerheten och m\u00f6jligg\u00f6r effektiv samordning under utomhusaktiviteter och n\u00f6dsituationer.<\/li>\n<li><strong>MESH-n\u00e4tverksintelligens:<\/strong> \u00d6vervakar mobil- och satellitsignalstyrkan f\u00f6r varje enhet i n\u00e4tverket och dirigerar intelligent meddelanden genom enheter med b\u00e4ttre anslutningar f\u00f6r att optimera kommunikationseffektiviteten.<\/li>\n<li><strong>Intelligent meddelande\u00f6verf\u00f6ring<\/strong> : Bivy Stick MESH kan fungera som en kommunikationsnod f\u00f6r att s\u00f6ml\u00f6st vidarebefordra meddelanden, antingen mellan enheter eller via satellit, vilket maximerar kommunikationseffektiviteten.<\/li>\n<li><strong>SOS-n\u00f6dbatteri:<\/strong> Utrustad med en dedikerad 24-timmars SOS-batterireserv, vilket s\u00e4kerst\u00e4ller att kritisk SOS-signal uppr\u00e4tth\u00e5lls i n\u00f6dsituationer.<\/li>\n<li><strong>Robust och vattent\u00e4t:<\/strong> Bivy Stick MESH \u00e4r byggd f\u00f6r kr\u00e4vande milj\u00f6er och har en h\u00e5llbar konstruktion som uppfyller vattent\u00e4thetsstandarden IP67. Den \u00e4r konstruerad f\u00f6r att fungera i alla v\u00e4derf\u00f6rh\u00e5llanden och garanterar p\u00e5litlig drift vart ditt uppdrag \u00e4n tar dig. <\/li>\n<li><strong>Integrationsklar:<\/strong> Utformad f\u00f6r kompatibilitet med befintliga f\u00f6retagsarbetsfl\u00f6den f\u00f6r s\u00f6ml\u00f6s integration.<\/li>\n<\/ul>\n<p>N\u00f6d-SOS Aktiveras i appen eller p\u00e5 enhetens knapp. Tillhandah\u00e5lls av GlobalRescue\u2122 <\/p>\n","protected":false},"excerpt":{"rendered":"<p><span class=\"TextRun SCXW184998696 BCX0\" lang=\"EN-US\" data-contrast=\"none\" xml:lang=\"EN-US\"><span class=\"NormalTextRun SCXW184998696 BCX0\">Med Bivy Stick MESH kan du njuta<\/span> <span class=\"NormalTextRun SCXW184998696 BCX0\">av p\u00e5litlig<\/span> <\/span><span class=\"TextRun SCXW184998696 BCX0\" lang=\"EN-US\" data-contrast=\"none\"><span class=\"NormalTextRun SCXW184998696 BCX0\">2-<\/span><\/span> <span class=\"TextRun SCXW184998696 BCX0\" lang=\"EN-US\" data-contrast=\"auto\"><span class=\"NormalTextRun SCXW184998696 BCX0\">v\u00e4gs<\/span> <span class=\"NormalTextRun SCXW184998696 BCX0\">satellitkommunikation<\/span><\/span><span class=\"TextRun SCXW184998696 BCX0\" lang=\"EN-US\" data-contrast=\"none\" xml:lang=\"EN-US\"><span class=\"NormalTextRun SCXW184998696 BCX0\">,  <\/span><\/span><span class=\"TextRun SCXW184998696 BCX0\" lang=\"EN-US\" data-contrast=\"none\" xml:lang=\"EN-US\"><span class=\"NormalTextRun SCXW184998696 BCX0\">gruppmeddelanden<\/span><\/span><span class=\"TextRun SCXW184998696 BCX0\" lang=\"EN-US\" data-contrast=\"none\" xml:lang=\"EN-US\"><span class=\"NormalTextRun SCXW184998696 BCX0\">,  <\/span><\/span><span class=\"TextRun SCXW184998696 BCX0\" lang=\"EN-US\" data-contrast=\"none\" xml:lang=\"EN-US\"><span class=\"NormalTextRun SCXW184998696 BCX0\">SOS-support dygnet runt<\/span><\/span><span class=\"TextRun SCXW184998696 BCX0\" lang=\"EN-US\" data-contrast=\"none\" xml:lang=\"EN-US\"><span class=\"NormalTextRun SCXW184998696 BCX0\">,  <\/span><\/span><span class=\"TextRun SCXW184998696 BCX0\" lang=\"EN-US\" data-contrast=\"none\" xml:lang=\"EN-US\"><span class=\"NormalTextRun SCXW184998696 BCX0\">GPS -sp\u00e5rning<\/span><\/span><span class=\"TextRun SCXW184998696 BCX0\" lang=\"EN-US\" data-contrast=\"none\" xml:lang=\"EN-US\"><span class=\"NormalTextRun SCXW184998696 BCX0\">och  <\/span><\/span><span class=\"TextRun SCXW184998696 BCX0\" lang=\"EN-US\" data-contrast=\"none\" xml:lang=\"EN-US\"><span class=\"NormalTextRun SCXW184998696 BCX0\">platsdelning  <\/span><\/span><span class=\"TextRun SCXW184998696 BCX0\" lang=\"EN-US\" data-contrast=\"none\" xml:lang=\"EN-US\"><span class=\"NormalTextRun SCXW184998696 BCX0\">allt i ett  <\/span><\/span><span class=\"TextRun SCXW184998696 BCX0\" lang=\"EN-US\" data-contrast=\"none\" xml:lang=\"EN-US\"><span class=\"NormalTextRun SCXW184998696 BCX0\">kompakt<\/span><\/span><span class=\"TextRun SCXW184998696 BCX0\" lang=\"EN-US\" data-contrast=\"none\" xml:lang=\"EN-US\"><span class=\"NormalTextRun SCXW184998696 BCX0\">  och  <\/span><\/span><span class=\"TextRun SCXW184998696 BCX0\" lang=\"EN-US\" data-contrast=\"none\" xml:lang=\"EN-US\"><span class=\"NormalTextRun SCXW184998696 BCX0\">l\u00e4ttvikt<\/span><\/span><span class=\"TextRun SCXW184998696 BCX0\" lang=\"EN-US\" data-contrast=\"none\" xml:lang=\"EN-US\"><span class=\"NormalTextRun SCXW184998696 BCX0\">  enhet. Den ger dig   <\/span><\/span><span class=\"TextRun SCXW184998696 BCX0\" lang=\"EN-US\" data-contrast=\"none\"><span class=\"NormalTextRun SCXW184998696 BCX0\">Frihet f\u00f6r off-grid-kommunikation<\/span><\/span> <span class=\"TextRun SCXW184998696 BCX0\" lang=\"EN-US\" data-contrast=\"none\"><span class=\"NormalTextRun SCXW184998696 BCX0\">till<\/span><\/span> <span class=\"TextRun SCXW184998696 BCX0\" lang=\"EN-US\" data-contrast=\"none\"><span class=\"NormalTextRun SCXW184998696 BCX0\">marknadens mest \u00f6verkomliga v\u00e4rde<\/span><\/span><span class=\"TextRun SCXW184998696 BCX0\" lang=\"EN-US\" data-contrast=\"none\" xml:lang=\"EN-US\"><span class=\"NormalTextRun SCXW184998696 BCX0\">. H\u00e5ll dig uppkopplad, \u00e4ven utanf\u00f6r mobilt\u00e4ckningen.<\/span><\/span><\/p>\n<h4><\/h4>\n<h4><strong>Stolt tillverkad i USA!<\/strong><\/h4>\n<p>&nbsp;<\/p>\n","protected":false},"featured_media":163297,"template":"","meta":{"_acf_changed":false,"om_disable_all_campaigns":false},"product_brand":[],"product_cat":[5583,5769],"product_tag":[],"class_list":{"0":"post-166507","1":"product","2":"type-product","3":"status-publish","4":"has-post-thumbnail","6":"product_cat-marin","7":"product_cat-utomhus","9":"first","10":"instock","11":"taxable","12":"shipping-taxable","13":"purchasable","14":"product-type-subscription"},"acf":[],"_links":{"self":[{"href":"https:\/\/www.acrartex.com\/sv\/wp-json\/wp\/v2\/product\/166507","targetHints":{"allow":["GET"]}}],"collection":[{"href":"https:\/\/www.acrartex.com\/sv\/wp-json\/wp\/v2\/product"}],"about":[{"href":"https:\/\/www.acrartex.com\/sv\/wp-json\/wp\/v2\/types\/product"}],"wp:featuredmedia":[{"embeddable":true,"href":"https:\/\/www.acrartex.com\/sv\/wp-json\/wp\/v2\/media\/163297"}],"wp:attachment":[{"href":"https:\/\/www.acrartex.com\/sv\/wp-json\/wp\/v2\/media?parent=166507"}],"wp:term":[{"taxonomy":"product_brand","embeddable":true,"href":"https:\/\/www.acrartex.com\/sv\/wp-json\/wp\/v2\/product_brand?post=166507"},{"taxonomy":"product_cat","embeddable":true,"href":"https:\/\/www.acrartex.com\/sv\/wp-json\/wp\/v2\/product_cat?post=166507"},{"taxonomy":"product_tag","embeddable":true,"href":"https:\/\/www.acrartex.com\/sv\/wp-json\/wp\/v2\/product_tag?post=166507"}],"curies":[{"name":"wp","href":"https:\/\/api.w.org\/{rel}","templated":true}]}}