{"id":166504,"date":"2025-11-06T04:46:44","date_gmt":"2025-11-06T09:46:44","guid":{"rendered":"https:\/\/www.acrartex.com\/products\/bivy-go-abonnemang-bivy-stick-obegransad-data\/"},"modified":"2025-11-06T04:46:44","modified_gmt":"2025-11-06T09:46:44","slug":"bivy-go-abonnemang-bivy-stick-obegransad-data","status":"publish","type":"product","link":"https:\/\/www.acrartex.com\/sv\/products\/bivy-go-abonnemang-bivy-stick-obegransad-data\/","title":{"rendered":"Bivy Go-abonnemang \u2013 Bivy Stick + Obegr\u00e4nsad data"},"content":{"rendered":"<p>H\u00e5ll dig uppkopplad och s\u00e4ker var som helst p\u00e5 jorden med Bivy Stick \u2013 en kompakt och kraftfull enhet som f\u00f6rvandlar din smartphone till en global satellitkommunikat\u00f6r. Bivy Stick drivs av satellitn\u00e4tverket Iridium och garanterar 100 % global t\u00e4ckning, \u00e4ven i de mest avl\u00e4gsna och tuffa milj\u00f6er. <\/p>\n<p>Bivy Stick \u00e4r utformad f\u00f6r \u00e4ventyrare, uppt\u00e4cktsresande och krisberedskapspersonal och m\u00f6jligg\u00f6r tv\u00e5v\u00e4gs satellitmeddelanden, GPS-positionsdelning och v\u00e4deruppdateringar \u2013 allt tillg\u00e4ngligt via Bivy-appen p\u00e5 iOS eller Android. Dess unika GroupTrack\u2122-funktion l\u00e5ter dig skicka meddelanden till och sp\u00e5ra upp till 12 Bivy Stick-anv\u00e4ndare samtidigt, vilket g\u00f6r det enkelt f\u00f6r team, guider och familjer att h\u00e5lla sig uppkopplade och synliga p\u00e5 en delad gruppkarta. <\/p>\n<p>I en n\u00f6dsituation trycker du bara p\u00e5 den dedikerade SOS-knappen f\u00f6r att omedelbart larma Global Rescue, vilket ger dig tillg\u00e5ng till r\u00e4ddningstj\u00e4nster dygnet runt \u2013 var som helst i v\u00e4rlden. Oavsett om du laddar ner offlinekartor, navigerar p\u00e5 ok\u00e4nda stigar eller st\u00e4mmer av med n\u00e4ra och k\u00e4ra, ger Bivy Stick sinnesro och viktig kommunikation n\u00e4r det g\u00e4ller som mest. <\/p>\n<p><b>Bivy Apps roll<\/b><\/p>\n<p>Uppt\u00e4ck \u00f6ver 50 000 utomhus\u00e4ventyr med Bivy-appen \u2013 ditt allt-i-ett-verktyg f\u00f6r att utforska naturen. Oavsett om du gillar vandring, cykling, paddling, kl\u00e4ttring eller n\u00e5gon av appens 20 st\u00f6dda \u00e4ventyrstyper, hj\u00e4lper Bivy dig att hitta den perfekta platsen och navigera den med sj\u00e4lvf\u00f6rtroende. <\/p>\n<p>H\u00e5ll koll p\u00e5 din takt, k\u00f6rstr\u00e4cka, h\u00f6jd och mer medan du utforskar, och logga varje resa f\u00f6r att f\u00f6ra personliga register \u00f6ver dina \u00e4ventyr. Med tillg\u00e5ng till detaljerade globala offlinekartor vet du alltid exakt var du \u00e4r, \u00e4ven utan mobilt\u00e4ckning. <\/p>\n<p>Tillsammans med ACR:s Bivy Stick kombinerar Bivy-appen navigering, resesp\u00e5rning och p\u00e5litlig satellitkommunikation, vilket ger prisv\u00e4rd s\u00e4kerhet och sinnesro f\u00f6r alla, fr\u00e5n helgens uppt\u00e4cktsresande till erfarna proffs.<\/p>\n<p><b>Funktioner och f\u00f6rdelar:<\/b><\/p>\n<ul>\n<li><b>Tillf\u00f6rlitlig tv\u00e5v\u00e4gsmeddelanden<\/b> : H\u00e5ll dig uppkopplad \u00e4ven utanf\u00f6r mobilt\u00e4ckningen med tv\u00e5v\u00e4gs-sms via det globala Iridium\u00ae-satellitn\u00e4tverket.<\/li>\n<li><b>Dedikerat telefonnummer och e-postadress<\/b> : Skicka meddelande med ditt eget telefonnummer och din e-postadress f\u00f6r smidig kommunikation.<\/li>\n<li><b>Gruppmeddelanden och sp\u00e5rning med GroupTrack\u2122<\/b> : Kommunicera och dela platser med upp till 12 Bivy Stick-anv\u00e4ndare. V\u00e4nner och familj kan \u00f6vervaka din resa och delta i gruppchattar via en delad webbsida. <\/li>\n<li><b>Obegr\u00e4nsade anpassade incheckningar<\/b> : Skicka GPS-incheckningsmeddelanden med din exakta plats. Obegr\u00e4nsade incheckningar ing\u00e5r i en prenumeration.* <\/li>\n<li><b>Sp\u00e5rning i realtid och platsdelning<\/b> : Webbsidan f\u00f6r platsdelning visar din incheckningshistorik, meddelandehistorik med svar och delade sp\u00e5r \u2013 allt p\u00e5 ett st\u00e4lle.<\/li>\n<li><b>SOS-\u00f6vervakning dygnet runt med Global Rescue\u2122<\/b> : Aktivera n\u00f6dlarm via appen eller enhetens SOS-knapp. Kommunicera direkt med r\u00e4ddningstj\u00e4nsten och SOS-larm kan avbrytas via enheten eller telefonen. <\/li>\n<li><b>Avancerade navigerings- och \u00e4ventyrsverktyg<\/b> : Ladda ner offlinekartor och utforska tusentals \u00e4ventyr som skickats in av communityn, inklusive vandringsleder, kl\u00e4ttringar och vattenv\u00e4gar.<\/li>\n<li><b>Robust och vattent\u00e4t design<\/b> : Med IPX7-klassning<\/li>\n<li><b>GoPro-kompatibel<\/b> : Helt kompatibel med GoPro-f\u00e4sten och inkluderar en GoPro-tillbeh\u00f6rsadapter f\u00f6r enkel integration.<\/li>\n<li><b>Komplett kit ing\u00e5r \u2013<\/b> Levereras med USB-C-laddningskabel, karbinhake, rem, snabbstartsguide och GoPro-adapter \u2013 allt du beh\u00f6ver f\u00f6r att komma ig\u00e5ng.<\/li>\n<li><b>Tillverkad i USA \u2013<\/b> Backas upp av 1 \u00e5rs tillverkargaranti f\u00f6r sinnesro.<\/li>\n<li>* <a href=\"https:\/\/bivystick.com\/plans\/\" data-cke-saved-href=\"https:\/\/www.bivy.com\/data-plans\">M\u00e5nadsabonnemang kr\u00e4vs<\/a> . Se tillverkarens webbplats f\u00f6r mer information. <\/li>\n<\/ul>\n<p>&nbsp;<\/p>\n<p>N\u00f6d-SOS Aktiveras i appen eller p\u00e5 enhetens knapp. Tillhandah\u00e5lls av GlobalRescue\u2122 <\/p>\n<p><a href=\"https:\/\/www.acrartex.com\/wp-content\/uploads\/2021\/06\/ProductOverview.png\"><img loading=\"lazy\" decoding=\"async\" class=\"alignnone size-medium wp-image-37736\" src=\"https:\/\/www.acrartex.com\/wp-content\/uploads\/2021\/06\/ProductOverview-300x300.png\" alt=\"\" width=\"300\" height=\"300\" srcset=\"https:\/\/www.acrartex.com\/wp-content\/uploads\/2021\/06\/ProductOverview-300x300.png 300w, https:\/\/www.acrartex.com\/wp-content\/uploads\/2021\/06\/ProductOverview-1024x1024.png 1024w, https:\/\/www.acrartex.com\/wp-content\/uploads\/2021\/06\/ProductOverview-150x150.png 150w, https:\/\/www.acrartex.com\/wp-content\/uploads\/2021\/06\/ProductOverview-768x768.png 768w, https:\/\/www.acrartex.com\/wp-content\/uploads\/2021\/06\/ProductOverview-1536x1536.png 1536w, https:\/\/www.acrartex.com\/wp-content\/uploads\/2021\/06\/ProductOverview-600x600.png 600w, https:\/\/www.acrartex.com\/wp-content\/uploads\/2021\/06\/ProductOverview-100x100.png 100w, https:\/\/www.acrartex.com\/wp-content\/uploads\/2021\/06\/ProductOverview.png 1601w\" sizes=\"auto, (max-width: 300px) 100vw, 300px\" \/><\/a> <a href=\"https:\/\/www.acrartex.com\/wp-content\/uploads\/2021\/06\/2_ProductOverview-04.png\"><img loading=\"lazy\" decoding=\"async\" class=\"alignnone size-medium wp-image-37732\" src=\"https:\/\/www.acrartex.com\/wp-content\/uploads\/2021\/06\/2_ProductOverview-04-300x300.png\" alt=\"\" width=\"300\" height=\"300\" srcset=\"https:\/\/www.acrartex.com\/wp-content\/uploads\/2021\/06\/2_ProductOverview-04-300x300.png 300w, https:\/\/www.acrartex.com\/wp-content\/uploads\/2021\/06\/2_ProductOverview-04-1024x1024.png 1024w, https:\/\/www.acrartex.com\/wp-content\/uploads\/2021\/06\/2_ProductOverview-04-150x150.png 150w, https:\/\/www.acrartex.com\/wp-content\/uploads\/2021\/06\/2_ProductOverview-04-768x768.png 768w, https:\/\/www.acrartex.com\/wp-content\/uploads\/2021\/06\/2_ProductOverview-04-1536x1536.png 1536w, https:\/\/www.acrartex.com\/wp-content\/uploads\/2021\/06\/2_ProductOverview-04-2048x2048.png 2048w, https:\/\/www.acrartex.com\/wp-content\/uploads\/2021\/06\/2_ProductOverview-04-600x600.png 600w, https:\/\/www.acrartex.com\/wp-content\/uploads\/2021\/06\/2_ProductOverview-04-100x100.png 100w\" sizes=\"auto, (max-width: 300px) 100vw, 300px\" \/><\/a> <a href=\"https:\/\/www.acrartex.com\/wp-content\/uploads\/2021\/06\/SOS.png\"><img loading=\"lazy\" decoding=\"async\" class=\"alignnone size-medium wp-image-37734\" src=\"https:\/\/www.acrartex.com\/wp-content\/uploads\/2021\/06\/SOS-300x300.png\" alt=\"\" width=\"300\" height=\"300\" srcset=\"https:\/\/www.acrartex.com\/wp-content\/uploads\/2021\/06\/SOS-300x300.png 300w, https:\/\/www.acrartex.com\/wp-content\/uploads\/2021\/06\/SOS-1024x1024.png 1024w, https:\/\/www.acrartex.com\/wp-content\/uploads\/2021\/06\/SOS-150x150.png 150w, https:\/\/www.acrartex.com\/wp-content\/uploads\/2021\/06\/SOS-768x768.png 768w, https:\/\/www.acrartex.com\/wp-content\/uploads\/2021\/06\/SOS-1536x1536.png 1536w, https:\/\/www.acrartex.com\/wp-content\/uploads\/2021\/06\/SOS-600x600.png 600w, https:\/\/www.acrartex.com\/wp-content\/uploads\/2021\/06\/SOS-100x100.png 100w, https:\/\/www.acrartex.com\/wp-content\/uploads\/2021\/06\/SOS.png 1601w\" sizes=\"auto, (max-width: 300px) 100vw, 300px\" \/><\/a><a href=\"https:\/\/www.acrartex.com\/wp-content\/uploads\/2021\/06\/2_ProductOverview-06.png\"><img loading=\"lazy\" decoding=\"async\" class=\"alignnone size-medium wp-image-37733\" src=\"https:\/\/www.acrartex.com\/wp-content\/uploads\/2021\/06\/2_ProductOverview-06-300x300.png\" alt=\"\" width=\"300\" height=\"300\" srcset=\"https:\/\/www.acrartex.com\/wp-content\/uploads\/2021\/06\/2_ProductOverview-06-300x300.png 300w, https:\/\/www.acrartex.com\/wp-content\/uploads\/2021\/06\/2_ProductOverview-06-1024x1024.png 1024w, https:\/\/www.acrartex.com\/wp-content\/uploads\/2021\/06\/2_ProductOverview-06-150x150.png 150w, https:\/\/www.acrartex.com\/wp-content\/uploads\/2021\/06\/2_ProductOverview-06-768x768.png 768w, https:\/\/www.acrartex.com\/wp-content\/uploads\/2021\/06\/2_ProductOverview-06-1536x1536.png 1536w, https:\/\/www.acrartex.com\/wp-content\/uploads\/2021\/06\/2_ProductOverview-06-2048x2048.png 2048w, https:\/\/www.acrartex.com\/wp-content\/uploads\/2021\/06\/2_ProductOverview-06-600x600.png 600w, https:\/\/www.acrartex.com\/wp-content\/uploads\/2021\/06\/2_ProductOverview-06-100x100.png 100w\" sizes=\"auto, (max-width: 300px) 100vw, 300px\" \/><\/a><\/p>\n","protected":false},"excerpt":{"rendered":"<p><span class=\"TextRun SCXW244057555 BCX0\" lang=\"EN-US\" data-contrast=\"none\" xml:lang=\"EN-US\"><span class=\"NormalTextRun SCXW244057555 BCX0\">Med Bivy Stick, njut<\/span><span class=\"NormalTextRun SCXW244057555 BCX0\"> <\/span><span class=\"NormalTextRun SCXW244057555 BCX0\">p\u00e5litlig<\/span><span class=\"NormalTextRun SCXW244057555 BCX0\"> <\/span><\/span><span class=\"TextRun SCXW244057555 BCX0\" lang=\"EN-US\" data-contrast=\"none\"><span class=\"NormalTextRun SCXW244057555 BCX0\">2-<\/span><\/span> <span class=\"TextRun SCXW244057555 BCX0\" lang=\"EN-US\" data-contrast=\"auto\"><span class=\"NormalTextRun SCXW244057555 BCX0\">v\u00e4gs<\/span> <span class=\"NormalTextRun SCXW244057555 BCX0\">satellitkommunikation<\/span><\/span><span class=\"TextRun SCXW244057555 BCX0\" lang=\"EN-US\" data-contrast=\"none\" xml:lang=\"EN-US\"><span class=\"NormalTextRun SCXW244057555 BCX0\">,  <\/span><\/span><span class=\"TextRun SCXW244057555 BCX0\" lang=\"EN-US\" data-contrast=\"none\" xml:lang=\"EN-US\"><span class=\"NormalTextRun SCXW244057555 BCX0\">gruppmeddelanden<\/span><\/span><span class=\"TextRun SCXW244057555 BCX0\" lang=\"EN-US\" data-contrast=\"none\" xml:lang=\"EN-US\"><span class=\"NormalTextRun SCXW244057555 BCX0\">,  <\/span><\/span><span class=\"TextRun SCXW244057555 BCX0\" lang=\"EN-US\" data-contrast=\"none\" xml:lang=\"EN-US\"><span class=\"NormalTextRun SCXW244057555 BCX0\">SOS-support dygnet runt<\/span><\/span><span class=\"TextRun SCXW244057555 BCX0\" lang=\"EN-US\" data-contrast=\"none\" xml:lang=\"EN-US\"><span class=\"NormalTextRun SCXW244057555 BCX0\">,  <\/span><\/span><span class=\"TextRun SCXW244057555 BCX0\" lang=\"EN-US\" data-contrast=\"none\" xml:lang=\"EN-US\"><span class=\"NormalTextRun SCXW244057555 BCX0\">GPS -sp\u00e5rning<\/span><\/span><span class=\"TextRun SCXW244057555 BCX0\" lang=\"EN-US\" data-contrast=\"none\" xml:lang=\"EN-US\"><span class=\"NormalTextRun SCXW244057555 BCX0\">och  <\/span><\/span><span class=\"TextRun SCXW244057555 BCX0\" lang=\"EN-US\" data-contrast=\"none\" xml:lang=\"EN-US\"><span class=\"NormalTextRun SCXW244057555 BCX0\">platsdelning  <\/span><\/span><span class=\"TextRun SCXW244057555 BCX0\" lang=\"EN-US\" data-contrast=\"none\" xml:lang=\"EN-US\"><span class=\"NormalTextRun SCXW244057555 BCX0\">allt i ett  <\/span><\/span><span class=\"TextRun SCXW244057555 BCX0\" lang=\"EN-US\" data-contrast=\"none\" xml:lang=\"EN-US\"><span class=\"NormalTextRun SCXW244057555 BCX0\">kompakt<\/span><\/span><span class=\"TextRun SCXW244057555 BCX0\" lang=\"EN-US\" data-contrast=\"none\" xml:lang=\"EN-US\"><span class=\"NormalTextRun SCXW244057555 BCX0\">  och  <\/span><\/span><span class=\"TextRun SCXW244057555 BCX0\" lang=\"EN-US\" data-contrast=\"none\" xml:lang=\"EN-US\"><span class=\"NormalTextRun SCXW244057555 BCX0\">l\u00e4ttvikt<\/span><\/span><span class=\"TextRun SCXW244057555 BCX0\" lang=\"EN-US\" data-contrast=\"none\" xml:lang=\"EN-US\"><span class=\"NormalTextRun SCXW244057555 BCX0\">  enhet. Den ger dig   <\/span><\/span><span class=\"TextRun SCXW244057555 BCX0\" lang=\"EN-US\" data-contrast=\"none\"><span class=\"NormalTextRun SCXW244057555 BCX0\">Frihet f\u00f6r off-grid-kommunikation<\/span><\/span> <span class=\"TextRun SCXW244057555 BCX0\" lang=\"EN-US\" data-contrast=\"none\"><span class=\"NormalTextRun SCXW244057555 BCX0\">till<\/span><\/span> <span class=\"TextRun SCXW244057555 BCX0\" lang=\"EN-US\" data-contrast=\"none\"><span class=\"NormalTextRun SCXW244057555 BCX0\">marknadens mest \u00f6verkomliga v\u00e4rde<\/span><\/span> <span class=\"TextRun SCXW244057555 BCX0\" lang=\"EN-US\" data-contrast=\"none\"><span class=\"NormalTextRun SCXW244057555 BCX0\">.<\/span><\/span><\/p>\n","protected":false},"featured_media":163284,"template":"","meta":{"_acf_changed":false,"om_disable_all_campaigns":false},"product_brand":[],"product_cat":[5583,5769],"product_tag":[13057,13069,13058,13050,13060],"class_list":{"0":"post-166504","1":"product","2":"type-product","3":"status-publish","4":"has-post-thumbnail","6":"product_cat-marin","7":"product_cat-utomhus","8":"product_tag-2-vagskommunikation","9":"product_tag-4601-sv","10":"product_tag-acr-bivy-sv","11":"product_tag-bivy-sv","12":"product_tag-bivy-appen-sv","14":"first","15":"instock","16":"taxable","17":"shipping-taxable","18":"purchasable","19":"product-type-subscription"},"acf":[],"_links":{"self":[{"href":"https:\/\/www.acrartex.com\/sv\/wp-json\/wp\/v2\/product\/166504","targetHints":{"allow":["GET"]}}],"collection":[{"href":"https:\/\/www.acrartex.com\/sv\/wp-json\/wp\/v2\/product"}],"about":[{"href":"https:\/\/www.acrartex.com\/sv\/wp-json\/wp\/v2\/types\/product"}],"wp:featuredmedia":[{"embeddable":true,"href":"https:\/\/www.acrartex.com\/sv\/wp-json\/wp\/v2\/media\/163284"}],"wp:attachment":[{"href":"https:\/\/www.acrartex.com\/sv\/wp-json\/wp\/v2\/media?parent=166504"}],"wp:term":[{"taxonomy":"product_brand","embeddable":true,"href":"https:\/\/www.acrartex.com\/sv\/wp-json\/wp\/v2\/product_brand?post=166504"},{"taxonomy":"product_cat","embeddable":true,"href":"https:\/\/www.acrartex.com\/sv\/wp-json\/wp\/v2\/product_cat?post=166504"},{"taxonomy":"product_tag","embeddable":true,"href":"https:\/\/www.acrartex.com\/sv\/wp-json\/wp\/v2\/product_tag?post=166504"}],"curies":[{"name":"wp","href":"https:\/\/api.w.org\/{rel}","templated":true}]}}