{"id":166491,"date":"2024-06-11T10:31:17","date_gmt":"2024-06-11T15:31:17","guid":{"rendered":"https:\/\/www.acrartex.com\/products\/exponering-flytbrannare-ej-olas\/"},"modified":"2026-03-06T08:53:49","modified_gmt":"2026-03-06T13:53:49","slug":"exponering-flytbrannare-ej-olas","status":"publish","type":"product","link":"https:\/\/www.acrartex.com\/sv\/products\/exponering-flytbrannare-ej-olas\/","title":{"rendered":"EXPONERING Flytbr\u00e4nnare (ej OLAS)"},"content":{"rendered":"<p data-sleek-node-id=\"NyjVtB\">Float-On \u00e4r en vattent\u00e4t, flytande ficklampa som unikt integrerar Exposures MOB-teknik. En multifunktionell s\u00e4kerhetshj\u00e4lp och ficklampa f\u00f6r b\u00e5de nyb\u00f6rjare och erfarna b\u00e5tf\u00f6rare. <br data-sleek-node-id=\"ehDiFc\"><br data-sleek-node-id=\"323HQV\">N\u00e4r den kastas \u00f6verbord, eller b\u00e4rs av en person som g\u00e5r \u00f6verbord, kommer den att flyta. MOB-tekniken k\u00e4nner av 6 sekunders vattenanslutning och aktiverar blixtljuset, som blinkar en g\u00e5ng i sekunden i upp till 24 timmar, synligt upp till 3 sj\u00f6mil bort. Separata och neds\u00e4nkta vattenanslutningsterminaler s\u00e4kerst\u00e4ller att MOB-tekniken endast \u00e4r aktiv n\u00e4r den \u00e4r neds\u00e4nkt i vatten.  <\/p>\n<p>Den ligger i handflatan och en funktionsknapp g\u00f6r den enkel att lokalisera i m\u00f6rkret. Linsen fungerar effektivt som en fj\u00e4rrficklampa samtidigt som den avger sidoljus f\u00f6r att s\u00e4kerst\u00e4lla fullst\u00e4ndig runtomsikt n\u00e4r den fungerar som positionsindikeringsljus eller blixtljus. Float-On kan enkelt f\u00f6rvaras p\u00e5 befintlig s\u00e4kerhetsutrustning eller i en flytv\u00e4stficka.  <\/p>\n<p><strong>Observera att OLAS-teknik INTE \u00e4r integrerad i denna produkt. Klicka h\u00e4r f\u00f6r OLAS Float-On. <\/strong><\/p>\n<p style=\"margin: 0in 0in 0.0001pt;\"><span style=\"font-size: 16px;\"><span style=\"line-height: 150%;\"><strong>I l\u00e5dan:<\/strong> Flytande f\u00e4ste, mikro-USB-laddningskabel, reflekterande halsrem, anv\u00e4ndarmanual.<\/span><\/span><\/p>\n<p>&nbsp;<\/p>\n<p style=\"margin: 0in 0in 0.0001pt;\"><span style=\"font-size: 16px;\"><span style=\"line-height: 150%;\"> <strong>Drag:<\/strong><\/span><\/span><\/p>\n<ul>\n<li style=\"margin: 0in 0in 0.0001pt;\"><span style=\"font-size: 16px;\">Vattent\u00e4t<\/span><\/li>\n<li style=\"margin: 0in 0in 0.0001pt;\"><span style=\"font-size: 16px;\">Flytande<\/span><\/li>\n<li style=\"margin: 0in 0in 0.0001pt;\"><span style=\"font-size: 16px;\">Vattenaktiverad stroboskoplampa<\/span><\/li>\n<li style=\"margin: 0in 0in 0.0001pt;\"><span style=\"font-size: 16px;\">LED-ficklampa<\/span><\/li>\n<li style=\"margin: 0in 0in 0.0001pt;\"><span style=\"font-size: 16px;\">Batteritidsindikator<\/span><\/li>\n<li style=\"margin: 0in 0in 0.0001pt;\"><span style=\"font-size: 16px;\">Snabbladdning<\/span><\/li>\n<li style=\"margin: 0in 0in 0.0001pt;\"><span style=\"font-size: 16px;\">USB-laddningsbar<\/span><\/li>\n<\/ul>\n","protected":false},"excerpt":{"rendered":"<p>Float-On \u00e4r en vattent\u00e4t, flytande ficklampa som unikt integrerar Exposures MOB-teknik. En multifunktionell s\u00e4kerhetshj\u00e4lp och ficklampa f\u00f6r b\u00e5de nyb\u00f6rjare och erfarna b\u00e5tf\u00f6rare. <\/p>\n<p>N\u00e4r den kastas \u00f6verbord, eller b\u00e4rs av en person som g\u00e5r \u00f6verbord, kommer den att flyta. MOB-tekniken k\u00e4nner av 6 sekunders vattenanslutning och aktiverar blixtljuset, som blinkar en g\u00e5ng i sekunden i upp till 24 timmar, synligt upp till 3 sj\u00f6mil bort. Separata och neds\u00e4nkta vattenanslutningsterminaler s\u00e4kerst\u00e4ller att MOB-tekniken endast \u00e4r aktiv n\u00e4r den \u00e4r neds\u00e4nkt i vatten.  <\/p>\n<p style=\"margin: 0in 0in 0.0001pt;\"><a href=\"https:\/\/www.dropbox.com\/s\/fk04stqsp2hgk5f\/Prop%2065%20-%20DEHP.pdf?dl=0\">VARNING: F\u00d6RSLAG 65<\/a><\/p>\n<p>&nbsp;<\/p>\n<p>&nbsp;<\/p>\n","protected":false},"featured_media":163909,"template":"","meta":{"_acf_changed":false,"om_disable_all_campaigns":false},"product_brand":[],"product_cat":[5829,5822,5826,5583,5823,5832,5825,5769,5827],"product_tag":[16119,16124,16122,16127,16134,16130],"class_list":{"0":"post-166491","1":"product","2":"type-product","3":"status-publish","4":"has-post-thumbnail","6":"product_cat-actionsport-terrang","7":"product_cat-inat-landet","8":"product_cat-kommersiell","9":"product_cat-marin","10":"product_cat-nara-stranden","11":"product_cat-paddelsporter-fiske","12":"product_cat-till-havs","13":"product_cat-utomhus","14":"product_cat-vandring-klattring-camping","15":"product_tag-exponeringsbrannare","16":"product_tag-exponeringsflytande","17":"product_tag-exposure-float-on-brannare","18":"product_tag-flytande-strobe","19":"product_tag-flytande-vattenaktiverad-strobe","20":"product_tag-vattenaktiverad-stroboskoplampa","21":"pa_boat-type-sportcraft-sv","22":"pa_product-sakerhetstillbehor","23":"pa_terrain-floder-vatmarker-sjoar","25":"first","26":"instock","27":"taxable","28":"shipping-taxable","29":"purchasable","30":"product-type-simple"},"acf":[],"_links":{"self":[{"href":"https:\/\/www.acrartex.com\/sv\/wp-json\/wp\/v2\/product\/166491","targetHints":{"allow":["GET"]}}],"collection":[{"href":"https:\/\/www.acrartex.com\/sv\/wp-json\/wp\/v2\/product"}],"about":[{"href":"https:\/\/www.acrartex.com\/sv\/wp-json\/wp\/v2\/types\/product"}],"wp:featuredmedia":[{"embeddable":true,"href":"https:\/\/www.acrartex.com\/sv\/wp-json\/wp\/v2\/media\/163909"}],"wp:attachment":[{"href":"https:\/\/www.acrartex.com\/sv\/wp-json\/wp\/v2\/media?parent=166491"}],"wp:term":[{"taxonomy":"product_brand","embeddable":true,"href":"https:\/\/www.acrartex.com\/sv\/wp-json\/wp\/v2\/product_brand?post=166491"},{"taxonomy":"product_cat","embeddable":true,"href":"https:\/\/www.acrartex.com\/sv\/wp-json\/wp\/v2\/product_cat?post=166491"},{"taxonomy":"product_tag","embeddable":true,"href":"https:\/\/www.acrartex.com\/sv\/wp-json\/wp\/v2\/product_tag?post=166491"}],"curies":[{"name":"wp","href":"https:\/\/api.w.org\/{rel}","templated":true}]}}