{"id":166488,"date":"2024-06-11T08:30:35","date_gmt":"2024-06-11T13:30:35","guid":{"rendered":"https:\/\/www.acrartex.com\/products\/exponering-olas-tagg\/"},"modified":"2026-03-06T08:54:20","modified_gmt":"2026-03-06T13:54:20","slug":"exponering-olas-tagg","status":"publish","type":"product","link":"https:\/\/www.acrartex.com\/sv\/products\/exponering-olas-tagg\/","title":{"rendered":"EXPONERING OLAS-TAGG"},"content":{"rendered":"<h3>Vad den g\u00f6r<\/h3>\n<p><strong>Sp\u00e5ra med OLAS mobilapplikation<\/strong><\/p>\n<p>Inom 8 sekunder efter att en man \u00f6verbord-incident intr\u00e4ffat, uppt\u00e4cker OLAS mobilapplikationsteknik ett avbrott i sin &#8220;virtuella koppling&#8221; till taggen. Mobiltelefonen\/mobiltelefonerna avger sedan ett h\u00f6gt larm och varnar bes\u00e4ttningen om att n\u00e5gon \u00e4r \u00f6verbord. OLAS hj\u00e4lper sedan bes\u00e4ttningen med b\u00e4rgningen av n\u00e5gon \u00f6verbord och leder dem tydligt till GPS-positionen d\u00e4r man \u00f6verbord intr\u00e4ffade med tydliga visuella signaler och b\u00e4ringsdata. OLAS lagrar all platsdata och tidpunkt f\u00f6r h\u00e4ndelsen som kr\u00e4vs av r\u00e4ddningstj\u00e4nsten.   <\/p>\n<p><strong>Sp\u00e5ra med OLAS Guardian och Core (fartyg upp till 15 meter)<\/strong><\/p>\n<p>Anslut upp till 15 OLAS-s\u00e4ndare (OLAS-tagg eller OLAS Float-On) till valfri OLAS-mottagare. Inom 2 sekunder efter att anslutningen brutits aktiveras MOB-larmet och personalen varnar om h\u00e4ndelsen. <\/p>\n<h3>F\u00f6rdelar med OLAS-taggen<\/h3>\n<ul>\n<li>L\u00e5ng batteritid (upp till 4 m\u00e5nader)<\/li>\n<li>Den mest m\u00e5ngsidiga f\u00e4stl\u00f6sningen \u2013 handled, flytv\u00e4st, MOB-enhet med 1 rem<\/li>\n<li>Gratis iOS- och Android-app<\/li>\n<li>Koppla flera taggar till en telefon eller surfplatta<\/li>\n<li>Anslut 1 tagg till flera telefoner\/surfplattor<\/li>\n<li>Anslut till valfri OLAS-mottagare Batterifeedback (i OLAS mobilapp)<\/li>\n<li>Varje tagg levereras med ett universellt silikonarmband med sp\u00e4nne i rostfritt st\u00e5l och ett f\u00f6rinstallerat CR2477-batteri (kan bytas av anv\u00e4ndaren)<\/li>\n<li>Kompatibel med <a href=\"https:\/\/www.acrartex.com\/sv\/products\/acr-olas-guardian\/\">OLAS Guardian motoravst\u00e4ngningssystem<\/a> ( <a href=\"https:\/\/uscgboating.org\/recreational-boaters\/engine-cut-off-devices.php\">nya USCG-f\u00f6reskrifter<\/a> )<\/li>\n<\/ul>\n<h3><\/h3>\n<h3>Funktioner i mobilappen<\/h3>\n<p>Guardian man\u00f6vreras enkelt via OLAS-appen, som kan laddas ner gratis fr\u00e5n App Store f\u00f6r iOS och Google Play Store f\u00f6r Android. OLAS-appen kr\u00e4ver en enhet med minst iOS 11 eller Android 5.1 f\u00f6r att fungera. OLAS-appen \u00e4r ett kraftfullt verktyg f\u00f6r att styra Guardians funktioner och f\u00f6r att underl\u00e4tta snabb r\u00e4ddning.  <\/p>\n<p><strong>\u00d6vervaka<\/strong><\/p>\n<ul>\n<li>\u00d6vervaka alla OLAS-s\u00e4ndare som sp\u00e5ras<\/li>\n<li>Anpassa OLAS-s\u00e4ndarnamn f\u00f6r att enkelt tilldela dem<\/li>\n<li>Kontrollera batteristatus f\u00f6r OLAS-taggar<\/li>\n<\/ul>\n<p><strong>Guardian Control<\/strong><\/p>\n<ul>\n<li>L\u00e4gg till nya OLAS-s\u00e4ndare i Guardian-systemet<\/li>\n<li>Pausa Guardian-systemet om s\u00e4ndare l\u00e4mnar omr\u00e5det under en kort period.<\/li>\n<li>Justera tiden innan Guardian reagerar p\u00e5 en s\u00e4ndare \u00f6verbord mellan 2 och 15 sekunder, vilket ger mer frihet runt st\u00f6rre fartyg.<\/li>\n<li>Justera mellan avst\u00e4ngningsbrytare och externt larml\u00e4ge<\/li>\n<\/ul>\n<ul>\n<li>N\u00f6dstoppsl\u00e4get aktiverar den inbyggda brytaren i 5 sekunder, vilket st\u00e4nger av motorn, men l\u00e5ter anv\u00e4ndarna starta om motorn efter 5 sekunder.<\/li>\n<li>Externt larml\u00e4ge aktiverar den inbyggda brytaren tills det avbryts manuellt. Detta g\u00f6r att externa larm med h\u00f6g effekt kan seriekopplas. <\/li>\n<li>Pausa larml\u00e4get<\/li>\n<\/ul>\n<p><strong>S\u00e4ndarkontroll<\/strong><\/p>\n<ul>\n<li>Justera enkelt individuella s\u00e4ndare mellan motoravst\u00e4ngning (f\u00f6r skepparen), endast larm (f\u00f6r passagerare) och paus (f\u00f6r passagerare som tillf\u00e4lligt l\u00e4mnar fartyget)<\/li>\n<li>utl\u00f6sa det externa larmet om en Tag-b\u00e4rare \u00e4r utom r\u00e4ckh\u00e5ll p\u00e5 b\u00e5de Guardian och din mobila enhet.<\/li>\n<li>Justera tiden innan avst\u00e4ngningsbrytaren eller larmet utl\u00f6ses \u2013 vilket ger st\u00f6rre frihet<\/li>\n<\/ul>\n<p><strong>Externt larm och r\u00e4ddningshj\u00e4lp<\/strong><\/p>\n<ul>\n<li>Maximal volymlarm och vibration p\u00e5 din mobiltelefon, synkroniserat med Guardian.<\/li>\n<li>Indikation p\u00e5 vilken s\u00e4ndare som har utl\u00f6st larmet.<\/li>\n<li>Registrera GPS positionen d\u00e4r larmet utl\u00f6stes \u2022 Tydlig v\u00e4gledning tillbaka till GPS positionen d\u00e4r larmet utl\u00f6stes.<\/li>\n<li>Tydlig visning av tid och GPS position f\u00f6r var larmet utl\u00f6stes samt anv\u00e4ndarens nuvarande plats. \u2022 VHF-n\u00f6dskript med automatiskt inmatade GPS-koordinater och anpassad fartygsinformation Solo-l\u00e4ge.<\/li>\n<li>Utformad f\u00f6r b\u00e5tturer p\u00e5 egen hand inom 2G-mobilr\u00e4ckvidd eller offshore Wifi. Solol\u00e4get skickar ett automatiskt textmeddelande till ett anpassat nummer med din plats och tidpunkt f\u00f6r h\u00e4ndelsen. Om en sj\u00e4lvr\u00e4ddning hanteras skickas ett automatiskt textmeddelande som avbryter larmet.  <\/li>\n<\/ul>\n","protected":false},"excerpt":{"rendered":"<p>OLAS-taggen \u00e4r en kompakt OLAS-s\u00e4ndare som enkelt f\u00e4sts p\u00e5 vuxna, barn, husdjur och f\u00f6rem\u00e5l som flytanordningar. Taggarna sp\u00e5ras av OLAS-applikationen p\u00e5 en mobil enhet eller via Core, Guardian och Extender. <\/p>\n<p>Sekunder efter att taggen bryter anslutningen till en OLAS-mottagare varnas bes\u00e4ttningen av OLAS-larmet och -lampan, medan OLAS MOB-r\u00e4ddningssk\u00e4rmen aktiveras i OLAS-mobilapplikationen.<\/p>\n<p>Varje tagg levereras med ett universellt silikonarmband med sp\u00e4nne i rostfritt st\u00e5l och ett f\u00f6rinstallerat CR2477-batteri (kan bytas av anv\u00e4ndaren).<\/p>\n<p>&nbsp;<\/p>\n<p>&nbsp;<\/p>\n","protected":false},"featured_media":163782,"template":"","meta":{"_acf_changed":false,"om_disable_all_campaigns":false},"product_brand":[],"product_cat":[5822,5826,5583,5823,5825],"product_tag":[12461,14801,12366,12482,9628,12082,16110,9623,16112,14783,14793,12473,9038],"class_list":{"0":"post-166488","1":"product","2":"type-product","3":"status-publish","4":"has-post-thumbnail","6":"product_cat-inat-landet","7":"product_cat-kommersiell","8":"product_cat-marin","9":"product_cat-nara-stranden","10":"product_cat-till-havs","11":"product_tag-besattningssparare","12":"product_tag-bluetooth-man-overbord","13":"product_tag-gps-sparning","14":"product_tag-hund-overbord-sv","15":"product_tag-man-overbord","16":"product_tag-man-overbord-system","17":"product_tag-marka","18":"product_tag-mob-sv","19":"product_tag-mob-sandare","20":"product_tag-olas-tagg","21":"product_tag-olas-sandare","22":"product_tag-sakerhet-vid-batakning-for-barn","23":"product_tag-sandare","24":"pa_activity-fiske-sv","25":"pa_boat-size-0-20-sv","26":"pa_boat-size-21-40-sv","27":"pa_boat-size-40-80-sv","28":"pa_boat-size-80-sv","29":"pa_boat-type-bogserbat","30":"pa_boat-type-charter-yacht-sv","31":"pa_boat-type-kommersiellt-fiske","32":"pa_boat-type-lastfartyg","33":"pa_boat-type-motorbat","34":"pa_boat-type-segelbat","35":"pa_boat-type-sportcraft-sv","36":"pa_boat-type-yacht-sv","38":"first","39":"instock","40":"taxable","41":"shipping-taxable","42":"purchasable","43":"product-type-variable"},"acf":[],"_links":{"self":[{"href":"https:\/\/www.acrartex.com\/sv\/wp-json\/wp\/v2\/product\/166488","targetHints":{"allow":["GET"]}}],"collection":[{"href":"https:\/\/www.acrartex.com\/sv\/wp-json\/wp\/v2\/product"}],"about":[{"href":"https:\/\/www.acrartex.com\/sv\/wp-json\/wp\/v2\/types\/product"}],"wp:featuredmedia":[{"embeddable":true,"href":"https:\/\/www.acrartex.com\/sv\/wp-json\/wp\/v2\/media\/163782"}],"wp:attachment":[{"href":"https:\/\/www.acrartex.com\/sv\/wp-json\/wp\/v2\/media?parent=166488"}],"wp:term":[{"taxonomy":"product_brand","embeddable":true,"href":"https:\/\/www.acrartex.com\/sv\/wp-json\/wp\/v2\/product_brand?post=166488"},{"taxonomy":"product_cat","embeddable":true,"href":"https:\/\/www.acrartex.com\/sv\/wp-json\/wp\/v2\/product_cat?post=166488"},{"taxonomy":"product_tag","embeddable":true,"href":"https:\/\/www.acrartex.com\/sv\/wp-json\/wp\/v2\/product_tag?post=166488"}],"curies":[{"name":"wp","href":"https:\/\/api.w.org\/{rel}","templated":true}]}}