{"id":166461,"date":"2024-06-11T14:10:58","date_gmt":"2024-06-11T19:10:58","guid":{"rendered":"https:\/\/www.acrartex.com\/products\/exponering-olas-forlangare\/"},"modified":"2026-03-06T08:46:12","modified_gmt":"2026-03-06T13:46:12","slug":"exponering-olas-forlangare","status":"publish","type":"product","link":"https:\/\/www.acrartex.com\/sv\/products\/exponering-olas-forlangare\/","title":{"rendered":"EXPONERING OLAS-F\u00d6RL\u00c4NGARE"},"content":{"rendered":"<h3>F\u00f6rdelar med f\u00f6rl\u00e4ngare<\/h3>\n<h3 class=\"title\"><strong>Snabb och enkel installation utan h\u00e5rd kabeldragning<\/strong><\/h3>\n<ul>\n<li>Om du s\u00e4tter din N2K, Guardian eller Core i parkopplingsl\u00e4ge ansluter Extender automatiskt och f\u00f6rblir parkopplad.<\/li>\n<li>Anv\u00e4nd LED-indikatorn p\u00e5 str\u00f6mbrytaren f\u00f6r att placera f\u00f6rl\u00e4ngaren i optimal position p\u00e5 b\u00e5ten. Med hj\u00e4lp av det laddningsbara batteriet kan f\u00f6rl\u00e4ngaren g\u00e5s runt b\u00e5ten och n\u00e4r lysdioden p\u00e5 str\u00f6mbrytaren lyser med fast r\u00f6tt sken har anslutningen brutits. \u00c5terg\u00e5 till en position d\u00e4r f\u00f6rl\u00e4ngaren \u00e4r \u00e5teransluten och s\u00e4kra den p\u00e5 denna plats.  <\/li>\n<\/ul>\n<h3 class=\"title\"><strong>B\u00e4rbar och str\u00f6msn\u00e5l (5V USB)<\/strong><\/h3>\n<ul>\n<li>F\u00f6rl\u00e4ngaren kan drivas med sitt interna laddningsbara batteri i upp till 80 timmar eller f\u00f6r en permanent l\u00f6sning kan den anslutas till en 5V str\u00f6mf\u00f6rs\u00f6rjning med sin USB-kabel.<\/li>\n<\/ul>\n<h3 class=\"title\"><strong>Automatisk s\u00e4ndaranslutning<\/strong><\/h3>\n<ul>\n<li>Om du s\u00e4tter din N2K, Guardian eller Core i parkopplingsl\u00e4ge ansluter Extender automatiskt och f\u00f6rblir parkopplad.<\/li>\n<\/ul>\n<h3 class=\"title\"><strong>Ut\u00f6kar OLAS-systemet<\/strong><\/h3>\n<ul>\n<li>L\u00e4gger till upp till 15 meter extra r\u00e4ckvidd till N2K-, Guardian- och Core-bassystemen. Obs: En f\u00f6rl\u00e4ngare f\u00f6rl\u00e4nger r\u00e4ckvidden med 7,6 meter och totalt 2 f\u00f6rl\u00e4ngare kan anv\u00e4ndas f\u00f6r att f\u00f6rl\u00e4nga systemets r\u00e4ckvidd med totalt 15 meter. <\/li>\n<\/ul>\n<p>&nbsp;<\/p>\n<p>&nbsp;<\/p>\n","protected":false},"excerpt":{"rendered":"<p>OLAS Extender \u00e4r en kompakt, b\u00e4rbar, tr\u00e5dl\u00f6s repeater f\u00f6r OLAS N2K NMEA 2000 MOB-larm och tr\u00e5dl\u00f6s n\u00f6dstoppsbrytare, OLAS Guardian MOB-larm och tr\u00e5dl\u00f6s n\u00f6dstoppsbrytare samt OLAS Core MOB-larmsystemet. Medan OLAS Tag, T2 och OLAS Float-On anv\u00e4nds ensamma med mobilappen m\u00f6jligg\u00f6r t\u00e4ckning p\u00e5 fartyg upp till 12 meter, m\u00f6jligg\u00f6r N2K, Guardian och Core t\u00e4ckning p\u00e5 fartyg upp till 15 meter. Extender kan anv\u00e4ndas med Core, Guardian eller N2K f\u00f6r att \u00f6ka t\u00e4ckningen f\u00f6r fartyg upp till 30 meter l\u00e5nga. <\/p>\n<p>&nbsp;<\/p>\n","protected":false},"featured_media":163637,"template":"","meta":{"_acf_changed":false,"om_disable_all_campaigns":false},"product_brand":[],"product_cat":[5822,5826,5583,5823,5825],"product_tag":[16063,12366,9628,12082,9623,16062,16065,16064],"class_list":{"0":"post-166461","1":"product","2":"type-product","3":"status-publish","4":"has-post-thumbnail","6":"product_cat-inat-landet","7":"product_cat-kommersiell","8":"product_cat-marin","9":"product_cat-nara-stranden","10":"product_cat-till-havs","11":"product_tag-forlangare","12":"product_tag-gps-sparning","13":"product_tag-man-overbord","14":"product_tag-man-overbord-system","15":"product_tag-mob-sv","16":"product_tag-repeater","17":"product_tag-tradlos-forlangare","18":"product_tag-tradlos-repeater","19":"pa_boat-type-motorbat","20":"pa_terrain-floder-vatmarker-sjoar","22":"first","23":"instock","24":"taxable","25":"shipping-taxable","26":"purchasable","27":"product-type-simple"},"acf":[],"_links":{"self":[{"href":"https:\/\/www.acrartex.com\/sv\/wp-json\/wp\/v2\/product\/166461","targetHints":{"allow":["GET"]}}],"collection":[{"href":"https:\/\/www.acrartex.com\/sv\/wp-json\/wp\/v2\/product"}],"about":[{"href":"https:\/\/www.acrartex.com\/sv\/wp-json\/wp\/v2\/types\/product"}],"wp:featuredmedia":[{"embeddable":true,"href":"https:\/\/www.acrartex.com\/sv\/wp-json\/wp\/v2\/media\/163637"}],"wp:attachment":[{"href":"https:\/\/www.acrartex.com\/sv\/wp-json\/wp\/v2\/media?parent=166461"}],"wp:term":[{"taxonomy":"product_brand","embeddable":true,"href":"https:\/\/www.acrartex.com\/sv\/wp-json\/wp\/v2\/product_brand?post=166461"},{"taxonomy":"product_cat","embeddable":true,"href":"https:\/\/www.acrartex.com\/sv\/wp-json\/wp\/v2\/product_cat?post=166461"},{"taxonomy":"product_tag","embeddable":true,"href":"https:\/\/www.acrartex.com\/sv\/wp-json\/wp\/v2\/product_tag?post=166461"}],"curies":[{"name":"wp","href":"https:\/\/api.w.org\/{rel}","templated":true}]}}