{"id":166417,"date":"2024-06-11T14:20:02","date_gmt":"2024-06-11T19:20:02","guid":{"rendered":"https:\/\/www.acrartex.com\/products\/exponering-olas-guardian\/"},"modified":"2024-06-11T14:20:02","modified_gmt":"2024-06-11T19:20:02","slug":"exponering-olas-guardian","status":"publish","type":"product","link":"https:\/\/www.acrartex.com\/sv\/products\/exponering-olas-guardian\/","title":{"rendered":"EXPONERING OLAS GUARDIAN"},"content":{"rendered":"<h3>Vad den g\u00f6r<\/h3>\n<p>OLAS Guardian s\u00e4kerst\u00e4ller att f\u00f6rare av motorb\u00e5tar och RIB-b\u00e5tar kan stoppa sin b\u00e5t omedelbart om skepparen eller bes\u00e4ttningen blir separerade, vilket f\u00f6rhindrar olyckor fr\u00e5n obemannade, okontrollerade fartyg. De kan r\u00f6ra sig fritt i sin b\u00e5t utan att st\u00e4ndigt beh\u00f6va komma ih\u00e5g att f\u00e4sta, lossa och \u00e5terf\u00e4sta en fysisk tr\u00e5dbunden d\u00f6dlina. <\/p>\n<h3>Anpassningsbara taggl\u00e4gen f\u00f6r flexibilitet<\/h3>\n<p>OLAS Guardian erbjuder tre anv\u00e4ndarv\u00e4ljbara taggl\u00e4gen, vilket g\u00f6r att du kan skr\u00e4ddarsy enheten efter dina specifika behov. Du kan enkelt v\u00e4xla mellan l\u00e4gena med hj\u00e4lp av OLAS mobilapp. H\u00e4r \u00e4r en sammanfattning av taggl\u00e4gena:  <\/p>\n<ul>\n<li><strong>Motorstopp<\/strong> \u2013 den fungerar som en avst\u00e4ngningslina och stoppar fartyget n\u00e4r taggen \u00e4r utom r\u00e4ckh\u00e5ll, utan att utl\u00f6sa MOB-varningar.<\/li>\n<\/ul>\n<ul>\n<li><strong>MOB-larm<\/strong> \u2013 varnar fartyget utan att st\u00e4nga av motorn.<\/li>\n<\/ul>\n<ul>\n<li><strong>Motorstopp + MOB-varning<\/strong> \u2013 det h\u00e4r l\u00e4get utl\u00f6ser bes\u00e4ttningsvarningar och st\u00e4nger av motorn.<\/li>\n<\/ul>\n<h3>Hur det fungerar<\/h3>\n<ul>\n<li>Upp till 25 OLAS-s\u00e4ndare (OLAS T2\/OLAS Tag\/OLAS Float-On) inom r\u00e4ckh\u00e5ll kan sp\u00e5ras runt fartyget av Guardian. Detta ger bes\u00e4ttning och skeppare frihet att r\u00f6ra sig runt fartyget i f\u00f6rvissning om att om n\u00e5gon faller \u00f6verbord kommer antingen motorn att st\u00e4ngas av och\/eller ett larm att utl\u00f6sas, och en snabb b\u00e4rgning kan vidtas. <\/li>\n<li>Guardian ansluts till ett fartygs 12\/24V str\u00f6mf\u00f6rs\u00f6rjning och befintlig d\u00f6dsbrytare med hj\u00e4lp av de medf\u00f6ljande kontakterna, vilket g\u00f6r den snabb och enkel att installera och omedelbar anv\u00e4ndbar.<\/li>\n<li>Ett 21 mm h\u00e5l kr\u00e4vs n\u00e4ra den befintliga n\u00f6dstoppsbrytaren f\u00f6r att installera den 20 mm LED-kontrollbrytaren i rostfritt st\u00e5l.<\/li>\n<\/ul>\n<p><em>Professionell installation kr\u00e4vs inte men rekommenderas eftersom ACR Electronics inte tar n\u00e5got ansvar f\u00f6r felaktig installation.<\/em><\/p>\n<div class=\"row\">\n<div class=\"col-xs-12 col-sm-12\">\n<h3>Vem \u00e4r det f\u00f6r<\/h3>\n<p>OLAS Guardian \u00e4r f\u00f6r f\u00f6rare av motorb\u00e5tar och alla skeppare och b\u00e5t\u00e4gare som \u00e4r bekymrade \u00f6ver s\u00e4kerheten ombord. Den ansluter tr\u00e5dl\u00f6st upp till 25 bes\u00e4ttningsmedlemmar via b\u00e4rbara OLAS-s\u00e4ndare (T2, Tag eller OLAS Float On Light) och skapar en virtuell d\u00f6dlina. <\/p>\n<\/div>\n<\/div>\n<div>\n<div class=\"row\">\n<div class=\"col-sm-12 col-xs-12\">\n<h3>K\u00e4rnf\u00f6rdelar<\/h3>\n<\/div>\n<\/div>\n<div class=\"row\">\n<div class=\"col-xs-12 col-sm-6\">\n<ul>\n<li><strong>K\u00f6r tillsammans med befintlig d\u00f6dsbrytare<\/strong> \u2013 Guardian kan anv\u00e4ndas ist\u00e4llet f\u00f6r eller tillsammans med en befintlig d\u00f6dsbrytare och fungerar \u00e4ven om den fysiska d\u00f6dsbrytarlinan inte har anslutits till drivrutinen. \u2013 P\u00e5 de flesta motorer m\u00f6jligg\u00f6r en enkel parallellanslutning till den befintliga d\u00f6dsbrytaren fullst\u00e4ndig tr\u00e5dl\u00f6s avst\u00e4ngningsfunktion. <\/li>\n<li><strong>Automatisk omstart<\/strong> \u2013 Efter 5 sekunder avaktiveras n\u00f6dstoppsknappen vilket g\u00f6r att motorn kan startas om<\/li>\n<li><strong>Inbyggt larm<\/strong> \u2013 Ett 85db-larm ljuder f\u00f6r att indikera att en OLAS-s\u00e4ndare har hamnat utom r\u00e4ckh\u00e5ll.<\/li>\n<li><strong>Inbyggd n\u00f6dbelysning (om den \u00e4r externt monterad)<\/strong> \u2013 En kraftfull r\u00f6d n\u00f6dbelysning t\u00e4nds och ger en tydlig visuell indikation p\u00e5 ett larm samtidigt som den fungerar som en lampa f\u00f6r att belysa omgivningen.<\/li>\n<li><strong>Rel\u00e4val<\/strong> \u2013 OLAS-appen m\u00f6jligg\u00f6r individuellt rel\u00e4val f\u00f6r att enkelt justera om OLAS-s\u00e4ndaren utl\u00f6ser motoravst\u00e4ngning\/rel\u00e4, eller bara utl\u00f6ser Guardians inbyggda MOB-larm.<\/li>\n<li><strong>Automatisk anslutning<\/strong> \u2013 N\u00e4r du g\u00e5r ombord p\u00e5 ditt fartyg och sl\u00e5r p\u00e5 str\u00f6mmen kommer The Guardian automatiskt att ansluta till alla p\u00e5slagna OLAS-s\u00e4ndningsenheter inom 2 meters avst\u00e5nd.<\/li>\n<\/ul>\n<\/div>\n<div class=\"col-xs-12 col-sm-6\">\n<ul>\n<li><strong>Varning och \u00e5sidos\u00e4ttning av ingen anslutning<\/strong> \u2013 Om du g\u00e5r ombord p\u00e5 fartyget och inga s\u00e4ndare \u00e4r p\u00e5slagna, avger Guardian en larmsignal. Denna larmsignal kan stoppas antingen genom att ansluta OLAS-s\u00e4ndaren till Guardian eller s\u00e5 kan Guardian st\u00e4ngas av manuellt. D\u00e4refter kan fartyget k\u00f6ras som vanligt med hj\u00e4lp av den befintliga fysiska s\u00e4kerhetsavst\u00e4ngningslinan.  <\/li>\n<li><strong>Pausl\u00e4ge<\/strong> \u2013 Systemet kan f\u00f6rs\u00e4ttas i pausl\u00e4ge. Detta anv\u00e4nds n\u00e4r du beh\u00f6ver l\u00e4mna b\u00e5ten med motorn p\u00e5 tomg\u00e5ng, till exempel n\u00e4r du g\u00e5r nerf\u00f6r en ponton, i vetskap om att OLAS-s\u00e4ndaren kommer att hamna utanf\u00f6r r\u00e4ckh\u00e5ll. <\/li>\n<li><strong>Ansluter upp till 25 OLAS-s\u00e4ndare (OLAS T2, OLAS Tag eller OLAS Float-On)<\/strong> \u2013 Upp till 25 s\u00e4ndare g\u00f6r det m\u00f6jligt f\u00f6r st\u00f6rre fartyg att ansluta bes\u00e4ttning och f\u00f6rem\u00e5l till Guardian. Genom att helt enkelt ansluta en s\u00e4ndare till ett f\u00f6rem\u00e5l, till exempel en flytanordning f\u00f6r fartyg eller en yachttender, kan du alltid vara medveten om n\u00e5got har f\u00f6rsvunnit. <\/li>\n<li><strong>Kompatibel med f\u00f6rl\u00e4ngare<\/strong> En eller tv\u00e5 OLAS-f\u00f6rl\u00e4ngare kan anv\u00e4ndas f\u00f6r att t\u00e4cka omr\u00e5den d\u00e4r s\u00e4ndarsignalen kan blockeras. Detta m\u00f6jligg\u00f6r anv\u00e4ndning p\u00e5 st\u00f6rre fartyg upp till 100 fot. <\/li>\n<\/ul>\n<h3>Funktioner i mobilappen<\/h3>\n<p>Guardian man\u00f6vreras enkelt via OLAS-appen, som kan laddas ner gratis fr\u00e5n App Store f\u00f6r iOS och Google Play Store f\u00f6r Android. OLAS-appen kr\u00e4ver en enhet som k\u00f6r minst IOS11 eller Android 5.1 f\u00f6r att fungera. OLAS-appen \u00e4r ett kraftfullt verktyg f\u00f6r att styra Guardians funktioner och f\u00f6r att underl\u00e4tta snabb r\u00e4ddning. Appen erbjuder f\u00f6ljande funktioner:   <\/p>\n<ul>\n<li>\u00d6vervaka alla OLAS-s\u00e4ndare som sp\u00e5ras<\/li>\n<li>Anpassa OLAS-s\u00e4ndarnamn f\u00f6r att enkelt tilldela dem<\/li>\n<li>Kontrollera batteristatus f\u00f6r OLAS -s\u00e4ndare<\/li>\n<li>L\u00e4gg till nya OLAS-s\u00e4ndare i Guardian-systemet.<\/li>\n<li>Pausa Guardian-systemet om s\u00e4ndare l\u00e4mnar omr\u00e5det under en kort period.<\/li>\n<li>Justera tiden innan Guardian reagerar p\u00e5 en s\u00e4ndare som g\u00e5r \u00f6verbord mellan 2 och 15 sekunder, vilket ger mer frihet runt st\u00f6rre fartyg.<\/li>\n<li>Justera mellan avst\u00e4ngningsbrytare och externt larml\u00e4ge.<\/li>\n<li>N\u00f6dstoppsl\u00e4get aktiverar den inbyggda brytaren i 5 sekunder, vilket st\u00e4nger av motorn, men l\u00e5ter anv\u00e4ndarna starta om motorn efter 5 sekunder.<\/li>\n<li>Externt larml\u00e4ge aktiverar den inbyggda brytaren tills det avbryts manuellt. Detta g\u00f6r att externa larm med h\u00f6g effekt kan seriekopplas. <\/li>\n<li>Pausa larml\u00e4get.<\/li>\n<li>Justera enkelt individuella s\u00e4ndare mellan motoravst\u00e4ngning (f\u00f6r skepparen), endast larm (f\u00f6r passagerare) och paus (f\u00f6r passagerare som tillf\u00e4lligt l\u00e4mnar fartyget).<\/li>\n<li>utl\u00f6sa det externa larmet om en Tag-b\u00e4rare \u00e4r utom r\u00e4ckh\u00e5ll p\u00e5 b\u00e5de Guardian och din mobila enhet.<\/li>\n<li>Justera tiden innan avst\u00e4ngningsbrytaren eller larmet utl\u00f6ses \u2013 vilket ger st\u00f6rre frihet.<\/li>\n<li>Maximal volymlarm och vibration p\u00e5 din mobiltelefon, synkroniserat med Guardian.<\/li>\n<li>Indikation p\u00e5 vilken s\u00e4ndare som har utl\u00f6st larmet.<\/li>\n<li>Registrera GPS-positionen d\u00e4r larmet utl\u00f6stes<\/li>\n<li>Tydlig v\u00e4gledning tillbaka till GPS-positionen d\u00e4r larmet utl\u00f6stes.<\/li>\n<li>Tydlig visning av tid och GPS position f\u00f6r var larmet utl\u00f6stes samt anv\u00e4ndarens nuvarande plats. \u2022 VHF-n\u00f6dskript med automatiskt inmatade GPS-koordinater och anpassad fartygsinformation Solo-l\u00e4ge.<\/li>\n<li>Utformad f\u00f6r b\u00e5tturer p\u00e5 egen hand inom 2G-mobilr\u00e4ckvidd eller offshore Wifi. Solol\u00e4get skickar ett automatiskt textmeddelande till ett anpassat nummer med din plats och tidpunkt f\u00f6r h\u00e4ndelsen. Om en sj\u00e4lvr\u00e4ddning hanteras skickas ett automatiskt textmeddelande som avbryter larmet.  <\/li>\n<\/ul>\n<h3>Installation och montering<\/h3>\n<p><strong>12\/24V tr\u00e5dbunden<\/strong><\/p>\n<p>Guardian-modulen kan anslutas till b\u00e5tens str\u00f6mf\u00f6rs\u00f6rjning f\u00f6r att s\u00e4kerst\u00e4lla att den alltid \u00e4r ansluten n\u00e4r str\u00f6mmen \u00e4r ig\u00e5ng. Str\u00f6mkablarna kan enkelt skarvas in i en befintlig str\u00f6mf\u00f6rs\u00f6rjning fr\u00e5n b\u00e5tens batteri. <\/p>\n<p><strong>Genomg\u00e5ende panelmontering<\/strong><\/p>\n<p>Den kompakta str\u00f6mbrytaren i rostfritt st\u00e5l kr\u00e4ver minimal justering av din befintliga mittkonsol, vilket g\u00f6r att den kan monteras genom ett 21 mm h\u00e5l.<\/p>\n<p><strong>F\u00e4rgkodad kontrollbrytare<\/strong><\/p>\n<p>Den f\u00e4rgkodade kontrollbrytaren g\u00f6r systemet enkelt att styra och konfigurera, utan behov av OLAS-appen. Under installationsprocessen indikerar den de automatiska installationsstegen med en r\u00f6d indikatorlampa. N\u00e4r systemet \u00e4r ig\u00e5ng visar den en gr\u00f6n lampa och v\u00e4xlar tillbaka till r\u00f6tt i en larmsituation.  <\/p>\n<p><strong>System\u00e5terkoppling<\/strong><\/p>\n<p>GUARDIAN anger tydligt hur m\u00e5nga OLAS-s\u00e4ndare som \u00e4r anslutna under installationsprocessen.<\/p>\n<p>S\u00e4ndare kan l\u00e4ggas till i systemet antingen med hj\u00e4lp av mobilapplikationen eller genom en enkel inbyggd omkopplingsprocess.<\/p>\n<\/div>\n<\/div>\n<\/div>\n<div class=\"row\"><\/div>\n","protected":false},"excerpt":{"rendered":"<p>OLAS Guardian \u00e4r en tr\u00e5dl\u00f6s motoravst\u00e4ngningsbrytare som aktiveras inom tv\u00e5 sekunder efter att en person fallit \u00f6verbord. Den har den dubbla funktionen att \u00e4ven fungera som ett omedelbart MOB-larm. Guardian ansluts enkelt till upp till 25 OLAS-s\u00e4ndare och kan t\u00e4cka ett fartyg upp till 15 meter.  <\/p>\n<p><strong>I l\u00e5dan:<\/strong> Guardian, OLAS Tag + batteri, str\u00f6manslutningskablar, anslutningskablar f\u00f6r d\u00f6dsladd, str\u00f6mbrytare i rostfritt st\u00e5l, anv\u00e4ndarmanual, 5 x marina kontakter.<\/p>\n<p>&nbsp;<\/p>\n<p><a href=\"https:\/\/www.dropbox.com\/s\/fk04stqsp2hgk5f\/Prop%2065%20-%20DEHP.pdf?dl=0\">VARNING: F\u00d6RSLAG 65<\/a><\/p>\n","protected":false},"featured_media":163377,"template":"","meta":{"_acf_changed":false,"om_disable_all_campaigns":false},"product_brand":[],"product_cat":[5822,5826,5583,5823,5825],"product_tag":[12719,12714,12366,9628,12082,9623,12700,12708,12691,12670,12727,12733],"class_list":{"0":"post-166417","1":"product","2":"type-product","3":"status-publish","4":"has-post-thumbnail","6":"product_cat-inat-landet","7":"product_cat-kommersiell","8":"product_cat-marin","9":"product_cat-nara-stranden","10":"product_cat-till-havs","11":"product_tag-ecos-sv","12":"product_tag-esos-sv","13":"product_tag-gps-sparning","14":"product_tag-man-overbord","15":"product_tag-man-overbord-system","16":"product_tag-mob-sv","17":"product_tag-motorn-stangdes-av","18":"product_tag-motorn-stangs-av","19":"product_tag-motorns-dodstrombrytare","20":"product_tag-olas-sv","21":"product_tag-uscg-motoravstangning","22":"product_tag-uscg-motorns-dodbrytare","23":"pa_boat-size-0-20-sv","24":"pa_boat-size-21-40-sv","25":"pa_boat-size-40-80-sv","26":"pa_boat-size-80-sv","27":"pa_boat-type-bogserbat","28":"pa_boat-type-charter-yacht-sv","29":"pa_boat-type-kommersiellt-fiske","30":"pa_boat-type-lastfartyg","31":"pa_boat-type-motorbat","32":"pa_boat-type-segelbat","33":"pa_boat-type-sportcraft-sv","34":"pa_boat-type-yacht-sv","35":"pa_product-signaleringsprodukter-sv","37":"first","38":"instock","39":"taxable","40":"shipping-taxable","41":"purchasable","42":"product-type-variable"},"acf":[],"_links":{"self":[{"href":"https:\/\/www.acrartex.com\/sv\/wp-json\/wp\/v2\/product\/166417","targetHints":{"allow":["GET"]}}],"collection":[{"href":"https:\/\/www.acrartex.com\/sv\/wp-json\/wp\/v2\/product"}],"about":[{"href":"https:\/\/www.acrartex.com\/sv\/wp-json\/wp\/v2\/types\/product"}],"wp:featuredmedia":[{"embeddable":true,"href":"https:\/\/www.acrartex.com\/sv\/wp-json\/wp\/v2\/media\/163377"}],"wp:attachment":[{"href":"https:\/\/www.acrartex.com\/sv\/wp-json\/wp\/v2\/media?parent=166417"}],"wp:term":[{"taxonomy":"product_brand","embeddable":true,"href":"https:\/\/www.acrartex.com\/sv\/wp-json\/wp\/v2\/product_brand?post=166417"},{"taxonomy":"product_cat","embeddable":true,"href":"https:\/\/www.acrartex.com\/sv\/wp-json\/wp\/v2\/product_cat?post=166417"},{"taxonomy":"product_tag","embeddable":true,"href":"https:\/\/www.acrartex.com\/sv\/wp-json\/wp\/v2\/product_tag?post=166417"}],"curies":[{"name":"wp","href":"https:\/\/api.w.org\/{rel}","templated":true}]}}