{"id":162687,"date":"2025-09-18T08:34:05","date_gmt":"2025-09-18T13:34:05","guid":{"rendered":"https:\/\/www.acrartex.com\/?post_type=product&#038;p=162687"},"modified":"2026-03-06T10:16:03","modified_gmt":"2026-03-06T15:16:03","slug":"pathfinder-ais","status":"publish","type":"product","link":"https:\/\/www.acrartex.com\/sv\/products\/pathfinder-ais\/","title":{"rendered":"Pathfinder AIS SART"},"content":{"rendered":"<p>Pathfinder AIS anv\u00e4nder den bepr\u00f6vade och robusta designen och det praktiska formatet hos Pathfinder Pro SART, och har ett automatiskt identifieringssystem (AIS) som n\u00f6dlarm, i motsats till ett traditionellt radarbaserat system. Den nya, toppmoderna Pathfinder AIS s\u00e4nder GNSS\/GPS-satellitkoordinater till alla AIS-utrustade fartyg inom VHF-r\u00e4ckvidd och varnar dem om att n\u00f6dhj\u00e4lp beh\u00f6vs. <\/p>\n<p>Pathfinder AIS har ett genomsnittligt detekteringsavst\u00e5nd p\u00e5 5 sj\u00f6mil, anv\u00e4nder Near Field Communication (NFC)-teknik som underl\u00e4ttar produktregistrering och tillhandah\u00e5ller testdata, och anv\u00e4nder ett litiumbatteri med 96 timmars driftstid. Andra f\u00f6rdelar inkluderar exakt GNSS\/GPS-positionering, sp\u00e5rning i realtid och, till skillnad fr\u00e5n radar-SART, \u00e4r AIS-SART mindre k\u00e4nsliga f\u00f6r ogynnsamma v\u00e4derf\u00f6rh\u00e5llanden som kraftigt regn eller dimma. <\/p>\n<p>Pathfinder AIS levereras med ett elegant v\u00e4ggf\u00e4ste f\u00f6r att h\u00e5lla den ur v\u00e4gen, men \u00e4nd\u00e5 l\u00e4ttillg\u00e4nglig i en n\u00f6dsituation. Den teleskopiska st\u00e5ngen (tillval) ansluts bekv\u00e4mt till botten av SART och ger maximal h\u00f6jd (f\u00f6rl\u00e4ngs 1 m) och sikt ut ur en livr\u00e4ddningsfarkost. SART kan ocks\u00e5 h\u00e4ngas inuti farkosten f\u00f6r handsfree-anv\u00e4ndning.  <\/p>\n<p>Pathfinder AIS \u00e4r konstruerad f\u00f6r att motst\u00e5 de tuffaste marina milj\u00f6erna och \u00e4r redo att fungera i alla n\u00f6dsituationer, vilket s\u00e4kerst\u00e4ller att din n\u00f6dsignal uppt\u00e4cks av alla AIS-utrustade fartyg inom r\u00e4ckh\u00e5ll. Dess robusta design s\u00e4kerst\u00e4ller att den f\u00f6rblir funktionell n\u00e4r du beh\u00f6ver den som mest. <\/p>\n<p><strong><em><u>Krav f\u00f6r transport<\/u><\/em><\/strong><\/p>\n<ul>\n<li>Alla IMO SOLAS-fartyg p\u00e5 internationella resor \u00e4r skyldiga att medf\u00f6ra en SART-kod.<\/li>\n<li>300\u2013500 bruttoregistertonnage (GRT) m\u00e5ste medf\u00f6ra minst 1 SART<\/li>\n<li>\u00d6ver 500 BRT (Bruttoregistertonnage) m\u00e5ste medf\u00f6ra minst 2 SART:er<\/li>\n<li>1 SART f\u00f6r var fj\u00e4rde livflotta p\u00e5 Ro-Ro-passagerarfartyg<\/li>\n<li>Passagerarfartyg av alla storlekar m\u00e5ste medf\u00f6ra minst tv\u00e5 SART-fartyg oavsett tonnage.<\/li>\n<li>Livb\u00e5tar: SOLAS kr\u00e4ver att minst en SART (Savery Article \u2013 SAR) ska finnas tillg\u00e4nglig f\u00f6r anv\u00e4ndning i varje livr\u00e4ddningsfarkost.<\/li>\n<li>Livflottar: F\u00f6r passagerarfartyg, om det finns fler \u00e4n tv\u00e5 livflottar, b\u00f6r ytterligare SART-bommar tillhandah\u00e5llas s\u00e5 att minst en SART finns tillg\u00e4nglig f\u00f6r varje tv\u00e5 livflottar.<\/li>\n<\/ul>\n","protected":false},"excerpt":{"rendered":"<p style=\"margin: 0in; line-height: 16.05pt;\"><span style=\"font-family: 'Tahoma',sans-serif; color: black;\">Pathfinder AIS SART \u00e4r en fullt godk\u00e4nd AIS-s\u00f6k- och r\u00e4ddningss\u00e4ndare som uppfyller IMO:s SOLAS-f\u00f6reskrifter och g\u00f6r det m\u00f6jligt f\u00f6r fartyg som m\u00e5ste uppfylla GMDSS att uppfylla det obligatoriska SART-kravet. Med hj\u00e4lp av AIS klass A-positionsrapporter skickar Pathfinder AIS SART totalt \u00e5tta positionsrapportmeddelanden en g\u00e5ng per minut f\u00f6r att m\u00f6jligg\u00f6ra sp\u00e5rning i realtid. <\/span><\/p>\n<p><strong><span style=\"font-family: 'Tahoma',sans-serif; color: black;\">Denna enhet har inte godk\u00e4nts enligt FCC:s (Federal Communications Commission) f\u00f6reskrifter.<br \/>\nDenna enhet \u00e4r inte, och f\u00e5r inte erbjudas till f\u00f6rs\u00e4ljning eller leasing, eller s\u00e4ljas eller leasas, i USA, f\u00f6rr\u00e4n godk\u00e4nnande har erh\u00e5llits.<\/span><\/strong><\/p>\n<p><a href=\"https:\/\/www.dropbox.com\/s\/fk04stqsp2hgk5f\/Prop%2065%20-%20DEHP.pdf?dl=0\">VARNING: F\u00d6RSLAG 65<\/a><\/p>\n","protected":false},"featured_media":162694,"template":"","meta":{"_acf_changed":false,"om_disable_all_campaigns":false},"product_brand":[],"product_cat":[5826,5583],"product_tag":[9736,9744,9746,9745,9739,9742,9741,9733,9738,9751,9737,9735,9753,9752,9743,9747,9734,9749,9748,9750,9740],"class_list":{"0":"post-162687","1":"product","2":"type-product","3":"status-publish","4":"has-post-thumbnail","6":"product_cat-kommersiell","7":"product_cat-marin","8":"product_tag-acr-sart-sv","9":"product_tag-basta-sart","10":"product_tag-epirb-sart-sv","11":"product_tag-gmdss-sart-sv","12":"product_tag-jotron-sart-sv","13":"product_tag-jotron-tron-sart-sv","14":"product_tag-mcmurdo-sart-sv","15":"product_tag-sart-sv","16":"product_tag-sart-fall-sv","17":"product_tag-sart-gmdss-sv","18":"product_tag-sart-ivf-sv","19":"product_tag-sart-batteri","20":"product_tag-sart-godkannanden","21":"product_tag-sart-krav","22":"product_tag-sart-test-sv","23":"product_tag-sart-testare","24":"product_tag-sart-transponder-sv","25":"product_tag-sjomansart","26":"product_tag-testning-sart","27":"product_tag-tron-sart-20-sv","28":"product_tag-tronsart","30":"first","31":"outofstock","32":"taxable","33":"shipping-taxable","34":"product-type-simple"},"acf":[],"_links":{"self":[{"href":"https:\/\/www.acrartex.com\/sv\/wp-json\/wp\/v2\/product\/162687","targetHints":{"allow":["GET"]}}],"collection":[{"href":"https:\/\/www.acrartex.com\/sv\/wp-json\/wp\/v2\/product"}],"about":[{"href":"https:\/\/www.acrartex.com\/sv\/wp-json\/wp\/v2\/types\/product"}],"wp:featuredmedia":[{"embeddable":true,"href":"https:\/\/www.acrartex.com\/sv\/wp-json\/wp\/v2\/media\/162694"}],"wp:attachment":[{"href":"https:\/\/www.acrartex.com\/sv\/wp-json\/wp\/v2\/media?parent=162687"}],"wp:term":[{"taxonomy":"product_brand","embeddable":true,"href":"https:\/\/www.acrartex.com\/sv\/wp-json\/wp\/v2\/product_brand?post=162687"},{"taxonomy":"product_cat","embeddable":true,"href":"https:\/\/www.acrartex.com\/sv\/wp-json\/wp\/v2\/product_cat?post=162687"},{"taxonomy":"product_tag","embeddable":true,"href":"https:\/\/www.acrartex.com\/sv\/wp-json\/wp\/v2\/product_tag?post=162687"}],"curies":[{"name":"wp","href":"https:\/\/api.w.org\/{rel}","templated":true}]}}