{"id":162591,"date":"2023-04-10T16:14:00","date_gmt":"2023-04-10T21:14:00","guid":{"rendered":"https:\/\/www.acrartex.com\/products\/elt-4000m\/"},"modified":"2023-04-10T16:14:00","modified_gmt":"2023-04-10T21:14:00","slug":"elt-4000m","status":"publish","type":"product","link":"https:\/\/www.acrartex.com\/sv\/products\/elt-4000m\/","title":{"rendered":"ELT 4000M"},"content":{"rendered":"<p><strong>Produkt\u00f6versikt<\/strong><\/p>\n<p>Den <a href=\"https:\/\/www.acrartex.com\/sv\/news\/acr-electronics-lanserar-artex-elt-4000m-en-innovativ-emergency-locator-transmitter-i-transportklass-som-drivs-av-alkaliska-batterier\/\">helt nya ARTEX ELT 4000M<\/a> \u00e4r en trippelfrekvens n\u00f6dlokaliseringss\u00e4ndare (ELT) av transportkvalitet som anv\u00e4nder alkaliska batterier. Denna innovativa str\u00f6mk\u00e4lla inneb\u00e4r att ELT 4000M \u00e4r helt befriad fr\u00e5n FAA:s s\u00e4rskilda villkor. F\u00f6rdelarna med ARTEX ELT 4000M:s \u00e4gandekostnad inkluderar l\u00e4gre batterikostnad per cykel, ingen transport av farligt gods och enkel avfallshantering. Ett integrerat NAV-gr\u00e4nssnitt (ARINC429) eliminerar kravet och kostnaden f\u00f6r att installera en separat NAV-gr\u00e4nssnittsenhet.   <\/p>\n<p><strong>S\u00e5 fungerar ARTEX ELT 4000M<\/strong><\/p>\n<p>ARTEX ELT 4000M kan aktiveras manuellt (via fj\u00e4rrkontrollen i cockpit) eller automatiskt (G-Switch k\u00e4nner av en st\u00f6t p\u00e5 2,3 G eller h\u00f6gre) och varnar n\u00e4rmaste s\u00f6k- och r\u00e4ddningstj\u00e4nst om en n\u00f6dsituation. 406 MHz-signalen, som inneh\u00e5ller flygplanets GPS-koordinater, s\u00e4nds till Cospas-Sarsat-satelliterna och vidarebefordras till Mission Control Center d\u00e4r den omedelbart dirigeras till n\u00e4rmaste s\u00f6k- och r\u00e4ddningstj\u00e4nst. Fyren kommer att f\u00f6rse r\u00e4ddningspersonalen med den exakta platsen inom 100 meter. Slutligen hj\u00e4lper 121,5 MHz-m\u00e5ls\u00f6karsignalen s\u00f6k- och r\u00e4ddningstj\u00e4nstens markstyrkor att hitta platsen f\u00f6r n\u00f6dsituationen.   <\/p>\n<p><strong>Enkel installation och eftermontering<\/strong><\/p>\n<p>ARTEX ELT 4000M erbjuder en snabb och enkel eftermonteringsm\u00f6jlighet med flexibla installationsalternativ, s\u00e5som en tv\u00e5tr\u00e5dig fj\u00e4rrbrytare som inte kr\u00e4ver n\u00e5gon flygplansstr\u00f6mf\u00f6rs\u00f6rjning. ELT 4000M \u00e4r TSO-godk\u00e4nd med Legacy Switch and Antenna Systems f\u00f6r att underl\u00e4tta eftermontering. Eftersom det \u00e4r en ELT med en utg\u00e5ng anv\u00e4nder ARTEX ELT 4000M samma RF-utg\u00e5ng och endast en koaxialkabel f\u00f6r att \u00f6verf\u00f6ra signalerna 406 MHz, 121,5 och 243,0 MHz. Det inbyggda navigationsgr\u00e4nssnittet minskar behovet av att montera ett sekund\u00e4rt externt gr\u00e4nssnitt, vilket avsev\u00e4rt minskar installationskostnaden. Monteringsbrickan matchar installationen av \u00e4ldre ARTEX C- och B-seriens ELT och minskar d\u00e4rmed ytterligare tekniska kostnader.    <\/p>\n<p>&nbsp;<\/p>\n<p><strong>Produktegenskaper<\/strong><\/p>\n<ul>\n<li>Automatisk fast Emergency Locator Transmitter<\/li>\n<li>Trippelfrekvens n\u00f6dsignal, digital 406 MHz och analog 121,5 MHz och 243,0 MHz m\u00e5ls\u00f6kande signaler<\/li>\n<li>Automatisk aktivering via intern G-brytare<\/li>\n<li>Dubbelbandsantenn med enkel kontakt och kabel till s\u00e4ndaren \u2013 Blade och Whip finns tillg\u00e4ngliga<\/li>\n<li>Kompatibel med \u00e4ldre antenner<\/li>\n<li>Enkelt underh\u00e5ll och installation<\/li>\n<li>M\u00e5nga alternativ f\u00f6r fj\u00e4rrkontroll i cockpit finns tillg\u00e4ngliga<\/li>\n<li>Kan anslutas till inbyggd GPS via integrerat ARINC429-gr\u00e4nssnitt<\/li>\n<li>GPS data \u00e4r inb\u00e4ddad i digital \u00f6verf\u00f6ring som minskar s\u00f6kradien ner till 100 meter. Godk\u00e4nd av Cospas-Sarsat .<\/li>\n<li>Kompatibel med ARTEX 406Test.com satellitbekr\u00e4ftelsetestsystem<\/li>\n<li><a href=\"https:\/\/www.acrartex.com\/sv\/products\/elt-4000m-hm\/\">ARTEX ELT 4000M HM<\/a> Helikopterversion med 5-axlig G-switch tillg\u00e4nglig<\/li>\n<li>5 \u00e5rs batteritid (utbytbart). Levereras utan farligt gods. <\/li>\n<\/ul>\n<p>&nbsp;<\/p>\n<p><strong>Packlista<\/strong><\/p>\n<p><a href=\"https:\/\/www.dropbox.com\/scl\/fi\/23o6bmhfh4yfhkkm99yad\/8265A.pdf?rlkey=j9pb5q8p6uc7pmvwnyd2ehg7s&amp;dl=1\">8265 ELT 4000M Baspaket<\/a><\/p>\n<p><a href=\"https:\/\/www.dropbox.com\/scl\/fi\/gmfobp9uap4dljd95gezz\/8266A.pdf?rlkey=orfkkzr6hoe1m106tkv8pudfq&amp;dl=1\">8266 ELT 4000M Basst\u00e5ng 1 tum<\/a><\/p>\n<p>&nbsp;<\/p>\n","protected":false},"excerpt":{"rendered":"<p>Den helt nya ARTEX ELT 4000M \u00e4r en n\u00f6ds\u00e4ndare (ELT) med 3-frekvens i transportklass som anv\u00e4nder alkaliska batterier. Denna innovativa str\u00f6mk\u00e4lla inneb\u00e4r att ELT 4000M \u00e4r helt befriad fr\u00e5n FAA:s s\u00e4rskilda villkor. I h\u00e4ndelse av en n\u00f6dsituation kan ELT 4000M aktiveras manuellt eller automatiskt f\u00f6r att snabbt varna lokala s\u00f6k- och r\u00e4ddningsteam om din situation. Var beredd p\u00e5 det of\u00f6ruts\u00e4gbara: \u2013 L\u00e4gre batterikostnad per cykel \u2013 Ingen transport av farligt gods \u2013 Enkel avfallshantering \u2013 Integrerat NAV-gr\u00e4nssnitt (ARINC429)   <\/p>\n<p><a href=\"https:\/\/www.acrartex.com\/news\/acr-electronics-launches-artex-elt-4000m-an-innovative-transport-grade-emergency-locator-transmitter-powered-by-alkaline-battery\/\">L\u00e4s pressmeddelandet<\/a><\/p>\n<p><a href=\"https:\/\/www.acrartex.com\/products\/406test-elt-self-testing-service\/\"><img loading=\"lazy\" decoding=\"async\" class=\"alignnone\" style=\"width: 250px; height: 34px;\" src=\"https:\/\/dk2ztu5ooimmu.cloudfront.net\/ckeditor_assets\/pictures\/146\/406Test_with_desc_-_Tag.gif\" alt=\"\" width=\"641\" height=\"88\"><\/a><\/p>\n<p><a href=\"mailto:ArtexSales@acrartex.com?\u00e4mne= ELT %204000% 20Sales%20Fr\u00e5ga\"><img decoding=\"async\" style=\"width: 250px; height: 210px;\" src=\"\/\/dk2ztu5ooimmu.cloudfront.net\/ckeditor_assets\/pictures\/148\/ARTEX_-_ELT_4000_Ad_Bubble.gif\" alt=\"\"><\/a><\/p>\n","protected":false},"featured_media":12176,"template":"","meta":{"_acf_changed":false,"om_disable_all_campaigns":false},"product_brand":[],"product_cat":[5835,5553,8624],"product_tag":[15563,15565,15569,15562,8278,8888,8891,7096,8887,5557,8882,8876,15570,8884,8889,5564,15567,8890],"class_list":{"0":"post-162591","1":"product","2":"type-product","3":"status-publish","4":"has-post-thumbnail","6":"product_cat-affarsjet","7":"product_cat-flyg","8":"product_cat-kommersiella-flygplan","9":"product_tag-243-mhz-sv","10":"product_tag-2430-mhz-sv","11":"product_tag-3-frekvenser","12":"product_tag-4000-m","13":"product_tag-406-mhz-elt-sv","14":"product_tag-8260-sv","15":"product_tag-alkalisk-elt","16":"product_tag-artex-sv","17":"product_tag-artikelnummer-8260","18":"product_tag-elt-sv","19":"product_tag-elt-uppgradering","20":"product_tag-elt-4000-sv","21":"product_tag-elt-4000m-sv","22":"product_tag-elt4000-sv","23":"product_tag-litiums-speciella-villkor","24":"product_tag-nodlokaliseringssandare","25":"product_tag-tri-frekvens","26":"product_tag-undantagen-litium-elt","28":"first","29":"instock","30":"taxable","31":"shipping-taxable","32":"product-type-simple"},"acf":[],"_links":{"self":[{"href":"https:\/\/www.acrartex.com\/sv\/wp-json\/wp\/v2\/product\/162591","targetHints":{"allow":["GET"]}}],"collection":[{"href":"https:\/\/www.acrartex.com\/sv\/wp-json\/wp\/v2\/product"}],"about":[{"href":"https:\/\/www.acrartex.com\/sv\/wp-json\/wp\/v2\/types\/product"}],"wp:featuredmedia":[{"embeddable":true,"href":"https:\/\/www.acrartex.com\/sv\/wp-json\/wp\/v2\/media\/12176"}],"wp:attachment":[{"href":"https:\/\/www.acrartex.com\/sv\/wp-json\/wp\/v2\/media?parent=162591"}],"wp:term":[{"taxonomy":"product_brand","embeddable":true,"href":"https:\/\/www.acrartex.com\/sv\/wp-json\/wp\/v2\/product_brand?post=162591"},{"taxonomy":"product_cat","embeddable":true,"href":"https:\/\/www.acrartex.com\/sv\/wp-json\/wp\/v2\/product_cat?post=162591"},{"taxonomy":"product_tag","embeddable":true,"href":"https:\/\/www.acrartex.com\/sv\/wp-json\/wp\/v2\/product_tag?post=162591"}],"curies":[{"name":"wp","href":"https:\/\/api.w.org\/{rel}","templated":true}]}}