{"id":161995,"date":"2025-08-20T09:58:30","date_gmt":"2025-08-20T14:58:30","guid":{"rendered":"https:\/\/www.acrartex.com\/products\/tillbehor-till-rcl-100-led-och-rcl-50-led-stralkastare\/"},"modified":"2026-03-06T08:56:21","modified_gmt":"2026-03-06T13:56:21","slug":"tillbehor-till-rcl-100-led-och-rcl-50-led-stralkastare","status":"publish","type":"product","link":"https:\/\/www.acrartex.com\/sv\/products\/tillbehor-till-rcl-100-led-och-rcl-50-led-stralkastare\/","title":{"rendered":"Tillbeh\u00f6r till RCL-100 LED och RCL-50 LED-str\u00e5lkastare"},"content":{"rendered":"<p><strong><em>Modern kontroll. Klassisk tillf\u00f6rlitlighet. <\/em><\/strong><\/p>\n<p>&nbsp;<\/p>\n<p><strong><em>URP-103 Punktplatta:<\/em><\/strong><\/p>\n<p>&nbsp;<\/p>\n<p>URP-103-punktplattan \u00e4r designad med moderna b\u00e5t\u00e4gare i \u00e5tanke och har uppdaterad styling och en elegant, modern estetik som sm\u00e4lter s\u00f6ml\u00f6st in i dagens marina instrumentpaneler och kontrollpaneler \u2013 perfekt f\u00f6r renoveringar eller nya installationer. Oavsett om du uppgraderar en befintlig installation eller utrustar ett nytt fartyg, ger ACR:s n\u00e4sta generations s\u00f6kljuspunktplatta en ny niv\u00e5 av stil, funktion och flexibilitet. <\/p>\n<p>&nbsp;<\/p>\n<ul>\n<li><strong>Stil \u2013<\/strong> Ett modernare utseende och k\u00e4nsla med stiliserad ikonografi f\u00f6r funktionsknappar och en elegant ring i rostfritt st\u00e5l som omsluter de prim\u00e4ra riktningsknapparna. En bakgrundsbelyst ACR-logotyp ger ytterligare ett element av modern stil och fungerar ocks\u00e5 som en sista touch som kompletterar Point Pad, vilket f\u00f6rb\u00e4ttrar b\u00e5de dess stil och funktionalitet. <\/li>\n<\/ul>\n<p>&nbsp;<\/p>\n<ul>\n<li><strong>Funktion \u2013<\/strong> Alla knappar, inklusive den centraliserade ACR-logotypen, \u00e4r bakgrundsbelysta med flera f\u00e4rger f\u00f6r att indikera olika l\u00e4gen och\/eller funktioner. Med m\u00f6jligheten att styra en eller tv\u00e5 str\u00e5lkastare oberoende eller samtidigt kan anv\u00e4ndare enkelt v\u00e4xla mellan lamporna eller styra b\u00e5da f\u00f6r koordinerad belysning. URP-103 har en \u00e5terg\u00e5ngsfunktion som \u00e5terst\u00e4ller str\u00e5lkastaren\/str\u00e5lkastarna till en fram\u00e5triktad orientering och tack vare ACR:s exklusiva XRCiZ\u2122-teknik f\u00f6rblir din str\u00e5lkastare redo n\u00e4r du beh\u00f6ver den som mest. Denna sj\u00e4lvunderh\u00e5llsfunktion roterar automatiskt ljuset var 30:e dag f\u00f6r att f\u00f6rhindra korrosion och se till att alla r\u00f6rliga delar och elektriska komponenter fungerar felfritt.   <\/li>\n<\/ul>\n<p>&nbsp;<\/p>\n<ul>\n<li><strong>Flexibilitet \u2013<\/strong> Levereras med sj\u00e4lvh\u00e4ftande frontplattor i svart och vitt. V\u00e4lj den frontplatta som b\u00e4st matchar din konsol och f\u00e4st den helt enkelt p\u00e5 pekplattan f\u00f6r att bibeh\u00e5lla ett enhetligt och konsekvent utseende och k\u00e4nsla p\u00e5 din b\u00e5t. <\/li>\n<\/ul>\n<p>&nbsp;<\/p>\n<p><strong><em>URH-103 Handh\u00e5llen tr\u00e5dl\u00f6s fj\u00e4rrkontroll:<\/em><\/strong><\/p>\n<p><em> <\/em><\/p>\n<p>Den handh\u00e5llna tr\u00e5dl\u00f6sa fj\u00e4rrkontrollen URH-103 ger dig o\u00f6vertr\u00e4ffad bekv\u00e4mlighet och kontroll direkt till hands. Den \u00e4r den f\u00f6rsta i sitt slag f\u00f6r handh\u00e5llna fj\u00e4rrkontrollsalternativ f\u00f6r str\u00e5lkastarna RCL-100 LED och RCL-50 LED. Fj\u00e4rrkontrollen har en ergonomisk och modern design som \u00e4r byggd f\u00f6r b\u00e5de form och funktion. Den pr\u00e4glade ACR-logotypen ger en touch av distinkt design, medan bakgrundsbelysta knappar s\u00e4kerst\u00e4ller s\u00f6ml\u00f6s anv\u00e4ndning vid anv\u00e4ndning nattetid. Noggrant konstruerade r\u00e4fflor l\u00e4ngs b\u00e5da sidor ger ett s\u00e4kert och halkfritt grepp \u2013 \u00e4ven i v\u00e5ta eller grova sj\u00f6f\u00f6rh\u00e5llanden \u2013 s\u00e5 att du beh\u00e5ller kontrollen n\u00e4r det g\u00e4ller som mest.   <\/p>\n<p>&nbsp;<\/p>\n<p><strong><em>URC-104 Huvudstyrenhet:<\/em><\/strong><\/p>\n<p>&nbsp;<\/p>\n<p>URC-104-huvudkontrollen m\u00e5 vara undanskymd, men den \u00e4r central f\u00f6r allt. URC-104 \u00e4r utformad f\u00f6r att monteras diskret bakom instrumentbr\u00e4dan och \u00e4r den viktiga navet som m\u00f6jligg\u00f6r s\u00f6ml\u00f6s fj\u00e4rrstyrning av din RCL-100 LED och RCL-50 LED. <strong> <\/strong>str\u00e5lkastare. Det \u00e4r hj\u00e4rnan bakom operationen och s\u00e4kerst\u00e4ller full funktionalitet hos b\u00e5de URP-103 Point Pad Controller och URH-103 handh\u00e5llen tr\u00e5dl\u00f6s fj\u00e4rrkontroll. <\/p>\n<p>&nbsp;<\/p>\n<p><strong><u>Artikelnummer:<\/u><\/strong><\/p>\n<p>&nbsp;<\/p>\n<p>Med introduktionen av ACR:s nya alternativ f\u00f6r s\u00f6kljuskontroll finns f\u00f6ljande artikelnummer f\u00f6r s\u00f6kljussatser (RCL-100 LED eller RCL-50 LED s\u00e4ljs med nya tillbeh\u00f6r) och frist\u00e5ende tillbeh\u00f6r (nya tillbeh\u00f6r s\u00e4ljs separat) tillg\u00e4ngliga:<\/p>\n<p>&nbsp;<\/p>\n<p><strong><em>S\u00f6kljussatser:<\/em><\/strong><\/p>\n<p>&nbsp;<\/p>\n<table>\n<tbody>\n<tr>\n<td width=\"120\"><strong>ARTIKELNUMMER<\/strong><\/td>\n<td width=\"852\"><strong>BESKRIVNING<\/strong><\/td>\n<\/tr>\n<tr>\n<td width=\"120\">1978<\/td>\n<td width=\"852\">RCL-100 LED, vit, med ny URC-104 huvudkontroll och URC-103 pekplatta<\/td>\n<\/tr>\n<tr>\n<td width=\"120\">1979<\/td>\n<td width=\"852\">RCL-100 LED, svart, med ny URC-104 huvudkontroll och URC-103 pekplatta<\/td>\n<\/tr>\n<tr>\n<td width=\"120\">1982<\/td>\n<td width=\"852\">RCL-50 LED, vit, med ny URC-104 huvudkontroll och URC-103 pekplatta<\/td>\n<\/tr>\n<tr>\n<td width=\"120\">1983<\/td>\n<td width=\"852\">RCL-50 LED, svart, med ny URC-104 huvudkontroll och URC-103 pekplatta<\/td>\n<\/tr>\n<tr>\n<td width=\"120\">1976<\/td>\n<td width=\"852\">RCL-100 LED, vit, med ny URC-104 huvudkontroll, URP-103 pekplatta och URH-103 handh\u00e5llen tr\u00e5dl\u00f6s fj\u00e4rrkontroll<\/td>\n<\/tr>\n<tr>\n<td width=\"120\">1977<\/td>\n<td width=\"852\">RCL-100 LED, svart, med ny URC-104 huvudkontroll, URP-103 pekplatta och URH-103 handh\u00e5llen tr\u00e5dl\u00f6s fj\u00e4rrkontroll<\/td>\n<\/tr>\n<tr>\n<td width=\"120\">1980<\/td>\n<td width=\"852\">RCL-50 LED, vit, med ny URC-104 huvudkontroll, URP-103 pekplatta och URH-103 handh\u00e5llen tr\u00e5dl\u00f6s fj\u00e4rrkontroll<\/td>\n<\/tr>\n<tr>\n<td width=\"120\">1981<\/td>\n<td width=\"852\">RCL-50 LED, svart, med ny URC-104 huvudkontroll, URP-103 pekplatta och URH-103 handh\u00e5llen tr\u00e5dl\u00f6s fj\u00e4rrkontroll<\/td>\n<\/tr>\n<\/tbody>\n<\/table>\n<p>&nbsp;<\/p>\n<p><strong><em>Individuella tillbeh\u00f6r:<\/em><\/strong><\/p>\n<p>&nbsp;<\/p>\n<table>\n<tbody>\n<tr>\n<td width=\"120\"><strong>ARTIKELNUMMER<\/strong><\/td>\n<td width=\"855\"><strong>BESKRIVNING<\/strong><\/td>\n<\/tr>\n<tr>\n<td width=\"120\">1967<\/td>\n<td width=\"855\">URH-103 Handh\u00e5llen tr\u00e5dl\u00f6s fj\u00e4rrkontroll<\/td>\n<\/tr>\n<tr>\n<td width=\"120\">1968<\/td>\n<td width=\"855\">URP-103 Punktplatta<\/td>\n<\/tr>\n<tr>\n<td width=\"120\">1970<\/td>\n<td width=\"855\">URC-104 Huvudstyrenhet<\/td>\n<\/tr>\n<tr>\n<td width=\"120\">1971<\/td>\n<td width=\"855\">URP-103 Eftermonteringsplatta (f\u00f6r kunder som byter ut sin gamla URP-102-spetsplatta mot en ny URP-103)<\/td>\n<\/tr>\n<tr>\n<td width=\"120\">1975<\/td>\n<td width=\"855\">Universellt fj\u00e4rrkontrollkit (URP-103 fj\u00e4rrkontroll, URC-104 huvudkontroll och URH-103 handh\u00e5llen tr\u00e5dl\u00f6s)<\/td>\n<\/tr>\n<tr>\n<td width=\"120\">1984<\/td>\n<td width=\"855\">Eftermonteringssats (URP-103, URC-104 och URP-103 eftermonteringsplatta f\u00f6r skydd)<\/td>\n<\/tr>\n<\/tbody>\n<\/table>\n","protected":false},"excerpt":{"rendered":"<p>URP-103 Point Pad, URC-104 Master Controller och URH-103 Handh\u00e5llen fj\u00e4rrkontroll utg\u00f6r n\u00e4sta generations ACR-tillbeh\u00f6r f\u00f6r s\u00f6kljusstyrning som erbjuder moderniserade styralternativ med f\u00f6rb\u00e4ttrad anv\u00e4ndbarhet och st\u00f6rre m\u00e5ngsidighet. Dessa nya alternativ \u00e4r utformade f\u00f6r att vara bak\u00e5tkompatibla och integreras s\u00f6ml\u00f6st med de befintliga branschfavoriterna ACR RCL-100 LED och RCL-50 LED.  Detta kit (artikelnummer 1975) best\u00e5r av alla nya tillbeh\u00f6r f\u00f6r str\u00e5lkastarkontroll. Ytterligare tillbeh\u00f6r, inklusive ett eftermonteringskit f\u00f6r befintliga \u00e4gare av RCL-100 LED eller RCL-50 LED som vill uppgradera, finns tillg\u00e4ngliga via rullgardinsmenyn nedan p\u00e5 denna produktsida. <\/p>\n","protected":false},"featured_media":161902,"template":"","meta":{"_acf_changed":false,"om_disable_all_campaigns":false},"product_brand":[],"product_cat":[5583,7092],"product_tag":[],"class_list":{"0":"post-161995","1":"product","2":"type-product","3":"status-publish","4":"has-post-thumbnail","6":"product_cat-marin","7":"product_cat-stralkastare","9":"first","10":"onbackorder","11":"taxable","12":"shipping-taxable","13":"purchasable","14":"product-type-variable"},"acf":[],"_links":{"self":[{"href":"https:\/\/www.acrartex.com\/sv\/wp-json\/wp\/v2\/product\/161995","targetHints":{"allow":["GET"]}}],"collection":[{"href":"https:\/\/www.acrartex.com\/sv\/wp-json\/wp\/v2\/product"}],"about":[{"href":"https:\/\/www.acrartex.com\/sv\/wp-json\/wp\/v2\/types\/product"}],"wp:featuredmedia":[{"embeddable":true,"href":"https:\/\/www.acrartex.com\/sv\/wp-json\/wp\/v2\/media\/161902"}],"wp:attachment":[{"href":"https:\/\/www.acrartex.com\/sv\/wp-json\/wp\/v2\/media?parent=161995"}],"wp:term":[{"taxonomy":"product_brand","embeddable":true,"href":"https:\/\/www.acrartex.com\/sv\/wp-json\/wp\/v2\/product_brand?post=161995"},{"taxonomy":"product_cat","embeddable":true,"href":"https:\/\/www.acrartex.com\/sv\/wp-json\/wp\/v2\/product_cat?post=161995"},{"taxonomy":"product_tag","embeddable":true,"href":"https:\/\/www.acrartex.com\/sv\/wp-json\/wp\/v2\/product_tag?post=161995"}],"curies":[{"name":"wp","href":"https:\/\/api.w.org\/{rel}","templated":true}]}}