{"id":160372,"date":"2021-08-04T14:02:43","date_gmt":"2021-08-04T19:02:43","guid":{"rendered":"https:\/\/www.acrartex.com\/products\/aerofix-plb-200-201\/"},"modified":"2021-08-04T14:02:43","modified_gmt":"2021-08-04T19:02:43","slug":"aerofix-plb-200-201","status":"publish","type":"product","link":"https:\/\/www.acrartex.com\/sv\/products\/aerofix-plb-200-201\/","title":{"rendered":"AeroFix ( PLB -200\/201)"},"content":{"rendered":"<p><span style=\"color: #3366ff;\"><strong>Denna produkt har utg\u00e5tt ur sortimentet.<\/strong><\/span><\/p>\n<div>Olyckor h\u00e4nder varje dag i luften, och n\u00e4r situationen f\u00f6rs\u00e4mras, kommer du att vara f\u00f6rberedd?<\/div>\n<div><\/div>\n<div>Varf\u00f6r v\u00e4nta i dagar strandsatta i hopp om att n\u00e5gon ska hitta dig? L\u00e4gg kraften i din handflata med AeroFix\u2122 406 GPS PLB . Nu kan du f\u00f6rvandla den livshotande situationen till en lyckad r\u00e4ddningshistoria. Det \u00e4r lika enkelt som att trycka p\u00e5 en knapp, och med en intern GPS mottagare (artikelnummer 2799.4NH) kommer AeroFix\u2122 att h\u00e4mta din GPS position och s\u00e4nda den tillsammans med din personliga identifieringskod via COSPAS-SARSAT-satelliterna, vilket omedelbart varnar SAR-styrkor att du beh\u00f6ver hj\u00e4lp!   <\/div>\n<div><\/div>\n<div>aerofix\u2122 fungerar snabbt. Om GPS data finns i fyrens f\u00f6rsta utbrott kan SAR-styrkor meddelas och b\u00f6rja planera din r\u00e4ddning p\u00e5 s\u00e5 lite som tre minuter. Var ansvarsfull, var f\u00f6rberedd, var s\u00e4ker. <\/div>\n","protected":false},"excerpt":{"rendered":"<p><span style=\"color: #3366ff;\"><strong>Denna produkt har utg\u00e5tt ur sortimentet.<\/strong><\/span><\/p>\n<p>AeroFix\u2122 Personal Locator Beacon eller PLB s\u00e4nder p\u00e5 406 MHz via COSPAS-SARSAT satellitsystem med din registrerade unika, digitalt kodade n\u00f6dsignal och 121,5 MHz SAR lokal m\u00e5ls\u00f6kande frekvens.<\/p>\n<p style=\"margin-left: 0in; margin-right: 0in;\">\n","protected":false},"featured_media":160373,"template":"","meta":{"_acf_changed":false,"om_disable_all_campaigns":false},"product_brand":[],"product_cat":[5553,5769],"product_tag":[16010,16011,16012,16013,16014,5560,16007,16005,16008,16009,16006,5773,6145,5772,5770,13622,13628],"class_list":{"0":"post-160372","1":"product","2":"type-product","3":"status-publish","4":"has-post-thumbnail","6":"product_cat-flyg","7":"product_cat-utomhus","8":"product_tag-2799-sv","9":"product_tag-2799-2-sv","10":"product_tag-2799-2nh-sv","11":"product_tag-2799-4-sv","12":"product_tag-2799-4nh-sv","13":"product_tag-406-sv","14":"product_tag-aero-fix-sv","15":"product_tag-aerofix-sv","16":"product_tag-aerofix-i-sv","17":"product_tag-aerofix-i-o-sv","18":"product_tag-aerofix-plb-sv","19":"product_tag-gps-sv","20":"product_tag-nodsokare","21":"product_tag-personlig-lokaliseringsfyr-sv","22":"product_tag-plb-sv","23":"product_tag-plb-200-sv","24":"product_tag-plb-201-sv","25":"pa_product-arv","27":"first","28":"outofstock","29":"taxable","30":"shipping-taxable","31":"product-type-simple"},"acf":[],"_links":{"self":[{"href":"https:\/\/www.acrartex.com\/sv\/wp-json\/wp\/v2\/product\/160372","targetHints":{"allow":["GET"]}}],"collection":[{"href":"https:\/\/www.acrartex.com\/sv\/wp-json\/wp\/v2\/product"}],"about":[{"href":"https:\/\/www.acrartex.com\/sv\/wp-json\/wp\/v2\/types\/product"}],"wp:featuredmedia":[{"embeddable":true,"href":"https:\/\/www.acrartex.com\/sv\/wp-json\/wp\/v2\/media\/160373"}],"wp:attachment":[{"href":"https:\/\/www.acrartex.com\/sv\/wp-json\/wp\/v2\/media?parent=160372"}],"wp:term":[{"taxonomy":"product_brand","embeddable":true,"href":"https:\/\/www.acrartex.com\/sv\/wp-json\/wp\/v2\/product_brand?post=160372"},{"taxonomy":"product_cat","embeddable":true,"href":"https:\/\/www.acrartex.com\/sv\/wp-json\/wp\/v2\/product_cat?post=160372"},{"taxonomy":"product_tag","embeddable":true,"href":"https:\/\/www.acrartex.com\/sv\/wp-json\/wp\/v2\/product_tag?post=160372"}],"curies":[{"name":"wp","href":"https:\/\/api.w.org\/{rel}","templated":true}]}}