{"id":160342,"date":"2021-08-04T14:51:40","date_gmt":"2021-08-04T19:51:40","guid":{"rendered":"https:\/\/www.acrartex.com\/products\/rapidfix-rlb-33-epirb\/"},"modified":"2021-08-04T14:51:40","modified_gmt":"2021-08-04T19:51:40","slug":"rapidfix-rlb-33-epirb","status":"publish","type":"product","link":"https:\/\/www.acrartex.com\/sv\/products\/rapidfix-rlb-33-epirb\/","title":{"rendered":"RapidFix RLB-33 EPIRB"},"content":{"rendered":"<p><a href=\"https:\/\/www.acrartex.com\/sv\/products\/globalfix-v5-ais-epirb-med-return-link-service-och-mobilapp\/\"><b><i>Denna produkt har uppgraderats.<\/i><\/b><\/a><\/p>\n<div data-canvas-width=\"547.4670718954251\">\n<div data-canvas-width=\"482.5856732026145\">Kategori 1: Helt sluten, h\u00f6gdensitets-, UV-stabiliserad polyeten<\/div>\n<div data-canvas-width=\"474.1053562091504\">f\u00e4ste med hydrostatisk utl\u00f6sning. T\u00e5l extremt tuffa milj\u00f6er. Hydrostatisk utl\u00f6sning aktiverar automatiskt EPIRB om fartyget sjunker till cirka 4 m (13 fot).  <\/div>\n<div data-canvas-width=\"506.93075816993485\">Kategori 2: Universellt Low Pro2-f\u00e4ste; inkluderar skottmontering och skenmontering som tillval.<\/div>\n<div data-canvas-width=\"506.93075816993485\"><\/div>\n<div data-canvas-width=\"547.7559820261438\">S\u00e4nder p\u00e5 406 MHz (COSPAS-SARSAT) med din registrerade, digitalt kodade n\u00f6dsignal och 121,5 MHz (SAR-m\u00e5ls\u00f6kande frekvens).<\/div>\n<\/div>\n","protected":false},"excerpt":{"rendered":"<p><b><i>Denna produkt har uppgraderats. <a href=\"https:\/\/www.acrartex.com\/products\/globalfix-v5-ais-epirb\/\">Klicka h\u00e4r<\/a> f\u00f6r tillg\u00e4ngliga uppgraderingar.<\/i><\/b><\/p>\n<div data-canvas-width=\"133.5515816993464\">\n<div data-canvas-width=\"516.3214869281046\">RapidFix\u2122 \u00e4r en GPS -aktiverad fyr som samverkar med extern GPS f\u00f6r att ladda ner position f\u00f6re aktivering.<\/div>\n<div data-canvas-width=\"516.3214869281046\"><\/div>\n<div data-canvas-width=\"516.3214869281046\">Patenterat, propriet\u00e4rt elektronikpaket ger st\u00f6rre frekvensstabilitet f\u00f6r den mest exakta positioneringen via LEOSAR-satelliterna. GPS gr\u00e4nssnittet ger GPS positionsnoggrannhet p\u00e5 100 m (110 yards), vilket \u00e4r optimalt och m\u00f6jligg\u00f6rs av COSPAS-SARSAT. <\/div>\n<\/div>\n<p>&nbsp;<\/p>\n<p>&nbsp;<\/p>\n","protected":false},"featured_media":160344,"template":"","meta":{"_acf_changed":false,"om_disable_all_campaigns":false},"product_brand":[],"product_cat":[5583],"product_tag":[15934,15936,15938,15940,15939,15932,5585,5625,5591,15926,15930,15928],"class_list":{"0":"post-160342","1":"product","2":"type-product","3":"status-publish","4":"has-post-thumbnail","6":"product_cat-marin","7":"product_tag-2776-sv","8":"product_tag-2776nh-sv","9":"product_tag-2777-sv","10":"product_tag-27775nh-sv","11":"product_tag-2777-5-sv","12":"product_tag-acr-rapidfix-sv","13":"product_tag-epirb-sv","14":"product_tag-gpirb-sv","15":"product_tag-nodsignal","16":"product_tag-rapidfix-sv","17":"product_tag-rlb-33-sv","18":"product_tag-rlb33-sv","19":"pa_product-arv","21":"first","22":"outofstock","23":"taxable","24":"shipping-taxable","25":"product-type-simple"},"acf":[],"_links":{"self":[{"href":"https:\/\/www.acrartex.com\/sv\/wp-json\/wp\/v2\/product\/160342","targetHints":{"allow":["GET"]}}],"collection":[{"href":"https:\/\/www.acrartex.com\/sv\/wp-json\/wp\/v2\/product"}],"about":[{"href":"https:\/\/www.acrartex.com\/sv\/wp-json\/wp\/v2\/types\/product"}],"wp:featuredmedia":[{"embeddable":true,"href":"https:\/\/www.acrartex.com\/sv\/wp-json\/wp\/v2\/media\/160344"}],"wp:attachment":[{"href":"https:\/\/www.acrartex.com\/sv\/wp-json\/wp\/v2\/media?parent=160342"}],"wp:term":[{"taxonomy":"product_brand","embeddable":true,"href":"https:\/\/www.acrartex.com\/sv\/wp-json\/wp\/v2\/product_brand?post=160342"},{"taxonomy":"product_cat","embeddable":true,"href":"https:\/\/www.acrartex.com\/sv\/wp-json\/wp\/v2\/product_cat?post=160342"},{"taxonomy":"product_tag","embeddable":true,"href":"https:\/\/www.acrartex.com\/sv\/wp-json\/wp\/v2\/product_tag?post=160342"}],"curies":[{"name":"wp","href":"https:\/\/api.w.org\/{rel}","templated":true}]}}