{"id":160216,"date":"2022-01-26T17:16:59","date_gmt":"2022-01-26T22:16:59","guid":{"rendered":"https:\/\/www.acrartex.com\/products\/bivy-15w-solpanel\/"},"modified":"2022-01-26T17:16:59","modified_gmt":"2022-01-26T22:16:59","slug":"bivy-15w-solpanel","status":"publish","type":"product","link":"https:\/\/www.acrartex.com\/sv\/products\/bivy-15w-solpanel\/","title":{"rendered":"Bivy 15W solpanel"},"content":{"rendered":"<p>INTELLIGENT LADDNINGSTEKNIK: USB-porten k\u00e4nner automatiskt igen dina enheter f\u00f6r att ge optimal laddningsstr\u00f6m och p\u00e5skynda laddningsprocessen f\u00f6r att minimera laddningstiden.<\/p>\n<p>H\u00d6G KONVERTERINGSHASTIGHET: den ETFE-belagda panelen absorberar solljus effektivt och omvandlar upp till 20 % av solenergin till energi; laddar smidigt iOS, Android, Bivy Stick, batteripaket, GoPro och annan elektronik.<\/p>\n<p>B\u00c4RBAR OCH L\u00c4TT: ultratunn och vikbar design g\u00f6r den enkel att b\u00e4ra;<\/p>\n<p>SMUTS- OCH ST\u00c4NKSKYDD: IPX4-vattent\u00e4thetsklassning, vilket g\u00f6r den resistent mot st\u00e4nkvatten och damm, oavsett riktning; perfekt f\u00f6r utomhusbruk.<\/p>\n<p>Effekt: 15W<\/p>\n<dl>\n<dt>Utg\u00e5ng: 5V\/3A<\/dt>\n<\/dl>\n<dl>\n<dt>Certifikat: CE FCC ROHS<\/dt>\n<\/dl>\n<dl>\n<dt>Vikt: 450 g<\/dt>\n<dt><\/dt>\n<dt>Storlek: (vikt) 25 x 15 x 1,7 cm<\/dt>\n<dt>(Utvikt) 25 x 46 cm<\/dt>\n<\/dl>\n","protected":false},"excerpt":{"rendered":"<h4><span style=\"color: #ff0000;\">Stolt tillverkad i USA!<\/span><\/h4>\n<p><a href=\"https:\/\/www.acrartex.com\/wp-content\/uploads\/2022\/01\/Prop-65-DINP.pdf\">VARNING: F\u00d6RSLAG 65<\/a><\/p>\n","protected":false},"featured_media":160221,"template":"","meta":{"_acf_changed":false,"om_disable_all_campaigns":false},"product_brand":[],"product_cat":[5583,6491,5769],"product_tag":[13057,15870,13058,13050,13070,13060,13071,13068,13075,13073,13052,13064,13062,5773,13055,13065,13076,13066,13048,13074,13067,13056],"class_list":{"0":"post-160216","1":"product","2":"type-product","3":"status-publish","4":"has-post-thumbnail","6":"product_cat-marin","7":"product_cat-sakerhetstillbehor","8":"product_cat-utomhus","9":"product_tag-2-vagskommunikation","10":"product_tag-4605-sv","11":"product_tag-acr-bivy-sv","12":"product_tag-bivy-sv","13":"product_tag-bivy-sv-2","14":"product_tag-bivy-appen-sv","15":"product_tag-bivy-overlevnadskit","16":"product_tag-bivy-mot-plb","17":"product_tag-bivy-och-solpanelkit","18":"product_tag-bivy-solpanel-sv","19":"product_tag-bivy-stick-sv","20":"product_tag-bluetooth-sv","21":"product_tag-global-raddning","22":"product_tag-gps-sv","23":"product_tag-iridium-sv","24":"product_tag-mini-sv","25":"product_tag-mini-gps-sv","26":"product_tag-minsta-satellitkommunikator","27":"product_tag-overlevnadskit-sv","28":"product_tag-overlevnadskit-bivy-och-solpaneler","29":"product_tag-satellit-gps-sparning","30":"product_tag-sparning","31":"pa_activity-camping-sv","32":"pa_activity-cykel-sv","33":"pa_activity-fiske-sv","34":"pa_activity-klattrande","35":"pa_activity-langdakning","36":"pa_activity-paddelsporter","37":"pa_activity-skidor-snowboardakning","38":"pa_activity-snoskoter","39":"pa_activity-terrang-4x4","40":"pa_activity-vandring-sv","41":"pa_aircraft-type-enmotorig","42":"pa_aircraft-type-experimentell","43":"pa_aircraft-type-flermotorig","44":"pa_aircraft-type-latta-stralar","45":"pa_aircraft-type-medelstora-jetplan","46":"pa_aircraft-type-passagerarjet","47":"pa_aircraft-type-rotocraft-sv","48":"pa_aircraft-type-stora-jetstralar","49":"pa_aircraft-type-turboprop-sv","50":"pa_boat-type-bogserbat","51":"pa_boat-type-charter-yacht-sv","52":"pa_boat-type-kommersiellt-fiske","53":"pa_boat-type-lastfartyg","54":"pa_boat-type-motorbat","55":"pa_boat-type-segelbat","56":"pa_boat-type-sportcraft-sv","57":"pa_boat-type-yacht-sv","58":"pa_product-sakerhetstillbehor","59":"pa_terrain-floder-vatmarker-sjoar","60":"pa_terrain-kulle-och-berg","61":"pa_terrain-skog-och-djungel","62":"pa_terrain-tundra-sv","64":"first","65":"instock","66":"sale","67":"taxable","68":"shipping-taxable","69":"purchasable","70":"product-type-simple"},"acf":[],"_links":{"self":[{"href":"https:\/\/www.acrartex.com\/sv\/wp-json\/wp\/v2\/product\/160216","targetHints":{"allow":["GET"]}}],"collection":[{"href":"https:\/\/www.acrartex.com\/sv\/wp-json\/wp\/v2\/product"}],"about":[{"href":"https:\/\/www.acrartex.com\/sv\/wp-json\/wp\/v2\/types\/product"}],"wp:featuredmedia":[{"embeddable":true,"href":"https:\/\/www.acrartex.com\/sv\/wp-json\/wp\/v2\/media\/160221"}],"wp:attachment":[{"href":"https:\/\/www.acrartex.com\/sv\/wp-json\/wp\/v2\/media?parent=160216"}],"wp:term":[{"taxonomy":"product_brand","embeddable":true,"href":"https:\/\/www.acrartex.com\/sv\/wp-json\/wp\/v2\/product_brand?post=160216"},{"taxonomy":"product_cat","embeddable":true,"href":"https:\/\/www.acrartex.com\/sv\/wp-json\/wp\/v2\/product_cat?post=160216"},{"taxonomy":"product_tag","embeddable":true,"href":"https:\/\/www.acrartex.com\/sv\/wp-json\/wp\/v2\/product_tag?post=160216"}],"curies":[{"name":"wp","href":"https:\/\/api.w.org\/{rel}","templated":true}]}}