{"id":159997,"date":"2022-01-28T12:52:37","date_gmt":"2022-01-28T17:52:37","guid":{"rendered":"https:\/\/www.acrartex.com\/products\/bivy-komplett-monteringskit\/"},"modified":"2022-01-28T12:52:37","modified_gmt":"2022-01-28T17:52:37","slug":"bivy-komplett-monteringskit","status":"publish","type":"product","link":"https:\/\/www.acrartex.com\/sv\/products\/bivy-komplett-monteringskit\/","title":{"rendered":"Bivy komplett monteringskit"},"content":{"rendered":"<p>Ta med dig Bivy Stick \u00f6verallt med det omfattande monteringspaketet f\u00f6r Bivy Stick. Perfekt f\u00f6r \u00e4ventyrare som g\u00e5r fr\u00e5n aktivitet till aktivitet. Hela paketet f\u00e5r enkelt plats i det medf\u00f6ljande vattent\u00e4ta och st\u00f6ts\u00e4kra fodralet, vilket g\u00f6r det enkelt att anpassa Bivy Stick efter dina behov.  <\/p>\n<ul class=\"a-unordered-list a-vertical a-spacing-mini\">\n<li><strong>Bl\u00e4ckfiskstativ<br \/>\n<\/strong> L\u00e4tt och kompakt, anv\u00e4nd som handh\u00e5llen pinne, stativ f\u00f6r oj\u00e4mna ytor eller runt f\u00f6rem\u00e5l<\/li>\n<li><strong>Jaws Flex Clamp Mount Justerbar Hals<br \/>\n<\/strong> F\u00e4sts snabbt p\u00e5 stolpar eller andra f\u00f6rem\u00e5l. L\u00e4ttjusterbar och l\u00e4tt. <\/li>\n<li><strong>EVA Handh\u00e5llen Flytande Flytande<\/strong><br \/>\n Extra s\u00e4kerhet vid oavsiktligt vattenfall. F\u00f6rseglat f\u00f6rvaringsutrymme f\u00f6r sm\u00e5 f\u00f6rem\u00e5l. 6,3 mm adapter f\u00f6r montering p\u00e5 stativ.  <\/li>\n<li><span class=\"a-list-item\"><strong>Sugkoppsf\u00e4ste<\/strong><br \/>\n Sugkoppen f\u00e4ster din Bivy Stick p\u00e5 bilen.  <\/span><\/li>\n<li><span class=\"a-list-item\"><strong>Styrf\u00e4ste<\/strong><br \/>\n Styrf\u00e4stet passar styre med en diameter p\u00e5 1,9\u20133,6 cm p\u00e5 din cykel och motorcykel och m\u00f6jligg\u00f6r 180\u00b0 lutningsr\u00f6relse.  <\/span><\/li>\n<li><strong>Ryggs\u00e4ckskl\u00e4mma<\/strong><br \/>\n 360 graders roterbar ryggs\u00e4ckskl\u00e4mma f\u00f6r keps + l\u00e5nga skruvar<\/li>\n<li><strong>J-kroksp\u00e4nne<\/strong><br \/>\n <span data-spm-anchor-id=\"a2700.wholesale.0.i26.35472ba2pcG0VM\">F\u00e4sts ordentligt p\u00e5 det sj\u00e4lvh\u00e4ftande f\u00e4stet f\u00f6r handsfri och bekymmersfri anv\u00e4ndning.<\/span><\/li>\n<li><strong>Sp\u00e4nnen och 3-v\u00e4gs sv\u00e4ngarmsadapter, l\u00e5nga och korta anslutningar<\/strong><\/li>\n<li><strong>1\/4&#8243; g\u00e4ngade adaptrar<\/strong><\/li>\n<li><strong>3M sj\u00e4lvh\u00e4ftande f\u00e4sten f\u00f6r dynor<\/strong><\/li>\n<li><strong>Extra l\u00e5nga och korta skruvar<\/strong><\/li>\n<li><strong>Remmar f\u00f6r fastsp\u00e4nning<\/strong><\/li>\n<li><strong>B\u00e4rbar b\u00e4rv\u00e4ska<\/strong><\/li>\n<\/ul>\n","protected":false},"excerpt":{"rendered":"<p>&nbsp;<\/p>\n<p><a href=\"https:\/\/www.dropbox.com\/s\/fk04stqsp2hgk5f\/Prop%2065%20-%20DEHP.pdf?dl=0\" data-cke-saved-href=\"https:\/\/www.dropbox.com\/s\/fk04stqsp2hgk5f\/Prop%2065%20-%20DEHP.pdf?dl=0\">VARNING: F\u00d6RSLAG 65<\/a><\/p>\n","protected":false},"featured_media":160010,"template":"","meta":{"_acf_changed":false,"om_disable_all_campaigns":false},"product_brand":[],"product_cat":[5583,5769],"product_tag":[13057,15870,13058,13050,13070,13060,13071,13068,13075,13073,13052,13064,13062,5773,13055,13065,13076,13066,13048,13074,13067,13056],"class_list":{"0":"post-159997","1":"product","2":"type-product","3":"status-publish","4":"has-post-thumbnail","6":"product_cat-marin","7":"product_cat-utomhus","8":"product_tag-2-vagskommunikation","9":"product_tag-4605-sv","10":"product_tag-acr-bivy-sv","11":"product_tag-bivy-sv","12":"product_tag-bivy-sv-2","13":"product_tag-bivy-appen-sv","14":"product_tag-bivy-overlevnadskit","15":"product_tag-bivy-mot-plb","16":"product_tag-bivy-och-solpanelkit","17":"product_tag-bivy-solpanel-sv","18":"product_tag-bivy-stick-sv","19":"product_tag-bluetooth-sv","20":"product_tag-global-raddning","21":"product_tag-gps-sv","22":"product_tag-iridium-sv","23":"product_tag-mini-sv","24":"product_tag-mini-gps-sv","25":"product_tag-minsta-satellitkommunikator","26":"product_tag-overlevnadskit-sv","27":"product_tag-overlevnadskit-bivy-och-solpaneler","28":"product_tag-satellit-gps-sparning","29":"product_tag-sparning","30":"pa_activity-camping-sv","31":"pa_activity-cykel-sv","32":"pa_activity-fiske-sv","33":"pa_activity-klattrande","34":"pa_activity-langdakning","35":"pa_activity-paddelsporter","36":"pa_activity-skidor-snowboardakning","37":"pa_activity-snoskoter","38":"pa_activity-terrang-4x4","39":"pa_activity-vandring-sv","40":"pa_aircraft-type-enmotorig","41":"pa_aircraft-type-experimentell","42":"pa_aircraft-type-flermotorig","43":"pa_aircraft-type-latta-stralar","44":"pa_aircraft-type-medelstora-jetplan","45":"pa_aircraft-type-passagerarjet","46":"pa_aircraft-type-rotocraft-sv","47":"pa_aircraft-type-stora-jetstralar","48":"pa_aircraft-type-turboprop-sv","49":"pa_boat-type-bogserbat","50":"pa_boat-type-charter-yacht-sv","51":"pa_boat-type-kommersiellt-fiske","52":"pa_boat-type-lastfartyg","53":"pa_boat-type-motorbat","54":"pa_boat-type-segelbat","55":"pa_boat-type-sportcraft-sv","56":"pa_boat-type-yacht-sv","57":"pa_product-sakerhetstillbehor","58":"pa_terrain-floder-vatmarker-sjoar","59":"pa_terrain-kulle-och-berg","60":"pa_terrain-skog-och-djungel","61":"pa_terrain-tundra-sv","63":"first","64":"instock","65":"taxable","66":"shipping-taxable","67":"purchasable","68":"product-type-simple"},"acf":[],"_links":{"self":[{"href":"https:\/\/www.acrartex.com\/sv\/wp-json\/wp\/v2\/product\/159997","targetHints":{"allow":["GET"]}}],"collection":[{"href":"https:\/\/www.acrartex.com\/sv\/wp-json\/wp\/v2\/product"}],"about":[{"href":"https:\/\/www.acrartex.com\/sv\/wp-json\/wp\/v2\/types\/product"}],"wp:featuredmedia":[{"embeddable":true,"href":"https:\/\/www.acrartex.com\/sv\/wp-json\/wp\/v2\/media\/160010"}],"wp:attachment":[{"href":"https:\/\/www.acrartex.com\/sv\/wp-json\/wp\/v2\/media?parent=159997"}],"wp:term":[{"taxonomy":"product_brand","embeddable":true,"href":"https:\/\/www.acrartex.com\/sv\/wp-json\/wp\/v2\/product_brand?post=159997"},{"taxonomy":"product_cat","embeddable":true,"href":"https:\/\/www.acrartex.com\/sv\/wp-json\/wp\/v2\/product_cat?post=159997"},{"taxonomy":"product_tag","embeddable":true,"href":"https:\/\/www.acrartex.com\/sv\/wp-json\/wp\/v2\/product_tag?post=159997"}],"curies":[{"name":"wp","href":"https:\/\/api.w.org\/{rel}","templated":true}]}}