{"id":159944,"date":"2022-07-06T11:31:11","date_gmt":"2022-07-06T16:31:11","guid":{"rendered":"https:\/\/www.acrartex.com\/products\/plb-bivy-pase-och-karbinhake-med-kardborreband\/"},"modified":"2025-07-08T08:27:04","modified_gmt":"2025-07-08T13:27:04","slug":"plb-bivy-pase-och-karbinhake-med-kardborreband","status":"publish","type":"product","link":"https:\/\/www.acrartex.com\/sv\/products\/plb-bivy-pase-och-karbinhake-med-kardborreband\/","title":{"rendered":"PLB + Bivy p\u00e5se och karbinhake med kardborreband"},"content":{"rendered":"<p>Kompatibel med ACR Bivy Stick och ACR PLB -400, PLB -410, PLB -425 och PLB -435, \u00e4r detta kit ett viktigt till\u00e4gg till s\u00e4kerhetsutrustning eftersom det hj\u00e4lper till att s\u00e4kerst\u00e4lla att du kan f\u00f6rvara ACR :s livr\u00e4ddande produkter s\u00e4kert p\u00e5 dig s\u00e5 att du har dem n\u00e4r du beh\u00f6ver dem som mest.<\/p>\n<p>Karbinhaken med kardborreband kan anv\u00e4ndas f\u00f6r att f\u00e4sta din PLB eller Bivy p\u00e5 en ryggs\u00e4ck, flytv\u00e4st eller helt enkelt p\u00e5 ytterkl\u00e4der som anv\u00e4nds vid en m\u00e4ngd olika utomhusaktiviteter. P\u00e5 samma s\u00e4tt har skyddsp\u00e5sen ett b\u00e4ltesf\u00e4ste som g\u00f6r att den kan f\u00e4stas p\u00e5 en m\u00e4ngd olika b\u00e4ltesbredder ut\u00f6ver remmarna p\u00e5 en ryggs\u00e4ck eller flytv\u00e4st. <\/p>\n<p>Vart ditt \u00e4ventyr \u00e4n tar dig, oavsett om det \u00e4r en resa till de h\u00f6gsta bergstopparna, den mest ouppt\u00e4ckta terr\u00e4ngen eller de vidstr\u00e4cktaste haven, njut av den \u00f6kade enkla m\u00f6jligheten att integrera din PLB eller Bivy Stick p\u00e5 dig, eller med din utrustning, vilket g\u00f6r alla dina \u00e4ventyr inte bara s\u00e4krare, utan ocks\u00e5 bekv\u00e4mare.<\/p>\n","protected":false},"excerpt":{"rendered":"<p>ACR tillbeh\u00f6rssatsen med p\u00e5se och karbinhake med kardborreband erbjuder m\u00e5nga b\u00e4ralternativ och l\u00e4mpar sig f\u00f6r en m\u00e4ngd olika anv\u00e4ndningsomr\u00e5den f\u00f6r flera ACR produkter.<\/p>\n<p>Kompatibel med ACR Bivy Stick och ACR ResQLink Personal Locator Beacon serien (inklusive PLB -375, PLB -400, PLB -410, PLB -425 och PLB -435) \u00e4r detta kit ett viktigt till\u00e4gg till s\u00e4kerhetsutrustning eftersom det hj\u00e4lper till att s\u00e4kerst\u00e4lla att du kan f\u00f6rvara ACR :s livr\u00e4ddande produkter s\u00e4kert p\u00e5 dig s\u00e5 att du har dem n\u00e4r du beh\u00f6ver dem som mest.<\/p>\n<p>&nbsp;<\/p>\n<p>Denna p\u00e5se \u00e4r INTE kompatibel med den nya ResQLink AIS PLB -450<\/p>\n<p>&nbsp;<\/p>\n<p>&nbsp;<\/p>\n<p><a href=\"https:\/\/www.dropbox.com\/s\/fk04stqsp2hgk5f\/Prop%2065%20-%20DEHP.pdf?dl=0\">VARNING: F\u00d6RSLAG 65<\/a><\/p>\n","protected":false},"featured_media":27632,"template":"","meta":{"_acf_changed":false,"om_disable_all_campaigns":false},"product_brand":[],"product_cat":[5583,6491,5769],"product_tag":[],"class_list":{"0":"post-159944","1":"product","2":"type-product","3":"status-publish","4":"has-post-thumbnail","6":"product_cat-marin","7":"product_cat-sakerhetstillbehor","8":"product_cat-utomhus","9":"pa_activity-camping-sv","10":"pa_activity-cykel-sv","11":"pa_activity-fiske-sv","12":"pa_activity-klattrande","13":"pa_activity-langdakning","14":"pa_activity-paddelsporter","15":"pa_activity-skidor-snowboardakning","16":"pa_activity-snoskoter","17":"pa_activity-terrang-4x4","18":"pa_activity-vandring-sv","19":"pa_product-sakerhetstillbehor","21":"first","22":"instock","23":"taxable","24":"shipping-taxable","25":"purchasable","26":"product-type-simple"},"acf":[],"_links":{"self":[{"href":"https:\/\/www.acrartex.com\/sv\/wp-json\/wp\/v2\/product\/159944","targetHints":{"allow":["GET"]}}],"collection":[{"href":"https:\/\/www.acrartex.com\/sv\/wp-json\/wp\/v2\/product"}],"about":[{"href":"https:\/\/www.acrartex.com\/sv\/wp-json\/wp\/v2\/types\/product"}],"wp:featuredmedia":[{"embeddable":true,"href":"https:\/\/www.acrartex.com\/sv\/wp-json\/wp\/v2\/media\/27632"}],"wp:attachment":[{"href":"https:\/\/www.acrartex.com\/sv\/wp-json\/wp\/v2\/media?parent=159944"}],"wp:term":[{"taxonomy":"product_brand","embeddable":true,"href":"https:\/\/www.acrartex.com\/sv\/wp-json\/wp\/v2\/product_brand?post=159944"},{"taxonomy":"product_cat","embeddable":true,"href":"https:\/\/www.acrartex.com\/sv\/wp-json\/wp\/v2\/product_cat?post=159944"},{"taxonomy":"product_tag","embeddable":true,"href":"https:\/\/www.acrartex.com\/sv\/wp-json\/wp\/v2\/product_tag?post=159944"}],"curies":[{"name":"wp","href":"https:\/\/api.w.org\/{rel}","templated":true}]}}