{"id":159880,"date":"2022-11-14T17:30:44","date_gmt":"2022-11-14T22:30:44","guid":{"rendered":"https:\/\/www.acrartex.com\/products\/acr-globalfix-v6-epirb-med-return-link-service-och-mobilapp\/"},"modified":"2026-03-11T03:42:14","modified_gmt":"2026-03-11T08:42:14","slug":"acr-globalfix-v6-epirb-med-return-link-service-och-mobilapp","status":"publish","type":"product","link":"https:\/\/www.acrartex.com\/sv\/products\/acr-globalfix-v6-epirb-med-return-link-service-och-mobilapp\/","title":{"rendered":"ACR GlobalFix V6 EPIRB med Return Link Service och mobilapp"},"content":{"rendered":"<p><iframe loading=\"lazy\" title=\"GlobalFix V6 RLS EPIRB with Mobile App | ACR ARTEX\" width=\"500\" height=\"281\" src=\"https:\/\/www.youtube.com\/embed\/hm4YxhdzD5w?feature=oembed\" frameborder=\"0\" allow=\"accelerometer; autoplay; clipboard-write; encrypted-media; gyroscope; picture-in-picture; web-share\" referrerpolicy=\"strict-origin-when-cross-origin\" allowfullscreen><\/iframe><\/p>\n<p>ACR , v\u00e4rldsledande inom elektroniska marina s\u00e4kerhetsanordningar, introducerar en ny h\u00f6gteknologisk EPIRB (Emergency Positioning Radio Beacon). Den nya ACR GlobalFix V6 EPIRB anv\u00e4nder 406 MHz satellitanslutning f\u00f6r att s\u00e4nda n\u00f6dsignaler till det globala satellitr\u00e4ddningssystemet Cospas Sarsat. Return Link Service ( RLS ) ger anv\u00e4ndaren en visuell bekr\u00e4ftelse p\u00e5 att deras n\u00f6dmeddelande har mottagits. En 121,5 MHz m\u00e5ls\u00f6karsignal hj\u00e4lper r\u00e4ddningspersonal att hitta den aktiverade fyren n\u00e4r de \u00e4r p\u00e5 plats. Synliga och infrar\u00f6da blixtljus hj\u00e4lper till vid m\u00e5lidentifiering p\u00e5 natten eller n\u00e4r sikten \u00e4r begr\u00e4nsad, vilket p\u00e5skyndar r\u00e4ddning och b\u00e4rgning. En ny funktion som kallas Near Field Communication ( NFC ) l\u00e5ter anv\u00e4ndare \u00f6vervaka sin EPIRB :s funktioner med hj\u00e4lp av en smartphone-app. ACR \u00e4r dedikerad till marin s\u00e4kerhet och den nya GlobalFix V6 EPIRB erbjuder sofistikerad r\u00e4ddningsteknik i en h\u00e5llbar och p\u00e5litlig enhet som fungerar globalt.      <\/p>\n<p>&nbsp;<\/p>\n<h3><strong>Tillf\u00f6rlitlig global digital mayday ber\u00e4ttar f\u00f6r r\u00e4ddningspersonal var de ska s\u00f6ka.<\/strong><\/h3>\n<p>ACR GlobalFix V6 EPIRB ber\u00e4knar exakt sin globala position via GNSS-positioneringsn\u00e4tverken ( GPS , Galileo, Glonass). N\u00e4r enheten aktiveras produceras ett digitalt n\u00f6dlarm med hj\u00e4lp av en 406 MHz n\u00f6d\u00f6verf\u00f6ring som vidarebefordrar GPS EPIRB (GPIRB) position, med en noggrannhet p\u00e5 100 meter, till det globala Cospas Sarsat s\u00f6k- och r\u00e4ddningssatellitn\u00e4tverket. Positionsinformation och fartygsidentifiering vidarebefordras sedan av satelliterna till markstationer, vilket i slut\u00e4ndan hj\u00e4lper till att best\u00e4mma omfattningen av r\u00e4ddningsinsatsen. N\u00e4r EPIRB aktiveras s\u00e4nds en 121,5 MHz-signal ut\u00f6ver den h\u00f6gre frekvensen av satellitsignalen. Denna 121,5 MHz-m\u00e5ls\u00f6karsignal hj\u00e4lper r\u00e4ddningspersonal att hitta enheten n\u00e4r de anl\u00e4nder till r\u00e4ddningsplatsen, vilket \u00e4r s\u00e4rskilt viktigt om fyren har drivit fr\u00e5n sin ursprungliga plats. GlobalFix V6 EPIRB avger ocks\u00e5 b\u00e5de en visuell och infrar\u00f6d stroboskopljus f\u00f6r att hj\u00e4lpa r\u00e4ddningspersonal att lokalisera fyren och p\u00e5skynda r\u00e4ddningsinsatserna.     <\/p>\n<h3><strong>Near Field Communication ( NFC ) s\u00e4kerst\u00e4ller att EPIRB fungerar korrekt  <\/strong><\/h3>\n<p>Med hj\u00e4lp av <a href=\"https:\/\/www.youtube.com\/watch?v=WqE0ag4yqG4\">ACR :s gratisapp f\u00f6r smartphones och NFC teknik ( Near Field Communication )<\/a> kan anv\u00e4ndare enkelt f\u00e5 tillg\u00e5ng till EPIRB diagnostik. Genom att placera en smartphone intill GlobalFix V6 EPIRB \u00f6ppnas ACR -produktappen som visar EPIRB data. Appen visar fyrens aktuella batteritid, antalet slutf\u00f6rda GNSS- och sj\u00e4lvtester och hur l\u00e4nge EPIRB har aktiverats. Anv\u00e4ndare kan se detaljerad information om varje sj\u00e4lvtest och GNSS-test som utf\u00f6rts av enheten. GNSS-tester inkluderar en kartvy som visar var tidigare tester utf\u00f6rdes, datum och tid f\u00f6r testerna, hur l\u00e5ng tid det tog f\u00f6r EPIRB att f\u00e5 en positionering av GNSS-koordinaterna, antalet satelliter som anv\u00e4ndes f\u00f6r att f\u00e5 den positioneringen och positioneringens noggrannhet. NFC g\u00f6r det m\u00f6jligt f\u00f6r anv\u00e4ndare att rutinm\u00e4ssigt kontrollera statusen f\u00f6r alla EPIRB funktioner f\u00f6r att s\u00e4kerst\u00e4lla att den fungerar korrekt och \u00e4r redo att anv\u00e4ndas i h\u00e4ndelse av en n\u00f6dsituation.     <\/p>\n<p>&nbsp;<\/p>\n<h3><strong>Return Link Service ( RLS )<\/strong><\/h3>\n<p>Return Link Service indikerar f\u00f6r anv\u00e4ndaren att en r\u00e4ddningss\u00e4ndning fr\u00e5n EPIRB har mottagits. RLS signalen skickas tillbaka via Galileos satellitn\u00e4tverk och bekr\u00e4ftar att den digitala n\u00f6dsignalen, inklusive exakt fyrlokalisering och identifierare, har levererats. Ett tydligt blinkande bl\u00e5tt ljus indikerar att EPIRB :n framg\u00e5ngsrikt har mottagit Return Link-meddelandet via Galileos satellitn\u00e4tverk. De som \u00e4r i n\u00f6d och har utl\u00f6st fyrlokaliseringen och mottagit RLS bekr\u00e4ftelsen vet att r\u00e4ddningspersonalen kommer att informeras om EPIRB aktiveringen och platsen och att r\u00e4ddningsinsatser kommer att inledas.   <\/p>\n<p>&nbsp;<\/p>\n<p>ACR \u00e4r en globalt erk\u00e4nd ledare inom marin elektronisk r\u00e4ddningsutrustning och andra livr\u00e4ddande produkter. De bygger h\u00f6gkvalitativa r\u00e4ddningsutrustningsl\u00f6sningar som den nya ACR GlobalFix V6 EPIRB som \u00e4r l\u00e4mpliga f\u00f6r alla typer och storlekar av fartyg inom b\u00e5de fritids- och kommersiella sektorer. Litiumbatterier med l\u00e5ng livsl\u00e4ngd, global 406 MHz satellit\u00f6verf\u00f6ring, en 121,5 MHz m\u00e5ls\u00f6kande signal, visuella och infrar\u00f6da blixtar och Return Link Service som meddelar anv\u00e4ndarna att deras r\u00e4ddningssignal har mottagits \u00e4r alla f\u00f6rpackade i en h\u00e5llbar vattent\u00e4t fyr. Near Field Communication och den kostnadsfria ACR appen l\u00e5ter anv\u00e4ndare kontrollera EPIRB status f\u00f6r \u00f6kad tillf\u00f6rlitlighet. Sj\u00f6m\u00e4n som kryssar l\u00e4ngs kusten, arbetar till havs eller korsar hav kommer att uppskatta de avancerade funktionerna hos GlobalFix V6 EPIRB .    <\/p>\n","protected":false},"excerpt":{"rendered":"<p>Den nya ACR GlobalFix V6 EPIRB \u00e4r en m\u00e5ngsidig positionsindikerande radios\u00e4ndare f\u00f6r n\u00f6dsituationer, l\u00e4mplig f\u00f6r anv\u00e4ndning p\u00e5 b\u00e5de fritids- och kommersiella fartyg. H\u00f6gteknologiska funktioner som Return Link Service ( RLS ) lugnar anv\u00e4ndarna genom att bekr\u00e4fta att s\u00e4ndaren har skickat n\u00f6dmeddelandet och att meddelandet har mottagits. ACR :s nya Near Field Communication ( NFC ) g\u00f6r det m\u00f6jligt f\u00f6r s\u00e4ndaren att ansluta till en smartphone f\u00f6r snabb diagnostik som visar att batteriet \u00e4r laddat och att EPIRB fungerar korrekt. GlobalFix V6 \u00e4r en idealisk s\u00e4kerhetsl\u00f6sning f\u00f6r alla typer av fartyg och aktiviteter, inklusive kustkryssning, offshore-segling eller vid arbete eller fiske i alla hav.   <\/p>\n<p>&nbsp;<\/p>\n<p><a href=\"https:\/\/www.dropbox.com\/s\/fk04stqsp2hgk5f\/Prop%2065%20-%20DEHP.pdf?dl=0\">VARNING: F\u00d6RSLAG 65<\/a><\/p>\n","protected":false},"featured_media":165562,"template":"","meta":{"_acf_changed":false,"om_disable_all_campaigns":false},"product_brand":[],"product_cat":[15818,5822,5826,5583,5839,5823,5825],"product_tag":[15832,8220,15841,6742,5585,15844,15838,15843,9192,15834,5625,9194,15434,9196,15837],"class_list":{"0":"post-159880","1":"product","2":"type-product","3":"status-publish","4":"has-post-thumbnail","6":"product_cat-epirb-sv","7":"product_cat-inat-landet","8":"product_cat-kommersiell","9":"product_cat-marin","10":"product_cat-marinstyrkorna","11":"product_cat-nara-stranden","12":"product_cat-till-havs","13":"product_tag-acr-epirb-sv","14":"product_tag-acr-globalfix-sv","15":"product_tag-batfyr","16":"product_tag-cospas-sarsat-sv","17":"product_tag-epirb-sv","18":"product_tag-epirb-appen","19":"product_tag-epirb-beacon-sv","20":"product_tag-epirb-med-mobilapp-sv","21":"product_tag-epirber","22":"product_tag-globalfix-v6-sv","23":"product_tag-gpirb-sv","24":"product_tag-gps-epirb-sv","25":"product_tag-nod-gps-sandare","26":"product_tag-nodpositionsindikerande-radiofyr","27":"product_tag-v6-sv","28":"pa_activity-fiske-sv","29":"pa_boat-size-0-20-sv","30":"pa_boat-size-21-40-sv","31":"pa_boat-size-40-80-sv","32":"pa_boat-type-charter-yacht-sv","33":"pa_boat-type-kommersiellt-fiske","34":"pa_boat-type-motorbat","35":"pa_boat-type-segelbat","36":"pa_boat-type-sportcraft-sv","38":"first","39":"instock","40":"taxable","41":"shipping-taxable","42":"purchasable","43":"product-type-variable","44":"has-default-attributes"},"acf":[],"_links":{"self":[{"href":"https:\/\/www.acrartex.com\/sv\/wp-json\/wp\/v2\/product\/159880","targetHints":{"allow":["GET"]}}],"collection":[{"href":"https:\/\/www.acrartex.com\/sv\/wp-json\/wp\/v2\/product"}],"about":[{"href":"https:\/\/www.acrartex.com\/sv\/wp-json\/wp\/v2\/types\/product"}],"wp:featuredmedia":[{"embeddable":true,"href":"https:\/\/www.acrartex.com\/sv\/wp-json\/wp\/v2\/media\/165562"}],"wp:attachment":[{"href":"https:\/\/www.acrartex.com\/sv\/wp-json\/wp\/v2\/media?parent=159880"}],"wp:term":[{"taxonomy":"product_brand","embeddable":true,"href":"https:\/\/www.acrartex.com\/sv\/wp-json\/wp\/v2\/product_brand?post=159880"},{"taxonomy":"product_cat","embeddable":true,"href":"https:\/\/www.acrartex.com\/sv\/wp-json\/wp\/v2\/product_cat?post=159880"},{"taxonomy":"product_tag","embeddable":true,"href":"https:\/\/www.acrartex.com\/sv\/wp-json\/wp\/v2\/product_tag?post=159880"}],"curies":[{"name":"wp","href":"https:\/\/api.w.org\/{rel}","templated":true}]}}