{"id":159837,"date":"2022-08-11T08:04:39","date_gmt":"2022-08-11T13:04:39","guid":{"rendered":"https:\/\/www.acrartex.com\/products\/globalfix-v5-ais-epirb-med-return-link-service-och-mobilapp\/"},"modified":"2026-03-06T08:57:24","modified_gmt":"2026-03-06T13:57:24","slug":"globalfix-v5-ais-epirb-med-return-link-service-och-mobilapp","status":"publish","type":"product","link":"https:\/\/www.acrartex.com\/sv\/products\/globalfix-v5-ais-epirb-med-return-link-service-och-mobilapp\/","title":{"rendered":"GlobalFix \u2122 V5 AIS EPIRB med Return Link Service och mobilapp"},"content":{"rendered":"<p class=\"ai-optimize-introduction ai-optimize-33\">Vi presenterar den mest avancerade EPIRB ( <a href=\"https:\/\/www.acrartex.com\/sv\/news\/vad-ar-en-epirb-eller-nodpositionsindikerande-radiofyr\/\">N\u00f6dpositionsindikerande radiobeacon<\/a> ) som finns tillg\u00e4nglig. Den nya ACR GlobalFix V5 EPIRB kombinerar 406 MHz satellitanslutning med AIS -funktionalitet ( Automatic Identification System ). Det inneb\u00e4r att n\u00e4r EPIRB aktiveras s\u00e4nder den inte bara din n\u00f6dsignal till det globala satellitr\u00e4ddningssystemet <a href=\"https:\/\/www.cospas-sarsat.int\/en\/\">Cospas Sarsat<\/a> , utan s\u00e4nder ocks\u00e5 ett AIS s\u00e4kerhetsmeddelande p\u00e5 VHF-frekvenser som kan ses omedelbart av alla AIS utrustade fartyg i n\u00e4rheten. Andra fantastiska funktioner inkluderar Return Link Service ( RLS )-teknik som ger anv\u00e4ndaren visuell bekr\u00e4ftelse p\u00e5 att deras n\u00f6dmeddelande har mottagits, en 121,5 MHz m\u00e5ls\u00f6kande signal och synliga och infrar\u00f6da blixtljus f\u00f6r enkel m\u00e5lidentifiering p\u00e5 natten eller vid d\u00e5lig sikt. En annan ny funktion \u00e4r Near Field Communication ( NFC ) som g\u00f6r det m\u00f6jligt f\u00f6r anv\u00e4ndare att \u00f6vervaka sin EPIRB med hj\u00e4lp av en smartphone-app. ACR \u00e4r den globala ledaren inom marin s\u00e4kerhets- och r\u00e4ddningsteknik och den nya GlobalFix V5 GPS EPIRB med AIS kombinerar den h\u00e5llbarhet och tillf\u00f6rlitlighet de \u00e4r k\u00e4nda f\u00f6r med avancerad teknik utformad f\u00f6r att snabba upp r\u00e4ddningsresponstiden.     <\/p>\n<h3 class=\"ai-optimize-34\"><strong>Snabbare AIS EPIRB r\u00e4ddningar genom kombinationen av global och lokal r\u00e4ddning<\/strong><\/h3>\n<p class=\"ai-optimize-35\">ACR GlobalFix V5 EPIRB ber\u00e4knar exakt sin position var som helst i v\u00e4rlden med hj\u00e4lp av GNSS ( GPS , Galileo, Glonass) positioneringsn\u00e4tverk. Vid aktivering vidarebefordrar 406 MHz n\u00f6ds\u00e4ndningar GPS EPIRB (GPIRB) position, med en noggrannhet p\u00e5 100 meter, till det globala Cospas Sarsat s\u00f6k- och r\u00e4ddningssatellitn\u00e4tverket. EPIRB -identifierare och positionsinformation vidarebefordras till markstationer via satellitsystemet och initierar r\u00e4ddningsinsatser. Med avancerad AIS teknik som nu \u00e4r integrerad i EPIRB s\u00e4nds en AIS signal ut n\u00e4r den aktiverats, s\u00e5 att n\u00e4rliggande fartyg utrustade med en AIS transponder omedelbart meddelas om b\u00e5tens fyrs position. AIS utrustade fartyg inom VHF-r\u00e4ckvidd fr\u00e5n fyrs\u00e4ndaren kommer att se ett s\u00e4kerhetsmeddelande p\u00e5 sina sk\u00e4rmar, inklusive MMSI-fartygsidentifiering. Fartyg i omr\u00e5det d\u00e4r EPIRB har aktiverats kan sedan omedelbart starta r\u00e4ddnings- och b\u00e4rgningsinsatser utan att beh\u00f6va v\u00e4nta p\u00e5 n\u00f6dinsatser fr\u00e5n till\u00e4mplig SAR-myndighet. AIS g\u00f6r det ocks\u00e5 m\u00f6jligt f\u00f6r lokala r\u00e4ddningstj\u00e4nster att enkelt lokalisera EPIRB :ns position, som presenteras som ett AIS m\u00e5l p\u00e5 deras inbyggda sk\u00e4rm. N\u00e4rliggande fartyg med inbyggd AIS kan navigera direkt till EPIRB genom att v\u00e4lja AIS m\u00e5let.        Denna otroliga tekniska utveckling kommer att p\u00e5skynda \u00e5terh\u00e4mtningstiden vilket garanterat kommer att r\u00e4dda liv.<\/p>\n<h3 class=\"ai-optimize-36\"><strong>Smartphone-anslutning med hj\u00e4lp av Near Field Communication ( NFC )<\/strong><\/h3>\n<p class=\"ai-optimize-37\"><a href=\"https:\/\/www.youtube.com\/watch?v=WqE0ag4yqG4\">NFC-teknik (Near Field Communication)<\/a> g\u00f6r det m\u00f6jligt f\u00f6r anv\u00e4ndare att f\u00e5 \u00e5tkomst till EPIRB-diagnostik med sina smartphones. N\u00e4r en smartphone placeras intill GlobalFix V5 n\u00f6dpositioneringsindikerande radios\u00e4ndare \u00f6ppnas ACR-produktappen automatiskt och ger \u00e5tkomst till s\u00e4ndardata. Information om s\u00e4ndarstatus i appen inkluderar aktuell batteritid, antal slutf\u00f6rda sj\u00e4lvtester, antal slutf\u00f6rda GNSS-tester och hur l\u00e4nge EPIRB har varit aktiverad.   Detaljerad information om varje sj\u00e4lvtest och GNSS-test som utf\u00f6rs av enheten finns ocks\u00e5 tillg\u00e4nglig. GNSS-tester visar en kartvy som visar exakt var det f\u00f6reg\u00e5ende testet utf\u00f6rdes, datum och tid f\u00f6r testet, hur l\u00e5ng tid det tog f\u00f6r EPIRB att f\u00e5 en positionering av GNSS-koordinaterna, antalet satelliter som anv\u00e4ndes f\u00f6r att f\u00e5 den positioneringen och positioneringens noggrannhet. Enkel app-anslutning med NFC g\u00f6r det m\u00f6jligt f\u00f6r anv\u00e4ndare att enkelt kontrollera statusen f\u00f6r alla EPIRB-funktioner f\u00f6r att s\u00e4kerst\u00e4lla att de fungerar korrekt. <\/p>\n<p>&nbsp;<\/p>\n<h3 class=\"ai-optimize-38\"><strong>Return Link Service ( RLS )<\/strong><\/h3>\n<p class=\"ai-optimize-39\">Return Link-tj\u00e4nsten informerar den som utl\u00f6ser EPIRB att n\u00f6dmeddelandet har levererats. En RLS-signal som skickas tillbaka via Galileos satellitn\u00e4tverk bekr\u00e4ftar att n\u00f6dmeddelandet tillsammans med den exakta fyrens plats och identifierare har detekterats. Ett tydligt blinkande bl\u00e5tt ljus indikerar att EPIRB:n har mottagit Return Link-meddelandet fr\u00e5n Galileos satellitn\u00e4tverk.   Tryggheten i att veta att r\u00e4ddningspersonal \u00e4r medvetna om att en EPIRB har aktiverats och att de k\u00e4nner till dess plats hj\u00e4lper till att minska stressen i samband med makabra situationer.<\/p>\n<p class=\"ai-optimize-40\">ACR specialiserar sig p\u00e5 elektroniska r\u00e4ddningsanordningar och andra livr\u00e4ddande produkter utformade f\u00f6r b\u00e5de professionella och fritidssj\u00f6m\u00e4n. Med till\u00e4gget av AIS erbjuder den innovativa nya ACR GlobalFix V5 EPIRB den enklaste och snabbaste v\u00e4gen till r\u00e4ddning. Return Link Service ger en v\u00e4lkommen k\u00e4nsla av trygghet i vetskapen om att ditt n\u00f6dmeddelande har mottagits och Near Field Communication ger tillg\u00e5ng till data och produktfunktioner som aldrig tidigare har varit tillg\u00e4ngliga f\u00f6r n\u00e5gon EPIRB kund. De nya och avancerade funktionerna hos GlobalFix V5 EPIRB g\u00f6r den perfekt f\u00f6r sj\u00f6m\u00e4n oavsett om de kryssar l\u00e4ngs kusten, arbetar offshore eller korsar hav.   <\/p>\n<p class=\"ai-optimize-41\">F\u00f6r en personlig EPIRB , kolla in den nya <a href=\"https:\/\/www.acrartex.com\/sv\/products\/resqlink-ais-personal-locator-beacon\/\">ResQLink AIS Personal Locator Beacon<\/a><\/p>\n","protected":false},"excerpt":{"rendered":"<p>Den nya ACR GlobalFix V5 AIS -n\u00f6dradios\u00e4ndaren f\u00f6r positionsindikering \u00e4r en innovativ EPIRB med en unik upps\u00e4ttning funktioner. Till\u00e4gget av en AIS varning ger den enklaste och snabbaste v\u00e4gen till r\u00e4ddning, medan den inkluderade Return Link Service ( RLS )-funktionen ger en v\u00e4lkommen k\u00e4nsla av trygghet genom att ge direkt bekr\u00e4ftelse till s\u00e4ndaren att ditt n\u00f6dmeddelande har mottagits. Genom att l\u00e4gga till NFC ( Near Field Communication ) i mixen m\u00f6jligg\u00f6rs smartphone-anslutning och \u00e5tkomst till data och produktinteraktion som aldrig tidigare varit tillg\u00e4nglig. Denna avancerade upps\u00e4ttning funktioner g\u00f6r GlobalFix V5 perfekt f\u00f6r sj\u00f6m\u00e4n, oavsett om de kryssar l\u00e4ngs kusten, arbetar till havs eller korsar hav.   <\/p>\n<p>&nbsp;<\/p>\n<p><a href=\"https:\/\/www.dropbox.com\/s\/fk04stqsp2hgk5f\/Prop%2065%20-%20DEHP.pdf?dl=0\">VARNING: F\u00d6RSLAG 65<\/a><\/p>\n<p>&nbsp;<\/p>\n","protected":false},"featured_media":33693,"template":"","meta":{"_acf_changed":false,"om_disable_all_campaigns":false},"product_brand":[],"product_cat":[15818,5822,5826,5583,5839,5823,5825],"product_tag":[15319,5585,15820,9203,9192,5602,9188,9183,5625,9214,9194,9196,5591,12979,15433],"class_list":{"0":"post-159837","1":"product","2":"type-product","3":"status-publish","4":"has-post-thumbnail","6":"product_cat-epirb-sv","7":"product_cat-inat-landet","8":"product_cat-kommersiell","9":"product_cat-marin","10":"product_cat-marinstyrkorna","11":"product_cat-nara-stranden","12":"product_cat-till-havs","13":"product_tag-ais-epirb-sv","14":"product_tag-epirb-sv","15":"product_tag-epirb-med-ais","16":"product_tag-epirb-med-gps","17":"product_tag-epirber","18":"product_tag-globalfix-sv","19":"product_tag-globalfix-epirb-sv","20":"product_tag-globalfix-v4-sv","21":"product_tag-gpirb-sv","22":"product_tag-gpirber","23":"product_tag-gps-epirb-sv","24":"product_tag-nodpositionsindikerande-radiofyr","25":"product_tag-nodsignal","26":"product_tag-return-link-service-sv","27":"product_tag-rls-epirb-sv","28":"pa_activity-fiske-sv","29":"pa_boat-size-0-20-sv","30":"pa_boat-size-21-40-sv","31":"pa_boat-size-40-80-sv","32":"pa_boat-size-80-sv","33":"pa_boat-type-bogserbat","34":"pa_boat-type-charter-yacht-sv","35":"pa_boat-type-kommersiellt-fiske","36":"pa_boat-type-lastfartyg","37":"pa_boat-type-motorbat","38":"pa_boat-type-segelbat","39":"pa_boat-type-sportcraft-sv","40":"pa_boat-type-yacht-sv","42":"first","43":"instock","44":"taxable","45":"shipping-taxable","46":"purchasable","47":"product-type-variable","48":"has-default-attributes"},"acf":[],"_links":{"self":[{"href":"https:\/\/www.acrartex.com\/sv\/wp-json\/wp\/v2\/product\/159837","targetHints":{"allow":["GET"]}}],"collection":[{"href":"https:\/\/www.acrartex.com\/sv\/wp-json\/wp\/v2\/product"}],"about":[{"href":"https:\/\/www.acrartex.com\/sv\/wp-json\/wp\/v2\/types\/product"}],"wp:featuredmedia":[{"embeddable":true,"href":"https:\/\/www.acrartex.com\/sv\/wp-json\/wp\/v2\/media\/33693"}],"wp:attachment":[{"href":"https:\/\/www.acrartex.com\/sv\/wp-json\/wp\/v2\/media?parent=159837"}],"wp:term":[{"taxonomy":"product_brand","embeddable":true,"href":"https:\/\/www.acrartex.com\/sv\/wp-json\/wp\/v2\/product_brand?post=159837"},{"taxonomy":"product_cat","embeddable":true,"href":"https:\/\/www.acrartex.com\/sv\/wp-json\/wp\/v2\/product_cat?post=159837"},{"taxonomy":"product_tag","embeddable":true,"href":"https:\/\/www.acrartex.com\/sv\/wp-json\/wp\/v2\/product_tag?post=159837"}],"curies":[{"name":"wp","href":"https:\/\/api.w.org\/{rel}","templated":true}]}}