{"id":159786,"date":"2022-11-14T18:20:23","date_gmt":"2022-11-14T23:20:23","guid":{"rendered":"https:\/\/www.acrartex.com\/products\/resqlink-ais-personal-locator-beacon\/"},"modified":"2026-03-06T10:43:21","modified_gmt":"2026-03-06T15:43:21","slug":"resqlink-ais-personal-locator-beacon","status":"publish","type":"product","link":"https:\/\/www.acrartex.com\/sv\/products\/resqlink-ais-personal-locator-beacon\/","title":{"rendered":"ResQLink AIS Personal Locator Beacon"},"content":{"rendered":"<p class=\"ai-optimize-40 ai-optimize-introduction\"><b> <\/b>ACR \u00e4r v\u00e4rldsledande inom r\u00e4ddningsutrustning och andra livr\u00e4ddande produkter som professionella och fritidssj\u00f6m\u00e4n f\u00f6rlitar sig p\u00e5 och \u00e4r stolta \u00f6ver att kunna erbjuda den nya prisbel\u00f6nta ResQLink AIS Personal Locator Beacon ( PLB ). Denna kompakta h\u00f6gteknologiska n\u00f6ds\u00e4ndare \u00e4r v\u00e4rldens f\u00f6rsta PLB som inkluderar b\u00e5de AIS ( Automatic Identification System ) och NFC ( Near Field Communication ) ut\u00f6ver standardsatellitmeddelanden via <a href=\"https:\/\/www.cospas-sarsat.int\/en\/\">Cospas Sarsat<\/a> -r\u00e4ddningssystemet. AIS betyder omedelbar lokal avisering f\u00f6r snabbare r\u00e4ddningstider. NFC s\u00e4kerst\u00e4ller att s\u00e4ndaren fungerar korrekt n\u00e4r det beh\u00f6vs och ger enkel \u00e5tkomst via smartphone till alla funktioner och register. Noggrann positionering via GNSS ( GPS , Galileo, Glonass) och 406 MHz satellitanslutning inneb\u00e4r p\u00e5litlig service \u00f6ver hela v\u00e4rlden. 121,5 MHz-s\u00e4ndningar kombinerat med AIS Man Overboard ( AIS MOB ) och b\u00e5de synlig och infrar\u00f6d stroboskoplampa hj\u00e4lper till med att lokalisera s\u00e4ndaren och \u00f6ka hastigheten p\u00e5 \u00e5terh\u00e4mtningstiderna. Den innovativa nya ACR ResQLink AIS \u00e4r den F\u00d6RSTA som kombinerar alla dessa funktioner i en kompakt och l\u00e4ttanv\u00e4nd PLB s\u00e4ndare, vilket g\u00f6r den till det F\u00d6RSTA valet f\u00f6r seri\u00f6sa sj\u00f6m\u00e4n som letar efter den b\u00e4sta Personal Locator Beacon f\u00f6r b\u00e5tfolk.      <\/p>\n<p>&nbsp;<\/p>\n<h2 class=\"ai-optimize-41\"><strong>Para ihop global och lokal r\u00e4ddning med en personlig AIS Personal Locator Beacon<\/strong><\/h2>\n<p class=\"ai-optimize-42\">Det globala satellitsystemet Cospas Sarsat inkluderar tre olika konstellationer f\u00f6r att s\u00e4kerst\u00e4lla att din 406 MHz-n\u00f6dsignal omedelbart n\u00e5r det globala n\u00e4tverket av s\u00f6k- och r\u00e4ddningsstyrkor, med din positionsnoggrannhet inom 100 meter. Med flera niv\u00e5er av integrerad signalteknik, inklusive 406 MHz och GNSS ( GPS , Galileo, Glonass), s\u00e4nder PLB ocks\u00e5 en 121,5 MHz-m\u00e5ls\u00f6karsignal som v\u00e4gleder s\u00f6k- och r\u00e4ddningstj\u00e4nsten till fyrens aktuella position n\u00e4r de anl\u00e4nder till platsen, eftersom fyren kan ha drivit fr\u00e5n den ursprungligen s\u00e4nda positionen. Till\u00e4gget av AIS -s\u00e4ndningar med man-\u00f6ver-bord-fyr inneb\u00e4r att ResQLink AIS samtidigt varnar alla fartyg utrustade med AIS transpondrar inom VHF-radior\u00e4ckvidden f\u00f6r PLB :s n\u00f6dposition. Detta \u00f6kar b\u00e5de sannolikheten f\u00f6r och hastigheten f\u00f6r r\u00e4ddning avsev\u00e4rt eftersom n\u00e4rliggande fartyg f\u00e5r AIS MOB larm. Omedelbart efter utplacering av fyren visas ett AIS s\u00e4kerhetsmeddelande eller AIS MOB -larm med fyrens MMSI och position p\u00e5 alla AIS sk\u00e4rmar inom r\u00e4ckh\u00e5ll. Detta g\u00f6r det enkelt f\u00f6r fartyg i n\u00e4rheten att hitta s\u00f6kmotorn eftersom det \u00e4r ett aktivt AIS m\u00e5l p\u00e5 deras sk\u00e4rmar.     <\/p>\n<p class=\"ai-optimize-43\">ResQLink AIS lyser upp v\u00e4gen n\u00e4r r\u00e4ddningspersonal anl\u00e4nder till platsen med b\u00e5de ett vitt synligt blixtljus och ett infrar\u00f6tt blixtljus som ger r\u00e4ddningspersonalen den visuella referens de beh\u00f6ver under r\u00e4ddningsinsatser nattetid eller andra r\u00e4ddningsinsatser med l\u00e5g sikt.<\/p>\n<h2 class=\"ai-optimize-44\"><strong>Smartphone-anslutning med hj\u00e4lp av Near Field Communication ( NFC )<\/strong><\/h2>\n<p class=\"ai-optimize-45\"><a href=\"https:\/\/www.youtube.com\/watch?v=WqE0ag4yqG4\">Integreringen av NFC teknik<\/a> ger anv\u00e4ndarna m\u00f6jlighet att enkelt komma \u00e5t beacon-data fr\u00e5n sin mobiltelefon. Genom att placera en telefon n\u00e4ra beacon \u00f6ppnas automatiskt ACR Product App och f\u00e5r tillg\u00e5ng till en m\u00e4ngd anv\u00e4ndningsdata, inklusive aktuell batteritid, antal slutf\u00f6rda sj\u00e4lvtester, antal slutf\u00f6rda GNSS-tester och, om till\u00e4mpligt, hur l\u00e4nge beaconen har varit aktiverad. Detaljerad information om varje sj\u00e4lvtest och GNSS-test som utf\u00f6rs av beaconen finns ocks\u00e5 tillg\u00e4nglig om s\u00e5 \u00f6nskas. F\u00f6r varje lyckat GNSS-test kan anv\u00e4ndare se en karta som visar exakt var testet utf\u00f6rdes, datum och tid f\u00f6r testet, den tid det tog f\u00f6r beaconen att f\u00e5 en positionsbest\u00e4mning av dina GNSS-koordinater, antalet satelliter som beaconen anv\u00e4nde f\u00f6r att f\u00e5 den positionsbest\u00e4mningen och platsens noggrannhet.   <\/p>\n<h2 class=\"ai-optimize-46\"><strong>Return Link Service ( RLS )<\/strong><\/h2>\n<p class=\"ai-optimize-47\">RLS funktionen fungerar genom att skicka en signal tillbaka via Galileos satellitn\u00e4tverk f\u00f6r att bekr\u00e4fta till beacon-anv\u00e4ndaren att deras n\u00f6dmeddelande har mottagits och att deras plats har uppt\u00e4ckts av kustbevakningen. Ett bekr\u00e4ftelsemeddelande indikeras tydligt av ett blinkande bl\u00e5tt ljus p\u00e5 PLB . Liksom andra ACR beacons som inkluderar den viktiga RLS funktionen, ger ResQLink AIS tryggheten i att veta att ett n\u00f6dmeddelande har levererats.   Att r\u00e4ddningspersonal \u00e4r medvetna om fyrsignalernas s\u00e4ndning och plats minskar stressen som ofta \u00e4r f\u00f6rknippad med man \u00f6verbord-incidenter.<\/p>\n<h2 class=\"ai-optimize-48\"><strong>PFD-kompatibilitet och integration<\/strong><\/h2>\n<p class=\"ai-optimize-49\">ResQLink AIS \u00e4r utformad f\u00f6r att installeras i en flytv\u00e4st och aktiveras n\u00e4r v\u00e4sten bl\u00e5ses upp (halvautomatisk). Installationen \u00e4r enkel med hj\u00e4lp av det medf\u00f6ljande kl\u00e4mman f\u00f6r oral uppbl\u00e5sning f\u00f6r att f\u00e4sta PLB p\u00e5 flytv\u00e4sten med ett band runt flytv\u00e4stens bl\u00e5sa. N\u00e4r den \u00e4r korrekt installerad utl\u00f6ser uppbl\u00e5sningen av flytv\u00e4sten antennen och aktivering av s\u00e4ndaren.  <\/p>\n<p class=\"ai-optimize-37\"><strong>Det rekommenderas att r\u00e5dfr\u00e5ga flytv\u00e4sttillverkaren f\u00f6re installation, eftersom specifika modeller kan ha sina egna f\u00f6redragna monteringsmetoder eller integrationsrekommendationer.<\/strong><\/p>\n<p><iframe loading=\"lazy\" title=\"ResQLink AIS: Life Jacket Installation | ACR ARTEX\" width=\"500\" height=\"281\" src=\"https:\/\/www.youtube.com\/embed\/Y7BpQoea-mQ?start=5&#038;feature=oembed\" frameborder=\"0\" allow=\"accelerometer; autoplay; clipboard-write; encrypted-media; gyroscope; picture-in-picture; web-share\" referrerpolicy=\"strict-origin-when-cross-origin\" allowfullscreen><\/iframe><\/p>\n<p class=\"ai-optimize-50\">Anv\u00e4ndare som inte vill installera PLB i en flytv\u00e4st kan anv\u00e4nda det medf\u00f6ljande v\u00e4vkl\u00e4mman f\u00f6r att f\u00e4sta varningsljuset p\u00e5 ett b\u00e4lte av l\u00e4mplig storlek eller v\u00e4ven p\u00e5 en flytv\u00e4st med naturlig flytf\u00f6rm\u00e5ga.<\/p>\n<p class=\"ai-optimize-51\">Den kompletta kombinationen av en 406 MHz Personal Locator Beacon i kombination med en AIS man\u00f6verbordss\u00e4ndare g\u00f6r den nya ResQLink AIS till den b\u00e4sta Personal Locator Beacon f\u00f6r b\u00e5t\u00e4gare f\u00f6r att snabbt bli r\u00e4ddade.<\/p>\n","protected":false},"excerpt":{"rendered":"<p>Den helt nya ACR ResQLink AIS Personal Locator Beacon ( PLB ) \u00e4r v\u00e4rldens mest tekniskt avancerade fyr eftersom den inneh\u00e5ller b\u00e5de satellit- och lokala transpondrar. Med introduktionen av AIS -funktionalitet ( Automatic Identification System ), RLS teknik ( Return Link Service ) och NFC kapacitet ( Near Field Communication ) i en enda 406 MHz-fyr representerar ResQLink AIS ett avg\u00f6rande framsteg i utvecklingen av PLB -teknik. <\/p>\n<p>Kombinationen av 406 MHz och AIS -n\u00f6dmeddelanden \u00e4r utformad enbart f\u00f6r marint bruk och kombinerar f\u00f6r f\u00f6rsta g\u00e5ngen b\u00e5de global och lokal r\u00e4ddningstj\u00e4nst i en enda fyr, vilket ut\u00f6kar \u00e5tkomsten till kustbevakningen och s\u00f6k- och r\u00e4ddningstj\u00e4nsten samt kommersiella och fritidsb\u00e5tar i omr\u00e5det. Genom att varna lokala AIS utrustade b\u00e5tar i din n\u00e4rhet kan ytterligare fartyg reagera direkt p\u00e5 det digitala n\u00f6dlarmet med din exakta position. <\/p>\n<p>Dessutom ger <a href=\"https:\/\/www.youtube.com\/watch?v=WqE0ag4yqG4\">NFC-funktionen<\/a> anv\u00e4ndarna v\u00e4rldens f\u00f6rsta smartphone-anslutna personliga lokaliseringssignal, och den nya Return Link Service-funktionen ger anv\u00e4ndarna sinnesro i vetskapen om att deras n\u00f6dmeddelande har mottagits och deras plats uppt\u00e4ckts av kustbevakningen.<\/p>\n<p>&nbsp;<\/p>\n<p><a href=\"https:\/\/www.dropbox.com\/s\/8343nj28z0d7bxa\/Prop%2065%20-%20BPA.pdf?dl=0\" data-cke-saved-href=\"https:\/\/www.dropbox.com\/s\/8343nj28z0d7bxa\/Prop%2065%20-%20BPA.pdf?dl=0\">VARNING: F\u00d6RSLAG 65<\/a><\/p>\n","protected":false},"featured_media":31791,"template":"","meta":{"_acf_changed":false,"om_disable_all_campaigns":false},"product_brand":[],"product_cat":[5822,5826,5583,5839,5823,12347,5825],"product_tag":[11654,9523,15435,15797,5772,5770],"class_list":{"0":"post-159786","1":"product","2":"type-product","3":"status-publish","4":"has-post-thumbnail","6":"product_cat-inat-landet","7":"product_cat-kommersiell","8":"product_cat-marin","9":"product_cat-marinstyrkorna","10":"product_cat-nara-stranden","11":"product_cat-personal-locator-beacon-sv","12":"product_cat-till-havs","13":"product_tag-acr-personlig-lokaliseringsfyr-sv","14":"product_tag-ais-sv","15":"product_tag-ais-personal-locator-beacon-sv","16":"product_tag-ais-plb-sv","17":"product_tag-personlig-lokaliseringsfyr-sv","18":"product_tag-plb-sv","19":"pa_activity-fiske-sv","20":"pa_boat-size-0-20-sv","21":"pa_boat-size-21-40-sv","22":"pa_boat-size-40-80-sv","23":"pa_boat-size-80-sv","24":"pa_boat-type-bogserbat","25":"pa_boat-type-charter-yacht-sv","26":"pa_boat-type-kommersiellt-fiske","27":"pa_boat-type-lastfartyg","28":"pa_boat-type-motorbat","29":"pa_boat-type-segelbat","30":"pa_boat-type-sportcraft-sv","31":"pa_boat-type-yacht-sv","32":"pa_product-rescue-beacons-sv","34":"first","35":"instock","36":"taxable","37":"shipping-taxable","38":"purchasable","39":"product-type-variable"},"acf":[],"_links":{"self":[{"href":"https:\/\/www.acrartex.com\/sv\/wp-json\/wp\/v2\/product\/159786","targetHints":{"allow":["GET"]}}],"collection":[{"href":"https:\/\/www.acrartex.com\/sv\/wp-json\/wp\/v2\/product"}],"about":[{"href":"https:\/\/www.acrartex.com\/sv\/wp-json\/wp\/v2\/types\/product"}],"wp:featuredmedia":[{"embeddable":true,"href":"https:\/\/www.acrartex.com\/sv\/wp-json\/wp\/v2\/media\/31791"}],"wp:attachment":[{"href":"https:\/\/www.acrartex.com\/sv\/wp-json\/wp\/v2\/media?parent=159786"}],"wp:term":[{"taxonomy":"product_brand","embeddable":true,"href":"https:\/\/www.acrartex.com\/sv\/wp-json\/wp\/v2\/product_brand?post=159786"},{"taxonomy":"product_cat","embeddable":true,"href":"https:\/\/www.acrartex.com\/sv\/wp-json\/wp\/v2\/product_cat?post=159786"},{"taxonomy":"product_tag","embeddable":true,"href":"https:\/\/www.acrartex.com\/sv\/wp-json\/wp\/v2\/product_tag?post=159786"}],"curies":[{"name":"wp","href":"https:\/\/api.w.org\/{rel}","templated":true}]}}