{"id":159734,"date":"2023-01-10T13:30:30","date_gmt":"2023-01-10T18:30:30","guid":{"rendered":"https:\/\/www.acrartex.com\/products\/boatus-exklusivt-erbjudande-januari-2023\/"},"modified":"2023-01-10T13:30:30","modified_gmt":"2023-01-10T18:30:30","slug":"boatus-exklusivt-erbjudande-januari-2023","status":"publish","type":"product","link":"https:\/\/www.acrartex.com\/sv\/products\/boatus-exklusivt-erbjudande-januari-2023\/","title":{"rendered":"BoatUS exklusivt erbjudande \u2013 januari 2023"},"content":{"rendered":"<p>Tidsbegr\u00e4nsat erbjudande<\/p>\n","protected":false},"excerpt":{"rendered":"<p>Vi \u00e4r glada att kunna erbjuda ett fantastiskt v\u00e4rde till BoatUS-medlemmar som k\u00f6per ett ResQLink View Survival Kit och tillbeh\u00f6rssatsen f\u00f6r p\u00e5se och karbinhake med kardborreband. <strong>L\u00e4gg till dessa tv\u00e5 artiklar i din varukorg nedan, se din varukorg och ange sedan kupongkoden BUSKit2023<\/strong> <strong>och klicka p\u00e5 &#8220;Anv\u00e4nd kupong&#8221;<\/strong> f\u00f6r att f\u00e5 din ResQLink View PLB ( <a href=\"https:\/\/www.acrartex.com\/products\/resqlink-view\">L\u00e4s mer<\/a> ) samtidigt som du f\u00e5r f\u00f6ljande artiklar kostnadsfritt:<\/p>\n<ul>\n<li>C-Strobe\u2122 H2O r\u00e4ddningslampa \u2013 <a href=\"https:\/\/www.acrartex.com\/products\/c-strobe-h20\">L\u00e4s mer<\/a><\/li>\n<li>Res-Q\u2122 visselpipa \u2013 <a href=\"https:\/\/www.acrartex.com\/products\/ww-3-res-q-whistle\">L\u00e4s mer<\/a><\/li>\n<li>P\u00e5se och karbinhake med kardborreband \u2013 <a href=\"https:\/\/www.acrartex.com\/products\/pouch-and-carabiner-with-velcro-strap\/\">L\u00e4s mer<\/a><\/li>\n<li>RapidDitch torrp\u00e5se<\/li>\n<li>Signalspegel<\/li>\n<\/ul>\n<p><strong>Obs: ResQLink View PLB som k\u00f6ps separat kostar 399,95 dollar, men BoatUS-medlemmar som anv\u00e4nder rabattkoden BUSKit2023 f\u00e5r alla ovanst\u00e5ende artiklar f\u00f6r 399,95 dollar vid k\u00f6p av minst ett ResQLink View Survival Kit och ett tillbeh\u00f6rskit med p\u00e5se och karbinhake med kardborreband.<\/strong><\/p>\n<p>Vart ditt \u00e4ventyr \u00e4n tar dig, oavsett om det \u00e4r en resa till de h\u00f6gsta bergstopparna, den mest ouppt\u00e4ckta terr\u00e4ngen eller de vidstr\u00e4cktaste haven, kan du vara s\u00e4ker p\u00e5 din s\u00e4kerhet n\u00e4r du packar ditt ResQLink View Survival Kit. Aktivera bara ResQLink View genom att f\u00e4lla ut antennen, trycka p\u00e5 str\u00f6mknappen, s\u00e5 g\u00f6r fyren resten \u00e5t dig genom att enkelt v\u00e4gleda r\u00e4ddare till inom 100 meter eller mindre fr\u00e5n din position, samtidigt som den visar fyrens status och GPS koordinater i realtid p\u00e5 den inbyggda digitala displayen. <\/p>\n<p>N\u00e4r r\u00e4ddningstj\u00e4nsten anl\u00e4nder till platsen kommer det starka LED-C-Strobe H2O-stroboskopljuset att f\u00e5nga r\u00e4ddningspersonalens uppm\u00e4rksamhet p\u00e5 natten, eller under dagsljus anv\u00e4nda signalspegeln f\u00f6r att f\u00e5nga deras uppm\u00e4rksamhet. F\u00f6rvara all din n\u00f6dutrustning i RapidDitch Dry Bag f\u00f6r att h\u00e5lla din \u00f6verlevnadsutrustning bekv\u00e4mt samlad. <\/p>\n<p>Dessutom erbjuder ACR tillbeh\u00f6rssatsen med p\u00e5se och karbinhake med kardborreband m\u00e5nga b\u00e4ralternativ f\u00f6r din ResQLink View PLB . Detta kit \u00e4r ett viktigt till\u00e4gg till s\u00e4kerhetsutrustning och l\u00e4mpar sig f\u00f6r en m\u00e4ngd olika anv\u00e4ndningsomr\u00e5den, eftersom det hj\u00e4lper till att s\u00e4kerst\u00e4lla att du kan f\u00f6rvara din ResQLink View s\u00e4kert p\u00e5 dig s\u00e5 att du har den n\u00e4r du beh\u00f6ver den som mest. <\/p>\n<p>&nbsp;<\/p>\n<p><a href=\"https:\/\/www.dropbox.com\/s\/fk04stqsp2hgk5f\/Prop%2065%20-%20DEHP.pdf?dl=0\">VARNING: F\u00d6RSLAG 65<\/a><\/p>\n<p>&nbsp;<\/p>\n","protected":false},"featured_media":159738,"template":"","meta":{"_acf_changed":false,"om_disable_all_campaigns":false},"product_brand":[],"product_cat":[2927],"product_tag":[],"class_list":{"0":"post-159734","1":"product","2":"type-product","3":"status-publish","4":"has-post-thumbnail","6":"product_cat-okategoriserad","8":"first","9":"instock","10":"taxable","11":"shipping-taxable","12":"product-type-grouped"},"acf":[],"_links":{"self":[{"href":"https:\/\/www.acrartex.com\/sv\/wp-json\/wp\/v2\/product\/159734","targetHints":{"allow":["GET"]}}],"collection":[{"href":"https:\/\/www.acrartex.com\/sv\/wp-json\/wp\/v2\/product"}],"about":[{"href":"https:\/\/www.acrartex.com\/sv\/wp-json\/wp\/v2\/types\/product"}],"wp:featuredmedia":[{"embeddable":true,"href":"https:\/\/www.acrartex.com\/sv\/wp-json\/wp\/v2\/media\/159738"}],"wp:attachment":[{"href":"https:\/\/www.acrartex.com\/sv\/wp-json\/wp\/v2\/media?parent=159734"}],"wp:term":[{"taxonomy":"product_brand","embeddable":true,"href":"https:\/\/www.acrartex.com\/sv\/wp-json\/wp\/v2\/product_brand?post=159734"},{"taxonomy":"product_cat","embeddable":true,"href":"https:\/\/www.acrartex.com\/sv\/wp-json\/wp\/v2\/product_cat?post=159734"},{"taxonomy":"product_tag","embeddable":true,"href":"https:\/\/www.acrartex.com\/sv\/wp-json\/wp\/v2\/product_tag?post=159734"}],"curies":[{"name":"wp","href":"https:\/\/api.w.org\/{rel}","templated":true}]}}