{"id":159638,"date":"2023-11-20T14:34:40","date_gmt":"2023-11-20T19:34:40","guid":{"rendered":"https:\/\/www.acrartex.com\/products\/globalfix-v5-v6-cat-ii-manuell-utlosning-epirb-faste\/"},"modified":"2025-07-29T14:54:12","modified_gmt":"2025-07-29T19:54:12","slug":"globalfix-v5-v6-cat-ii-manuell-utlosning-epirb-faste","status":"publish","type":"product","link":"https:\/\/www.acrartex.com\/sv\/products\/globalfix-v5-v6-cat-ii-manuell-utlosning-epirb-faste\/","title":{"rendered":"GlobalFix V5\/V6 Cat II manuell utl\u00f6sning EPIRB f\u00e4ste"},"content":{"rendered":"<ul>\n<li>Enkel manuell frig\u00f6ringsmekanism som \u00e4r l\u00e4tt att ta med sig<\/li>\n<li>Env\u00e4gsmontering eliminerar m\u00f6jligheten att installera EPIRB bakv\u00e4nt<\/li>\n<li>Integrerad avaktiveringsmagnet f\u00f6rhindrar att EPIRB s\u00e4nder tills den tas bort<\/li>\n<\/ul>\n","protected":false},"excerpt":{"rendered":"<p>H\u00e5rda f\u00f6rh\u00e5llanden har ingen chans mot EPIRB f\u00e4stet med manuell frig\u00f6ring i Cat II. Detta EPIRB f\u00e4ste \u00e4r byggt f\u00f6r att h\u00e5lla, gjort f\u00f6r att klara \u00e4ven dina vildaste \u00e4ventyr. Om din b\u00e5t b\u00f6rjar ta in vatten, g\u00f6r EPIRB f\u00e4stets enkla greppmekanism med en env\u00e4gsmonteringsdesign det enkelt att ta bort och aktivera. Detta f\u00e4ste passar endast GlobalFix \u2122 V5 och GlobalFix \u2122 V6 EPIRB.   <\/p>\n","protected":false},"featured_media":159649,"template":"","meta":{"_acf_changed":false,"om_disable_all_campaigns":false},"product_brand":[],"product_cat":[5822,5826,5583,5839,5823,5825],"product_tag":[7094,5585,7102,7108,7111,15650,15649,15651,6504,8228,15648,6497,15658,15661,15660,15652,15653,7098,15655,15657],"class_list":{"0":"post-159638","1":"product","2":"type-product","3":"status-publish","4":"has-post-thumbnail","6":"product_cat-inat-landet","7":"product_cat-kommersiell","8":"product_cat-marin","9":"product_cat-marinstyrkorna","10":"product_cat-nara-stranden","11":"product_cat-till-havs","12":"product_tag-acr-sv","13":"product_tag-epirb-sv","14":"product_tag-epirb-faste","15":"product_tag-hav","16":"product_tag-havsskydd","17":"product_tag-kat-2-epirb-faste","18":"product_tag-kat-ii-sv","19":"product_tag-kat-ii-epirb-faste","20":"product_tag-kategori-2","21":"product_tag-kategori-ii","22":"product_tag-katt-2","23":"product_tag-konsol","24":"product_tag-manuell-faste","25":"product_tag-manuell-frigoring","26":"product_tag-manuell-frigoringsfaste","27":"product_tag-rlb-43-sv","28":"product_tag-rlb-44-sv","29":"product_tag-sea-shelter","30":"product_tag-sea-shelter-4-sv","31":"product_tag-skyddsrum-4","32":"pa_boat-size-0-20-sv","33":"pa_boat-size-21-40-sv","34":"pa_boat-size-40-80-sv","35":"pa_boat-size-80-sv","36":"pa_boat-type-bogserbat","37":"pa_boat-type-charter-yacht-sv","38":"pa_boat-type-kommersiellt-fiske","39":"pa_boat-type-lastfartyg","40":"pa_boat-type-motorbat","41":"pa_boat-type-segelbat","42":"pa_boat-type-sportcraft-sv","43":"pa_boat-type-yacht-sv","44":"pa_product-rescue-beacons-sv","45":"pa_product-rescue-beacons-vhf-sart-sv","46":"pa_product-sakerhetstillbehor","48":"first","49":"instock","50":"taxable","51":"shipping-taxable","52":"purchasable","53":"product-type-simple"},"acf":[],"_links":{"self":[{"href":"https:\/\/www.acrartex.com\/sv\/wp-json\/wp\/v2\/product\/159638","targetHints":{"allow":["GET"]}}],"collection":[{"href":"https:\/\/www.acrartex.com\/sv\/wp-json\/wp\/v2\/product"}],"about":[{"href":"https:\/\/www.acrartex.com\/sv\/wp-json\/wp\/v2\/types\/product"}],"wp:featuredmedia":[{"embeddable":true,"href":"https:\/\/www.acrartex.com\/sv\/wp-json\/wp\/v2\/media\/159649"}],"wp:attachment":[{"href":"https:\/\/www.acrartex.com\/sv\/wp-json\/wp\/v2\/media?parent=159638"}],"wp:term":[{"taxonomy":"product_brand","embeddable":true,"href":"https:\/\/www.acrartex.com\/sv\/wp-json\/wp\/v2\/product_brand?post=159638"},{"taxonomy":"product_cat","embeddable":true,"href":"https:\/\/www.acrartex.com\/sv\/wp-json\/wp\/v2\/product_cat?post=159638"},{"taxonomy":"product_tag","embeddable":true,"href":"https:\/\/www.acrartex.com\/sv\/wp-json\/wp\/v2\/product_tag?post=159638"}],"curies":[{"name":"wp","href":"https:\/\/api.w.org\/{rel}","templated":true}]}}