{"id":159631,"date":"2023-11-20T13:29:13","date_gmt":"2023-11-20T18:29:13","guid":{"rendered":"https:\/\/www.acrartex.com\/products\/fpt-8800-serien-artex-elt-programmerare\/"},"modified":"2026-03-06T10:07:25","modified_gmt":"2026-03-06T15:07:25","slug":"fpt-8800-serien-artex-elt-programmerare","status":"publish","type":"product","link":"https:\/\/www.acrartex.com\/sv\/products\/fpt-8800-serien-artex-elt-programmerare\/","title":{"rendered":"FPT 8800-serien ARTEX ELT-programmerare"},"content":{"rendered":"<p>ARTEX-programmeraren FPT 8800-serien \u00e4r ett robust och l\u00e4ttanv\u00e4nt ELT-st\u00f6dverktyg som \u00e4r l\u00e4mpligt f\u00f6r b\u00e5de b\u00e4nk- och f\u00e4ltapplikationer. Om du hanterar en flotta, s\u00e4ljer eller servar ARTEX n\u00f6dlokaliseringss\u00e4ndare \u00e4r detta verktyg ett m\u00e5ste. ARTEX kommer att introducera ytterligare konfigurationer f\u00f6r att programmera alla nuvarande ELT-produkter. Kontakta ARTEX f\u00f6r information om n\u00e4r ytterligare alternativ kommer att l\u00e4ggas till.   <\/p>\n<p><strong>Obs: <span data-teams=\"true\">C406 programvaruversion V134B eller tidigare st\u00f6ds inte.<\/span><\/strong><\/p>\n<p>&nbsp;<\/p>\n<p><strong>Viktiga funktioner:<\/strong><\/p>\n<p>&nbsp;<\/p>\n<ul>\n<li><strong>Baserad p\u00e5 Microsoft Surface-surfplatta:<\/strong> S\u00e4g adj\u00f6 till skrymmande och f\u00f6r\u00e5ldrad programmeringsutrustning. ARTEX FPT utnyttjar kraften hos Microsoft Surface-surfplattan och ger ett anv\u00e4ndarv\u00e4nligt gr\u00e4nssnitt och en v\u00e4lbekant, intuitiv upplevelse. Det betyder att du kan ta med dig din ELT-programmering var du \u00e4n \u00e4r, vilket f\u00f6rb\u00e4ttrar tillg\u00e4ngligheten och flexibiliteten.  <\/li>\n<\/ul>\n<p>&nbsp;<\/p>\n<ul>\n<li><strong>Eftermontera dina befintliga ELT:er:<\/strong> Orolig f\u00f6r omprogrammering av protokoll f\u00f6r nya leveranser eller eftermonteringar? Oroa dig inte. ARTEX FPT \u00e4r utformad f\u00f6r att enkelt kunna eftermonteras med dina nuvarande ELT:er, vilket eliminerar tredjepartsprogrammering. Det \u00e4r en kostnadseffektiv l\u00f6sning som effektiviserar din underh\u00e5llsprocess.   <\/li>\n<\/ul>\n<p>&nbsp;<\/p>\n<ul>\n<li><strong>Intuitivt anv\u00e4ndargr\u00e4nssnitt:<\/strong> Programmera dina ELT:er utan anstr\u00e4ngning med v\u00e5rt anv\u00e4ndarv\u00e4nliga gr\u00e4nssnitt. Inget mer problem med att dechiffrera komplexa menyer eller k\u00e4mpa med klumpiga knappar. ARTEX FPT g\u00f6r programmeringen av ELT:er till en barnlek, vilket sparar tid och minskar risken f\u00f6r fel.  <\/li>\n<\/ul>\n<p>&nbsp;<\/p>\n<ul>\n<li><strong>F\u00f6rb\u00e4ttrad prestanda:<\/strong> Med ARTEX FPT kan du komma \u00e5t och \u00e4ndra kritiska inst\u00e4llningar med precision, vilket s\u00e4kerst\u00e4ller att dina n\u00f6ds\u00e4ndare fungerar optimalt. Det \u00e4r banbrytande f\u00f6r att uppr\u00e4tth\u00e5lla \u00f6verensst\u00e4mmelsen hos dina n\u00f6dlokaliseringss\u00e4ndare. <\/li>\n<\/ul>\n<p>&nbsp;<\/p>\n<ul>\n<li><strong>Omfattande datahantering:<\/strong> H\u00e5ll koll p\u00e5 alla dina ELT:er p\u00e5 ett st\u00e4lle med ARTEX FPT:s omfattande datahanteringsfunktioner. Lagra, h\u00e4mta och verifiera enkelt programmeringsdata och historik f\u00f6r att s\u00e4kerst\u00e4lla efterlevnad och beredskap. <\/li>\n<\/ul>\n<p>&nbsp;<\/p>\n<ul>\n<li><strong>Framtidss\u00e4ker teknik:<\/strong> ARTEX \u00e4r ett p\u00e5litligt namn inom flygteknik, och FTP-programmeraren som anv\u00e4nder Surface Tablets \u00e4r utformad f\u00f6r att utvecklas i takt med dina behov. F\u00e5 regelbundna programuppdateringar f\u00f6r att ligga steget f\u00f6re branschstandarder och regler. <\/li>\n<\/ul>\n<p>&nbsp;<\/p>\n<ul>\n<li><strong>Programmering:<\/strong> ARTEX FPT kan programmera \u00f6nskat protokoll, NAV-data\u00f6verf\u00f6ringshastighet och erforderlig information enligt Cospas-Sarsats beskrivningar via till\u00e4mplig programmeringskabel.<\/li>\n<\/ul>\n<p>&nbsp;<\/p>\n<ul>\n<li><strong>Utskriftskapacitet:<\/strong> ARTEX FPT kan skriva ut en rapport f\u00f6r dina register \u00f6ver kundverifiering<\/li>\n<\/ul>\n<p>&nbsp;<\/p>\n<p>&nbsp;<\/p>\n<p><strong>Obs:<\/strong> Denna programmerare m\u00e4ter inte effekt eller avl\u00e4ser beacon-s\u00e4ndningen som s\u00e4nds av radion. FPT 8800-serien l\u00e4ser endast internminnet och omprogrammerar ELT till godk\u00e4nda Cospas-Sarsat-protokoll. Eftermarknadsutrustning f\u00f6r effekttest av 406, som Viavi 10K och WST BT-200, m\u00e5ste tillhandah\u00e5lla det \u00e5rliga effekttestet av beacon. Kontakta din lokala myndighet f\u00f6r information om ELT-testkrav f\u00f6r schemalagda inspektioner.   <\/p>\n<p>&nbsp;<\/p>\n<p>ARTEX 8805-seriens programmerare kommer att finnas tillg\u00e4nglig i f\u00f6ljande konfigurationer:<\/p>\n<table width=\"714\">\n<tbody>\n<tr>\n<td colspan=\"2\" width=\"714\"><strong>P\/N-programmeringsfunktioner<\/strong><\/td>\n<\/tr>\n<tr>\n<td width=\"62\">Art.nr 8805<\/td>\n<td width=\"652\">Endast surfplatta och programvara<\/td>\n<\/tr>\n<tr>\n<td width=\"62\">Artikelnummer 8806<\/td>\n<td width=\"652\">ELT 345, 1000 och ME406<\/td>\n<\/tr>\n<tr>\n<td width=\"62\">Artikelnummer 8807<\/td>\n<td width=\"652\">ELT 345, 1000, ME406, C406-N, C406-N HM, C406-1, C406-1 HM, C406-2, C406-2 HM, B406-4 och G406-4<\/td>\n<\/tr>\n<tr>\n<td width=\"62\">Artikelnummer 8808<\/td>\n<td width=\"652\"><a href=\"https:\/\/www.acrartex.com\/sv\/products\/elt-345\/\">ELT 345<\/a> , <a href=\"https:\/\/www.acrartex.com\/sv\/products\/elt-1000\/\">1000<\/a> , <a href=\"https:\/\/www.acrartex.com\/sv\/products\/me406-elt\/\">ME406<\/a> , <a href=\"https:\/\/www.acrartex.com\/sv\/products\/elt-3000\/\">ELT 3000,<\/a> <a href=\"https:\/\/www.acrartex.com\/sv\/products\/elt-3000hm\/\">ELT 3000HM<\/a> , <a href=\"https:\/\/www.acrartex.com\/sv\/products\/elt-4000\/\">ELT 4000<\/a> , <a href=\"https:\/\/www.acrartex.com\/sv\/products\/elt-4000hm\/\">ELT 4000HM<\/a> , <a href=\"https:\/\/www.acrartex.com\/sv\/products\/c406-n\/\">C406-N<\/a> , <a href=\"https:\/\/www.acrartex.com\/sv\/products\/c406-n-hm\/\">C406-N HM<\/a> , <a href=\"https:\/\/www.acrartex.com\/sv\/products\/c406-1\/\">C406-1<\/a> , <a href=\"https:\/\/www.acrartex.com\/sv\/products\/c406-1-hm\/\">C406-1 HM<\/a> , <a href=\"https:\/\/www.acrartex.com\/sv\/products\/c406-2\/\">C406-2<\/a> , <a href=\"https:\/\/www.acrartex.com\/sv\/products\/c406-2-hm\/\">C406-2 HM<\/a> , <a href=\"https:\/\/www.acrartex.com\/sv\/products\/b406-4\/\">B406-4<\/a> och <a href=\"https:\/\/www.acrartex.com\/sv\/products\/g406-4-elt\/\">G406-4<\/a><\/td>\n<\/tr>\n<tr>\n<td width=\"62\">Artikelnummer 8809<\/td>\n<td width=\"652\"><a href=\"https:\/\/www.acrartex.com\/sv\/products\/elt-4000s\/\">ELT 4000S<\/a><\/td>\n<\/tr>\n<\/tbody>\n<\/table>\n<p>&nbsp;<\/p>\n<p>&nbsp;<\/p>\n","protected":false},"excerpt":{"rendered":"<p>L\u00e5s upp kraften i avancerad teknik med ARTEX-programmeraren f\u00f6r n\u00f6ds\u00e4ndare, en revolutionerande l\u00f6sning som kommer att f\u00f6r\u00e4ndra hur du hanterar och programmerar dina ARTEX-n\u00f6ds\u00e4ndare. ARTEX FPT (Field Programming Tablet) \u00e4r byggd p\u00e5 Microsoft Surface-ramverket och \u00e4r en banbrytande enhet utformad f\u00f6r att s\u00f6ml\u00f6st kunna kombineras med dina befintliga n\u00f6ds\u00e4ndare i f\u00e4lt, vilket ger en ny era av effektivitet och tillf\u00f6rlitlighet till din verksamhet. <\/p>\n<p><span style=\"font-size: 11pt;\"><span style=\"font-family: Calibri,sans-serif;\"><a style=\"color: blue; text-decoration: underline;\" href=\"https:\/\/www.dropbox.com\/s\/fk04stqsp2hgk5f\/Prop%2065%20-%20DEHP.pdf?dl=0\"><span style=\"color: #000000;\">VARNING: F\u00d6RSLAG 65<\/span><\/a><\/span><\/span><\/p>\n<p>&nbsp;<\/p>\n","protected":false},"featured_media":85834,"template":"","meta":{"_acf_changed":false,"om_disable_all_campaigns":false},"product_brand":[],"product_cat":[5835,5834,5553,8624,5556],"product_tag":[15475,15477,15647,15646,15645,15481,15479,10944,10947],"class_list":{"0":"post-159631","1":"product","2":"type-product","3":"status-publish","4":"has-post-thumbnail","6":"product_cat-affarsjet","7":"product_cat-allmanflyg","8":"product_cat-flyg","9":"product_cat-kommersiella-flygplan","10":"product_cat-rotocraft-sv","11":"product_tag-artex-programmerare","12":"product_tag-artex-surfplatta","13":"product_tag-artex-faltprogrammerare","14":"product_tag-artex-faltprogrammeringsplatta","15":"product_tag-artex-fpt-sv","16":"product_tag-artex-test-och-programmeringssats","17":"product_tag-artex-tps-sv","18":"product_tag-elt-programmerare","19":"product_tag-tps-sv","21":"first","22":"instock","23":"taxable","24":"shipping-taxable","25":"purchasable","26":"product-type-variable"},"acf":[],"_links":{"self":[{"href":"https:\/\/www.acrartex.com\/sv\/wp-json\/wp\/v2\/product\/159631","targetHints":{"allow":["GET"]}}],"collection":[{"href":"https:\/\/www.acrartex.com\/sv\/wp-json\/wp\/v2\/product"}],"about":[{"href":"https:\/\/www.acrartex.com\/sv\/wp-json\/wp\/v2\/types\/product"}],"wp:featuredmedia":[{"embeddable":true,"href":"https:\/\/www.acrartex.com\/sv\/wp-json\/wp\/v2\/media\/85834"}],"wp:attachment":[{"href":"https:\/\/www.acrartex.com\/sv\/wp-json\/wp\/v2\/media?parent=159631"}],"wp:term":[{"taxonomy":"product_brand","embeddable":true,"href":"https:\/\/www.acrartex.com\/sv\/wp-json\/wp\/v2\/product_brand?post=159631"},{"taxonomy":"product_cat","embeddable":true,"href":"https:\/\/www.acrartex.com\/sv\/wp-json\/wp\/v2\/product_cat?post=159631"},{"taxonomy":"product_tag","embeddable":true,"href":"https:\/\/www.acrartex.com\/sv\/wp-json\/wp\/v2\/product_tag?post=159631"}],"curies":[{"name":"wp","href":"https:\/\/api.w.org\/{rel}","templated":true}]}}