{"id":159565,"date":"2023-04-10T16:25:24","date_gmt":"2023-04-10T21:25:24","guid":{"rendered":"https:\/\/www.acrartex.com\/products\/elt-4000m-hm\/"},"modified":"2023-04-10T16:25:24","modified_gmt":"2023-04-10T21:25:24","slug":"elt-4000m-hm","status":"publish","type":"product","link":"https:\/\/www.acrartex.com\/sv\/products\/elt-4000m-hm\/","title":{"rendered":"ELT 4000M HM"},"content":{"rendered":"<p>Den helt nya ARTEX ELT 4000M HM \u00e4r en 3-frekvenss Emergency Locator Transmitter ( ELT ) av transportklass f\u00f6r rotorfarkoster som anv\u00e4nder alkaliska batterier. Denna innovativa str\u00f6mk\u00e4lla inneb\u00e4r att ELT 4000M HM \u00e4r helt befriad fr\u00e5n FAA:s s\u00e4rskilda villkorskrav. ARTEX ELT 4000M HMs \u00e4gandekostnadsf\u00f6rdelar inkluderar l\u00e4gre batterikostnad per cykel, ingen transport av farligt gods och enkel avfallshantering. Ett integrerat NAV-gr\u00e4nssnitt (ARINC429) eliminerar kravet och kostnaden f\u00f6r att installera en separat NAV-gr\u00e4nssnittsenhet.   <\/p>\n<p>&nbsp;<\/p>\n<p><strong>S\u00e5 fungerar ARTEX ELT 4000M HM<\/strong><\/p>\n<p>ARTEX ELT 4000M HM kan aktiveras manuellt (via fj\u00e4rrkontrollen i cockpit) eller automatiskt (G-Switch k\u00e4nner av en st\u00f6t p\u00e5 2,3 G eller h\u00f6gre) och varnar n\u00e4rmaste s\u00f6k- och r\u00e4ddningstj\u00e4nst om en n\u00f6dsituation. 406 MHz-signalen, som inneh\u00e5ller flygplanets GPS koordinater, s\u00e4nds till Cospas-Sarsat -satelliterna och vidarebefordras till Mission Control Center d\u00e4r den omedelbart dirigeras till n\u00e4rmaste s\u00f6k- och r\u00e4ddningstj\u00e4nst. Fyren kommer att f\u00f6rse r\u00e4ddningspersonalen med den exakta platsen inom 100 meter. Slutligen hj\u00e4lper 121,5 och 243,0 MHz-m\u00e5ls\u00f6karsignalerna s\u00f6k- och r\u00e4ddningstj\u00e4nstens markstyrkor att hitta platsen f\u00f6r n\u00f6dsituationen.   <\/p>\n<p>&nbsp;<\/p>\n<p><strong>Enkel installation och eftermontering<\/strong><\/p>\n<p>ARTEX ELT 4000M HM erbjuder en snabb och enkel eftermonteringsm\u00f6jlighet med flexibla installationsalternativ, s\u00e5som en tv\u00e5tr\u00e5dig fj\u00e4rrbrytare som inte kr\u00e4ver n\u00e5gon flygplansstr\u00f6mf\u00f6rs\u00f6rjning. ELT 4000M HM \u00e4r TSO-godk\u00e4nd med Legacy Switch and Antenna Systems f\u00f6r att underl\u00e4tta eftermontering. Eftersom det \u00e4r en ELT med en utg\u00e5ng anv\u00e4nder ARTEX ELT 4000M HM samma RF-utg\u00e5ng och endast en koaxialkabel f\u00f6r att \u00f6verf\u00f6ra signaler p\u00e5 406 MHz, 121,5 MHz och 243,0 MHz. Det inbyggda navigationsgr\u00e4nssnittet minskar behovet av att montera ett sekund\u00e4rt externt gr\u00e4nssnitt, vilket avsev\u00e4rt minskar installationskostnaden. Monteringsbrickan matchar installationen av \u00e4ldre ARTEX C- och B-seriens ELT och minskar d\u00e4rmed ytterligare ingenj\u00f6rskostnaderna.    <\/p>\n<p>&nbsp;<\/p>\n<p><strong>Produktegenskaper<\/strong><\/p>\n<ul>\n<li>Automatisk fast Emergency Locator Transmitter<\/li>\n<li>3-frekvens n\u00f6dsignal, digital 406 MHz och analog 121,5 MHz och 243,0 MHz m\u00e5ls\u00f6kande signaler<\/li>\n<li>Dubbelbandsantenn med enkel kontakt och kabel till s\u00e4ndaren<\/li>\n<li>Kompatibel med \u00e4ldre antenner<\/li>\n<li>Enkelt underh\u00e5ll och installation<\/li>\n<li>M\u00e5nga alternativ f\u00f6r fj\u00e4rrkontroll i cockpit finns tillg\u00e4ngliga<\/li>\n<li>Kan anslutas till inbyggd GPS via integrerat ARINC429-gr\u00e4nssnitt<\/li>\n<li>GPS data \u00e4r inb\u00e4ddad i digital \u00f6verf\u00f6ring vilket minskar s\u00f6kradien ner till 100 meter. Godk\u00e4nd av Cospas-Sarsat.<\/li>\n<li>Kompatibel med ARTEX 406Test.com satellitbekr\u00e4ftelsetestsystem<\/li>\n<li>5 \u00e5rs batteritid (utbytbart). Levereras ej som farligt gods. <\/li>\n<\/ul>\n<p><strong>Packlistor<\/strong><\/p>\n<p><a href=\"https:\/\/www.dropbox.com\/scl\/fi\/66srmtbef84du2j1inktb\/8268A.pdf?rlkey=f3pwnc4za6m0728rq3sp4rwi4&amp;dl=1\">8268<\/a><br \/>\n<a href=\"https:\/\/www.dropbox.com\/scl\/fi\/7c8k7n0o89y7puw1u6yti\/8269A.pdf?rlkey=e0pa0un3tqsga4501s4tet0ao&amp;dl=1\">8269<\/a><\/p>\n","protected":false},"excerpt":{"rendered":"<p>Regelverket f\u00f6r litiumbatterier har f\u00f6r\u00e4ndrats, och ELT 4000M HM finns h\u00e4r f\u00f6r det. ACR tillhandah\u00e5ller innovativa batterisystemdesigner som garanterar en problemfri certifieringsprocess. Artex ELT 4000M HM \u00e4r en 3-frekvens ELT som \u00e4r helt befriad fr\u00e5n alla FAA-efterlevnadsproblem f\u00f6r litiumbatterier och levereras som icke-farligt material.  <\/p>\n<p>&nbsp;<\/p>\n<p><a href=\"https:\/\/www.acrartex.com\/products\/406test-elt-self-testing-service\/\"><img loading=\"lazy\" decoding=\"async\" class=\"alignnone\" style=\"width: 300px; height: 41px;\" src=\"\/\/dk2ztu5ooimmu.cloudfront.net\/ckeditor_assets\/pictures\/146\/406Test_with_desc_-_Tag.gif\" alt=\"\" width=\"641\" height=\"88\"><\/a><\/p>\n<p><a href=\"mailto:ArtexSales@acrartex.com?\u00e4mne= ELT %204000% 20Sales%20Fr\u00e5ga\"><img decoding=\"async\" style=\"width: 200px; height: 168px;\" src=\"\/\/dk2ztu5ooimmu.cloudfront.net\/ckeditor_assets\/pictures\/147\/ARTEX_-_ELT_4000_Ad_Bubble.gif\" alt=\"\"><\/a><\/p>\n","protected":false},"featured_media":12375,"template":"","meta":{"_acf_changed":false,"om_disable_all_campaigns":false},"product_brand":[],"product_cat":[5553,8624,5556],"product_tag":[8881,15563,15565,15577,15569,8878,15562,15571,15573,15572,12661,8278,12699,5557,8882,8876,15576,15570,15574,15575,8884,12688,12678,12671,8889,5564,8880,12707,15567],"class_list":{"0":"post-159565","1":"product","2":"type-product","3":"status-publish","4":"has-post-thumbnail","6":"product_cat-flyg","7":"product_cat-kommersiella-flygplan","8":"product_cat-rotocraft-sv","9":"product_tag-121-5-elt-uppgradering","10":"product_tag-243-mhz-sv","11":"product_tag-2430-mhz-sv","12":"product_tag-2430-mhz-elt-sv","13":"product_tag-3-frekvenser","14":"product_tag-4000-sv","15":"product_tag-4000-m","16":"product_tag-4000-m-hm","17":"product_tag-4000-mhm-sv-2","18":"product_tag-4000-mhm-sv","19":"product_tag-4000hm-sv","20":"product_tag-406-mhz-elt-sv","21":"product_tag-alkalisk-sv","22":"product_tag-elt-sv","23":"product_tag-elt-uppgradering","24":"product_tag-elt-4000-sv","25":"product_tag-elt-4000-mhm-sv","26":"product_tag-elt-4000m-sv","27":"product_tag-elt-4000m-hm-sv","28":"product_tag-elt-4000mhm-sv","29":"product_tag-elt4000-sv","30":"product_tag-icke-farligt-material","31":"product_tag-inget-litium","32":"product_tag-litiumfri","33":"product_tag-litiums-speciella-villkor","34":"product_tag-nodlokaliseringssandare","35":"product_tag-nodpositionssandare","36":"product_tag-sarskilda-villkor","37":"product_tag-tri-frekvens","38":"pa_aircraft-type-flygplan","39":"pa_product-elt-losningar","41":"first","42":"instock","43":"taxable","44":"shipping-taxable","45":"product-type-simple"},"acf":[],"_links":{"self":[{"href":"https:\/\/www.acrartex.com\/sv\/wp-json\/wp\/v2\/product\/159565","targetHints":{"allow":["GET"]}}],"collection":[{"href":"https:\/\/www.acrartex.com\/sv\/wp-json\/wp\/v2\/product"}],"about":[{"href":"https:\/\/www.acrartex.com\/sv\/wp-json\/wp\/v2\/types\/product"}],"wp:featuredmedia":[{"embeddable":true,"href":"https:\/\/www.acrartex.com\/sv\/wp-json\/wp\/v2\/media\/12375"}],"wp:attachment":[{"href":"https:\/\/www.acrartex.com\/sv\/wp-json\/wp\/v2\/media?parent=159565"}],"wp:term":[{"taxonomy":"product_brand","embeddable":true,"href":"https:\/\/www.acrartex.com\/sv\/wp-json\/wp\/v2\/product_brand?post=159565"},{"taxonomy":"product_cat","embeddable":true,"href":"https:\/\/www.acrartex.com\/sv\/wp-json\/wp\/v2\/product_cat?post=159565"},{"taxonomy":"product_tag","embeddable":true,"href":"https:\/\/www.acrartex.com\/sv\/wp-json\/wp\/v2\/product_tag?post=159565"}],"curies":[{"name":"wp","href":"https:\/\/api.w.org\/{rel}","templated":true}]}}