{"id":159472,"date":"2024-01-30T08:50:30","date_gmt":"2024-01-30T13:50:30","guid":{"rendered":"https:\/\/www.acrartex.com\/products\/bivy-stick-mesh-satellitkommunikator\/"},"modified":"2026-03-06T09:26:04","modified_gmt":"2026-03-06T14:26:04","slug":"bivy-stick-mesh-satellitkommunikator","status":"publish","type":"product","link":"https:\/\/www.acrartex.com\/sv\/products\/bivy-stick-mesh-satellitkommunikator\/","title":{"rendered":"Bivy Stick MESH \u2013 Satellitkommunikator"},"content":{"rendered":"<p><span style=\"font-weight: 400;\">Bivy<\/span> <b>Bivy MESH<\/b> <span style=\"font-weight: 400;\">\u00e4r inte bara en enhet \u2013 det \u00e4r banbrytande framsteg inom<\/span> <b>f\u00f6retagskommunikation f\u00f6r fj\u00e4rrstyrning.<\/b><span style=\"font-weight: 400;\">. Den \u00e4r utformad f\u00f6r att h\u00e5lla team sammankopplade \u00e4ven i de mest utmanande milj\u00f6erna och levererar  <\/span><b>S\u00f6ml\u00f6s dubbell\u00e4gesanslutning<\/b> <span style=\"font-weight: 400;\">, som intelligent v\u00e4xlar mellan det <strong>globala<\/strong><\/span> <b>Iridium\u00ae-satellitn\u00e4tverket<\/b> <span style=\"font-weight: 400;\">och<\/span> <b>LoRa\u00ae-aktiverade mesh-n\u00e4tverk<\/b> <span style=\"font-weight: 400;\">f\u00f6r o\u00f6vertr\u00e4ffad tillf\u00f6rlitlighet och t\u00e4ckning.<\/span><\/p>\n<p>&nbsp;<\/p>\n<p>St\u00e4rker din fj\u00e4rrkommunikation:<\/p>\n<ul>\n<li><strong>Global Iridium-satellitt\u00e4ckning:<\/strong> Arbeta tryggt var som helst p\u00e5 jorden och utnyttja Iridiums o\u00f6vertr\u00e4ffade satellitkonstellation f\u00f6r orubblig kommunikation.<\/li>\n<li><strong>LoRa\u00ae-aktiverade mesh-n\u00e4tverk:<\/strong> Sj\u00e4lvbildande mesh-n\u00e4tverk, som m\u00f6jligg\u00f6r realtidsmeddelanden och GPS positionsuppdateringar f\u00f6r f\u00f6rb\u00e4ttrad teamkoordinering.<\/li>\n<\/ul>\n<p><strong> <\/strong><\/p>\n<p><span style=\"font-weight: 400;\">ACR Bivy har konsekvent varit ledande i branschen och introducerade f\u00f6rst satellitaktiverad gruppkommunikation och sp\u00e5rning f\u00f6r upp till 12 Bivy Sticks. Nu med LoRa\u00ae-aktiverad MESH-integration h\u00f6jer Bivy ribban igen och bef\u00e4ster sin position som den fr\u00e4msta kommunikationsl\u00f6sningen f\u00f6r team som arbetar p\u00e5 platser utanf\u00f6r eln\u00e4tet. <\/span><\/p>\n<h2>Bivy Stick MESH-funktioner:<\/h2>\n<ul>\n<li><strong>Dubbla kommunikationsl\u00e4gen<\/strong> : Kombinerar unikt LoRa\u00ae-aktiverat mesh-n\u00e4tverk med robust global satellitkommunikation, vilket erbjuder o\u00f6vertr\u00e4ffad anslutning i olika milj\u00f6er och s\u00e4tter en ny standard inom utomhuskommunikationsteknik.\n<ul>\n<li><strong>Global satellitkommunikation<\/strong> :<br \/>\n Lita p\u00e5 Iridium-n\u00e4tverket f\u00f6r konsekvent, global anslutning \u00e4ven p\u00e5 de mest isolerade platserna.<\/li>\n<li><strong>LoRa\u00ae-aktiverat mesh-n\u00e4tverk:<br \/>\n<\/strong> F\u00f6rb\u00e4ttra teamkoordineringen med mesh-n\u00e4tverk f\u00f6r direkta enhetsanslutningar upp till en och en halv kilometer ifr\u00e5n varandra, med st\u00f6d f\u00f6r upp till 12 enheter.<\/li>\n<\/ul>\n<\/li>\n<li><strong>LoRa\u00ae-aktiverad meddelandehantering:<\/strong> Meddelande\u00f6verf\u00f6ring mellan enheter inom n\u00e5gra sekunder, vilket \u00e4r betydligt snabbare \u00e4n traditionell satellitkommunikation som kan ta minuter mellan enheter.<\/li>\n<\/ul>\n<ul>\n<li><strong>Anpassningsbar till tuffa milj\u00f6er: <span style=\"font-weight: 400;\">Utformad f\u00f6r att fungera s\u00f6ml\u00f6st i extrema f\u00f6rh\u00e5llanden, fr\u00e5n t\u00e4t skogsmark med tjocka tr\u00e4dkronor till omr\u00e5den t\u00e4ckta med betongkonstruktioner, och etablerar sig som en viktig tillg\u00e5ng f\u00f6r team och r\u00e4ddningstj\u00e4nst i signalkompromitterade omr\u00e5den.<\/span><\/strong><\/li>\n<li><strong>Gruppmeddelanden:<\/strong> Anv\u00e4ndare kan enkelt skapa och g\u00e5 med i gruppchattar inom mesh-n\u00e4tverket, vilket m\u00f6jligg\u00f6r effektiv samordning och kommunikation mellan team eller grupper av m\u00e4nniskor.<\/li>\n<li style=\"font-weight: 400;\" aria-level=\"1\"><b>Platsdelning i realtid:<\/b> <span style=\"font-weight: 400;\">Enheter l\u00e5ter anv\u00e4ndare dela sin plats i realtid med andra i mesh-n\u00e4tverket, vilket f\u00f6rb\u00e4ttrar s\u00e4kerheten och m\u00f6jligg\u00f6r effektiv samordning under utomhusaktiviteter och n\u00f6dsituationer.<\/span><\/li>\n<li><strong>MESH-n\u00e4tverksintelligens:<\/strong> \u00d6vervakar mobil- och satellitsignalstyrkan f\u00f6r varje enhet i n\u00e4tverket och dirigerar intelligent meddelanden genom enheter med b\u00e4ttre anslutningar f\u00f6r att optimera kommunikationseffektiviteten.<\/li>\n<li><strong>Intelligent meddelande\u00f6verf\u00f6ring<\/strong> : Bivy Stick MESH kan fungera som en kommunikationsnod f\u00f6r att s\u00f6ml\u00f6st vidarebefordra meddelanden, antingen mellan enheter eller via satellit, vilket maximerar kommunikationseffektiviteten.<\/li>\n<li><strong>SOS-n\u00f6dbatteri:<\/strong> Utrustad med en dedikerad 24-timmars SOS-batterireserv, vilket s\u00e4kerst\u00e4ller att kritisk SOS-signal uppr\u00e4tth\u00e5lls i n\u00f6dsituationer.<\/li>\n<li><strong>Robust och vattent\u00e4t:<\/strong><\/li>\n<li style=\"font-weight: 400;\" aria-level=\"1\"><span style=\"font-weight: 400;\">Bivy Stick MESH \u00e4r byggd f\u00f6r kr\u00e4vande milj\u00f6er och har en h\u00e5llbar konstruktion som uppfyller vattent\u00e4thetsstandarden IP67. Den \u00e4r konstruerad f\u00f6r att fungera i alla v\u00e4derf\u00f6rh\u00e5llanden och garanterar p\u00e5litlig drift vart ditt uppdrag \u00e4n tar dig. <\/span><\/li>\n<li><strong>Integrationsklar:<\/strong> Utformad f\u00f6r kompatibilitet med befintliga f\u00f6retagsarbetsfl\u00f6den f\u00f6r s\u00f6ml\u00f6s integration.<\/li>\n<\/ul>\n<p>N\u00f6d-SOS Aktiveras i appen eller p\u00e5 enhetens knapp. Tillhandah\u00e5lls av GlobalRescue\u2122 <\/p>\n","protected":false},"excerpt":{"rendered":"<p><span style=\"font-weight: 400;\">Med Bivy Stick MESH kan du njuta av en p\u00e5litlig<\/span> <b>tv\u00e5v\u00e4gs satellitkommunikator<\/b> <span style=\"font-weight: 400;\">,<\/span> <b>gruppmeddelanden<\/b> <span style=\"font-weight: 400;\">,<\/span> <b>SOS-support dygnet runt<\/b> <span style=\"font-weight: 400;\">,<\/span> <b>GPS sp\u00e5rning<\/b> <span style=\"font-weight: 400;\">och<\/span> <b>platsdelning<\/b> <span style=\"font-weight: 400;\">\u2013 allt i ett<\/span> <b>kompakt<\/b> <span style=\"font-weight: 400;\">och<\/span> <b>l\u00e4tt system.<\/b><span style=\"font-weight: 400;\">  enhet. Den ger dig   <\/span><b>Frihet med off-grid-kommunikation<\/b> <span style=\"font-weight: 400;\">till<\/span> <b>marknadens mest \u00f6verkomliga v\u00e4rde<\/b> <span style=\"font-weight: 400;\">.<\/span> H\u00e5ll dig uppkopplad, \u00e4ven utanf\u00f6r mobilt\u00e4ckningen.<\/p>\n<h4><\/h4>\n<h4><span style=\"color: #ff0000;\"><strong>Stolt tillverkad i USA!<\/strong><\/span><\/h4>\n<p><a href=\"https:\/\/bivystick.com\/bivy-go-plan\/\"><strong>Uppt\u00e4ck Bivy Go-planen<\/strong><\/a><\/p>\n<p><a href=\"https:\/\/www.dropbox.com\/s\/0ezw0kexbm120vv\/Prop%2065%20-%20Lead%20and%20Lead%20Compounds.pdf?dl=0\">VARNING: F\u00d6RSLAG 65<\/a><\/p>\n<p>&nbsp;<\/p>\n<p>&nbsp;<\/p>\n","protected":false},"featured_media":164395,"template":"","meta":{"_acf_changed":false,"om_disable_all_campaigns":false},"product_brand":[],"product_cat":[16184,5583,5769],"product_tag":[13057,13069,13058,13050,13060,13068,13052,13054,16186,13064,13062,13055,13065,13066,13067,13056],"class_list":{"0":"post-159472","1":"product","2":"type-product","3":"status-publish","4":"has-post-thumbnail","6":"product_cat-bivy-mesh-popup","7":"product_cat-marin","8":"product_cat-utomhus","9":"product_tag-2-vagskommunikation","10":"product_tag-4601-sv","11":"product_tag-acr-bivy-sv","12":"product_tag-bivy-sv","13":"product_tag-bivy-appen-sv","14":"product_tag-bivy-mot-plb","15":"product_tag-bivy-stick-sv","16":"product_tag-bivy-stick-bla-sv","17":"product_tag-bivy-mesh-popup","18":"product_tag-bluetooth-sv","19":"product_tag-global-raddning","20":"product_tag-iridium-sv","21":"product_tag-mini-sv","22":"product_tag-minsta-satellitkommunikator","23":"product_tag-satellit-gps-sparning","24":"product_tag-sparning","25":"pa_activity-camping-sv","26":"pa_activity-cykel-sv","27":"pa_activity-fiske-sv","28":"pa_activity-klattrande","29":"pa_activity-langdakning","30":"pa_activity-paddelsporter","31":"pa_activity-skidor-snowboardakning","32":"pa_activity-snoskoter","33":"pa_activity-terrang-4x4","34":"pa_activity-vandring-sv","35":"pa_boat-type-bogserbat","36":"pa_boat-type-charter-yacht-sv","37":"pa_boat-type-kommersiellt-fiske","38":"pa_boat-type-lastfartyg","39":"pa_boat-type-motorbat","40":"pa_boat-type-segelbat","41":"pa_boat-type-sportcraft-sv","42":"pa_boat-type-yacht-sv","43":"pa_terrain-floder-vatmarker-sjoar","44":"pa_terrain-kulle-och-berg","45":"pa_terrain-skog-och-djungel","46":"pa_terrain-tundra-sv","48":"first","49":"instock","50":"taxable","51":"shipping-taxable","52":"purchasable","53":"product-type-simple"},"acf":[],"_links":{"self":[{"href":"https:\/\/www.acrartex.com\/sv\/wp-json\/wp\/v2\/product\/159472","targetHints":{"allow":["GET"]}}],"collection":[{"href":"https:\/\/www.acrartex.com\/sv\/wp-json\/wp\/v2\/product"}],"about":[{"href":"https:\/\/www.acrartex.com\/sv\/wp-json\/wp\/v2\/types\/product"}],"wp:featuredmedia":[{"embeddable":true,"href":"https:\/\/www.acrartex.com\/sv\/wp-json\/wp\/v2\/media\/164395"}],"wp:attachment":[{"href":"https:\/\/www.acrartex.com\/sv\/wp-json\/wp\/v2\/media?parent=159472"}],"wp:term":[{"taxonomy":"product_brand","embeddable":true,"href":"https:\/\/www.acrartex.com\/sv\/wp-json\/wp\/v2\/product_brand?post=159472"},{"taxonomy":"product_cat","embeddable":true,"href":"https:\/\/www.acrartex.com\/sv\/wp-json\/wp\/v2\/product_cat?post=159472"},{"taxonomy":"product_tag","embeddable":true,"href":"https:\/\/www.acrartex.com\/sv\/wp-json\/wp\/v2\/product_tag?post=159472"}],"curies":[{"name":"wp","href":"https:\/\/api.w.org\/{rel}","templated":true}]}}