{"id":159470,"date":"2024-12-05T11:37:40","date_gmt":"2024-12-05T16:37:40","guid":{"rendered":"https:\/\/www.acrartex.com\/products\/fjarrkontrollens-funktionspanel\/"},"modified":"2026-03-06T09:05:31","modified_gmt":"2026-03-06T14:05:31","slug":"fjarrkontrollens-funktionspanel","status":"publish","type":"product","link":"https:\/\/www.acrartex.com\/sv\/products\/fjarrkontrollens-funktionspanel\/","title":{"rendered":"Fj\u00e4rrkontrollens funktionspanel"},"content":{"rendered":"<p>ARTEX , ett exklusivt varum\u00e4rke fr\u00e5n ACR Electronics och en branschledare inom flygteknik, forts\u00e4tter att uppr\u00e4tth\u00e5lla sitt arv av innovation och orubblig tillf\u00f6rlitlighet. Vi presenterar ARTEX RFP \u2013 ett banbrytande tillskott till v\u00e5ra s\u00e4kerhetsl\u00f6sningar f\u00f6r flygindustrin. <\/p>\n<p>RFP-programmeraren \u00e4r ett robust och anv\u00e4ndarv\u00e4nligt supportverktyg f\u00f6r <a href=\"https:\/\/www.acrartex.com\/sv\/products\/elt-5000-distress-tracking-dt-for-gadss-efterlevnad\/\">ARTEX ELT 5000<\/a> , utformat f\u00f6r b\u00e5de b\u00e4nk- och f\u00e4ltapplikationer. F\u00f6r flottchefer, flygbolag och tj\u00e4nsteleverant\u00f6rer som specialiserar sig p\u00e5 ARTEX ELT 5000 fungerar detta oumb\u00e4rliga verktyg inte bara som ELT 5000-programmerare, utan hj\u00e4lper \u00e4ven till att effektivisera verksamheten och f\u00f6rb\u00e4ttra effektiviteten.<\/p>\n<p>RFP-kitet inneh\u00e5ller en robust surfplatta, en 7,5 meter l\u00e5ng gr\u00e4nssnittskabel och programvara som kr\u00e4vs f\u00f6r din konfiguration.<\/p>\n<p>Anbudsf\u00f6rfr\u00e5gan (RFP) l\u00e5ter anv\u00e4ndaren utf\u00f6ra f\u00f6ljande \u00e5tg\u00e4rder:<\/p>\n<ul>\n<li>\u00d6vervaka ARINC-etiketter<\/li>\n<li>\u00d6vervaka CCP-brytare<\/li>\n<li>Batteritid<\/li>\n<li>Utf\u00f6r en serie sj\u00e4lvtester<\/li>\n<li>\u00d6vervaka h\u00e4ndelseloggar<\/li>\n<li>Ladda ner loggdata<\/li>\n<li>Ladda ner sj\u00e4lvtestrapport<\/li>\n<li>Tysta summern<\/li>\n<\/ul>\n<p>&nbsp;<\/p>\n<p><strong>ARTEX RFP Viktiga funktioner:<\/strong><\/p>\n<p><a href=\"https:\/\/www.microsoft.com\/en-us\/surface\/business\/surface-go-4\"><strong>Baserad p\u00e5 Microsoft Surface-surfplatta<\/strong><\/a> : Utnyttjar kraften hos Microsoft Surface-surfplattan och ger ett anv\u00e4ndarv\u00e4nligt gr\u00e4nssnitt och en v\u00e4lbekant, intuitiv upplevelse. Ta med din ELT-programmering n\u00e4r du \u00e4r p\u00e5 spr\u00e5ng, vilket f\u00f6rb\u00e4ttrar tillg\u00e4ngligheten och flexibiliteten.<\/p>\n<p><strong>Intuitivt anv\u00e4ndargr\u00e4nssnitt:<\/strong> Programmera dina ELT:er utan anstr\u00e4ngning med v\u00e5rt anv\u00e4ndarv\u00e4nliga gr\u00e4nssnitt. Inget mer problem med att dechiffrera komplexa menyer eller k\u00e4mpa med klumpiga knappar. ARTEX RFP g\u00f6r programmeringen av ELT:er till en barnlek, vilket sparar tid och minskar risken f\u00f6r fel.  <\/p>\n<p><strong>F\u00f6rb\u00e4ttrad prestanda:<\/strong> Med ARTEX RFP kan du komma \u00e5t och \u00e4ndra kritiska inst\u00e4llningar med precision, vilket s\u00e4kerst\u00e4ller att dina ELT:er fungerar optimalt.<\/p>\n<p><strong>Omfattande datahantering:<\/strong> H\u00e5ll koll p\u00e5 alla dina ELT:er p\u00e5 ett st\u00e4lle med ARTEX RFP:s omfattande datahanteringsfunktioner. Lagra, h\u00e4mta och verifiera enkelt programmeringsdata och historik f\u00f6r att s\u00e4kerst\u00e4lla efterlevnad och beredskap. <\/p>\n<p><strong>Framtidss\u00e4ker teknik:<\/strong> ARTEX \u00e4r ett p\u00e5litligt namn inom flygteknik, och RFP-programmeraren som anv\u00e4nder Surface Tablets \u00e4r utformad f\u00f6r att utvecklas i takt med dina behov. F\u00e5 regelbundna programuppdateringar f\u00f6r att ligga steget f\u00f6re branschstandarder och regler. <\/p>\n<p><strong>Programmering:<\/strong> ARTEX RFP kan programmera \u00f6nskat protokoll och den GADSS-information som kr\u00e4vs enligt Cospas-Sarsat via det medf\u00f6ljande gr\u00e4nssnittet.<\/p>\n<p><strong>Utskriftsfunktion:<\/strong> ARTEX RFP kan skriva ut en rapport f\u00f6r att s\u00e4kerst\u00e4lla att reglerna uppfylls.<\/p>\n","protected":false},"excerpt":{"rendered":"<p>RFP \u00e4r ett underh\u00e5llsverktyg skapat av ARTEX f\u00f6r att ge underh\u00e5llsst\u00f6d till ACR Electronics ARTEX ELT 5000 ( ELT -DT). ARTEX RFP tillhandah\u00e5ller viktiga konfigurations-, underh\u00e5lls- och fels\u00f6kningsm\u00f6jligheter. Enheten anv\u00e4nder en enda kabel f\u00f6r att ansluta antingen till en fj\u00e4rrgr\u00e4nssnittspanel eller direkt till ELT -DT. RFP kr\u00e4vs f\u00f6r att utf\u00f6ra \u00e5rliga ELT testkrav f\u00f6r FAA- och EASA-certifierade flygplan.   <\/p>\n<p><span style=\"font-size: 11pt;\"><span style=\"font-family: Calibri,sans-serif;\"><a style=\"color: blue; text-decoration: underline;\" href=\"https:\/\/www.dropbox.com\/s\/fk04stqsp2hgk5f\/Prop%2065%20-%20DEHP.pdf?dl=0\"><span style=\"color: #000000;\">VARNING: F\u00d6RSLAG 65<\/span><\/a><\/span><\/span><\/p>\n","protected":false},"featured_media":159477,"template":"","meta":{"_acf_changed":false,"om_disable_all_campaigns":false},"product_brand":[],"product_cat":[5835,5834,5553,8624,5556],"product_tag":[15482,15475,15477,15483,15484,15481,15479,15486,10944,15485,10947],"class_list":{"0":"post-159470","1":"product","2":"type-product","3":"status-publish","4":"has-post-thumbnail","6":"product_cat-affarsjet","7":"product_cat-allmanflyg","8":"product_cat-flyg","9":"product_cat-kommersiella-flygplan","10":"product_cat-rotocraft-sv","11":"product_tag-artex-anbudsforfragan","12":"product_tag-artex-programmerare","13":"product_tag-artex-surfplatta","14":"product_tag-artex-fjarrfunktionspanel","15":"product_tag-artex-rfp-surfplatta","16":"product_tag-artex-test-och-programmeringssats","17":"product_tag-artex-tps-sv","18":"product_tag-elt-dt-programmerare","19":"product_tag-elt-programmerare","20":"product_tag-elt-5000-programmerare","21":"product_tag-tps-sv","23":"first","24":"instock","25":"taxable","26":"shipping-taxable","27":"purchasable","28":"product-type-variable"},"acf":[],"_links":{"self":[{"href":"https:\/\/www.acrartex.com\/sv\/wp-json\/wp\/v2\/product\/159470","targetHints":{"allow":["GET"]}}],"collection":[{"href":"https:\/\/www.acrartex.com\/sv\/wp-json\/wp\/v2\/product"}],"about":[{"href":"https:\/\/www.acrartex.com\/sv\/wp-json\/wp\/v2\/types\/product"}],"wp:featuredmedia":[{"embeddable":true,"href":"https:\/\/www.acrartex.com\/sv\/wp-json\/wp\/v2\/media\/159477"}],"wp:attachment":[{"href":"https:\/\/www.acrartex.com\/sv\/wp-json\/wp\/v2\/media?parent=159470"}],"wp:term":[{"taxonomy":"product_brand","embeddable":true,"href":"https:\/\/www.acrartex.com\/sv\/wp-json\/wp\/v2\/product_brand?post=159470"},{"taxonomy":"product_cat","embeddable":true,"href":"https:\/\/www.acrartex.com\/sv\/wp-json\/wp\/v2\/product_cat?post=159470"},{"taxonomy":"product_tag","embeddable":true,"href":"https:\/\/www.acrartex.com\/sv\/wp-json\/wp\/v2\/product_tag?post=159470"}],"curies":[{"name":"wp","href":"https:\/\/api.w.org\/{rel}","templated":true}]}}