{"id":159440,"date":"2024-04-15T10:49:36","date_gmt":"2024-04-15T15:49:36","guid":{"rendered":"https:\/\/www.acrartex.com\/products\/globalfix-v6-batsakerhetssatser\/"},"modified":"2024-04-15T10:49:36","modified_gmt":"2024-04-15T15:49:36","slug":"globalfix-v6-batsakerhetssatser","status":"publish","type":"product","link":"https:\/\/www.acrartex.com\/sv\/products\/globalfix-v6-batsakerhetssatser\/","title":{"rendered":"GlobalFix V6 B\u00e5ts\u00e4kerhetssatser"},"content":{"rendered":"<p>Vare sig det g\u00e4ller fritidsb\u00e5tliv, djuphavsfiske, segling eller n\u00e5gon annan sp\u00e4nnande marin expedition, \u00e4r de nya GlobalFix V6 Boating Safety Kits h\u00e4r f\u00f6r att skydda dina resor av alla storlekar. Med dessa omfattande kit vid din sida kan du anamma varje nautiskt \u00e4ventyr med tillf\u00f6rsikt, i vetskapen om att s\u00e4kerheten aldrig \u00e4ventyras. Fr\u00e5n of\u00f6rutsedda utmaningar till ov\u00e4ntade situationer utrustar GlobalFix V6 Boating Safety Kit dig med allt som beh\u00f6vs f\u00f6r en s\u00e4ker \u00e5terkomst, vilket garanterar din sinnesro \u00e4ven under de mest kr\u00e4vande omst\u00e4ndigheterna.  <\/p>\n<p>Det finns fyra (fyra) alternativ att v\u00e4lja mellan f\u00f6r GlobalFix V6-kit. Dessa kit inneh\u00e5ller f\u00f6ljande viktiga \u00f6verlevnadsprodukter: <\/p>\n<p><span style=\"color: #ff0000;\"><strong>Artikelnummer 2339.1 GlobalFix V6 Premium b\u00e5tkit<\/strong><\/span><\/p>\n<ul>\n<li>GlobalFIX V6 RLS Cat. 2 EPIRB med Return Link Service och NFC -mobilapp <a href=\"https:\/\/www.acrartex.com\/sv\/products\/acr-globalfix-v6-epirb-med-return-link-service-och-mobilapp\/\">L\u00e4s mer<\/a> <\/li>\n<li>ResQlink RLS PLB 410 <a href=\"https:\/\/www.acrartex.com\/sv\/products\/resqlink-410-rls-personal-locator-beacon\/\">L\u00e4s mer<\/a><\/li>\n<li>FireFly PRO Waterbug \u2013 SOLAS-godk\u00e4nd blixtlampa med inbyggd vattenaktivering <a href=\"https:\/\/www.acrartex.com\/products\/firefly-pro-waterbug\/\">L\u00e4s mer<\/a><\/li>\n<li>RapidDitch Express-v\u00e4ska <a href=\"https:\/\/www.acrartex.com\/sv\/products\/rapidditch-express-vaska\/\">L\u00e4s mer<\/a><\/li>\n<li>HemiLight \u21223 <a href=\"https:\/\/www.acrartex.com\/sv\/products\/hemilight-3-med-och-solas-flytvastlampa\/\">L\u00e4s mer<\/a><\/li>\n<li>Signalspegel<\/li>\n<li>WW-3 Res-Q\u2122 visselpipa <a href=\"https:\/\/www.acrartex.com\/sv\/products\/ww-3-resq-visselpipa\/\">L\u00e4s mer<\/a><\/li>\n<\/ul>\n<p><span style=\"color: #ff0000;\"><strong>Artikelnummer 2342.1: GlobalFix V6 och ResQflare s\u00e4kerhetskit f\u00f6r b\u00e5tar<\/strong><\/span><\/p>\n<ul>\n<li>GlobalFIX V6 RLS Cat. 2 EPIRB med Return Link Service och NFC -mobilapp <a href=\"https:\/\/www.acrartex.com\/sv\/products\/acr-globalfix-v6-epirb-med-return-link-service-och-mobilapp\/\">L\u00e4s mer<\/a> <\/li>\n<li>ResQflare (H\u00f6gintensiv LED elektronisk n\u00f6dsignal f\u00f6r b\u00e5tliv) <a href=\"https:\/\/www.acrartex.com\/sv\/products\/resqflare-elektronisk-led-nodsignal-for-bat\/\">L\u00e4s mer<\/a><\/li>\n<li>RapidDitch Express-v\u00e4ska <a href=\"https:\/\/www.acrartex.com\/sv\/products\/rapidditch-express-vaska\/\">L\u00e4s mer<\/a><\/li>\n<li>HemiLight \u21223 <a href=\"https:\/\/www.acrartex.com\/sv\/products\/hemilight-3-med-och-solas-flytvastlampa\/\">L\u00e4s mer<\/a><\/li>\n<li>C-Strobe H2O SOLAS Strobe Light <a href=\"https:\/\/www.acrartex.com\/products\/c-strobe-h20\/\">L\u00e4s mer<\/a><\/li>\n<li>Signalspegel<\/li>\n<li>WW-3 Res-Q\u2122 visselpipa <a href=\"https:\/\/www.acrartex.com\/sv\/products\/ww-3-resq-visselpipa\/\">L\u00e4s mer<\/a><\/li>\n<\/ul>\n<p><strong><span style=\"color: #ff0000;\">Artikelnummer 2343.1: GlobalFix V6 Base B\u00e5ts\u00e4kerhetskit<\/span><\/strong><\/p>\n<ul>\n<li>GlobalFIX V6 RLS Cat. 2 EPIRB med Return Link Service och NFC -mobilapp <a href=\"https:\/\/www.acrartex.com\/sv\/products\/acr-globalfix-v6-epirb-med-return-link-service-och-mobilapp\/\">L\u00e4s mer<\/a> <\/li>\n<li>RapidDitch Express-v\u00e4ska <a href=\"https:\/\/www.acrartex.com\/sv\/products\/rapidditch-express-vaska\/\">L\u00e4s mer<\/a><\/li>\n<\/ul>\n<p><span style=\"color: #ff0000;\"><strong>Artikelnummer 2344.1: GlobalFix V6 Plus s\u00e4kerhetskit f\u00f6r b\u00e5tar<\/strong><\/span><\/p>\n<ul>\n<li>GlobalFIX V6 RLS Cat. 2 EPIRB med Return Link Service och NFC -mobilapp <a href=\"https:\/\/www.acrartex.com\/sv\/products\/acr-globalfix-v6-epirb-med-return-link-service-och-mobilapp\/\">L\u00e4s mer<\/a> <\/li>\n<li>RapidDitch Express-v\u00e4ska <a href=\"https:\/\/www.acrartex.com\/sv\/products\/rapidditch-express-vaska\/\">L\u00e4s mer<\/a><\/li>\n<li>HemiLight \u21223 <a href=\"https:\/\/www.acrartex.com\/sv\/products\/hemilight-3-med-och-solas-flytvastlampa\/\">L\u00e4s mer<\/a><\/li>\n<li>C-Strobe H2O SOLAS Strobe Light <a href=\"https:\/\/www.acrartex.com\/products\/c-strobe-h20\/\">L\u00e4s mer<\/a><\/li>\n<li>Signalspegel<\/li>\n<li>WW-3 Res-Q\u2122 visselpipa <a href=\"https:\/\/www.acrartex.com\/sv\/products\/ww-3-resq-visselpipa\/\">L\u00e4s mer<\/a><\/li>\n<\/ul>\n<p>&nbsp;<\/p>\n","protected":false},"excerpt":{"rendered":"<h2><\/h2>\n<h4><span style=\"color: #ff0000;\">Stolt tillverkad i USA!<\/span><\/h4>\n<p><a href=\"https:\/\/www.dropbox.com\/s\/fk04stqsp2hgk5f\/Prop%2065%20-%20DEHP.pdf?dl=0\">VARNING: F\u00d6RSLAG 65<\/a><\/p>\n","protected":false},"featured_media":88814,"template":"","meta":{"_acf_changed":false,"om_disable_all_campaigns":false},"product_brand":[],"product_cat":[5822,5826,5583,14659,5823,5825],"product_tag":[8628,9523,15319,15435,15438,15432,5585,15436,5602,9194,15434,7989,5591,12665,5772,5770,12455,12978,15433,7630,15437],"class_list":{"0":"post-159440","1":"product","2":"type-product","3":"status-publish","4":"has-post-thumbnail","6":"product_cat-inat-landet","7":"product_cat-kommersiell","8":"product_cat-marin","9":"product_cat-marin-sakerhetsutrustning","10":"product_cat-nara-stranden","11":"product_cat-till-havs","12":"product_tag-406-mhz-emergency-locator-transmitter-sv","13":"product_tag-ais-sv","14":"product_tag-ais-epirb-sv","15":"product_tag-ais-personal-locator-beacon-sv","16":"product_tag-batkit","17":"product_tag-c-strobe-sv","18":"product_tag-epirb-sv","19":"product_tag-epirb-kit-sv","20":"product_tag-globalfix-sv","21":"product_tag-gps-epirb-sv","22":"product_tag-nod-gps-sandare","23":"product_tag-nodlampa-med-led","24":"product_tag-nodsignal","25":"product_tag-nodsituation","26":"product_tag-personlig-lokaliseringsfyr-sv","27":"product_tag-plb-sv","28":"product_tag-resq-visselpipa","29":"product_tag-rls-sv","30":"product_tag-rls-epirb-sv","31":"product_tag-sos-sv","32":"product_tag-sos-nodljus","34":"first","35":"instock","36":"taxable","37":"shipping-taxable","38":"purchasable","39":"product-type-variable"},"acf":[],"_links":{"self":[{"href":"https:\/\/www.acrartex.com\/sv\/wp-json\/wp\/v2\/product\/159440","targetHints":{"allow":["GET"]}}],"collection":[{"href":"https:\/\/www.acrartex.com\/sv\/wp-json\/wp\/v2\/product"}],"about":[{"href":"https:\/\/www.acrartex.com\/sv\/wp-json\/wp\/v2\/types\/product"}],"wp:featuredmedia":[{"embeddable":true,"href":"https:\/\/www.acrartex.com\/sv\/wp-json\/wp\/v2\/media\/88814"}],"wp:attachment":[{"href":"https:\/\/www.acrartex.com\/sv\/wp-json\/wp\/v2\/media?parent=159440"}],"wp:term":[{"taxonomy":"product_brand","embeddable":true,"href":"https:\/\/www.acrartex.com\/sv\/wp-json\/wp\/v2\/product_brand?post=159440"},{"taxonomy":"product_cat","embeddable":true,"href":"https:\/\/www.acrartex.com\/sv\/wp-json\/wp\/v2\/product_cat?post=159440"},{"taxonomy":"product_tag","embeddable":true,"href":"https:\/\/www.acrartex.com\/sv\/wp-json\/wp\/v2\/product_tag?post=159440"}],"curies":[{"name":"wp","href":"https:\/\/api.w.org\/{rel}","templated":true}]}}