{"id":159322,"date":"2024-04-16T10:16:43","date_gmt":"2024-04-16T15:16:43","guid":{"rendered":"https:\/\/www.acrartex.com\/products\/globalfix-v5-batsakerhetssatser\/"},"modified":"2024-04-16T10:16:43","modified_gmt":"2024-04-16T15:16:43","slug":"globalfix-v5-batsakerhetssatser","status":"publish","type":"product","link":"https:\/\/www.acrartex.com\/sv\/products\/globalfix-v5-batsakerhetssatser\/","title":{"rendered":"GlobalFix V5 B\u00e5ts\u00e4kerhetssatser"},"content":{"rendered":"<p>Vi presenterar de NYA ACR GlobalFix V5 AIS RLS EPIRB \u00f6verlevnadssatserna f\u00f6r b\u00e5tar \u2013 en helt\u00e4ckande och p\u00e5litlig upps\u00e4ttning viktiga resurser som garanterar din s\u00e4kerhet och \u00f6verlevnad i vattenburna n\u00f6dsituationer. Dessa satser \u00e4r skr\u00e4ddarsydda f\u00f6r b\u00e5de erfarna seglare, ivriga sportfiskare och v\u00e5ghalsiga kryssare och ett oumb\u00e4rligt tillskott till din utrustning ombord. <\/p>\n<p><strong>Baspaketet<\/strong> inneh\u00e5ller f\u00f6ljande viktiga \u00f6verlevnadsprodukter ( <strong>2337.1<\/strong> ):<\/p>\n<ul>\n<li>GlobalFIX V5 AIS KAT. 2 EPIRB <a href=\"https:\/\/www.acrartex.com\/sv\/products\/globalfix-v5-ais-epirb-med-return-link-service-och-mobilapp\/\">L\u00e4s mer<\/a> <\/li>\n<li>RapidDitch Express-v\u00e4ska <a href=\"https:\/\/www.acrartex.com\/sv\/products\/rapidditch-express-vaska\/\">L\u00e4s mer<\/a><\/li>\n<\/ul>\n<p><strong>Plus-<\/strong> kitet inneh\u00e5ller f\u00f6ljande viktiga \u00f6verlevnadsprodukter ( <strong>2338.1<\/strong> ):<\/p>\n<ul>\n<li>GlobalFIX V5 AIS KAT. 2 EPIRB <a href=\"https:\/\/www.acrartex.com\/sv\/products\/globalfix-v5-ais-epirb-med-return-link-service-och-mobilapp\/\">L\u00e4s mer<\/a> <\/li>\n<li>RapidDitch Express-v\u00e4ska <a href=\"https:\/\/www.acrartex.com\/sv\/products\/rapidditch-express-vaska\/\">L\u00e4s mer<\/a><\/li>\n<li>HemiLight \u21223 <a href=\"https:\/\/www.acrartex.com\/sv\/products\/hemilight-3-med-och-solas-flytvastlampa\/\">L\u00e4s mer<\/a><\/li>\n<li>C-Strobe H2O SOLAS Strobe Light <a href=\"https:\/\/www.acrartex.com\/products\/c-strobe-h20\/\">L\u00e4s mer<\/a><\/li>\n<li>Signalspegel<\/li>\n<li>WW-3 Res-Q\u2122 visselpipa <a href=\"https:\/\/www.acrartex.com\/sv\/products\/ww-3-resq-visselpipa\/\">L\u00e4s mer<\/a><\/li>\n<\/ul>\n<p><strong>Premium-<\/strong> kitet inneh\u00e5ller f\u00f6ljande viktiga \u00f6verlevnadsprodukter ( <strong>2341.1<\/strong> ):<\/p>\n<ul>\n<li>GlobalFIX V5 AIS Cat. 2 EPIRB med Return Link Service och NFC -mobilapp <a href=\"https:\/\/www.acrartex.com\/sv\/products\/globalfix-v5-ais-epirb-med-return-link-service-och-mobilapp\/\">L\u00e4s mer<\/a> <\/li>\n<li>ResQlink View RLS PLB 435 <a href=\"https:\/\/www.acrartex.com\/sv\/products\/resqlink-view-rls-personal-locator-beacon\/\">L\u00e4s mer<\/a><\/li>\n<li>ResQflare elektronisk n\u00f6draket (USCG-certifierad) <a href=\"https:\/\/www.acrartex.com\/sv\/products\/resqflare-elektronisk-led-nodsignal-for-bat\/\">L\u00e4s mer<\/a><\/li>\n<li>FireFly PRO Waterbug \u2013 SOLAS-godk\u00e4nd blixtlampa med inbyggd vattenaktivering <a href=\"https:\/\/www.acrartex.com\/products\/firefly-pro-waterbug\/\">L\u00e4s mer<\/a><\/li>\n<li>RapidDitch Express-v\u00e4ska <a href=\"https:\/\/www.acrartex.com\/sv\/products\/rapidditch-express-vaska\/\">L\u00e4s mer<\/a><\/li>\n<li>HemiLight \u21223 <a href=\"https:\/\/www.acrartex.com\/sv\/products\/hemilight-3-med-och-solas-flytvastlampa\/\">L\u00e4s mer<\/a><\/li>\n<li>Signalspegel<\/li>\n<li>WW-3 Res-Q\u2122 visselpipa <a href=\"https:\/\/www.acrartex.com\/sv\/products\/ww-3-resq-visselpipa\/\">L\u00e4s mer<\/a><\/li>\n<\/ul>\n<p>Vi presenterar den mest avancerade EPIRB ( <a href=\"https:\/\/www.acrartex.com\/sv\/news\/vad-ar-en-epirb-eller-nodpositionsindikerande-radiofyr\/\">N\u00f6dpositionsindikerande radiobeacon<\/a> ) som finns tillg\u00e4nglig. Den nya ACR GlobalFix V5 EPIRB kombinerar 406 MHz satellitanslutning med AIS -funktionalitet ( Automatic Identification System ). Det inneb\u00e4r att n\u00e4r EPIRB aktiveras s\u00e4nder den inte bara din n\u00f6dsignal till det globala satellitr\u00e4ddningssystemet <a href=\"https:\/\/www.cospas-sarsat.int\/en\/\">Cospas Sarsat<\/a> , utan s\u00e4nder ocks\u00e5 ett AIS s\u00e4kerhetsmeddelande p\u00e5 VHF-frekvenser som kan ses omedelbart av alla AIS utrustade fartyg i n\u00e4rheten. Andra fantastiska funktioner inkluderar Return Link Service ( RLS )-teknik som ger anv\u00e4ndaren visuell bekr\u00e4ftelse p\u00e5 att deras n\u00f6dmeddelande har mottagits, en 121,5 MHz m\u00e5ls\u00f6kande signal och synliga och infrar\u00f6da blixtljus f\u00f6r enkel m\u00e5lidentifiering p\u00e5 natten eller vid d\u00e5lig sikt. En annan ny funktion \u00e4r Near Field Communication ( NFC ) som g\u00f6r det m\u00f6jligt f\u00f6r anv\u00e4ndare att \u00f6vervaka sin EPIRB med hj\u00e4lp av en smartphone-app. ACR \u00e4r global ledare inom marin s\u00e4kerhets- och r\u00e4ddningsteknik och den nya GlobalFix V5 GPS EPIRB med AIS kombinerar den h\u00e5llbarhet och tillf\u00f6rlitlighet de \u00e4r k\u00e4nda f\u00f6r med avancerad teknik utformad f\u00f6r att snabba upp r\u00e4ddningsresponstiden.     <\/p>\n<h3><strong>Snabbare AIS EPIRB r\u00e4ddningar genom kombinationen av global och lokal r\u00e4ddning<\/strong><\/h3>\n<p>ACR GlobalFix V5 EPIRB ber\u00e4knar exakt sin position var som helst i v\u00e4rlden med hj\u00e4lp av GNSS ( GPS , Galileo, Glonass) positioneringsn\u00e4tverk. Vid aktivering vidarebefordrar 406 MHz n\u00f6ds\u00e4ndningar GPS EPIRB (GPIRB) position, med en noggrannhet p\u00e5 100 meter, till det globala Cospas Sarsat s\u00f6k- och r\u00e4ddningssatellitn\u00e4tverket. EPIRB -identifierare och positionsinformation vidarebefordras till markstationer via satellitsystemet och initierar r\u00e4ddningsinsatser. Med avancerad AIS teknik som nu \u00e4r integrerad i EPIRB s\u00e4nds en AIS signal ut n\u00e4r den aktiverats, s\u00e5 att n\u00e4rliggande fartyg utrustade med en AIS transponder omedelbart meddelas om b\u00e5tens fyrs position. AIS utrustade fartyg inom VHF-r\u00e4ckvidd fr\u00e5n fyrs\u00e4ndaren kommer att se ett s\u00e4kerhetsmeddelande p\u00e5 sina sk\u00e4rmar, inklusive MMSI-fartygsidentifiering. Fartyg i omr\u00e5det d\u00e4r EPIRB har aktiverats kan sedan omedelbart starta r\u00e4ddnings- och b\u00e4rgningsinsatser utan att beh\u00f6va v\u00e4nta p\u00e5 n\u00f6dinsatser fr\u00e5n till\u00e4mplig SAR-myndighet. AIS g\u00f6r det ocks\u00e5 m\u00f6jligt f\u00f6r lokala r\u00e4ddningstj\u00e4nster att enkelt lokalisera EPIRB :ns position, som presenteras som ett AIS m\u00e5l p\u00e5 deras inbyggda sk\u00e4rm. N\u00e4rliggande fartyg med inbyggd AIS kan navigera direkt till EPIRB genom att v\u00e4lja AIS m\u00e5let.        Denna otroliga tekniska utveckling kommer att p\u00e5skynda \u00e5terh\u00e4mtningstiden vilket garanterat kommer att r\u00e4dda liv.<\/p>\n<h3><strong>Smartphone-anslutning med hj\u00e4lp av Near Field Communication ( NFC )<\/strong><\/h3>\n<p><a href=\"https:\/\/www.youtube.com\/watch?v=WqE0ag4yqG4\">NFC teknik ( Near Field Communication )<\/a> g\u00f6r det m\u00f6jligt f\u00f6r anv\u00e4ndare att f\u00e5 \u00e5tkomst till EPIRB diagnostik med sina smartphones. N\u00e4r en smartphone placeras intill GlobalFix V5 n\u00f6dpositioneringsindikerande radios\u00e4ndare \u00f6ppnas ACR produktappen automatiskt och ger \u00e5tkomst till fyrsignalernas data. Information om fyrsignalernas status i appen inkluderar aktuell batteritid, antal slutf\u00f6rda sj\u00e4lvtester, antal slutf\u00f6rda GNSS-tester och hur l\u00e4nge EPIRB har aktiverats. Detaljerad information om varje sj\u00e4lvtest och GNSS-test som utf\u00f6rs av enheten finns ocks\u00e5 tillg\u00e4nglig. GNSS-tester visar en kartvy som preciserar var det f\u00f6reg\u00e5ende testet utf\u00f6rdes, datum och tid f\u00f6r testet, hur l\u00e5ng tid det tog f\u00f6r EPIRB att f\u00e5 en fixering av GNSS-koordinaterna, antalet satelliter som anv\u00e4ndes f\u00f6r att erh\u00e5lla den fixeringen och fixeringens noggrannhet. Enkel app-anslutning med NFC g\u00f6r det m\u00f6jligt f\u00f6r anv\u00e4ndare att enkelt kontrollera statusen f\u00f6r alla EPIRB funktioner f\u00f6r att s\u00e4kerst\u00e4lla att de fungerar korrekt.     <\/p>\n<h3><strong>Return Link Service ( RLS )<\/strong><\/h3>\n<p>Return Link Service informerar den som utl\u00f6ser EPIRB att n\u00f6dmeddelandet har levererats. En RLS -signal som skickas tillbaka via Galileos satellitn\u00e4tverk bekr\u00e4ftar att n\u00f6dmeddelandet tillsammans med den exakta fyrens plats och identifierare har uppt\u00e4ckts. Ett tydligt blinkande bl\u00e5tt ljus indikerar att EPIRB :n framg\u00e5ngsrikt har mottagit Return Link-meddelandet fr\u00e5n Galileos satellitn\u00e4tverk. Tryggheten i att veta att r\u00e4ddningspersonal \u00e4r medvetna om att en EPIRB har aktiverats och att de har dess plats hj\u00e4lper till att minska stressen i samband med n\u00f6dsituationer.   <\/p>\n<p>ACR specialiserar sig p\u00e5 elektroniska r\u00e4ddningsanordningar och andra livr\u00e4ddande produkter utformade f\u00f6r b\u00e5de professionella och fritidssj\u00f6m\u00e4n. Med till\u00e4gget av AIS erbjuder den innovativa nya ACR GlobalFix V5 EPIRB den enklaste och snabbaste v\u00e4gen till r\u00e4ddning. Return Link Service ger en v\u00e4lkommen k\u00e4nsla av trygghet i vetskapen om att ditt n\u00f6dmeddelande har mottagits och Near Field Communication ger tillg\u00e5ng till data och produktfunktioner som aldrig tidigare har varit tillg\u00e4ngliga f\u00f6r n\u00e5gon EPIRB kund. De nya och avancerade funktionerna hos GlobalFix V5 EPIRB g\u00f6r den perfekt f\u00f6r sj\u00f6m\u00e4n oavsett om de kryssar l\u00e4ngs kusten, arbetar offshore eller korsar hav.   <\/p>\n","protected":false},"excerpt":{"rendered":"<h4><span style=\"color: #000000;\"><strong>Stolt tillverkad i USA!<\/strong><\/span><\/h4>\n<p><a href=\"https:\/\/www.dropbox.com\/s\/fk04stqsp2hgk5f\/Prop%2065%20-%20DEHP.pdf?dl=0\">VARNING: F\u00d6RSLAG 65<\/a><\/p>\n","protected":false},"featured_media":88813,"template":"","meta":{"_acf_changed":false,"om_disable_all_campaigns":false},"product_brand":[],"product_cat":[5822,5826,5583,14659,5823,5825,2927],"product_tag":[8219,8295,15307,8220,11654,15315,15319,15313,15311,6747,9104,13062,7273,15309,15317,11866,15321],"class_list":{"0":"post-159322","1":"product","2":"type-product","3":"status-publish","4":"has-post-thumbnail","6":"product_cat-inat-landet","7":"product_cat-kommersiell","8":"product_cat-marin","9":"product_cat-marin-sakerhetsutrustning","10":"product_cat-nara-stranden","11":"product_cat-till-havs","12":"product_cat-okategoriserad","13":"product_tag-406-epirb-sv","14":"product_tag-406-mhz-fyr","15":"product_tag-acr-406-epirb-sv","16":"product_tag-acr-globalfix-sv","17":"product_tag-acr-personlig-lokaliseringsfyr-sv","18":"product_tag-ais-beacon-sv","19":"product_tag-ais-epirb-sv","20":"product_tag-ais-sakerhetskit","21":"product_tag-batliv","22":"product_tag-batsakerhet","23":"product_tag-batsakerhetsvaska","24":"product_tag-global-raddning","25":"product_tag-hemilight-sv","26":"product_tag-overlevnadskit-for-batar","27":"product_tag-sakerhetssats-for-batar","28":"product_tag-signalfacklor","29":"product_tag-stobe-sv","31":"first","32":"instock","33":"taxable","34":"shipping-taxable","35":"purchasable","36":"product-type-variable"},"acf":[],"_links":{"self":[{"href":"https:\/\/www.acrartex.com\/sv\/wp-json\/wp\/v2\/product\/159322","targetHints":{"allow":["GET"]}}],"collection":[{"href":"https:\/\/www.acrartex.com\/sv\/wp-json\/wp\/v2\/product"}],"about":[{"href":"https:\/\/www.acrartex.com\/sv\/wp-json\/wp\/v2\/types\/product"}],"wp:featuredmedia":[{"embeddable":true,"href":"https:\/\/www.acrartex.com\/sv\/wp-json\/wp\/v2\/media\/88813"}],"wp:attachment":[{"href":"https:\/\/www.acrartex.com\/sv\/wp-json\/wp\/v2\/media?parent=159322"}],"wp:term":[{"taxonomy":"product_brand","embeddable":true,"href":"https:\/\/www.acrartex.com\/sv\/wp-json\/wp\/v2\/product_brand?post=159322"},{"taxonomy":"product_cat","embeddable":true,"href":"https:\/\/www.acrartex.com\/sv\/wp-json\/wp\/v2\/product_cat?post=159322"},{"taxonomy":"product_tag","embeddable":true,"href":"https:\/\/www.acrartex.com\/sv\/wp-json\/wp\/v2\/product_tag?post=159322"}],"curies":[{"name":"wp","href":"https:\/\/api.w.org\/{rel}","templated":true}]}}