{"id":159291,"date":"2024-06-11T10:06:29","date_gmt":"2024-06-11T15:06:29","guid":{"rendered":"https:\/\/www.acrartex.com\/products\/exposure-olas-man-overboard-float-on-light-vattentat-handhallen-lampa-och-mob-sandare\/"},"modified":"2025-07-29T14:01:08","modified_gmt":"2025-07-29T19:01:08","slug":"exposure-olas-man-overboard-float-on-light-vattentat-handhallen-lampa-och-mob-sandare","status":"publish","type":"product","link":"https:\/\/www.acrartex.com\/sv\/products\/exposure-olas-man-overboard-float-on-light-vattentat-handhallen-lampa-och-mob-sandare\/","title":{"rendered":"EXPOSURE OLAS Man Overboard Float On Light \u2013 Vattent\u00e4t, handh\u00e5llen lampa och MOB s\u00e4ndare"},"content":{"rendered":"<div class=\"panel-block-row col-md-12 title-v7\">\n<div class=\"content-heading\">\n<h3 class=\"title\"><strong style=\"font-size: 16px;\">Sp\u00e5ra OLAS -s\u00e4ndare direkt med din telefon \u2013 ingen extra h\u00e5rdvara beh\u00f6vs<\/strong><\/h3>\n<\/div>\n<\/div>\n<p>OLAS -appen \u00e4r tillg\u00e4nglig gratis p\u00e5 b\u00e5de iOS- och Android-enheter, vilket g\u00f6r att du enkelt kan \u00f6vervaka upp till 6 OLAS s\u00e4ndare. Perfekt f\u00f6r fartyg upp till 30 fot l\u00e5nga, detta \u00e4r en kostnadseffektiv l\u00f6sning f\u00f6r snabb sj\u00e4lv\u00e5terh\u00e4mtning, perfekt f\u00f6r seglings\u00e4ventyr p\u00e5 bl\u00e5tt vatten ensam eller med liten bes\u00e4ttning. <\/p>\n<p><strong>Fri att r\u00f6ra sig samtidigt som du \u00e4r s\u00e4ker<\/strong><\/p>\n<p>Koppla ihop OLAS -s\u00e4ndare med Guardian- eller N2K-motorstoppsystem f\u00f6r att fungera som tr\u00e5dl\u00f6sa avst\u00e4ngningslinor. Detta s\u00e4kerst\u00e4ller att motorb\u00e5ts- och RIB-f\u00f6rare omedelbart kan stoppa sitt fartyg om skepparen eller bes\u00e4ttningen blir separerade, vilket f\u00f6rhindrar olyckor fr\u00e5n obemannade, okontrollerade b\u00e5tar. Det \u00e4r en viktig s\u00e4kerhetsl\u00f6sning f\u00f6r ensamstyrda motorfartyg och fiskeb\u00e5tar, vilket ger r\u00f6relsefrihet runt fartyget under drift.  <\/p>\n<h3 class=\"subheading mt sm-mt size--default sm-size--default\">B\u00e4rbart \u00f6verbordslarmsystem<\/h3>\n<p>Para ihop OLAS -s\u00e4ndare med OLAS Core, ett b\u00e4rbart 5V-\u00f6verbordslarmsystem som kan sp\u00e5ra upp till 25 s\u00e4ndare p\u00e5 fartyg upp till 15 meter l\u00e5nga. Systemet \u00e4r oumb\u00e4rligt f\u00f6r anv\u00e4ndare som g\u00e5r ombord p\u00e5 fartyg utan installerade \u00f6verbordslarmsystem, till exempel vid charterresor eller leveranser av fartyg med begr\u00e4nsad kapacitet. <\/p>\n<p style=\"margin: 0in 0in 0.0001pt;\"><span style=\"font-size: 16px;\"><span style=\"line-height: 150%;\">  <\/span><\/span><\/p>\n<p style=\"text-align: justify; margin: 0in 0in 0.0001pt;\"><span style=\"font-size: 16px;\"><span style=\"line-height: 150%;\"><b>Viktiga funktioner:<\/b><\/span><\/span><\/p>\n<ul>\n<li style=\"text-align: justify; margin: 0in 0in 0.0001pt;\"><span style=\"font-size: 16px;\"><span style=\"line-height: 150%;\"><a name=\"_Hlk8669295\"><\/a>  OLAS gratis mobilappintegration<\/span><\/span><\/li>\n<li style=\"margin: 0in 0in 0.0001pt;\"><span style=\"font-size: 16px;\"><span style=\"line-height: 150%;\">LED-ficklampa (l\u00e5g\/medel\/h\u00f6g)<\/span><\/span><\/li>\n<li style=\"margin: 0in 0in 0.0001pt;\"><span style=\"font-size: 16px;\"><span style=\"line-height: 150%;\">Vattenaktiverad stroboskoplampa<\/span><\/span><\/li>\n<li style=\"margin: 0in 0in 0.0001pt;\"><span style=\"font-size: 16px;\"><span style=\"line-height: 150%;\">Vattent\u00e4t (IP67)<\/span><\/span><\/li>\n<li style=\"margin: 0in 0in 0.0001pt;\"><span style=\"font-size: 16px;\"><span style=\"line-height: 150%;\">Flytande<\/span><\/span><\/li>\n<li style=\"margin: 0in 0in 0.0001pt;\"><span style=\"font-size: 16px;\"><span style=\"line-height: 150%;\"><a name=\"_Hlk8669342\"><\/a>Bluetooth\u00ae 4.1-kompatibel<\/span><\/span><\/li>\n<li style=\"margin: 0in 0in 0.0001pt;\"><span style=\"font-size: 16px;\"><span style=\"line-height: 150%;\">Batterilivsindikator<\/span><\/span><\/li>\n<li style=\"margin: 0in 0in 0.0001pt;\"><span style=\"font-size: 16px;\"><span style=\"line-height: 150%;\">Snabbladdning (3 timmar)<\/span><\/span><\/li>\n<li style=\"margin: 0in 0in 0.0001pt;\"><span style=\"font-size: 16px;\"><span style=\"line-height: 150%;\">USB-laddningsbar<\/span><\/span><\/li>\n<\/ul>\n","protected":false},"excerpt":{"rendered":"<p>OLAS Float-On \u00e4r en vattent\u00e4t, flytande ficklampa och OLAS s\u00e4ndare. Den unika integrationen av Exposures MOB teknik (vattenaktiverat stroboskop) och OLAS -anslutning i en produkt skapar ett multifunktionellt s\u00e4kerhetshj\u00e4lpmedel f\u00f6r b\u00e5de nyb\u00f6rjare och erfarna b\u00e5tf\u00f6rare. Kombinationen av larmet och det kraftfulla stroboskopet hj\u00e4lper till att s\u00e4kerst\u00e4lla att MOB syns under hela r\u00e4ddningsinsatsen.  <\/p>\n<p>OLAS Float-On sp\u00e5ras av OLAS applikationen medan de \u00e4r ombord fr\u00e5n den mobila enheten eller via Core, Guardian och Extender.<\/p>\n<p><strong>F\u00f6rdelar med OLAS Float-On<\/strong> Uppladdningsbar OLAS s\u00e4ndare Vattent\u00e4t Flytande Vattenaktiverad blixt (MOBT) Batteri\u00e5terkoppling USB Uppladdningsbar OLAS appen kr\u00e4ver minst IOS11 eller Android 5.1 f\u00f6r att fungera.<\/p>\n<p><strong>I l\u00e5dan:<\/strong> OLAS Float-On, Micro USB-laddningskabel, anv\u00e4ndarmanual<\/p>\n<p style=\"margin-top: 0in; margin-right: 0in; margin-left: 0in;\"><span style=\"font-size: 16px;\"><span style=\"background: white;\"><span style=\"line-height: 150%;\"> <\/span><\/span><\/span><\/p>\n<p style=\"margin-top: 0in; margin-right: 0in; margin-left: 0in;\"><a href=\"https:\/\/www.dropbox.com\/s\/fk04stqsp2hgk5f\/Prop%2065%20-%20DEHP.pdf?dl=0\">VARNING: F\u00d6RSLAG 65<\/a><\/p>\n<p>&nbsp;<\/p>\n<p>&nbsp;<\/p>\n","protected":false},"featured_media":159292,"template":"","meta":{"_acf_changed":false,"om_disable_all_campaigns":false},"product_brand":[],"product_cat":[5822,5826,5583,5823,5825],"product_tag":[13879,13891,13064,13909,13868,13901,9628,12082,9623,12099,12670,11081],"class_list":{"0":"post-159291","1":"product","2":"type-product","3":"status-publish","4":"has-post-thumbnail","6":"product_cat-inat-landet","7":"product_cat-kommersiell","8":"product_cat-marin","9":"product_cat-nara-stranden","10":"product_cat-till-havs","11":"product_tag-2982-sv","12":"product_tag-besattning-overbord","13":"product_tag-bluetooth-sv","14":"product_tag-ficklampa","15":"product_tag-flytande-sv","16":"product_tag-majskolv","17":"product_tag-man-overbord","18":"product_tag-man-overbord-system","19":"product_tag-mob-sv","20":"product_tag-mobbsystemet","21":"product_tag-olas-sv","22":"product_tag-stroboskopljus-sv","23":"pa_boat-size-0-20-sv","24":"pa_boat-size-21-40-sv","25":"pa_boat-size-40-80-sv","26":"pa_boat-size-80-sv","27":"pa_boat-type-bogserbat","28":"pa_boat-type-charter-yacht-sv","29":"pa_boat-type-kommersiellt-fiske","30":"pa_boat-type-lastfartyg","31":"pa_boat-type-motorbat","32":"pa_boat-type-segelbat","33":"pa_boat-type-sportcraft-sv","34":"pa_boat-type-yacht-sv","35":"pa_product-signaleringsprodukter-sv","37":"first","38":"instock","39":"taxable","40":"shipping-taxable","41":"purchasable","42":"product-type-simple"},"acf":[],"_links":{"self":[{"href":"https:\/\/www.acrartex.com\/sv\/wp-json\/wp\/v2\/product\/159291","targetHints":{"allow":["GET"]}}],"collection":[{"href":"https:\/\/www.acrartex.com\/sv\/wp-json\/wp\/v2\/product"}],"about":[{"href":"https:\/\/www.acrartex.com\/sv\/wp-json\/wp\/v2\/types\/product"}],"wp:featuredmedia":[{"embeddable":true,"href":"https:\/\/www.acrartex.com\/sv\/wp-json\/wp\/v2\/media\/159292"}],"wp:attachment":[{"href":"https:\/\/www.acrartex.com\/sv\/wp-json\/wp\/v2\/media?parent=159291"}],"wp:term":[{"taxonomy":"product_brand","embeddable":true,"href":"https:\/\/www.acrartex.com\/sv\/wp-json\/wp\/v2\/product_brand?post=159291"},{"taxonomy":"product_cat","embeddable":true,"href":"https:\/\/www.acrartex.com\/sv\/wp-json\/wp\/v2\/product_cat?post=159291"},{"taxonomy":"product_tag","embeddable":true,"href":"https:\/\/www.acrartex.com\/sv\/wp-json\/wp\/v2\/product_tag?post=159291"}],"curies":[{"name":"wp","href":"https:\/\/api.w.org\/{rel}","templated":true}]}}