{"id":159272,"date":"2024-06-11T10:23:22","date_gmt":"2024-06-11T15:23:22","guid":{"rendered":"https:\/\/www.acrartex.com\/products\/exposure-olas-multi-engine-kontakt\/"},"modified":"2024-06-11T10:23:22","modified_gmt":"2024-06-11T15:23:22","slug":"exposure-olas-multi-engine-kontakt","status":"publish","type":"product","link":"https:\/\/www.acrartex.com\/sv\/products\/exposure-olas-multi-engine-kontakt\/","title":{"rendered":"EXPOSURE OLAS Multi Engine-kontakt"},"content":{"rendered":"","protected":false},"excerpt":{"rendered":"<p>OLAS multimotorkontakten \u00e4r utformad f\u00f6r att fungera med flera utombordsmotorer, upp till totalt 3. Den har utformats f\u00f6r att fungera med OLAS N2K NMEA 2000 tr\u00e5dl\u00f6s motoravst\u00e4ngningsbrytare och man-\u00f6ver-bord-larmsystem eller med OLAS Guardian tr\u00e5dl\u00f6s motoravst\u00e4ngningsbrytare och man-\u00f6ver-bord-larmsystem. Detta tillbeh\u00f6r, som oftast beh\u00f6vs p\u00e5 Yamahas tv\u00e5- och tremotoriga b\u00e5tar, ansluter flera motorer till ett enda avst\u00e4ngningssystem.  <\/p>\n<p>F\u00f6r kopplingsanvisningar, se kopplingsschemat f\u00f6r flermotorkontakter som ing\u00e5r som en av produktbilderna p\u00e5 denna produktsida.<\/p>\n<p class=\"x\" style=\"margin: 0in; text-align: start; margin-right: 0in; margin-left: 0in;\"><span style=\"font-size: 12pt;\"><span style=\"background: white;\"> <\/span><\/span><\/p>\n<p class=\"x\" style=\"margin: 0in; text-align: start; margin-right: 0in; margin-left: 0in;\"><a href=\"https:\/\/www.dropbox.com\/s\/fk04stqsp2hgk5f\/Prop%2065%20-%20DEHP.pdf?dl=0\">VARNING: F\u00d6RSLAG 65<\/a><\/p>\n","protected":false},"featured_media":159275,"template":"","meta":{"_acf_changed":false,"om_disable_all_campaigns":false},"product_brand":[],"product_cat":[5822,5826,5583,5823,5825],"product_tag":[15243,15244,15253,15259,15250,15247,15256,15262],"class_list":{"0":"post-159272","1":"product","2":"type-product","3":"status-publish","4":"has-post-thumbnail","6":"product_cat-inat-landet","7":"product_cat-kommersiell","8":"product_cat-marin","9":"product_cat-nara-stranden","10":"product_cat-till-havs","11":"product_tag-flermotorkontakt","12":"product_tag-flermotorsele","13":"product_tag-olas-guardian-flermotorsele","14":"product_tag-olas-guardian-multi-engine-kontakt","15":"product_tag-olas-mec-sv","16":"product_tag-olas-multi-engine-kontakt","17":"product_tag-olas-n2k-flermotorsele","18":"product_tag-olas-n2k-multi-engine-kontakt","20":"first","21":"instock","22":"taxable","23":"shipping-taxable","24":"purchasable","25":"product-type-simple"},"acf":[],"_links":{"self":[{"href":"https:\/\/www.acrartex.com\/sv\/wp-json\/wp\/v2\/product\/159272","targetHints":{"allow":["GET"]}}],"collection":[{"href":"https:\/\/www.acrartex.com\/sv\/wp-json\/wp\/v2\/product"}],"about":[{"href":"https:\/\/www.acrartex.com\/sv\/wp-json\/wp\/v2\/types\/product"}],"wp:featuredmedia":[{"embeddable":true,"href":"https:\/\/www.acrartex.com\/sv\/wp-json\/wp\/v2\/media\/159275"}],"wp:attachment":[{"href":"https:\/\/www.acrartex.com\/sv\/wp-json\/wp\/v2\/media?parent=159272"}],"wp:term":[{"taxonomy":"product_brand","embeddable":true,"href":"https:\/\/www.acrartex.com\/sv\/wp-json\/wp\/v2\/product_brand?post=159272"},{"taxonomy":"product_cat","embeddable":true,"href":"https:\/\/www.acrartex.com\/sv\/wp-json\/wp\/v2\/product_cat?post=159272"},{"taxonomy":"product_tag","embeddable":true,"href":"https:\/\/www.acrartex.com\/sv\/wp-json\/wp\/v2\/product_tag?post=159272"}],"curies":[{"name":"wp","href":"https:\/\/api.w.org\/{rel}","templated":true}]}}