{"id":159224,"date":"2024-06-11T14:16:22","date_gmt":"2024-06-11T19:16:22","guid":{"rendered":"https:\/\/www.acrartex.com\/products\/exposure-olas-core-kompakt-barbart-overbordslarm-och-nodljussystem\/"},"modified":"2025-11-26T07:05:45","modified_gmt":"2025-11-26T12:05:45","slug":"exposure-olas-core-kompakt-barbart-overbordslarm-och-nodljussystem","status":"publish","type":"product","link":"https:\/\/www.acrartex.com\/sv\/products\/exposure-olas-core-kompakt-barbart-overbordslarm-och-nodljussystem\/","title":{"rendered":"EXPOSURE OLAS CORE \u2013 Kompakt b\u00e4rbart \u00f6verbordslarm och n\u00f6dljussystem"},"content":{"rendered":"<h3 class=\"title\">Vad den g\u00f6r<\/h3>\n<p>Core sp\u00e5rar tr\u00e5dl\u00f6st OLAS s\u00e4ndare runt fartyget. N\u00e4r en person som b\u00e4r en s\u00e4ndare faller \u00f6verbord utl\u00f6ses det inbyggda larmet och ett kraftigt n\u00f6dljus med r\u00f6d lampa ger en visuell indikation och lyser upp omgivningen, allt inom 4 sekunder. <\/p>\n<p>F\u00f6rutom att utl\u00f6sa larmet ansluter Core till den kostnadsfria mobilappen OLAS , vilket ger en l\u00e4ttl\u00e4st pil tillbaka till varningspositionen plus viktig information om MOB senast k\u00e4nda position och automatiskt ifyllda VHF-sk\u00e4rmar f\u00f6r att st\u00f6dja bes\u00e4ttningen under den stressiga b\u00e4rgningsoperationen.<\/p>\n<p>&nbsp;<\/p>\n<h3>Varf\u00f6r anv\u00e4nda OLAS CORE<\/h3>\n<p>Core ger skeppare fullst\u00e4ndig f\u00f6rtroende f\u00f6r att hela bes\u00e4ttningen larmas omedelbart och kan vidta omedelbara r\u00e4ddnings\u00e5tg\u00e4rder i h\u00e4ndelse av en MOB -incident.<\/p>\n<p>Att f\u00f6rlora en bes\u00e4ttningsmedlem \u00f6verbord \u00e4r varje seglares v\u00e4rsta mardr\u00f6m. Ju st\u00f6rre b\u00e5ten \u00e4r, desto sv\u00e5rare kan det vara att omedelbart veta att en MOB incident har intr\u00e4ffat, s\u00e4rskilt i m\u00f6rkret med bes\u00e4ttningsmedlemmar framf\u00f6r masten. <\/p>\n<p>Det kan h\u00e4nda alltf\u00f6r l\u00e4tt \u00e4ven under gynnsamma f\u00f6rh\u00e5llanden. Att b\u00e4ra en fysisk f\u00f6rt\u00f6jning \u00e4r visserligen tillr\u00e5dligt, men det \u00e4r inte alltid praktiskt, och att falla \u00f6verbord p\u00e5 en f\u00f6rt\u00f6jning har visat sig inte vara n\u00e5gon garanti f\u00f6r \u00f6verlevnad om b\u00e5ten \u00e4r i full fart och skepparen inte omedelbart \u00e4r medveten om h\u00e4ndelsen. <\/p>\n<p>&nbsp;<\/p>\n<h3>Vem \u00e4r det f\u00f6r<\/h3>\n<p>Core ansluts till 25 bes\u00e4ttningsmedlemmar via b\u00e4rbara OLAS -taggs\u00e4ndare, vilket skapar en virtuell livlina. St\u00f6rre fartyg kan utrustas med en OLAS f\u00f6rl\u00e4ngare som \u00f6kar r\u00e4ckvidden fr\u00e5n 15 meter till 30 meter. L\u00e4mplig f\u00f6r alla som ger sig ut p\u00e5 vattnet och s\u00f6ker extra s\u00e4kerhet och sinnesro. OLAS -taggarna \u00e4r kompakta, l\u00e4tta och har utbytbara batterier, l\u00e4mpliga f\u00f6r vuxna, barn, husdjur eller viktiga f\u00f6rem\u00e5l som kan falla \u00f6verbord.   <\/p>\n<p>&nbsp;<\/p>\n<h3>K\u00e4rnf\u00f6rdelar<\/h3>\n<div class=\"col-sm-6 col-xs-12\">\n<p><strong>OLAS -integration  <\/strong><\/p>\n<p>Alla OLAS -s\u00e4ndande enheter, OLAS taggar och OLAS Float-On LED-lampa, inom r\u00e4ckh\u00e5ll kan sp\u00e5ras av CORE, vilket ger bes\u00e4ttningen frihet att r\u00f6ra sig runt p\u00e5 d\u00e4ck, med fullst\u00e4ndig tillf\u00f6rsikt om att ett tidigt varningssystem omedelbart varnar dem om en MOB incident, s\u00e5 att en snabb \u00e5terh\u00e4mtning kan vidtas.<\/p>\n<p><strong>Ansluts till 25 OLAS s\u00e4ndare ( OLAS taggar eller OLAS Float-On)<\/strong><\/p>\n<p>Genom att ansluta upp till 25 OLAS -s\u00e4ndare kan CORE anv\u00e4ndas ombord p\u00e5 st\u00f6rre fartyg. OLAS -s\u00e4ndare \u00e4r inte bara utformade f\u00f6r bes\u00e4ttningen, genom att helt enkelt f\u00e4sta en s\u00e4ndare p\u00e5 f\u00f6rem\u00e5l som MOB , hunden eller en yachttender kan du alltid vara medveten om n\u00e5got har f\u00f6rsvunnit. <\/p>\n<p><strong>F\u00f6rl\u00e4ngarkompatibel<\/strong><\/p>\n<p>En OLAS f\u00f6rl\u00e4ngare, som ocks\u00e5 \u00e4r 5V USB-driven med ett internt uppladdningsbart batteri, kan anv\u00e4ndas f\u00f6r att t\u00e4cka omr\u00e5den d\u00e4r s\u00e4ndarsignalen kan blockeras. Detta m\u00f6jligg\u00f6r fullst\u00e4ndig skalbarhet och portabilitet till fartyg upp till 24 meter. <\/p>\n<p><strong>B\u00e4rbar med l\u00e5g str\u00f6mf\u00f6rbrukning \u2013 5V USB<\/strong><\/p>\n<p>Den b\u00e4rbara modulen drivs av en 5V USB-str\u00f6mf\u00f6rs\u00f6rjning, vilket g\u00f6r att den kan anv\u00e4ndas p\u00e5 olika fartyg utan h\u00e5rd kabeldragning.<\/p>\n<\/div>\n<div class=\"col-sm-6 col-xs-12\">\n<p><strong>Inbyggt larm<\/strong><\/p>\n<p>Ett 85 dB-larm ljuder f\u00f6r att indikera att en OLAS s\u00e4ndare har hamnat utanf\u00f6r r\u00e4ckh\u00e5ll. CORE kan kopplas till OLAS -appen s\u00e5 att larm kan placeras p\u00e5 tv\u00e5 platser p\u00e5 fartyget. <\/p>\n<p><strong>Inbyggd n\u00f6dbelysning<\/strong><\/p>\n<p>En kraftfull r\u00f6d n\u00f6dlampa t\u00e4nds och ger en tydlig visuell indikation p\u00e5 ett larm, samtidigt som den fungerar som en lampa f\u00f6r att belysa omr\u00e5det f\u00f6r att underl\u00e4tta r\u00e4ddningsinsatsen p\u00e5 natten.<\/p>\n<p><strong>System\u00e5terkoppling<\/strong><\/p>\n<p>CORE visar tydligt hur m\u00e5nga OLAS s\u00e4ndare som \u00e4r anslutna under installationsprocessen. S\u00e4ndare kan l\u00e4ggas till\/tas bort fr\u00e5n systemet antingen med hj\u00e4lp av mobilappen eller genom en enkel inbyggd v\u00e4xlingsprocess. <\/p>\n<\/div>\n<h3>Funktioner i mobilappen<\/h3>\n<p>Core man\u00f6vreras enkelt via OLAS -appen, som kan laddas ner gratis fr\u00e5n App Store f\u00f6r iOS och Google Play Store f\u00f6r Android. OLAS -appen kr\u00e4ver en enhet som k\u00f6r minst IOS11 eller Android 5.1 f\u00f6r att fungera. OLAS -appen \u00e4r ett kraftfullt verktyg f\u00f6r att styra Core-funktionerna och f\u00f6r att underl\u00e4tta snabb r\u00e4ddning. Appen erbjuder f\u00f6ljande funktioner:   <\/p>\n<ul>\n<li>\u00d6vervaka alla OLAS -s\u00e4ndare som sp\u00e5ras.<\/li>\n<li>Anpassa OLAS s\u00e4ndarnamn s\u00e5 att de \u00e4r enkla att tilldela.<\/li>\n<li>Kontrollera batteristatus f\u00f6r OLAS -s\u00e4ndare<\/li>\n<li>L\u00e4gg till nya OLAS -s\u00e4ndare i systemet<\/li>\n<li>Justera tiden innan Core reagerar p\u00e5 en s\u00e4ndare \u00f6verbord mellan 2 sekunder och 15 sekunder, vilket ger mer frihet runt st\u00f6rre fartyg.<\/li>\n<li>Externt larml\u00e4ge aktiverar den inbyggda brytaren tills det avbryts manuellt. Detta g\u00f6r att externa larm med h\u00f6g effekt kan seriekopplas. <\/li>\n<li>Pausa larml\u00e4get<\/li>\n<li>utl\u00f6sa det externa larmet om en Tag-b\u00e4rare \u00e4r utom r\u00e4ckh\u00e5ll p\u00e5 b\u00e5de Core och din mobila enhet.<\/li>\n<li>Justera tiden innan avst\u00e4ngningsbrytaren eller larmet utl\u00f6ses \u2013 vilket ger st\u00f6rre frihet<\/li>\n<li>Maximal volymlarm och vibration p\u00e5 din mobiltelefon, synkroniserat med Core.<\/li>\n<li>Indikation p\u00e5 vilken s\u00e4ndare som har utl\u00f6st larmet.<\/li>\n<li>Registrera GPS positionen d\u00e4r larmet utl\u00f6stes \u2022 Tydlig v\u00e4gledning tillbaka till GPS positionen d\u00e4r larmet utl\u00f6stes.<\/li>\n<li>Tydlig visning av tid och GPS position f\u00f6r var larmet utl\u00f6stes samt anv\u00e4ndarens nuvarande plats.<\/li>\n<li>VHF-n\u00f6dskript med automatiskt inmatade GPS -koordinater och anpassad fartygsinformation. Solol\u00e4ge.<\/li>\n<li>Utformad f\u00f6r b\u00e5tturer p\u00e5 egen hand inom 2G-mobilr\u00e4ckvidd eller offshore Wifi. Solol\u00e4get skickar ett automatiskt textmeddelande till ett anpassat nummer med din plats och tidpunkt f\u00f6r h\u00e4ndelsen. Om en sj\u00e4lvr\u00e4ddning hanteras skickas ett automatiskt textmeddelande som avbryter larmet.  <\/li>\n<\/ul>\n<h3 class=\"title\">Installation och montering<\/h3>\n<ul>\n<li>USB-anslutning \u2013 anslut bara till valfri 5V USB-str\u00f6mf\u00f6rs\u00f6rjning och b\u00f6rja m\u00e4ta (obs: inte kompatibel med alla b\u00e4rbara powerbanks p\u00e5 grund av l\u00e5g str\u00f6mf\u00f6rbrukning)<\/li>\n<li>Automatisk uppstart.<\/li>\n<li>Varning vid ingen anslutning \u2013 automatisk varning n\u00e4r inga OLAS s\u00e4ndare finns inom r\u00e4ckh\u00e5ll, vilket uppmanar till installation.<\/li>\n<li>Monteringsh\u00e5l f\u00f6r permanent montering \u2022 Tejpsp\u00e5r f\u00f6r semipermanent inf\u00e4stning.<\/li>\n<\/ul>\n","protected":false},"excerpt":{"rendered":"<p>Core \u00e4r ett kompakt, portabelt \u00f6verbordslarm och n\u00f6dljussystem. Det reagerar inom 2 sekunder efter att en person fallit \u00f6verbord och kan enkelt v\u00e4xlas mellan fartyg utan den tid och kostnad som en kabelansluten installation medf\u00f6r. Core kan anslutas till upp till 25 OLAS -s\u00e4ndare och t\u00e4cka ett fartyg upp till 15 meter.  <\/p>\n<p><a href=\"https:\/\/www.dropbox.com\/s\/fk04stqsp2hgk5f\/Prop%2065%20-%20DEHP.pdf?dl=0\">VARNING: F\u00d6RSLAG 65<\/a><\/p>\n","protected":false},"featured_media":164637,"template":"","meta":{"_acf_changed":false,"om_disable_all_campaigns":false},"product_brand":[],"product_cat":[5822,5826,5583,5823,5825],"product_tag":[13064,14802,12366,9628,12082,9623],"class_list":{"0":"post-159224","1":"product","2":"type-product","3":"status-publish","4":"has-post-thumbnail","6":"product_cat-inat-landet","7":"product_cat-kommersiell","8":"product_cat-marin","9":"product_cat-nara-stranden","10":"product_cat-till-havs","11":"product_tag-bluetooth-sv","12":"product_tag-bluetooth-larm-for-man-overbord","13":"product_tag-gps-sparning","14":"product_tag-man-overbord","15":"product_tag-man-overbord-system","16":"product_tag-mob-sv","17":"pa_product-signaleringsprodukter-sv","18":"pa_terrain-floder-vatmarker-sjoar","20":"first","21":"instock","22":"taxable","23":"shipping-taxable","24":"purchasable","25":"product-type-simple"},"acf":[],"_links":{"self":[{"href":"https:\/\/www.acrartex.com\/sv\/wp-json\/wp\/v2\/product\/159224","targetHints":{"allow":["GET"]}}],"collection":[{"href":"https:\/\/www.acrartex.com\/sv\/wp-json\/wp\/v2\/product"}],"about":[{"href":"https:\/\/www.acrartex.com\/sv\/wp-json\/wp\/v2\/types\/product"}],"wp:featuredmedia":[{"embeddable":true,"href":"https:\/\/www.acrartex.com\/sv\/wp-json\/wp\/v2\/media\/164637"}],"wp:attachment":[{"href":"https:\/\/www.acrartex.com\/sv\/wp-json\/wp\/v2\/media?parent=159224"}],"wp:term":[{"taxonomy":"product_brand","embeddable":true,"href":"https:\/\/www.acrartex.com\/sv\/wp-json\/wp\/v2\/product_brand?post=159224"},{"taxonomy":"product_cat","embeddable":true,"href":"https:\/\/www.acrartex.com\/sv\/wp-json\/wp\/v2\/product_cat?post=159224"},{"taxonomy":"product_tag","embeddable":true,"href":"https:\/\/www.acrartex.com\/sv\/wp-json\/wp\/v2\/product_tag?post=159224"}],"curies":[{"name":"wp","href":"https:\/\/api.w.org\/{rel}","templated":true}]}}