{"id":159190,"date":"2024-08-16T14:02:09","date_gmt":"2024-08-16T19:02:09","guid":{"rendered":"https:\/\/www.acrartex.com\/products\/exposure-olas-n2k-nodlarm-for-man-overbord-tradlos-motoravstangningsbrytare\/"},"modified":"2026-03-06T08:40:56","modified_gmt":"2026-03-06T13:40:56","slug":"exposure-olas-n2k-nodlarm-for-man-overbord-tradlos-motoravstangningsbrytare","status":"publish","type":"product","link":"https:\/\/www.acrartex.com\/sv\/products\/exposure-olas-n2k-nodlarm-for-man-overbord-tradlos-motoravstangningsbrytare\/","title":{"rendered":"EXPOSURE OLAS N2K \u2013 N\u00f6dlarm f\u00f6r man \u00f6verbord, tr\u00e5dl\u00f6s motoravst\u00e4ngningsbrytare"},"content":{"rendered":"<h3>Sp\u00e5ra flera s\u00e4ndare eller enskilda taggar med l\u00e4tthet<\/h3>\n<p>OLAS N2K fungerar i stor skala och kan sp\u00e5ra upp till 25 OLAS -s\u00e4ndare runt fartyg upp till 30 meter l\u00e5nga. Oavsett om du har ett stort motorfartyg eller ett segelfartyg, har den h\u00e4r enheten det du beh\u00f6ver. Alternativt kan den anv\u00e4ndas f\u00f6r att sp\u00e5ra en enda tagg p\u00e5 en motorb\u00e5t, vilket s\u00e4kerst\u00e4ller att motorn stannar omedelbart om rodret faller \u00f6verbord.  <\/p>\n<h3><\/h3>\n<h3>Levereras med uppladdningsbar OLAS T2-s\u00e4ndare.<\/h3>\n<p>OLAS T2 \u00e4r en vattent\u00e4t, kompakt och uppladdningsbar OLAS s\u00e4ndare. Integrerad vibrations- och ljusindikation s\u00e4kerst\u00e4ller anv\u00e4ndarv\u00e4nlig \u00f6verblick \u00f6ver taggens status. <\/p>\n<ul>\n<li>Levereras med handledsrem och halsrem<\/li>\n<li>Vibrationsvarning f\u00f6r l\u00e5g batteriniv\u00e5.<\/li>\n<li>\u00d6ver 7 dagars drifttid fr\u00e5n en enda laddning.<\/li>\n<li>2 timmars laddningstid.<\/li>\n<li>Smart l\u00e5skontroll f\u00f6r motor.<\/li>\n<\/ul>\n<h3><\/h3>\n<h3>Missa aldrig ett Man \u00d6verbord-evenemang<\/h3>\n<p>Med OLAS N2K kan du reagera snabbt p\u00e5 en man \u00f6verbord-situation, eftersom den automatiskt sparar platsen f\u00f6r MOB p\u00e5 plottern. Du beh\u00f6ver inte l\u00e4ngre f\u00f6rlita dig p\u00e5 m\u00e4nskligt minne eller riskera gl\u00f6mska. N\u00e4r en OLAS -tagg &#8220;f\u00f6rsvinner&#8221; och misst\u00e4nks vara \u00f6verbord, utl\u00f6ses flera varningar samtidigt, vilket ger dig st\u00f6rsta m\u00f6jliga s\u00e4kerhet och medvetenhet.  <\/p>\n<p>&nbsp;<\/p>\n<p>MOB pgn \u2013 Man \u00f6verbord (PGN 127233) utf\u00e4rdas till NMEA 2000-n\u00e4tverket. Alla anslutna MOB enheter som \u00e4r programmerade att reagera p\u00e5 MOB pgn:en kommer att utl\u00f6sas. <\/p>\n<p>&nbsp;<\/p>\n<p>AIS Safety Broadcast (PGN 129802) \u2013 denna varning emulerar meddelandet som skulle tas emot fr\u00e5n en EPIRB eller SART-enhet med AIS VHF-st\u00f6d. Meddelandet \u00e4r endast internt och kommer inte att s\u00e4ndas fr\u00e5n fartyget. Meddelandet inkluderar fartygets GPS position vid den tidpunkt d\u00e5 varningen utl\u00f6stes. Kartplottern kan sedan s\u00e4tta MOB m\u00e4rket.   <\/p>\n<p>&nbsp;<\/p>\n<h3>Tr\u00e5dl\u00f6s d\u00f6dsbrytare f\u00f6r o\u00f6vertr\u00e4ffad s\u00e4kerhet<\/h3>\n<p>En tr\u00e5dl\u00f6s d\u00f6dsbrytare \u00e4r en viktig s\u00e4kerhetsfunktion p\u00e5 alla motorb\u00e5tar, och OLAS N2K levererar exceptionell funktionalitet i detta avseende. H\u00e4r \u00e4r varf\u00f6r en tr\u00e5dl\u00f6s d\u00f6dsbrytare \u00e4r s\u00e5 f\u00f6rdelaktig: <\/p>\n<ul>\n<li>F\u00f6rars\u00e4kerhet: Om f\u00f6raren faller \u00f6verbord eller ov\u00e4ntat kastas fr\u00e5n b\u00e5ten st\u00e4nger OLAS N2K automatiskt av motorn, vilket f\u00f6rhindrar olyckor och underl\u00e4ttar r\u00e4ddningsinsatser.<\/li>\n<li>N\u00f6dstopp: I farliga situationer som kollisioner m\u00f6jligg\u00f6r den tr\u00e5dl\u00f6sa d\u00f6dningsknappen omedelbar avst\u00e4ngning av motorn, vilket f\u00f6rhindrar ytterligare skador eller egendom.<\/li>\n<li>Bes\u00e4ttningsskydd: Ut\u00f6ka s\u00e4kerhetsf\u00f6rdelarna f\u00f6r passagerare och bes\u00e4ttningsmedlemmar genom att utrusta dem med separata etiketter som \u00e4ven kan stoppa motorn vid behov.<\/li>\n<li>Regelefterlevnad: M\u00e5nga b\u00e5tmyndigheter kr\u00e4ver anv\u00e4ndning av d\u00f6dsbrytare i specifika situationer. OLAS N2K s\u00e4kerst\u00e4ller efterlevnad av dessa regler och undviker b\u00f6ter eller p\u00e5f\u00f6ljder. <\/li>\n<\/ul>\n<p>&nbsp;<\/p>\n<h3>Enkel installation och integration f\u00f6r MOB -varningar<\/h3>\n<p>Att installera OLAS N2K \u00e4r enkelt tack vare dess NMEA 2000-anslutning. Den integreras s\u00f6ml\u00f6st i ditt fartygs befintliga NMEA 2000-n\u00e4tverk, vilket ger en problemfri installationsprocess. OLAS N2K \u00e4r kompatibel med ett brett utbud av sj\u00f6kortsplottrar och multifunktionella sk\u00e4rmar och s\u00e4kerst\u00e4ller att du enkelt kan visa och svara p\u00e5 varningar.  <\/p>\n<p>&nbsp;<\/p>\n<h3>Anpassningsbara taggl\u00e4gen f\u00f6r flexibilitet<\/h3>\n<p>OLAS N2K erbjuder tre anv\u00e4ndarv\u00e4ljbara taggl\u00e4gen, vilket g\u00f6r att du kan skr\u00e4ddarsy enheten efter dina specifika behov. Du kan enkelt v\u00e4xla mellan l\u00e4gena med hj\u00e4lp av OLAS mobilapp. H\u00e4r \u00e4r en sammanfattning av taggl\u00e4gena:  <\/p>\n<ul>\n<li>Standardl\u00e4ge: Perfekt f\u00f6r st\u00f6rre motorfartyg och segelfartyg. Detta l\u00e4ge utl\u00f6ser varningar f\u00f6r den \u00e5terst\u00e5ende bes\u00e4ttningen samtidigt som motorn st\u00e4ngs av. Det s\u00e4kerst\u00e4ller att alla meddelas och att fartyget \u00e4r under kontroll. <\/li>\n<li>Bes\u00e4ttningsetikettl\u00e4ge: Rekommenderas f\u00f6r bes\u00e4ttning och passagerare p\u00e5 b\u00e5de motor- och segelfartyg. Detta l\u00e4ge varnar den \u00e5terst\u00e5ende bes\u00e4ttningen utan att st\u00e4nga av motorn. Det m\u00f6jligg\u00f6r omedelbara r\u00e4ddningsinsatser. <\/li>\n<li>Rormtag-l\u00e4ge: Speciellt utformat f\u00f6r motorfartyg under 35 fot, fungerar detta l\u00e4ge som en avst\u00e4ngningslina som stoppar fartyget n\u00e4r taggen kommer bortom ett anpassningsbart avst\u00e5nd fr\u00e5n navet. Detta l\u00e4ge l\u00e5ter anv\u00e4ndaren l\u00e4mna och \u00e5terv\u00e4nda till fartyget utan att utl\u00f6sa larmet. Det utl\u00f6ser inte MOB varningar och b\u00f6r inte anv\u00e4ndas som ett MOB -larmsystem.  <\/li>\n<\/ul>\n<h3><\/h3>\n<h3>Kraftfulla OLAS -appfunktioner f\u00f6r \u00f6kad s\u00e4kerhet<\/h3>\n<p>OLAS mobilapp erbjuder ytterligare funktioner som ytterligare f\u00f6rb\u00e4ttrar din s\u00e4kerhet p\u00e5 vattnet:<\/p>\n<ul>\n<li>Solol\u00e4ge: F\u00f6r b\u00e5t\u00e4gare som opererar vid kusten eller p\u00e5 fartyg med offshore-anslutning m\u00f6jligg\u00f6r solol\u00e4get automatiska SOS-meddelanden. Vid en h\u00e4ndelse i en MOB skickas ett n\u00f6dmeddelande till ditt f\u00f6rinst\u00e4llda n\u00f6dnummer, som inneh\u00e5ller viktig information om ditt fartyg. <\/li>\n<li>Sp\u00e5ra tillbaka och senast sedda plats: OLAS -appen genererar en l\u00e4ttf\u00f6rst\u00e5elig riktningspil och avst\u00e5ndsregistrering f\u00f6r att hj\u00e4lpa r\u00e4ddningspersonal att \u00e5terv\u00e4nda till MOB platsen. Latitud och longitud f\u00f6r MOB varningen visas ocks\u00e5, vilket m\u00f6jligg\u00f6r effektiv samordning med r\u00e4ddningstj\u00e4nster eller n\u00e4rliggande fartyg. <\/li>\n<li>Automatisk VHF-information om mayday: Appen genererar automatiskt ett VHF-skript som inkluderar information om ditt fartyg och den senast sedda platsen. Detta s\u00e4kerst\u00e4ller att ett korrekt mayday-anrop kan utf\u00e4rdas via VHF, vilket maximerar dina chanser till snabb r\u00e4ddning. <\/li>\n<\/ul>\n<p>&nbsp;<\/p>\n<p><strong>I l\u00e5dan:<\/strong> OLAS N2K, NMEA 2000-anslutningskabel (1 m), kontrollbrytare i rostfritt st\u00e5l (0,5 m), motoranslutningskabel (0,5 m) + 3 x marina kontakter, OLAS T2 Tag + USB-laddare + silikonrem + halsrem, anv\u00e4ndarmanual.<\/p>\n","protected":false},"excerpt":{"rendered":"<p>F\u00f6rb\u00e4ttra din b\u00e5tupplevelse och s\u00e4kerst\u00e4ll din och din bes\u00e4ttnings s\u00e4kerhet med OLAS N2K. Denna anm\u00e4rkningsv\u00e4rda enhet fungerar som ett MOB larm, en tr\u00e5dl\u00f6s motoravst\u00e4ngningsbrytare eller b\u00e5da, och integreras med NMEA 2000-n\u00e4tverket f\u00f6r att tillhandah\u00e5lla en omfattande s\u00e4kerhetsl\u00f6sning som s\u00e4kerst\u00e4ller att MOB varningar snabbt och effektivt kommuniceras \u00f6ver fartygets system, vilket f\u00f6rb\u00e4ttrar bes\u00e4ttningens \u00f6vergripande s\u00e4kerhet och responskapacitet. <\/p>\n<p>&nbsp;<\/p>\n<h4 class=\"Title\">Produktkompatibilitet:<\/h4>\n<div class=\"Content\" data-height-match-group=\"\"><span class=\"FeatureName\">OLAS T2,<\/span> <span class=\"FeatureName\">OLAS Tag, OLAS FloatOn och OLAS Extender<\/span><\/div>\n<div data-height-match-group=\"\"><\/div>\n<div data-height-match-group=\"\"><a href=\"https:\/\/www.dropbox.com\/s\/fk04stqsp2hgk5f\/Prop%2065%20-%20DEHP.pdf?dl=0\">VARNING: F\u00d6RSLAG 65<\/a><\/div>\n<p>&nbsp;<\/p>\n","protected":false},"featured_media":163625,"template":"","meta":{"_acf_changed":false,"om_disable_all_campaigns":false},"product_brand":[],"product_cat":[5822,5826,5583,5823,5825],"product_tag":[14994,13064,14949,14785,14987,9629,14955,14960,14991,9623,14976,12700,12691,14935,14940,14965,14945,14981,12670,14791,14997,14971,14931],"class_list":{"0":"post-159190","1":"product","2":"type-product","3":"status-publish","4":"has-post-thumbnail","6":"product_cat-inat-landet","7":"product_cat-kommersiell","8":"product_cat-marin","9":"product_cat-nara-stranden","10":"product_cat-till-havs","11":"product_tag-batkartplotter","12":"product_tag-bluetooth-sv","13":"product_tag-dodsbrytare","14":"product_tag-exposure-sv","15":"product_tag-kartplotter","16":"product_tag-man-overbord-sv","17":"product_tag-man-overbord-larm","18":"product_tag-man-overbord-larm-sv","19":"product_tag-marin-kartplotter","20":"product_tag-mob-sv","21":"product_tag-motoravstangningsbrytare","22":"product_tag-motorn-stangdes-av","23":"product_tag-motorns-dodstrombrytare","24":"product_tag-n2k-sv","25":"product_tag-nmea-2000-sv","26":"product_tag-nmea-mob-larm","27":"product_tag-nmea2000-sv","28":"product_tag-nodlarm-for-batar","29":"product_tag-olas-sv","30":"product_tag-olas-bluetooth-sv","31":"product_tag-plotter-for-yachtkartor","32":"product_tag-tradlos-motoravstangning","33":"product_tag-uscg-sv","35":"first","36":"instock","37":"taxable","38":"shipping-taxable","39":"purchasable","40":"product-type-simple"},"acf":[],"_links":{"self":[{"href":"https:\/\/www.acrartex.com\/sv\/wp-json\/wp\/v2\/product\/159190","targetHints":{"allow":["GET"]}}],"collection":[{"href":"https:\/\/www.acrartex.com\/sv\/wp-json\/wp\/v2\/product"}],"about":[{"href":"https:\/\/www.acrartex.com\/sv\/wp-json\/wp\/v2\/types\/product"}],"wp:featuredmedia":[{"embeddable":true,"href":"https:\/\/www.acrartex.com\/sv\/wp-json\/wp\/v2\/media\/163625"}],"wp:attachment":[{"href":"https:\/\/www.acrartex.com\/sv\/wp-json\/wp\/v2\/media?parent=159190"}],"wp:term":[{"taxonomy":"product_brand","embeddable":true,"href":"https:\/\/www.acrartex.com\/sv\/wp-json\/wp\/v2\/product_brand?post=159190"},{"taxonomy":"product_cat","embeddable":true,"href":"https:\/\/www.acrartex.com\/sv\/wp-json\/wp\/v2\/product_cat?post=159190"},{"taxonomy":"product_tag","embeddable":true,"href":"https:\/\/www.acrartex.com\/sv\/wp-json\/wp\/v2\/product_tag?post=159190"}],"curies":[{"name":"wp","href":"https:\/\/api.w.org\/{rel}","templated":true}]}}