{"id":159114,"date":"2024-08-16T14:07:16","date_gmt":"2024-08-16T19:07:16","guid":{"rendered":"https:\/\/www.acrartex.com\/products\/exposure-olas-t2-barbar-och-vattentat-uppladdningsbar-tagg-man-overbord-larmsandare\/"},"modified":"2025-07-24T13:09:44","modified_gmt":"2025-07-24T18:09:44","slug":"exposure-olas-t2-barbar-och-vattentat-uppladdningsbar-tagg-man-overbord-larmsandare","status":"publish","type":"product","link":"https:\/\/www.acrartex.com\/sv\/products\/exposure-olas-t2-barbar-och-vattentat-uppladdningsbar-tagg-man-overbord-larmsandare\/","title":{"rendered":"EXPOSURE OLAS T2 B\u00e4rbar och vattent\u00e4t uppladdningsbar tagg \u2013 Man \u00f6verbord-larms\u00e4ndare"},"content":{"rendered":"<p>I kombination med OLAS Guardian eller OLAS N2K kan T2 \u00e4ven anv\u00e4ndas f\u00f6r att stoppa och l\u00e5sa dina motorer om den anv\u00e4nds med OLAS Smart Lock.<\/p>\n<p>OLAS T2-taggarna \u00e4r kompatibla med alla OLAS mottagare. Efter n\u00e5gra sekunder efter att taggen &#8220;bryter&#8221; anslutningen till en OLAS mottagare varnas bes\u00e4ttningen och, om de \u00e4r anslutna, aktiveras MOB r\u00e4ddningssk\u00e4rmen i OLAS appen. <\/p>\n<p>Sp\u00e5ra flera taggar, anpassa namnen och \u00f6vervaka batteritiden i OLAS -appen. Upp till 6 OLAS T2 kan sp\u00e5ras direkt med hj\u00e4lp av OLAS -mobilappen. Upp till 25 OLAS T2 kan sp\u00e5ras av OLAS mottagarna, Guardian eller Core.  <\/p>\n<p><strong>Sp\u00e5ra OLAS -s\u00e4ndare direkt med din telefon \u2013 Ingen extra h\u00e5rdvara beh\u00f6vs:<\/strong><\/p>\n<p>OLAS -appen \u00e4r tillg\u00e4nglig gratis p\u00e5 b\u00e5de iOS- och Android-enheter, vilket g\u00f6r att du enkelt kan \u00f6vervaka upp till 6 OLAS s\u00e4ndare. Perfekt f\u00f6r fartyg upp till 30 fot l\u00e5nga, detta \u00e4r en kostnadseffektiv l\u00f6sning f\u00f6r snabb sj\u00e4lv\u00e5terh\u00e4mtning, perfekt f\u00f6r seglings\u00e4ventyr p\u00e5 bl\u00e5tt vatten ensam eller med liten bes\u00e4ttning. <\/p>\n<p><strong>Fri r\u00f6rlighet och s\u00e4kerhet:<\/strong><\/p>\n<p>Koppla ihop OLAS -s\u00e4ndare med Guardian- eller N2K-motorstoppsystem f\u00f6r att fungera som tr\u00e5dl\u00f6sa avst\u00e4ngningslinor. Detta s\u00e4kerst\u00e4ller att motorb\u00e5ts- och RIB-f\u00f6rare omedelbart kan stoppa sitt fartyg om skepparen eller bes\u00e4ttningen blir separerade, vilket f\u00f6rhindrar olyckor fr\u00e5n obemannade, okontrollerade b\u00e5tar. Det \u00e4r en viktig s\u00e4kerhetsl\u00f6sning f\u00f6r ensamstyrda motorfartyg och fiskeb\u00e5tar, vilket ger r\u00f6relsefrihet runt fartyget under drift.  <\/p>\n","protected":false},"excerpt":{"rendered":"<p>OLAS T2 \u00e4r en vattent\u00e4t, kompakt och uppladdningsbar s\u00e4ndare som kan sp\u00e5ras av vilken OLAS mottagare som helst. Integrerad vibration och ljusindikering s\u00e4kerst\u00e4ller att taggens status \u00e4r medveten under hela anv\u00e4ndningen. <\/p>\n<p>Om bes\u00e4ttningen l\u00e4mnar fartyget eller faller \u00f6verbord utl\u00f6ses larmet. OLAS erbjuder sedan tydlig v\u00e4gledning till \u00e5terst\u00e5ende bes\u00e4ttning, vilket hj\u00e4lper till med en lyckad b\u00e4rgning av MOB och kommunikation med r\u00e4ddningstj\u00e4nsten. F\u00f6r \u00f6kad m\u00e5ngsidighet levereras T2 med ett silikonarmband och en s\u00e4kerhetslina med silikonh\u00e5llare.  <\/p>\n<p><a href=\"https:\/\/www.dropbox.com\/s\/fk04stqsp2hgk5f\/Prop%2065%20-%20DEHP.pdf?dl=0\">VARNING: F\u00d6RSLAG 65<\/a><\/p>\n","protected":false},"featured_media":159122,"template":"","meta":{"_acf_changed":false,"om_disable_all_campaigns":false},"product_brand":[],"product_cat":[5822,5826,5583,5823,5825],"product_tag":[14805,14804,14802,14801,14785,12670,14789,14783,14791,14787,14793,14803,14799,14797,14795],"class_list":{"0":"post-159114","1":"product","2":"type-product","3":"status-publish","4":"has-post-thumbnail","6":"product_cat-inat-landet","7":"product_cat-kommersiell","8":"product_cat-marin","9":"product_cat-nara-stranden","10":"product_cat-till-havs","11":"product_tag-barbar-man-overbord-signal","12":"product_tag-barbar-mob-sandare","13":"product_tag-bluetooth-larm-for-man-overbord","14":"product_tag-bluetooth-man-overbord","15":"product_tag-exposure-sv","16":"product_tag-olas-sv","17":"product_tag-olas-klocka","18":"product_tag-olas-tagg","19":"product_tag-olas-bluetooth-sv","20":"product_tag-olas-t2-sv","21":"product_tag-olas-sandare","22":"product_tag-tradlos-sandare","23":"product_tag-uppladdningsbar","24":"product_tag-uppladdningsbar-man-overbord-sandare","25":"product_tag-uppladdningsbar-tagg","27":"first","28":"instock","29":"taxable","30":"shipping-taxable","31":"purchasable","32":"product-type-simple"},"acf":[],"_links":{"self":[{"href":"https:\/\/www.acrartex.com\/sv\/wp-json\/wp\/v2\/product\/159114","targetHints":{"allow":["GET"]}}],"collection":[{"href":"https:\/\/www.acrartex.com\/sv\/wp-json\/wp\/v2\/product"}],"about":[{"href":"https:\/\/www.acrartex.com\/sv\/wp-json\/wp\/v2\/types\/product"}],"wp:featuredmedia":[{"embeddable":true,"href":"https:\/\/www.acrartex.com\/sv\/wp-json\/wp\/v2\/media\/159122"}],"wp:attachment":[{"href":"https:\/\/www.acrartex.com\/sv\/wp-json\/wp\/v2\/media?parent=159114"}],"wp:term":[{"taxonomy":"product_brand","embeddable":true,"href":"https:\/\/www.acrartex.com\/sv\/wp-json\/wp\/v2\/product_brand?post=159114"},{"taxonomy":"product_cat","embeddable":true,"href":"https:\/\/www.acrartex.com\/sv\/wp-json\/wp\/v2\/product_cat?post=159114"},{"taxonomy":"product_tag","embeddable":true,"href":"https:\/\/www.acrartex.com\/sv\/wp-json\/wp\/v2\/product_tag?post=159114"}],"curies":[{"name":"wp","href":"https:\/\/api.w.org\/{rel}","templated":true}]}}