{"id":159082,"date":"2021-03-16T08:18:23","date_gmt":"2021-03-16T13:18:23","guid":{"rendered":"https:\/\/www.acrartex.com\/products\/hot-shot-signalspegel\/"},"modified":"2021-03-16T08:18:23","modified_gmt":"2021-03-16T13:18:23","slug":"hot-shot-signalspegel","status":"publish","type":"product","link":"https:\/\/www.acrartex.com\/sv\/products\/hot-shot-signalspegel\/","title":{"rendered":"Hot Shot\u2122 Signalspegel"},"content":{"rendered":"<ul>\n<li>Utformad f\u00f6r att ge optimal siktpunkt med holografiskt r\u00f6dpunktsf\u00f6nster<\/li>\n<li>N\u00e4r m\u00e5lbilden, spegeln och solen \u00e4r i r\u00e4tt linje, s\u00e4kerst\u00e4ller den r\u00f6da punkten p\u00e5 m\u00e5let att spegelreflektionen \u00e4r p\u00e5 m\u00e5let<\/li>\n<li>Teleskopkvalitets reflekterande spegel av andra ytan \u00e4r ljusstark och ger fokuserad bild<\/li>\n<li>Flytande flytelement f\u00f6r enkel upph\u00e4mtning om det tappas \u00f6verbord<\/li>\n<li>Patenterad visselpipa (uppfyller USCG) f\u00f6r h\u00f6rbar varning vid d\u00e5lig sikt<\/li>\n<li>Lina f\u00f6r fasts\u00e4ttning p\u00e5 person eller livflotte<\/li>\n<li>Enkelt, komplett s\u00e4kerhetssignaleringspaket<\/li>\n<\/ul>\n","protected":false},"excerpt":{"rendered":"<p><span style=\"color: #ff0000;\"><strong>DETTA \u00c4R EN UTG\u00c5NGAD PRODUKT SOM INTE L\u00c4NGRE TILLVERKAS ELLER S\u00c4LJS TILLSAMMANS<\/strong><\/span><\/p>\n<p>&nbsp;<\/p>\n<p>Komplettera din n\u00f6dutrustning med en kvalitetsspegel som Hot Shot\u2122 Signal. Denna fels\u00e4kra dagtidssignalanordning tar n\u00f6dvarningar till n\u00e4sta niv\u00e5 med sitt holografiska &#8220;r\u00f6da punkt&#8221;-f\u00f6nster, som snabbt hittar den optimala siktpunkten f\u00f6r en ljusstark, fokuserad signal. N\u00e4r m\u00e5lbilden, spegeln och solen \u00e4r i r\u00e4tt linje, s\u00e4kerst\u00e4ller den r\u00f6da punkten att spegelns reflektion \u00e4r p\u00e5 m\u00e5let. Hot Shot Signal har en flytande design, s\u00e5 att den l\u00e4tt kan \u00e5terfinnas om den faller \u00f6verbord. Och om den faller \u00f6verbord uppfyller denna patenterade visselpipa USCG-standarder och levereras med en rem s\u00e5 att den enkelt kan f\u00e4stas vid en person eller livflotte.    <\/p>\n<p>&nbsp;<\/p>\n","protected":false},"featured_media":159083,"template":"","meta":{"_acf_changed":false,"om_disable_all_campaigns":false},"product_brand":[],"product_cat":[5583,5769],"product_tag":[14734,14739,14740,14735,14732,14733,14736,14737,14738,12373,14728,14727,14729,14731,14730],"class_list":{"0":"post-159082","1":"product","2":"type-product","3":"status-publish","4":"has-post-thumbnail","6":"product_cat-marin","7":"product_cat-utomhus","8":"product_tag-glassignalspegel","9":"product_tag-instruktioner-for-signalspegel","10":"product_tag-med-hjalp-av-en-signalspegel","11":"product_tag-overlevnadssignalering","12":"product_tag-overlevnadssignalspegel","13":"product_tag-overlevnadssignalspeglar","14":"product_tag-overlevnadsspegel","15":"product_tag-sakerhetssignalering","16":"product_tag-sakerhetssignalspegel","17":"product_tag-signalspegel","18":"product_tag-signalspegel-sv","19":"product_tag-signalspeglar","20":"product_tag-signalspeglar-sv","21":"product_tag-spegelsignal","22":"product_tag-spegelsignaler","23":"pa_product-arv","25":"first","26":"outofstock","27":"taxable","28":"shipping-taxable","29":"product-type-simple"},"acf":[],"_links":{"self":[{"href":"https:\/\/www.acrartex.com\/sv\/wp-json\/wp\/v2\/product\/159082","targetHints":{"allow":["GET"]}}],"collection":[{"href":"https:\/\/www.acrartex.com\/sv\/wp-json\/wp\/v2\/product"}],"about":[{"href":"https:\/\/www.acrartex.com\/sv\/wp-json\/wp\/v2\/types\/product"}],"wp:featuredmedia":[{"embeddable":true,"href":"https:\/\/www.acrartex.com\/sv\/wp-json\/wp\/v2\/media\/159083"}],"wp:attachment":[{"href":"https:\/\/www.acrartex.com\/sv\/wp-json\/wp\/v2\/media?parent=159082"}],"wp:term":[{"taxonomy":"product_brand","embeddable":true,"href":"https:\/\/www.acrartex.com\/sv\/wp-json\/wp\/v2\/product_brand?post=159082"},{"taxonomy":"product_cat","embeddable":true,"href":"https:\/\/www.acrartex.com\/sv\/wp-json\/wp\/v2\/product_cat?post=159082"},{"taxonomy":"product_tag","embeddable":true,"href":"https:\/\/www.acrartex.com\/sv\/wp-json\/wp\/v2\/product_tag?post=159082"}],"curies":[{"name":"wp","href":"https:\/\/api.w.org\/{rel}","templated":true}]}}