{"id":159032,"date":"2024-10-30T08:21:41","date_gmt":"2024-10-30T13:21:41","guid":{"rendered":"https:\/\/www.acrartex.com\/products\/resqflare-pro-hogintensiv-elektronisk-led-nodsignal-for-bat\/"},"modified":"2026-03-06T10:13:21","modified_gmt":"2026-03-06T15:13:21","slug":"resqflare-pro-hogintensiv-elektronisk-led-nodsignal-for-bat","status":"publish","type":"product","link":"https:\/\/www.acrartex.com\/sv\/products\/resqflare-pro-hogintensiv-elektronisk-led-nodsignal-for-bat\/","title":{"rendered":"ResQFlare PRO \u2013 H\u00f6gintensiv elektronisk LED-n\u00f6dsignal f\u00f6r b\u00e5t"},"content":{"rendered":"<p>Den flytande elektroniska b\u00e5tfacklan ResQFlare PRO uppfyller kraven i RTCM 13200.0 och klassificeras som en elektronisk visuell n\u00f6dsignalanordning (eVDSD) och anv\u00e4nder flerf\u00e4rgade SOS-n\u00f6dsignaler f\u00f6r att producera st\u00f6rre ljusstyrka med betydligt b\u00e4ttre ljusf\u00f6rdelning. Anv\u00e4ndningen av r\u00f6dorange och cyanf\u00e4rgade lysdioder m\u00f6jligg\u00f6r f\u00f6rb\u00e4ttrad sikt p\u00e5 vattnet, medan till\u00e4gget av en infrar\u00f6d (IR) komponent leder till \u00e4nnu b\u00e4ttre sikt n\u00e4r m\u00f6rkerseendeutrustning anv\u00e4nds av s\u00f6k- och r\u00e4ddningstj\u00e4nst. <\/p>\n<p>Den elektroniska b\u00e5tblixten ResQFlare PRO underl\u00e4ttar r\u00e4ddning genom att avge blixtkarakt\u00e4ristik f\u00f6r den internationella morseleden f\u00f6r SOS, d\u00e4r det f\u00f6rsta &#8220;S&#8221; representeras av tre r\u00f6dorange LED-blinkningar, f\u00f6ljt av &#8220;O&#8221; som representeras av tre cyan LED-blinkningar, och det sista &#8220;S&#8221; som representeras av ytterligare tre r\u00f6dorange LED-blinkningar. Samtidigt med de synliga r\u00f6dorange och cyan blinkande LED-lamporna blinkar IR-komponenten samma SOS-m\u00f6nster som \u00e4r optimerat f\u00f6r synlighet via m\u00f6rkerseendeglas\u00f6gon (NVG). Kanske mest imponerande \u00e4r att ResQFlare PRO, trots det stora antalet synliga och IR-blixtar, den h\u00f6ga ljusintensiteten som produceras och det betydande ljusf\u00f6rdelningsomr\u00e5det (ljusvinkel \u2265 180\u00b0) som uppn\u00e5s, fortfarande uppn\u00e5r en imponerande livsl\u00e4ngd p\u00e5 minst tre timmar (vilket \u00f6verstiger RTCM-kraven med 50 %).  <\/p>\n<p><strong>OBS: Innan du installerar batterier, f\u00e4st den \u00f6vre delen av kroppen vid f\u00e4stpunkten som finns l\u00e4ngst ner i batterifacket med den medf\u00f6ljande sn\u00f6ret (som finns under kardborrbandet).<\/strong><\/p>\n<h4>Vad ing\u00e5r<\/h4>\n<p>ResQFlare PRO-b\u00e5tfacklan uppfyller \u00e4ven kraven i <a href=\"https:\/\/www.ecfr.gov\/current\/title-46\/chapter-I\/subchapter-Q\/part-161\/subpart-161.013?toc=1\">46 CFR 161.013<\/a> och \u00e4r klassificerad som en godk\u00e4nd visuell n\u00f6dsignal f\u00f6r natten. Eftersom en n\u00f6dflagga, som uppfyller kraven i <a href=\"https:\/\/www.ecfr.gov\/current\/title-46\/chapter-I\/subchapter-Q\/part-160\/subpart-160.072\">46 CFR 160.072<\/a> , ing\u00e5r i paketet med varje ResQFlare PRO, f\u00e5r anv\u00e4ndarna ocks\u00e5 en godk\u00e4nd visuell n\u00f6dsignal f\u00f6r dagtid (kravet p\u00e5 att b\u00e4ra godk\u00e4nda visuella n\u00f6dsignaler f\u00f6r dag och natt finns i 33 CFR del 175).<\/p>\n<p>Den medf\u00f6ljande n\u00f6dflaggan erbjuder m\u00e5nga alternativ f\u00f6r dagsljussignal. Flaggan kan hissas genom att f\u00e4stas p\u00e5 masten eller helt enkelt hissas till h\u00f6gsta m\u00f6jliga punkt. Den kan ocks\u00e5 visas f\u00f6r hand, knytas till och sedan viftas p\u00e5 f\u00f6rem\u00e5l som en b\u00e5tshake, paddel eller fiskesp\u00f6, eller s\u00e5 kan den l\u00e4ggas platt p\u00e5 d\u00e4ck f\u00f6r att locka till sig flygplan. Flaggan b\u00f6r endast anv\u00e4ndas som dagsljussignal och n\u00e4r den visas korrekt ska den svarta fyrkanten vara \u00f6ver den svarta cirkeln.   <\/p>\n<p>F\u00f6rutom n\u00f6dflaggan ing\u00e5r \u00e4ven ett f\u00e4ste och motsvarande monteringsdetaljer som g\u00f6r det m\u00f6jligt f\u00f6r anv\u00e4ndare att enkelt montera produkten p\u00e5 fartyget s\u00e5 att ResQFlare PRO alltid \u00e4r tillg\u00e4nglig vid behov. En 1 meter l\u00e5ng snodd finns ocks\u00e5 dold under det svarta kardborrebandet runt produktens mitt. Denna snodd kan anv\u00e4ndas f\u00f6r att f\u00e4sta ResQFlare PRO vid en person eller livflotte i en n\u00f6dsituation.  <\/p>\n<h4>Krav f\u00f6r transport<\/h4>\n<p>I USA* inneb\u00e4r det att b\u00e5t\u00e4gare, om de b\u00e4r ResQFlare PRO-b\u00e5tfacklan och n\u00f6dflaggan tillsammans, slipper kravet p\u00e5 traditionella pyrotekniska facklor p\u00e5 fritidsfartyg upp till 65 fot l\u00e5nga, i de stora sj\u00f6arna, inom 12 mil fr\u00e5n amerikanska vatten eller p\u00e5 vatten med en passage till havet som \u00e4r minst tv\u00e5 mil bred. Fartyg som \u00e4r mindre \u00e4n 16 fot beh\u00f6ver inte b\u00e4ra en visuell n\u00f6dsignal p\u00e5 dagtid, men m\u00e5ste fortfarande b\u00e4ra en visuell n\u00f6dsignal p\u00e5 nattetid, vilket g\u00f6r ResQFlare PRO till ett mer \u00e4n g\u00e5ngbart alternativ till pyrotekniska facklor \u00e4ven f\u00f6r fartyg av denna storlek. <\/p>\n<p>Obs: I Kanada kan ResQFlare PRO medf\u00f6ras p\u00e5 fritidsb\u00e5tar ist\u00e4llet f\u00f6r pyrotekniska facklor (Policy TP 13585 E) om den medf\u00f6rs tillsammans med en godk\u00e4nd r\u00f6ksignal (f\u00f6r varning under dagtid).<\/p>\n<p>Med j\u00e4mn ljusf\u00f6rdelning \u00f6ver ett betydande omr\u00e5de** och en brinntid som \u00e4r 15 g\u00e5nger l\u00e4ngre \u00e4n genomsnittliga pyrotekniska facklor***, \u00e4r den elektroniska facklan ResQFlare PRO helt klart det &#8220;ljusaste&#8221; valet man kan g\u00f6ra.<\/p>\n<p>&nbsp;<\/p>\n<p>*F\u00f6r godk\u00e4nnanden i andra l\u00e4nder, se kraven fr\u00e5n till\u00e4mplig nationell myndighet f\u00f6r att h\u00e4nvisa till deras specifika godk\u00e4nnande av en eVDSD som uppfyller RTCM 13200.00<\/p>\n<p>**Ljusvinkel \u2265 180\u00b0<\/p>\n<p>***Baserat p\u00e5 medf\u00f6rande av 4 pyrotekniska facklor med en genomsnittlig brinntid p\u00e5 3 minuter vardera<\/p>\n<p>&nbsp;<\/p>\n<p>F\u00f6r att l\u00e4ra dig mer om marina elektroniska flares (e-flares), se v\u00e5r bloggartikel om de <a href=\"https:\/\/www.acrartex.com\/sv\/news\/rattsliga-krav-for-elektroniska-batfacklor\/\">juridiska kraven f\u00f6r elektroniska b\u00e5tflares.<\/a><\/p>\n<p>&nbsp;<\/p>\n<h4><strong>Funktioner och f\u00f6rdelar:<\/strong><\/h4>\n<p>&nbsp;<\/p>\n<ul>\n<li>Uppfyller RTCM-standard 13200.0 f\u00f6r eVDSD:er<\/li>\n<li>ResQFlare PRO elektronisk b\u00e5tfackla och inkluderad n\u00f6dflagga, n\u00e4r de b\u00e4rs tillsammans, kvalificerar som en ers\u00e4ttning f\u00f6r b\u00e4rande av USCG:s pyrotekniska facklor (endast USA)<\/li>\n<li>Starkt ljus i alla riktningar (360\u00b0 synlighet och ljusvinkel \u2265 180\u00b0)<\/li>\n<li>R\u00e4ttar sig automatiskt upp och flyter i vattnet (ingen flytv\u00e4st\/flytring beh\u00f6vs)<\/li>\n<li>Synlig \u00f6ver 13 km<\/li>\n<li>123 utbytbara litiumbatterier (x8 \u2013 ing\u00e5r ej)<\/li>\n<li>Maximal ljusintensitet&gt; 170 skivor<\/li>\n<li>Genomsnittlig effektiv ljusintensitet p\u00e5 50 cd<\/li>\n<li>En livsl\u00e4ngd p\u00e5 3 timmar (vid en genomsnittlig effektiv ljusintensitet p\u00e5 minst 50 cd) \u00f6verstiger RTCM-kraven med 50 %<\/li>\n<li>H\u00e5llbar design: Testad enligt till\u00e4mpliga milj\u00f6prestandastandarder relaterade till torr v\u00e4rme, fuktig v\u00e4rme, l\u00e5g temperatur, termisk chock, fall, vibrationer, solstr\u00e5lning, regn och st\u00e4nk, korrosion och EMC (enligt IEC 60945)<\/li>\n<li>Vattent\u00e4t (IP67)<\/li>\n<li>Certifierad enligt USCG 161.013 som en visuell n\u00f6dsignal nattetid<\/li>\n<li>Inkluderar n\u00f6dflagga (certifierad enligt USCG 160.072 som visuell n\u00f6dsignal f\u00f6r dagtid), monteringsf\u00e4ste och 1 m snodd (dold under kardborreband)<\/li>\n<\/ul>\n<p>&nbsp;<\/p>\n<h4><strong> <\/strong><strong>F\u00f6rdelar med ResQFlare PRO elektronisk b\u00e5tfackla j\u00e4mf\u00f6rt med traditionella pyrotekniska facklor:<\/strong><\/h4>\n<p>&nbsp;<\/p>\n<ul>\n<li>Inget utg\u00e5ngsdatum<\/li>\n<li>Familjes\u00e4ker (ingen brinnande l\u00e5ga)<\/li>\n<li>L\u00e4tt att anv\u00e4nda (s\u00e5 \u00e4ven dina barn och nyb\u00f6rjare kan anv\u00e4nda den i h\u00e4ndelse av en n\u00f6dsituation)<\/li>\n<li>Inga problem med de befintliga str\u00e4nga obligatoriska avfallskraven f\u00f6r pyrotekniska facklor (som lagligen anses vara farligt material)<\/li>\n<li>Vattent\u00e4t och flytbar<\/li>\n<li>Eng\u00e5ngsk\u00f6p (mindre kostnad under produktens livsl\u00e4ngd)<\/li>\n<li>2 olika metoder f\u00f6r n\u00f6dsignalering i en produkt \u2013 Flerf\u00e4rgad LED-stroboskop och infrar\u00f6d LED-stroboskop<\/li>\n<li>M\u00f6jlighet att f\u00f6rl\u00e4nga produktens livsl\u00e4ngd i en n\u00f6dsituation genom att byta batterier<\/li>\n<\/ul>\n","protected":false},"excerpt":{"rendered":"<p>Som n\u00e4sta utvecklingssteg inom elektroniska n\u00f6dsignaler fr\u00e5n ACR Electronics introducerar ResQFlare PRO elektronisk b\u00e5tfackla banbrytande SOS-n\u00f6dsignaleringsteknik. Med hj\u00e4lp av r\u00f6dorange och cyanf\u00e4rgade lysdioder i kombination med en infrar\u00f6d (IR) komponent erbjuder ResQFlare PRO betydande livsl\u00e4ngd (brinntid) samtidigt som den avsev\u00e4rt f\u00f6rb\u00e4ttrar siktniv\u00e5n. <\/p>\n<p>ResQFlare PRO och den medf\u00f6ljande flaggan s\u00e4ljs med den medf\u00f6ljande n\u00f6dflaggan f\u00f6r dagtid och \u00e4r certifierade f\u00f6r att uppfylla g\u00e4llande krav fr\u00e5n den amerikanska kustbevakningen, vilket g\u00f6r att de kan b\u00e4ras ist\u00e4llet f\u00f6r traditionella pyrotekniska facklor i USA.<\/p>\n<p><a href=\"https:\/\/www.dropbox.com\/s\/0ezw0kexbm120vv\/Prop%2065%20-%20Lead%20and%20Lead%20Compounds.pdf?dl=0\">VARNING: F\u00d6RSLAG 65<\/a><\/p>\n","protected":false},"featured_media":165560,"template":"","meta":{"_acf_changed":false,"om_disable_all_campaigns":false},"product_brand":[],"product_cat":[5822,5583,14659,5820,5823,6491,7980,5825,5769],"product_tag":[11843,11853,11797,11932,11787,11775,11808,11898,11887,11821,11877,11815,13760,13767,11910,11919,11866],"class_list":{"0":"post-159032","1":"product","2":"type-product","3":"status-publish","4":"has-post-thumbnail","6":"product_cat-inat-landet","7":"product_cat-marin","8":"product_cat-marin-sakerhetsutrustning","9":"product_cat-militar","10":"product_cat-nara-stranden","11":"product_cat-sakerhetstillbehor","12":"product_cat-signaleringsprodukter-sv","13":"product_cat-till-havs","14":"product_cat-utomhus","15":"product_tag-batfackla","16":"product_tag-batfacklor","17":"product_tag-blossa","18":"product_tag-blosspistol","19":"product_tag-e-flare-sv","20":"product_tag-elektronisk-flare-sv","21":"product_tag-facklor","22":"product_tag-handhallen-bloss","23":"product_tag-led-blandning","24":"product_tag-led-nodljus","25":"product_tag-marin-flare","26":"product_tag-nodflamma","27":"product_tag-nodraketer","28":"product_tag-orion-flare-sv","29":"product_tag-rod-flam","30":"product_tag-rokfackla","31":"product_tag-signalfacklor","33":"first","34":"instock","35":"taxable","36":"shipping-taxable","37":"purchasable","38":"product-type-simple"},"acf":[],"_links":{"self":[{"href":"https:\/\/www.acrartex.com\/sv\/wp-json\/wp\/v2\/product\/159032","targetHints":{"allow":["GET"]}}],"collection":[{"href":"https:\/\/www.acrartex.com\/sv\/wp-json\/wp\/v2\/product"}],"about":[{"href":"https:\/\/www.acrartex.com\/sv\/wp-json\/wp\/v2\/types\/product"}],"wp:featuredmedia":[{"embeddable":true,"href":"https:\/\/www.acrartex.com\/sv\/wp-json\/wp\/v2\/media\/165560"}],"wp:attachment":[{"href":"https:\/\/www.acrartex.com\/sv\/wp-json\/wp\/v2\/media?parent=159032"}],"wp:term":[{"taxonomy":"product_brand","embeddable":true,"href":"https:\/\/www.acrartex.com\/sv\/wp-json\/wp\/v2\/product_brand?post=159032"},{"taxonomy":"product_cat","embeddable":true,"href":"https:\/\/www.acrartex.com\/sv\/wp-json\/wp\/v2\/product_cat?post=159032"},{"taxonomy":"product_tag","embeddable":true,"href":"https:\/\/www.acrartex.com\/sv\/wp-json\/wp\/v2\/product_tag?post=159032"}],"curies":[{"name":"wp","href":"https:\/\/api.w.org\/{rel}","templated":true}]}}