{"id":158998,"date":"2021-03-16T08:25:51","date_gmt":"2021-03-16T13:25:51","guid":{"rendered":"https:\/\/www.acrartex.com\/products\/sm-3-solas-livbojmarkeringsljus\/"},"modified":"2026-04-22T07:33:35","modified_gmt":"2026-04-22T12:33:35","slug":"sm-3-solas-livbojmarkeringsljus","status":"publish","type":"product","link":"https:\/\/www.acrartex.com\/sv\/products\/sm-3-solas-livbojmarkeringsljus\/","title":{"rendered":"SM-3 SOLAS livbojmarkeringsljus"},"content":{"rendered":"<p class=\"ai-optimize-34\" style=\"margin: 0in 0in 0.0001pt;\"><span style=\"font-size: 10pt;\"><span style=\"font-size: 11.0pt;\">SM-3 SOLAS livbojslampa med en minsta ljusintensitet p\u00e5 3 candela under hela sin livsl\u00e4ngd. Denna h\u00f6gintensiva LED-blixt markerar en plats d\u00e4r bes\u00e4ttningen har g\u00e5tt \u00f6verbord med varje stark blixt. Den r\u00e4ttar automatiskt till sig sj\u00e4lv och aktiveras i vattnet, vilket s\u00e4kerst\u00e4ller att aktivering aldrig \u00e4r ett problem som en bes\u00e4ttningsmedlem i n\u00f6d beh\u00f6ver oroa sig f\u00f6r. SM-3 drivs av 2 AA-litiumbatterier och batterierna kan bytas ut av anv\u00e4ndaren, vilket m\u00f6jligg\u00f6r en l\u00e4ngre produktlivsl\u00e4ngd \u00e4n de m\u00e5nga eng\u00e5ngslivbojslamporna p\u00e5 marknaden.  <\/span><\/span><\/p>\n<p>&nbsp;<\/p>\n<p class=\"ai-optimize-35\" style=\"margin: 0in 0in 0.0001pt;\"><span style=\"font-size: 10pt;\"><span style=\"font-size: 11.0pt;\">Det medf\u00f6ljande monteringsf\u00e4stet h\u00e5ller SM-3 s\u00e4kert under de tuffaste f\u00f6rh\u00e5llandena, men \u00e4r fortfarande l\u00e4tt\u00e5tkomligt vid behov i en n\u00f6dsituation. Dessutom, \u00e4ven om SM-3 och dess f\u00e4ste \u00e4r betydligt mindre \u00e4n motsvarigheterna i SM-2, har SM-3-f\u00e4stet bekv\u00e4mt samma monteringsh\u00e5lm\u00f6nster som SM-2, vilket m\u00f6jligg\u00f6r enkel eftermontering utan behov av ytterligare adapterplatta. <\/span><\/span><\/p>\n<p class=\"ai-optimize-36\" style=\"margin: 0in 0in 0.0001pt;\"><span style=\"font-size: 10pt;\"><span style=\"font-size: 11.0pt;\">SM-3 \u00e4r godk\u00e4nd av USCG\/MED\/SOLAS f\u00f6r anv\u00e4ndning runt om i v\u00e4rlden och denna h\u00e5llbara LED-markeringslampa \u00e4r d\u00e4rf\u00f6r ett utm\u00e4rkt alternativ f\u00f6r fartyg som beh\u00f6ver uppfylla USCG:s och SOLAS:s krav f\u00f6r sj\u00e4lvt\u00e4ndande livbojsljus. Enligt USCG:s och SOLAS:s krav f\u00f6r passagerar- och lastfartyg m\u00e5ste minst h\u00e4lften av det totala antalet livbojar p\u00e5 fartyget vara utrustade med ett sj\u00e4lvt\u00e4ndande ljus.  Minimikraven f\u00f6r transport baseras p\u00e5 fartygets l\u00e4ngd och kan variera fr\u00e5n minst fyra till minst femton livbojar med sj\u00e4lvt\u00e4ndande ljus per fartyg.  <\/span><\/span><\/p>\n<p>&nbsp;<\/p>\n<p class=\"ai-optimize-37\" style=\"margin: 0in 0in 0.0001pt;\"><span style=\"font-size: 10pt;\"><span style=\"font-size: 11.0pt;\">Robust design leder till st\u00f6rre flexibilitet i anv\u00e4ndningen. Medan SOLAS-godk\u00e4nnandet endast kr\u00e4ver ett falltest p\u00e5 30 meter, har SM-3 falltestats till 76 meter. Detta g\u00f6r SM-3 till ett m\u00e5ngsidigt alternativ f\u00f6r anv\u00e4ndning p\u00e5 en m\u00e4ngd olika plattformar eller fartyg av olika storlekar.  <\/span><\/span><\/p>\n<p class=\"ai-optimize-38\" style=\"margin: 0in 0in 0.0001pt;\"><span style=\"font-size: 10pt;\"><span style=\"font-size: 11.0pt;\">Med sitt l\u00e4tt utbytbara litium AA-batteri som str\u00f6mk\u00e4lla kommer SM-3 att fungera i m\u00e5nga \u00e5r och vara redo n\u00e4r den beh\u00f6vs.<\/span><\/span><\/p>\n<p>&nbsp;<\/p>\n<p><iframe loading=\"lazy\" title=\"The New ACR SM-3 Buoy Marker Light is USCG, MED, SOLAS Approved\" width=\"500\" height=\"281\" src=\"https:\/\/www.youtube.com\/embed\/hHbvfrkWlic?feature=oembed\" frameborder=\"0\" allow=\"accelerometer; autoplay; clipboard-write; encrypted-media; gyroscope; picture-in-picture; web-share\" referrerpolicy=\"strict-origin-when-cross-origin\" allowfullscreen><\/iframe><\/p>\n<h2 class=\"ai-optimize-39\" style=\"margin: 0in 0in 0.0001pt;\"><span style=\"font-size: 10pt;\"><b><span style=\"font-size: 12.0pt;\">Funktioner och f\u00f6rdelar:<\/span><\/b><\/span><\/h2>\n<ul>\n<li class=\"ai-optimize-40\" style=\"margin-right: 13.5pt; margin: 0in 0in 0.0001pt;\"><span style=\"font-size: 10pt;\"><span style=\"background: white;\"><span style=\"color: black;\"><span style=\"font-size: 11.0pt;\">SOLAS\/MED-godk\u00e4nd  <\/span><\/span><\/span><\/span><\/li>\n<li class=\"ai-optimize-41\" style=\"margin-right: 13.5pt; margin: 0in 0in 0.0001pt;\"><span style=\"font-size: 10pt;\"><span style=\"background: white;\"><span style=\"color: black;\"><span style=\"font-size: 11.0pt;\">Starkt ljus i alla riktningar (360\u00b0 synlighet)<\/span><\/span><\/span><\/span><\/li>\n<li class=\"ai-optimize-42\" style=\"margin-right: 13.5pt; margin: 0in 0in 0.0001pt;\"><span style=\"font-size: 10pt;\"><span style=\"background: white;\"><span style=\"font-size: 11.0pt;\"><span style=\"color: black;\">UV-best\u00e4ndigt h\u00f6lje i polykarbonat<\/span><\/span><\/span><\/span><\/li>\n<li class=\"ai-optimize-43\" style=\"margin-right: 13.5pt; margin: 0in 0in 0.0001pt;\"><span style=\"font-size: 10pt;\"><span style=\"background: white;\"><span style=\"color: black;\"><span style=\"font-size: 11.0pt;\">L\u00e4tt och kompakt i storlek<\/span><\/span><\/span><\/span><\/li>\n<li class=\"ai-optimize-44\" style=\"margin-right: 13.5pt; margin: 0in 0in 0.0001pt;\"><span style=\"font-size: 10pt;\"><span style=\"background: white;\"><span style=\"color: black;\"><span style=\"font-size: 11.0pt;\">Enkel montering av f\u00e4stet<\/span><\/span><\/span><\/span><\/li>\n<li class=\"ai-optimize-45\" style=\"margin-right: 13.5pt; margin: 0in 0in 0.0001pt;\"><span style=\"font-size: 10pt;\"><span style=\"background: white;\"><span style=\"color: black;\"><span style=\"font-size: 11.0pt;\">F\u00e4stet ing\u00e5r och har samma h\u00e5lm\u00f6nster som SM-2 f\u00f6r enkel eftermontering<\/span><\/span><\/span><\/span><\/li>\n<li class=\"ai-optimize-46\" style=\"margin-right: 13.5pt; margin: 0in 0in 0.0001pt;\"><span style=\"font-size: 10pt;\"><span style=\"background: white;\"><span style=\"color: black;\"><span style=\"font-size: 11.0pt;\">R\u00e4ttar sig automatiskt och aktiveras i vattnet<\/span><\/span><\/span><\/span><\/li>\n<li class=\"ai-optimize-47\" style=\"margin-right: 13.5pt; margin: 0in 0in 0.0001pt;\"><span style=\"font-size: 10pt;\"><span style=\"background: white;\"><span style=\"color: black;\"><span style=\"font-size: 11.0pt;\">H\u00f6gintensiv LED-stroboskop<\/span><\/span><\/span><\/span><\/li>\n<li class=\"ai-optimize-48\" style=\"margin-right: 13.5pt; margin: 0in 0in 0.0001pt;\"><span style=\"font-size: 10pt;\"><span style=\"background: white;\"><span style=\"color: black;\"><span style=\"font-size: 11.0pt;\">Flyter uppr\u00e4tt under alla f\u00f6rh\u00e5llanden<\/span><\/span><\/span><\/span><\/li>\n<li class=\"ai-optimize-49\" style=\"margin-right: 13.5pt; margin: 0in 0in 0.0001pt;\"><span style=\"font-size: 10pt;\"><span style=\"background: white;\"><span style=\"color: black;\"><span style=\"font-size: 11.0pt;\">Minst 40 timmars kontinuerlig drifttid vid  <\/span><span style=\"font-size: 11.0pt;\"><span style=\"background: white;\">30 <sup>\u00b0<\/sup> C (86 <sup>\u00b0<\/sup> F) eller \u00f6ver 24 timmar vid -1 <sup>\u00b0<\/sup> C (30 <sup>\u00b0<\/sup> F)<\/span><\/span><\/span><\/span><\/span><\/li>\n<li class=\"ai-optimize-50\" style=\"margin-right: 13.5pt; margin: 0in 0in 0.0001pt;\"><span style=\"font-size: 11.0pt;\"><span style=\"color: black;\">Anv\u00e4ndarutbytbara AA Energizer L91 litiumbatterier (ing\u00e5r ej)<\/span><\/span><\/li>\n<\/ul>\n","protected":false},"excerpt":{"rendered":"<p><span style=\"font-size: 11.0pt;\"><span style=\"background: white;\"><span style=\"color: black;\">Den SOLAS-godk\u00e4nda livbojsmarkeringslampan SM-3 \u00e4r en h\u00f6gintensiv LED-blixt som ger 360\u00b0 sikt i cirka 3 kilometer. Denna kompakta men h\u00e5llbara markeringslampa underl\u00e4ttar r\u00e4ddning genom att automatiskt aktiveras och b\u00f6rja blinka i vattnet, <sup>och<\/sup> fungerar i \u00f6ver 40 timmar vid 30 <sup>\u00b0<\/sup> C eller \u00f6ver 24 timmar vid -1 <sup>\u00b0<\/sup> <sup>C<\/sup> . Perfekt f\u00f6r kommersiell marin, petromarin, kryssningsfartyg och alla andra till\u00e4mpningar som beh\u00f6ver en p\u00e5litlig COB-lampa (Crew Overboard Marker). SM-3 flyter uppr\u00e4tt under alla f\u00f6rh\u00e5llanden, vilket s\u00e4kerst\u00e4ller att den forts\u00e4tter att lysa n\u00e4r du beh\u00f6ver den som mest.  <\/span><\/span><\/span><\/p>\n<p><a href=\"https:\/\/www.dropbox.com\/s\/0ezw0kexbm120vv\/Prop%2065%20-%20Lead%20and%20Lead%20Compounds.pdf?dl=0\">VARNING: F\u00d6RSLAG 65<\/a><\/p>\n<p>&nbsp;<\/p>\n","protected":false},"featured_media":164468,"template":"","meta":{"_acf_changed":false,"om_disable_all_campaigns":false},"product_brand":[],"product_cat":[5583,7980],"product_tag":[14621,14619,14618,14613,14614,7276,14616,14611,9797,14617,14612,14606,14610,14608,14605,14607,14609,7274,14620,14615,11349],"class_list":{"0":"post-158998","1":"product","2":"type-product","3":"status-publish","4":"has-post-thumbnail","6":"product_cat-marin","7":"product_cat-signaleringsprodukter-sv","8":"product_tag-3947-sv","9":"product_tag-acr-sm-2-sv","10":"product_tag-acr-sm2-sv","11":"product_tag-besattningsoverbordsljus","12":"product_tag-blinkande-besattningsoverbordsljus","13":"product_tag-gmdss-sv","14":"product_tag-gmdss-ljus","15":"product_tag-livbojljus","16":"product_tag-marint-stroboskopljus","17":"product_tag-ringbojljus","18":"product_tag-sjalvantandande-livbojljus","19":"product_tag-sm-3-sv","20":"product_tag-sm-3-blixtljus","21":"product_tag-sm-3-markeringsljus","22":"product_tag-sm3-sv","23":"product_tag-sm3-markeringsljus","24":"product_tag-sm3-ljus","25":"product_tag-solas-sv","26":"product_tag-solas-godkannande","27":"product_tag-solas-ljus","28":"product_tag-stroboskopiskt-raddningsljus","29":"pa_boat-size-0-20-sv","30":"pa_boat-size-21-40-sv","31":"pa_boat-size-40-80-sv","32":"pa_boat-size-80-sv","33":"pa_boat-type-bogserbat","34":"pa_boat-type-charter-yacht-sv","35":"pa_boat-type-kommersiellt-fiske","36":"pa_boat-type-lastfartyg","37":"pa_boat-type-segelbat","38":"pa_boat-type-yacht-sv","39":"pa_product-raddningsljus","40":"pa_product-rescue-beacons-vhf-sart-sv","41":"pa_product-signaleringsprodukter-sv","43":"first","44":"instock","45":"taxable","46":"shipping-taxable","47":"purchasable","48":"product-type-simple"},"acf":[],"_links":{"self":[{"href":"https:\/\/www.acrartex.com\/sv\/wp-json\/wp\/v2\/product\/158998","targetHints":{"allow":["GET"]}}],"collection":[{"href":"https:\/\/www.acrartex.com\/sv\/wp-json\/wp\/v2\/product"}],"about":[{"href":"https:\/\/www.acrartex.com\/sv\/wp-json\/wp\/v2\/types\/product"}],"wp:featuredmedia":[{"embeddable":true,"href":"https:\/\/www.acrartex.com\/sv\/wp-json\/wp\/v2\/media\/164468"}],"wp:attachment":[{"href":"https:\/\/www.acrartex.com\/sv\/wp-json\/wp\/v2\/media?parent=158998"}],"wp:term":[{"taxonomy":"product_brand","embeddable":true,"href":"https:\/\/www.acrartex.com\/sv\/wp-json\/wp\/v2\/product_brand?post=158998"},{"taxonomy":"product_cat","embeddable":true,"href":"https:\/\/www.acrartex.com\/sv\/wp-json\/wp\/v2\/product_cat?post=158998"},{"taxonomy":"product_tag","embeddable":true,"href":"https:\/\/www.acrartex.com\/sv\/wp-json\/wp\/v2\/product_tag?post=158998"}],"curies":[{"name":"wp","href":"https:\/\/api.w.org\/{rel}","templated":true}]}}