{"id":158970,"date":"2021-03-16T08:18:32","date_gmt":"2021-03-16T13:18:32","guid":{"rendered":"https:\/\/www.acrartex.com\/products\/l8-4\/"},"modified":"2021-03-16T08:18:32","modified_gmt":"2021-03-16T13:18:32","slug":"l8-4","status":"publish","type":"product","link":"https:\/\/www.acrartex.com\/sv\/products\/l8-4\/","title":{"rendered":"L8-4"},"content":{"rendered":"<ul>\n<li>FAA-godk\u00e4nd f\u00f6r anv\u00e4ndning p\u00e5 flytv\u00e4star<\/li>\n<li>Kombinationen av lampa och lins ger ett starkt ljus som syns i \u00f6ver en mils avst\u00e5nd<\/li>\n<li>Fungerar i s\u00f6tvatten eller saltvatten<\/li>\n<li>Standardl\u00e4ngd p\u00e5 ledningstr\u00e5d 46 cm; vissa speciall\u00e4ngder finns tillg\u00e4ngliga (minimim\u00e4ngder g\u00e4ller)<\/li>\n<li>Vattenaktiverat batteri<\/li>\n<li>Driftstid \u00f6verstiger 8 timmar<\/li>\n<\/ul>\n","protected":false},"excerpt":{"rendered":"<p>L8-4 \u00e4r en vattenaktiverad personlig r\u00e4ddningslampa som \u00e4r FAA-godk\u00e4nd f\u00f6r anv\u00e4ndning p\u00e5 flytv\u00e4star. Lampan och linsen i L8-4 producerar ett kraftfullt ljus som \u00e4r synligt i \u00f6ver en mile. Denna r\u00e4ddningslampa har ett vattenaktiverat batteri, och n\u00e4r den utl\u00f6ses h\u00e5ller den i 8 timmar.  <\/p>\n","protected":false},"featured_media":158971,"template":"","meta":{"_acf_changed":false,"om_disable_all_campaigns":false},"product_brand":[],"product_cat":[5835,5834,5553,8624],"product_tag":[9811,9799,9817,9815,9805,9807,9809,9822,14559,14561,9819,14556,14557,14558,14560,9797,11066,9813,9801,9803,7270],"class_list":{"0":"post-158970","1":"product","2":"type-product","3":"status-publish","4":"has-post-thumbnail","6":"product_cat-affarsjet","7":"product_cat-allmanflyg","8":"product_cat-flyg","9":"product_cat-kommersiella-flygplan","10":"product_tag-acr-stroboskopljus","11":"product_tag-acr-blixt","12":"product_tag-artex-pfd-sv","13":"product_tag-artex-lampa","14":"product_tag-flyg-flytvast-ljus","15":"product_tag-flyg-pfd-ljus","16":"product_tag-flygbelysning","17":"product_tag-l8-3-sv","18":"product_tag-l8-3-ljus","19":"product_tag-l8-4-ljus","20":"product_tag-l8-ljus","21":"product_tag-l82-sv","22":"product_tag-l83-sv","23":"product_tag-l84-sv","24":"product_tag-l84-ljus","25":"product_tag-marint-stroboskopljus","26":"product_tag-nodblixtljus-sv","27":"product_tag-raddningsljus-sv","28":"product_tag-raddningsljus","29":"product_tag-raddningsstroboskopljus","30":"product_tag-stroboskopljus","31":"pa_product-arv","33":"first","34":"instock","35":"taxable","36":"shipping-taxable","37":"product-type-simple"},"acf":[],"_links":{"self":[{"href":"https:\/\/www.acrartex.com\/sv\/wp-json\/wp\/v2\/product\/158970","targetHints":{"allow":["GET"]}}],"collection":[{"href":"https:\/\/www.acrartex.com\/sv\/wp-json\/wp\/v2\/product"}],"about":[{"href":"https:\/\/www.acrartex.com\/sv\/wp-json\/wp\/v2\/types\/product"}],"wp:featuredmedia":[{"embeddable":true,"href":"https:\/\/www.acrartex.com\/sv\/wp-json\/wp\/v2\/media\/158971"}],"wp:attachment":[{"href":"https:\/\/www.acrartex.com\/sv\/wp-json\/wp\/v2\/media?parent=158970"}],"wp:term":[{"taxonomy":"product_brand","embeddable":true,"href":"https:\/\/www.acrartex.com\/sv\/wp-json\/wp\/v2\/product_brand?post=158970"},{"taxonomy":"product_cat","embeddable":true,"href":"https:\/\/www.acrartex.com\/sv\/wp-json\/wp\/v2\/product_cat?post=158970"},{"taxonomy":"product_tag","embeddable":true,"href":"https:\/\/www.acrartex.com\/sv\/wp-json\/wp\/v2\/product_tag?post=158970"}],"curies":[{"name":"wp","href":"https:\/\/api.w.org\/{rel}","templated":true}]}}