{"id":158859,"date":"2021-03-16T08:18:08","date_gmt":"2021-03-16T13:18:08","guid":{"rendered":"https:\/\/www.acrartex.com\/products\/verktyg-for-borttagning-av-tps-kontakt\/"},"modified":"2021-03-16T08:18:08","modified_gmt":"2021-03-16T13:18:08","slug":"verktyg-for-borttagning-av-tps-kontakt","status":"publish","type":"product","link":"https:\/\/www.acrartex.com\/sv\/products\/verktyg-for-borttagning-av-tps-kontakt\/","title":{"rendered":"Verktyg f\u00f6r borttagning av TPS-kontakt"},"content":{"rendered":"","protected":false},"excerpt":{"rendered":"<p>TPS-verktyget f\u00f6r borttagning av kontakter hj\u00e4lper till att koppla ur \u00e4ven de mest obekv\u00e4mt placerade kontakterna s\u00e5 att borttagning av ELT (C406-2 och C406-2 HM, B406-4 och G406-4) och antenner g\u00e5r snabbt och effektivt. Detta verktyg fungerar med f\u00f6ljande ELT modeller: \u2013 C406-2 \u2013 C406-2 HM \u2013 B406-4 \u2013 G406-4 <\/p>\n","protected":false},"featured_media":158910,"template":"","meta":{"_acf_changed":false,"om_disable_all_campaigns":false},"product_brand":[],"product_cat":[2927],"product_tag":[14403,14431,14397,14410,14417,14427,14392,14387,14435,14422,10947,14382],"class_list":{"0":"post-158859","1":"product","2":"type-product","3":"status-publish","4":"has-post-thumbnail","6":"product_cat-okategoriserad","7":"product_tag-145-0001-sv","8":"product_tag-artikelnummer-145-0001-sv-3","9":"product_tag-artikelnummer-145-0001","10":"product_tag-artikelnummer-145-0001-sv","11":"product_tag-artikelnummer-145-0001-sv-2","12":"product_tag-artikelnummer-4145-0001","13":"product_tag-borttagning-av-el-for-underhall","14":"product_tag-borttagning-av-kontakter","15":"product_tag-borttagningsverktyg","16":"product_tag-pn4145-0001-sv","17":"product_tag-tps-sv","18":"product_tag-verktyg-for-borttagning-av-tps-kontakt","20":"first","21":"instock","22":"taxable","23":"shipping-taxable","24":"product-type-simple"},"acf":[],"_links":{"self":[{"href":"https:\/\/www.acrartex.com\/sv\/wp-json\/wp\/v2\/product\/158859","targetHints":{"allow":["GET"]}}],"collection":[{"href":"https:\/\/www.acrartex.com\/sv\/wp-json\/wp\/v2\/product"}],"about":[{"href":"https:\/\/www.acrartex.com\/sv\/wp-json\/wp\/v2\/types\/product"}],"wp:featuredmedia":[{"embeddable":true,"href":"https:\/\/www.acrartex.com\/sv\/wp-json\/wp\/v2\/media\/158910"}],"wp:attachment":[{"href":"https:\/\/www.acrartex.com\/sv\/wp-json\/wp\/v2\/media?parent=158859"}],"wp:term":[{"taxonomy":"product_brand","embeddable":true,"href":"https:\/\/www.acrartex.com\/sv\/wp-json\/wp\/v2\/product_brand?post=158859"},{"taxonomy":"product_cat","embeddable":true,"href":"https:\/\/www.acrartex.com\/sv\/wp-json\/wp\/v2\/product_cat?post=158859"},{"taxonomy":"product_tag","embeddable":true,"href":"https:\/\/www.acrartex.com\/sv\/wp-json\/wp\/v2\/product_tag?post=158859"}],"curies":[{"name":"wp","href":"https:\/\/api.w.org\/{rel}","templated":true}]}}