{"id":158802,"date":"2021-03-16T08:20:39","date_gmt":"2021-03-16T08:20:39","guid":{"rendered":"https:\/\/www.acrartex.com\/products\/sr203-vhf-handhallen-overlevnadsradio\/"},"modified":"2026-01-07T14:33:46","modified_gmt":"2026-01-07T19:33:46","slug":"sr203-vhf-handhallen-overlevnadsradio","status":"publish","type":"product","link":"https:\/\/www.acrartex.com\/sv\/products\/sr203-vhf-handhallen-overlevnadsradio\/","title":{"rendered":"SR203 VHF handh\u00e5llen \u00f6verlevnadsradio"},"content":{"rendered":"<p>Den digitala displayen och kontrollknapparna \u00e4r bakgrundsbelysta vilket g\u00f6r det enkelt att anv\u00e4nda den i milj\u00f6er med svagt ljus. N\u00e4r den aktiveras st\u00e4lls SR203 automatiskt in p\u00e5 kanal 16 och har en enda tryckknapp p\u00e5 kanal 16 f\u00f6r att snabbt \u00e5terg\u00e5 till n\u00f6dkanalen. Den handh\u00e5llna VHF-radion SR203 har en exceptionell batteritid p\u00e5 \u00f6ver 16 timmar (@ -20 \u00b0C) tack vare sin mycket effektiva s\u00e4ndare som \u00e4r utformad f\u00f6r att maximera batteritiden. Den innovativa batteriskyddsfliken inneb\u00e4r att det prim\u00e4ra batteriet kan f\u00e4stas permanent p\u00e5 radion utan risk f\u00f6r att tappa laddningen. Radion kommer alltid att vara tillg\u00e4nglig f\u00f6r anv\u00e4ndning i n\u00f6dsituationer utan att beh\u00f6va ta bort skyddsetiketter. Bryt bara av den r\u00f6da skyddsfliken s\u00e5 \u00e4r radion omedelbart redo att sl\u00e5s p\u00e5 till kanal 16. F\u00f6r dagligt bruk erbjuder ACR ett alternativ med litiumpolymerladdningsbart batteri. Snabbladdaren \u00e4r den perfekta l\u00f6sningen f\u00f6r att h\u00e5lla batterierna fulladdade.       <\/p>\n<ul>\n<li>  Effektiv s\u00e4ndare<\/li>\n<li>  Robust design<\/li>\n<li>  Prim\u00e4rt litiumbatteri \u00f6vertr\u00e4ffar GMDSS-kraven<\/li>\n<li>  Skyddande batteriflik<\/li>\n<li>  Icke-farliga batterier<\/li>\n<li>  16 timmars typisk driftstid<\/li>\n<li>  Valfritt uppladdningsbart batterikit<\/li>\n<li>  Laseretsade kontrollknappar<\/li>\n<li>  Digital display och knappsats med h\u00f6g kontrast\/bakgrundsbelysning<\/li>\n<li>  21 kanaler<\/li>\n<\/ul>\n","protected":false},"excerpt":{"rendered":"<p>SR203 VHF handh\u00e5llen \u00f6verlevnadsradio \u00e4r en FCC-godk\u00e4nd enhet som \u00e4r byggd f\u00f6r alla marina till\u00e4mpningar. Dess digitala display och kontrollknappar \u00e4r bakgrundsbelysta, vilket g\u00f6r enheten l\u00e4tt att anv\u00e4nda i m\u00f6rka milj\u00f6er. Om du beh\u00f6ver hj\u00e4lp \u00e4r SR203 VHF enkel att anv\u00e4nda. N\u00e4r den har aktiverats st\u00e4ller sig \u00f6verlevnadsradion automatiskt in p\u00e5 n\u00f6dkanal 16 och har en enda tryckknapp s\u00e5 att du snabbt kan skicka ut ditt n\u00f6dmeddelande. SR203 VHF har en batteritid p\u00e5 \u00f6ver 16 timmar och uppfyller alla IMO-krav.    <\/p>\n<p>&nbsp;<\/p>\n<p><strong>Denna produkt \u00e4r inte tillg\u00e4nglig f\u00f6r kommersiell f\u00f6rs\u00e4ljning.<\/strong><\/p>\n<p>&nbsp;<\/p>\n","protected":false},"featured_media":158866,"template":"","meta":{"_acf_changed":false,"om_disable_all_campaigns":false},"product_brand":[],"product_cat":[5826,5583,5825],"product_tag":[14377,14374,14381,14370,14357,14308,14340,14316,14363,14348,9622,14323,14385,14331],"class_list":{"0":"post-158802","1":"product","2":"type-product","3":"status-publish","4":"has-post-thumbnail","6":"product_cat-kommersiell","7":"product_cat-marin","8":"product_cat-till-havs","9":"product_tag-gmdss-overlevnadsradio","10":"product_tag-gmdss-vhf-radio-sv","11":"product_tag-gmdss-godkand-radio","12":"product_tag-handhallen-marin-vhf-radio","13":"product_tag-handhallen-vhf-radio","14":"product_tag-marin-vhf-radio-sv","15":"product_tag-marin-vhf-radioantenn","16":"product_tag-marina-vhf-radioapparater","17":"product_tag-marina-vhf-radioapparater-till-salu","18":"product_tag-recensioner-av-marin-vhf-radio","19":"product_tag-vhf-marinradio","20":"product_tag-vhf-radio-sv","21":"product_tag-vhf-radio-gmdss-sv","22":"product_tag-vhf-radioapparater","23":"pa_boat-size-80-sv","24":"pa_boat-type-bogserbat","25":"pa_boat-type-charter-yacht-sv","26":"pa_boat-type-kommersiellt-fiske","27":"pa_boat-type-lastfartyg","28":"pa_boat-type-segelbat","29":"pa_boat-type-yacht-sv","30":"pa_product-rescue-beacons-vhf-sart-sv","32":"first","33":"instock","34":"taxable","35":"shipping-taxable","36":"product-type-simple"},"acf":[],"_links":{"self":[{"href":"https:\/\/www.acrartex.com\/sv\/wp-json\/wp\/v2\/product\/158802","targetHints":{"allow":["GET"]}}],"collection":[{"href":"https:\/\/www.acrartex.com\/sv\/wp-json\/wp\/v2\/product"}],"about":[{"href":"https:\/\/www.acrartex.com\/sv\/wp-json\/wp\/v2\/types\/product"}],"wp:featuredmedia":[{"embeddable":true,"href":"https:\/\/www.acrartex.com\/sv\/wp-json\/wp\/v2\/media\/158866"}],"wp:attachment":[{"href":"https:\/\/www.acrartex.com\/sv\/wp-json\/wp\/v2\/media?parent=158802"}],"wp:term":[{"taxonomy":"product_brand","embeddable":true,"href":"https:\/\/www.acrartex.com\/sv\/wp-json\/wp\/v2\/product_brand?post=158802"},{"taxonomy":"product_cat","embeddable":true,"href":"https:\/\/www.acrartex.com\/sv\/wp-json\/wp\/v2\/product_cat?post=158802"},{"taxonomy":"product_tag","embeddable":true,"href":"https:\/\/www.acrartex.com\/sv\/wp-json\/wp\/v2\/product_tag?post=158802"}],"curies":[{"name":"wp","href":"https:\/\/api.w.org\/{rel}","templated":true}]}}