{"id":158726,"date":"2021-03-16T08:17:57","date_gmt":"2021-03-16T13:17:57","guid":{"rendered":"https:\/\/www.acrartex.com\/products\/tps-8715-test-och-programmeringssats\/"},"modified":"2021-03-16T08:17:57","modified_gmt":"2021-03-16T13:17:57","slug":"tps-8715-test-och-programmeringssats","status":"publish","type":"product","link":"https:\/\/www.acrartex.com\/sv\/products\/tps-8715-test-och-programmeringssats\/","title":{"rendered":"TPS 8715 \u2013 Test- och programmeringssats"},"content":{"rendered":"<p><strong><u>ELT -testning och verifiering av ELT -ID<\/u><\/strong><\/p>\n<p>Flygplans n\u00f6dlokaliseringss\u00e4ndare (ELT) m\u00e5ste ha sitt unika identifieringsnummer registrerat hos de nationella myndigheterna. ARTEX TPS 8715 f\u00f6r allm\u00e4nflyg tillhandah\u00e5ller en enkel metod f\u00f6r att verifiera och spara ARTEX ELT-ID efter installation, omprogrammering eller om fyren beh\u00f6ver omregistreras efter ett \u00e4garbyte av flygplan. Detta system programmerar endast ARTEX General Aviation ELT* inklusive ME406, ELT 345 och ELT 1000.  <\/p>\n<p><strong><u>ELT -avkodning<\/u><\/strong><\/p>\n<p>ARTEX TPS 8715 \u00e4r ett robust, kompakt och portabelt system som avkodar \u00f6verf\u00f6ringen av 406 MHz Cospas-Sarsat s\u00e4ndningar. S\u00e4ndningen kan avl\u00e4sas direkt via antennkabeln eller via sj\u00e4lva antennen. Enheten indikerar ocks\u00e5 om 121,5 MHz finns. TPS 8715 \u00e4r endast en avkodningsenhet och m\u00e4ter inte effekt. Kontakta din lokala myndighet f\u00f6r ELT -m\u00e4tningskrav f\u00f6r \u00e5rliga inspektioner.    <\/p>\n<p><strong><u>Program GA-linje f\u00f6r ELT<\/u><\/strong><\/p>\n<p>TPS 8715 kan snabbt och enkelt programmera hela sortimentet av ARTEX General Aviation ELT:er med \u00f6nskat protokoll, NAV Data Baud Rate och erforderlig information enligt beskrivningen av Cospas-Sarsat via programmeringskabeln (medf\u00f6ljer).<\/p>\n<p><strong><u>Testdata<\/u><\/strong><\/p>\n<p>TPS 8715 registrerar all data i en intern databas som kan s\u00e4kerhetskopieras till din dator. Informationen kan visas p\u00e5 datorn oberoende av TPS 8715, och den \u00e4r tidsst\u00e4mplad som bevis p\u00e5 \u00f6verf\u00f6ring och korrekt programmering. TPS 8715 kan skriva ut via ett USB-gr\u00e4nssnitt till en dator. Utskriftsfunktionen kr\u00e4ver ett nedladdningsbart program som finns tillg\u00e4ngligt p\u00e5 ACRARTEX.com.   <\/p>\n<p>TPS 8715 levereras utan programvara och du m\u00e5ste registrera dig och genomg\u00e5 utbildning p\u00e5 <a href=\"http:\/\/www.acrartex.com\/\">www.ACRARTEX.com<\/a> f\u00f6r att kunna ladda ner de n\u00f6dv\u00e4ndiga programvarorna. Utbildningen \u00e4r sj\u00e4lvbetj\u00e4ningsbaserad och tillg\u00e4nglig utan kostnad. En snabbstartsguide medf\u00f6ljer varje enhet som beskriver proceduren.  <\/p>\n<p>*F\u00f6r ELT -programmering p\u00e5 transportniv\u00e5, se artikelnummer 8700 ELT TPS.<\/p>\n","protected":false},"excerpt":{"rendered":"<p>ARTEX TPS 8715 m\u00f6jligg\u00f6r verifiering, testning och programmering av ARTEX General Aviation-serien av ELT:er.<\/p>\n<p> <span style=\"color: #ff0000;\"><strong>OBS: Denna produkt har utg\u00e5tt och har ersatts med <a href=\"https:\/\/www.acrartex.com\/products\/fpt\/\">FPT 8800-seriens ARTEX programmerare<\/a> .<\/strong><\/span><\/p>\n","protected":false},"featured_media":158748,"template":"","meta":{"_acf_changed":false,"om_disable_all_campaigns":false},"product_brand":[],"product_cat":[5834,5553],"product_tag":[14281,10956,10952,5557,10944,10932,10954,10950,10941,10929,10935,10938,10947,14271],"class_list":{"0":"post-158726","1":"product","2":"type-product","3":"status-publish","4":"has-post-thumbnail","6":"product_cat-allmanflyg","7":"product_cat-flyg","8":"product_tag-8715-sv","9":"product_tag-allmanflyg","10":"product_tag-avkodning","11":"product_tag-elt-sv","12":"product_tag-elt-programmerare","13":"product_tag-elt-programmering","14":"product_tag-ga-sv","15":"product_tag-kontroll","16":"product_tag-programmerare","17":"product_tag-programmering","18":"product_tag-testa","19":"product_tag-testning","20":"product_tag-tps-sv","21":"product_tag-tps-8715-sv","22":"pa_product-arv","24":"first","25":"instock","26":"taxable","27":"shipping-taxable","28":"product-type-simple"},"acf":[],"_links":{"self":[{"href":"https:\/\/www.acrartex.com\/sv\/wp-json\/wp\/v2\/product\/158726","targetHints":{"allow":["GET"]}}],"collection":[{"href":"https:\/\/www.acrartex.com\/sv\/wp-json\/wp\/v2\/product"}],"about":[{"href":"https:\/\/www.acrartex.com\/sv\/wp-json\/wp\/v2\/types\/product"}],"wp:featuredmedia":[{"embeddable":true,"href":"https:\/\/www.acrartex.com\/sv\/wp-json\/wp\/v2\/media\/158748"}],"wp:attachment":[{"href":"https:\/\/www.acrartex.com\/sv\/wp-json\/wp\/v2\/media?parent=158726"}],"wp:term":[{"taxonomy":"product_brand","embeddable":true,"href":"https:\/\/www.acrartex.com\/sv\/wp-json\/wp\/v2\/product_brand?post=158726"},{"taxonomy":"product_cat","embeddable":true,"href":"https:\/\/www.acrartex.com\/sv\/wp-json\/wp\/v2\/product_cat?post=158726"},{"taxonomy":"product_tag","embeddable":true,"href":"https:\/\/www.acrartex.com\/sv\/wp-json\/wp\/v2\/product_tag?post=158726"}],"curies":[{"name":"wp","href":"https:\/\/api.w.org\/{rel}","templated":true}]}}