{"id":158371,"date":"2021-04-09T11:17:38","date_gmt":"2021-04-09T16:17:38","guid":{"rendered":"https:\/\/www.acrartex.com\/products\/wi-fi-fjarrkontrollmodul\/"},"modified":"2021-04-09T11:17:38","modified_gmt":"2021-04-09T16:17:38","slug":"wi-fi-fjarrkontrollmodul","status":"publish","type":"product","link":"https:\/\/www.acrartex.com\/sv\/products\/wi-fi-fjarrkontrollmodul\/","title":{"rendered":"Wi-Fi-fj\u00e4rrkontrollmodul"},"content":{"rendered":"<p>F\u00f6r att styra och anv\u00e4nda Wi-Fi-modulen beh\u00f6ver du:<\/p>\n<ul>\n<li>L\u00e4mplig iOS- eller Android-smarttelefon eller surfplatta<\/li>\n<li>Extern GPS om du vill visa positionsdata p\u00e5 en iPad eller annan mobil enhet med endast Wi-Fi utan intern GPS<\/li>\n<\/ul>\n<p>Wi-Fi-modulen har en integrerad str\u00f6m-\/datakabel med fyra ledningar. Funktionen f\u00f6r varje ledning visas p\u00e5 produktetiketten. Wi-Fi-modulen har en NMEA0183-ing\u00e5ng som g\u00f6r att en extern GPS kan tillhandah\u00e5lla positionsinformation f\u00f6r visning i ACR Searchlight-appen. Detta \u00e4r s\u00e4rskilt anv\u00e4ndbart om den mobila enheten inte har en intern GPS , till exempel en iPad med endast Wi-Fi. Om ingen extern GPS \u00e4r ansluten anv\u00e4nder appen automatiskt den mobila enhetens interna GPS och om denna inte \u00e4r tillg\u00e4nglig visas ingen position i ACR Searchlight-appen.    <\/p>\n<p>&nbsp;<\/p>\n<h3>Installationsanvisningar f\u00f6r mobilappen:<\/h3>\n<p><em><strong>iOS \u2013 Bes\u00f6k Apple App Store, s\u00f6k efter \u201d ACR Searchlight\u201d och ladda ner gratisappen<\/strong><\/em><\/p>\n<p><em><strong>Android \u2013 Som visas p\u00e5 sk\u00e4rmbilden nedan, g\u00e5 till inst\u00e4llningssk\u00e4rmen &#8220;L\u00e5ssk\u00e4rm och s\u00e4kerhet&#8221; p\u00e5 din mobila enhet som du vill anv\u00e4nda f\u00f6r att styra din s\u00f6kljuslampa, v\u00e4lj alternativet f\u00f6r att till\u00e5ta installation av appar fr\u00e5n &#8220;Ok\u00e4nda k\u00e4llor&#8221; och klicka p\u00e5 &#8220;OK&#8221;. N\u00e4r du har slutf\u00f6rt dessa steg <a href=\"https:\/\/www.dropbox.com\/scl\/fi\/7vf72mbbatofnee3bw3mx\/ACR_searchlight_release.apk?rlkey=codcu1zvl5yhy7bryqn29e8pv&amp;dl=1\">klickar du h\u00e4r<\/a> f\u00f6r att installera mobilappen ACR Searchlight p\u00e5 din enhet. <\/strong><\/em><\/p>\n<p><a href=\"https:\/\/www.acrartex.com\/wp-content\/uploads\/2021\/03\/Android-Searchlight-App_Download-Instructions.png\"><img loading=\"lazy\" decoding=\"async\" class=\" wp-image-83080 aligncenter\" src=\"https:\/\/www.acrartex.com\/wp-content\/uploads\/2021\/03\/Android-Searchlight-App_Download-Instructions-300x265.png\" alt=\"\" width=\"317\" height=\"280\" srcset=\"https:\/\/www.acrartex.com\/wp-content\/uploads\/2021\/03\/Android-Searchlight-App_Download-Instructions-300x265.png 300w, https:\/\/www.acrartex.com\/wp-content\/uploads\/2021\/03\/Android-Searchlight-App_Download-Instructions.png 446w\" sizes=\"auto, (max-width: 317px) 100vw, 317px\" \/><\/a><\/p>\n<p>&nbsp;<\/p>\n<p>&nbsp;<\/p>\n","protected":false},"excerpt":{"rendered":"<p>Denna Wifi-fj\u00e4rrkontrollmodul ger dig flexibiliteten att styra din RCL -100LED och RCL -100D direkt fr\u00e5n din mobiltelefon.<\/p>\n<p><strong>Obs: ACR Searchlight-appen \u00e4r tillg\u00e4nglig f\u00f6r iOS och Android. Se fliken &#8220;Beskrivning&#8221; nedan f\u00f6r instruktioner om hur du installerar appen p\u00e5 din mobila enhet. <\/strong><\/p>\n<p>&nbsp;<\/p>\n<p><a href=\"https:\/\/www.dropbox.com\/s\/ezakylsa2478sav\/Prop%2065%20-%20DINP%20and%20BPA.pdf?dl=0\">VARNING: F\u00d6RSLAG 65<\/a><\/p>\n<p>&nbsp;<\/p>\n<p><span style=\"color: #e74c3c;\">KOD: <strong>SHIPFREE20<\/strong> Fri markfrakt p\u00e5 best\u00e4llningar \u00f6ver 30 U$. G\u00e4ller ej Hawaii och Alaska <\/span><\/p>\n<p>&nbsp;<\/p>\n","protected":false},"featured_media":158526,"template":"","meta":{"_acf_changed":false,"om_disable_all_campaigns":false},"product_brand":[],"product_cat":[5822,5583,5823,7092,5825],"product_tag":[14159,14168,7669,14137,7103,14125,14111,7099,7110,14148],"class_list":{"0":"post-158371","1":"product","2":"type-product","3":"status-publish","4":"has-post-thumbnail","6":"product_cat-inat-landet","7":"product_cat-marin","8":"product_cat-nara-stranden","9":"product_cat-stralkastare","10":"product_cat-till-havs","11":"product_tag-9602-sv","12":"product_tag-acr-100-d-sv","13":"product_tag-acr-rcl-100-led-sv","14":"product_tag-acr-sokljus-sv","15":"product_tag-batstralkastare","16":"product_tag-marin-stralkastare","17":"product_tag-militar-sv","18":"product_tag-sokarljus","19":"product_tag-sokljusforetag","20":"product_tag-wifi-kontrollmodul-sv","21":"pa_boat-size-21-40-sv","22":"pa_boat-size-40-80-sv","23":"pa_product-arv","25":"first","26":"instock","27":"taxable","28":"shipping-taxable","29":"product-type-simple"},"acf":[],"_links":{"self":[{"href":"https:\/\/www.acrartex.com\/sv\/wp-json\/wp\/v2\/product\/158371","targetHints":{"allow":["GET"]}}],"collection":[{"href":"https:\/\/www.acrartex.com\/sv\/wp-json\/wp\/v2\/product"}],"about":[{"href":"https:\/\/www.acrartex.com\/sv\/wp-json\/wp\/v2\/types\/product"}],"wp:featuredmedia":[{"embeddable":true,"href":"https:\/\/www.acrartex.com\/sv\/wp-json\/wp\/v2\/media\/158526"}],"wp:attachment":[{"href":"https:\/\/www.acrartex.com\/sv\/wp-json\/wp\/v2\/media?parent=158371"}],"wp:term":[{"taxonomy":"product_brand","embeddable":true,"href":"https:\/\/www.acrartex.com\/sv\/wp-json\/wp\/v2\/product_brand?post=158371"},{"taxonomy":"product_cat","embeddable":true,"href":"https:\/\/www.acrartex.com\/sv\/wp-json\/wp\/v2\/product_cat?post=158371"},{"taxonomy":"product_tag","embeddable":true,"href":"https:\/\/www.acrartex.com\/sv\/wp-json\/wp\/v2\/product_tag?post=158371"}],"curies":[{"name":"wp","href":"https:\/\/api.w.org\/{rel}","templated":true}]}}