{"id":158362,"date":"2021-03-16T08:21:51","date_gmt":"2021-03-16T13:21:51","guid":{"rendered":"https:\/\/www.acrartex.com\/products\/globalfix-pro-epirb\/"},"modified":"2021-03-16T08:21:51","modified_gmt":"2021-03-16T13:21:51","slug":"globalfix-pro-epirb","status":"publish","type":"product","link":"https:\/\/www.acrartex.com\/sv\/products\/globalfix-pro-epirb\/","title":{"rendered":"GlobalFix \u2122 PRO EPIRB"},"content":{"rendered":"<p><a href=\"https:\/\/www.acrartex.com\/products\/globalfix-v5-ais-epirb\/\"><b><i>View tillg\u00e4ngliga produktuppgraderingar<\/i><\/b><\/a><\/p>\n<p>GlobalFix \u2122 PRO s\u00e4nder ut en unik registrerad n\u00f6dsignal som inte bara talar om f\u00f6r r\u00e4ddningspersonalen var du befinner dig, utan \u00e4ven vem du \u00e4r. Den interna GPS en sl\u00e5s automatiskt p\u00e5 och h\u00e4mtar din position vid aktivering och anv\u00e4nder sedan en kraftfull 406 MHz-signal f\u00f6r att vidarebefordra ditt n\u00f6danrop till satelliter i omloppsbana. N\u00e4r lokal s\u00f6k- och r\u00e4ddningstj\u00e4nst anv\u00e4nds v\u00e4gleder en separat m\u00e5ls\u00f6karsignal och integrerat LED-stroboskopljus r\u00e4ddningspersonalen till din exakta plats.  <\/p>\n<p>&nbsp;<\/p>\n<p>GlobalFix \u2122 PRO \u00e4r liten och robust och har \u00f6ver 53 \u00e5rs inbyggd livr\u00e4ddande teknik i varje enhet. Genom att utf\u00f6ra ett fullst\u00e4ndigt funktionstest av GlobalFix \u2122 PRO:s interna kretsar, batterisp\u00e4nning och str\u00f6mf\u00f6rs\u00f6rjning samt 406 MHz-\u00f6verf\u00f6ring kan du k\u00e4nna dig trygg i vetskapen om att din EPIRB fungerar n\u00e4r du beh\u00f6ver den som mest. Exklusivt f\u00f6r ACR : Inbyggt GPS insamlingstestl\u00e4ge l\u00e5ter dig testa den interna GPS mottagaren f\u00f6r att s\u00e4kerst\u00e4lla att den fungerar korrekt.  <\/p>\n<p>&nbsp;<\/p>\n<p>Utnyttja samma f\u00e4lttestade r\u00e4ddningsteknik som anv\u00e4nds av den amerikanska milit\u00e4ren, kustbevakningen, NATO, specialstyrkor och arktiska uppt\u00e4cktsresande.<\/p>\n<p>&nbsp;<\/p>\n<p>GlobalFix \u2122 PRO erbjuder det allra senaste inom marin elektronisk livr\u00e4ddningsteknik:<\/p>\n<ul>\n<li>Mycket synlig LED-stroboskop \u2013 Energieffektiv<\/li>\n<li>Intern 66-kanalig GPS \u2013 Snabb kallstart<\/li>\n<li>H\u00f6g effektivitet \u2013 Prestanda du kan lita p\u00e5<\/li>\n<li>Ofarliga batterier \u2013 Inga problem med frakt<\/li>\n<li>Professionell design \u2013 Konstruerad, testad och byggd f\u00f6r \u00e5ratal av otillb\u00f6rlig marin anv\u00e4ndning<\/li>\n<li>Ergonomisk, kompakt design; Minsta, funktionsrika EPIRB som finns tillg\u00e4nglig<\/li>\n<\/ul>\n<p>&nbsp;<\/p>\n<p>Om du anv\u00e4nder den&#8230;ers\u00e4tter vi den <a href=\"http:\/\/www.survivorclub.com\/\">kostnadsfritt<\/a> . Skicka bara in din ber\u00e4ttelse, skicka tillbaka din begagnade fyr s\u00e5 att vi kan montera den p\u00e5 v\u00e5r Wall of Fame och vi skickar dig en helt ny fyr av samma eller h\u00f6gre v\u00e4rde. <\/p>\n","protected":false},"excerpt":{"rendered":"<p>#H\u00e5ll dig s\u00e4ker d\u00e4r ute med GlobalFix \u2122 PRO n\u00f6dradios\u00e4ndare med positionsindikering ( EPIRB ). Denna s\u00e4ndare \u00e4r utrustad med en intern GPS som snabbt och exakt vidarebefordrar din position till ett v\u00e4rldsomsp\u00e4nnande n\u00e4tverk av s\u00f6k- och r\u00e4ddningssatelliter om du skulle r\u00e5ka ut f\u00f6r en n\u00f6dsituation med en b\u00e5t. Ha sinnesro varje g\u00e5ng du ger dig ut till havs med vetskapen om att GlobalFix PRO EPIRB konsekvent tar bort &#8220;s\u00f6kandet&#8221; fr\u00e5n &#8220;s\u00f6k och r\u00e4ddning&#8221;.  <\/p>\n<p><span style=\"color: #3366ff;\"><strong>Denna produkt har uppgraderats. <a href=\"https:\/\/www.acrartex.com\/products\/globalfix-v5-ais-epirb\/\">Klicka h\u00e4r<\/a> f\u00f6r att se tillg\u00e4ngliga produktuppgraderingar<\/strong><\/span><\/p>\n<p>&nbsp;<\/p>\n","protected":false},"featured_media":158492,"template":"","meta":{"_acf_changed":false,"om_disable_all_campaigns":false},"product_brand":[],"product_cat":[5583],"product_tag":[14147,14157,14138,5585,6161,5613,5602,14113,9196,5591,14100,14127],"class_list":{"0":"post-158362","1":"product","2":"type-product","3":"status-publish","4":"has-post-thumbnail","6":"product_cat-marin","7":"product_tag-2842-sv","8":"product_tag-2844-sv","9":"product_tag-acr-globalfix-pro-sv","10":"product_tag-epirb-sv","11":"product_tag-fyr","12":"product_tag-global-losning","13":"product_tag-globalfix-sv","14":"product_tag-globalfix-pro-sv","15":"product_tag-nodpositionsindikerande-radiofyr","16":"product_tag-nodsignal","17":"product_tag-pro-sv","18":"product_tag-rlb-37-sv","19":"pa_product-arv","21":"first","22":"outofstock","23":"taxable","24":"shipping-taxable","25":"product-type-variable"},"acf":[],"_links":{"self":[{"href":"https:\/\/www.acrartex.com\/sv\/wp-json\/wp\/v2\/product\/158362","targetHints":{"allow":["GET"]}}],"collection":[{"href":"https:\/\/www.acrartex.com\/sv\/wp-json\/wp\/v2\/product"}],"about":[{"href":"https:\/\/www.acrartex.com\/sv\/wp-json\/wp\/v2\/types\/product"}],"wp:featuredmedia":[{"embeddable":true,"href":"https:\/\/www.acrartex.com\/sv\/wp-json\/wp\/v2\/media\/158492"}],"wp:attachment":[{"href":"https:\/\/www.acrartex.com\/sv\/wp-json\/wp\/v2\/media?parent=158362"}],"wp:term":[{"taxonomy":"product_brand","embeddable":true,"href":"https:\/\/www.acrartex.com\/sv\/wp-json\/wp\/v2\/product_brand?post=158362"},{"taxonomy":"product_cat","embeddable":true,"href":"https:\/\/www.acrartex.com\/sv\/wp-json\/wp\/v2\/product_cat?post=158362"},{"taxonomy":"product_tag","embeddable":true,"href":"https:\/\/www.acrartex.com\/sv\/wp-json\/wp\/v2\/product_tag?post=158362"}],"curies":[{"name":"wp","href":"https:\/\/api.w.org\/{rel}","templated":true}]}}