{"id":157874,"date":"2021-04-09T11:18:50","date_gmt":"2021-04-09T16:18:50","guid":{"rendered":"https:\/\/www.acrartex.com\/products\/resqflare-elektronisk-led-nodsignal-for-bat\/"},"modified":"2025-11-26T03:34:35","modified_gmt":"2025-11-26T08:34:35","slug":"resqflare-elektronisk-led-nodsignal-for-bat","status":"publish","type":"product","link":"https:\/\/www.acrartex.com\/sv\/products\/resqflare-elektronisk-led-nodsignal-for-bat\/","title":{"rendered":"ResQFlare \u2013 Elektronisk LED-n\u00f6dsignal f\u00f6r b\u00e5t"},"content":{"rendered":"<p><span style=\"font-size: 10pt;\"><span style=\"font-size: 11.0pt;\"><span style=\"background: white;\"><span style=\"color: black;\">ResQFlare \u00e4r ett USCG-godk\u00e4nt elektroniskt b\u00e5tfackla-kit som underl\u00e4ttar r\u00e4ddning genom att avge blixtkarakt\u00e4ristik f\u00f6r den internationella morseleden f\u00f6r SOS. ResQFlare h\u00f6geffektiva elektronik g\u00f6r att den kan bibeh\u00e5lla den USCG-kr\u00e4vda 75 cd maximala ekvivalenta fasta intensiteten i \u00f6ver 20 timmar (mer \u00e4n 3 g\u00e5nger l\u00e4ngre \u00e4n USCG-kravet f\u00f6r att bibeh\u00e5lla denna ljusintensitetsniv\u00e5). Med sin utbytbara batteristr\u00f6mk\u00e4lla (2 C-batterier) ger ResQFlare m\u00e5nga \u00e5rs anv\u00e4ndning. Som ett resultat \u00e4r b\u00e5tar s\u00e4krare genom att eliminera de vanliga nackdelarna med pyrotekniska b\u00e5tfacklor, inklusive deras utg\u00e5ngsdatum och strikta obligatoriska avfallskrav.   <\/span><\/span><\/span><\/span><\/p>\n<h2 style=\"margin: 0in 0in 0.0001pt;\"><span style=\"font-size: 10pt;\"><b><span style=\"font-size: 12.0pt;\">F\u00f6rdelar ResQFlare j\u00e4mf\u00f6rt med traditionella pyrotekniska b\u00e5tfacklor:<\/span><\/b><\/span><\/h2>\n<ul>\n<li style=\"margin: 0in 0in 0.0001pt;\"><span style=\"font-size: 10pt;\"><span style=\"font-size: 11.0pt;\">Inget utg\u00e5ngsdatum<\/span><\/span><\/li>\n<li style=\"margin: 0in 0in 0.0001pt;\"><span style=\"font-size: 10pt;\"><span style=\"font-size: 11.0pt;\">Familjes\u00e4ker (ingen brinnande l\u00e5ga)  <\/span><\/span><\/li>\n<li style=\"margin: 0in 0in 0.0001pt;\"><span style=\"font-size: 10pt;\"><span style=\"font-size: 11.0pt;\">L\u00e4tt att anv\u00e4nda (s\u00e5 \u00e4ven dina barn och nyb\u00f6rjare kan anv\u00e4nda den i h\u00e4ndelse av en n\u00f6dsituation)  <\/span><\/span><\/li>\n<li style=\"margin: 0in 0in 0.0001pt;\"><span style=\"font-size: 10pt;\"><span style=\"font-size: 11.0pt;\">Inga problem med de befintliga str\u00e4nga obligatoriska avfallskraven f\u00f6r pyrotekniska facklor (som lagligen anses vara farligt material)<\/span><\/span><\/li>\n<li style=\"margin: 0in 0in 0.0001pt;\"><span style=\"font-size: 10pt;\"><span style=\"font-size: 11.0pt;\">Vattent\u00e4t och flytbar  <\/span><\/span><\/li>\n<li style=\"margin: 0in 0in 0.0001pt;\"><span style=\"font-size: 10pt;\"><span style=\"font-size: 11.0pt;\">Eng\u00e5ngsk\u00f6p (mindre kostnad under produktens livsl\u00e4ngd)<\/span><\/span><\/li>\n<\/ul>\n<p style=\"margin: 0in 0in 0.0001pt;\"><span style=\"font-size: 10pt;\"><span style=\"font-size: 11.0pt;\"><span style=\"background: white;\"><span style=\"color: black;\">ResQFlare uppfyller USCG-kraven (46 CFR 161.013) och klassificeras som en godk\u00e4nd visuell n\u00f6dsignal f\u00f6r natten. Eftersom en n\u00f6dflagga, som uppfyller kraven i 46 CFR 160.072, ing\u00e5r i paketet med varje ResQFlare , f\u00f6rses anv\u00e4ndarna ocks\u00e5 med en godk\u00e4nd visuell n\u00f6dsignal f\u00f6r dagen (kravet p\u00e5 att b\u00e4ra godk\u00e4nda visuella n\u00f6dsignaler f\u00f6r dag och natt finns i 33 CFR del 175). <\/span><\/span><\/span><\/span><\/p>\n<p>&nbsp;<\/p>\n<p style=\"margin: 0in 0in 0.0001pt;\"><span style=\"font-size: 10pt;\"><span style=\"font-size: 11.0pt;\">Den medf\u00f6ljande n\u00f6dflaggan erbjuder m\u00e5nga alternativ f\u00f6r dagsljussignal. Flaggan kan hissas genom att f\u00e4stas p\u00e5 masten eller helt enkelt hissas till h\u00f6gsta m\u00f6jliga punkt. Den kan ocks\u00e5 visas f\u00f6r hand, knytas till och sedan viftas p\u00e5 f\u00f6rem\u00e5l som en b\u00e5tshake, paddel eller fiskesp\u00f6, eller s\u00e5 kan den l\u00e4ggas platt p\u00e5 d\u00e4ck f\u00f6r att locka till sig flygplan. Flaggan b\u00f6r endast anv\u00e4ndas som dagsljussignal och n\u00e4r den visas korrekt ska den svarta fyrkanten vara \u00f6ver den svarta cirkeln.   <\/span><\/span><\/p>\n<p>&nbsp;<\/p>\n<p style=\"margin: 0in 0in 0.0001pt;\"><span style=\"font-size: 10pt;\"><span style=\"font-size: 11.0pt;\"><span style=\"background: white;\"><span style=\"color: black;\">Genom att anv\u00e4nda ResQFlare och n\u00f6dflaggkittet tillsammans kan b\u00e5t\u00e4gare slippa kravet p\u00e5 traditionella pyrotekniska facklor ombord p\u00e5 fartyg upp till 65 fot (18 meter) i l\u00e4ngd, p\u00e5 de stora sj\u00f6arna, inom 19 kilometer (20 kilometer) fr\u00e5n amerikanska vatten, eller p\u00e5 vatten med en passage till havet som \u00e4r minst tv\u00e5 kilometer bred. Fartyg kortare \u00e4n 4,6 meter (4,6 meter) beh\u00f6ver inte ha en visuell n\u00f6dsignal p\u00e5 dagtid, men m\u00e5ste fortfarande ha en visuell n\u00f6dsignal p\u00e5 nattetid. Detta g\u00f6r ResQFlare till ett mer \u00e4n g\u00e5ngbart alternativ till pyrotekniska facklor \u00e4ven f\u00f6r fartyg av denna storlek.  <\/span><\/span><\/span><\/span><\/p>\n<p>&nbsp;<\/p>\n<p style=\"margin: 0in 0in 0.0001pt;\"><span style=\"font-size: 10pt;\"><span style=\"font-size: 11.0pt;\"><span style=\"background: white;\"><span style=\"color: black;\">Till\u00e4gget av ResQFlare till ACR :s sortiment av s\u00e4kerhetsutrustning f\u00f6r b\u00e5tar ger amerikanska fritidsb\u00e5t\u00e4gare en omfattande n\u00f6dsignall\u00f6sning. I kombination med en <a href=\"https:\/\/www.acrartex.com\/products\/resqkit\/\">ACR EPIRB<\/a> eller <a href=\"https:\/\/www.acrartex.com\/products\/resqkit-pro-2357\/\">Personal Locator Beacon<\/a> vet r\u00e4ddningspersonalen fr\u00e5n USCG inte bara var du befinner dig inom n\u00e5gra minuter, utan har ocks\u00e5 en visuell referenslampa att s\u00f6ka efter fr\u00e5n upp till 9,6 kilometers avst\u00e5nd. <\/span><\/span><\/span><\/span><\/p>\n<h2><span style=\"font-size: 10pt;\"><b><span style=\"font-size: 12.0pt;\">Produktegenskaper och f\u00f6rdelar:<\/span><\/b><\/span><\/h2>\n<ul>\n<li style=\"margin: 0in 0in 0.0001pt;\"><span style=\"font-size: 10pt;\"><span style=\"font-size: 11.0pt;\">ResQFlare och den medf\u00f6ljande n\u00f6dflaggan, n\u00e4r de b\u00e4rs tillsammans, kvalificerar som en ers\u00e4ttning f\u00f6r b\u00e4rande av USCG:s pyrotekniska b\u00e5tfacklor och b\u00e5tfacklorvapen (endast USA)<\/span><\/span><\/li>\n<li style=\"margin-right: 13.5pt; margin: 0in 0in 0.0001pt;\"><span style=\"font-size: 10pt;\"><span style=\"background: white;\"><span style=\"color: black;\"><span style=\"font-size: 11.0pt;\">Starkt ljus i alla riktningar (360\u00b0 synlighet)<\/span><\/span><\/span><\/span><\/li>\n<li style=\"margin-right: 13.5pt; margin: 0in 0in 0.0001pt;\"><span style=\"font-size: 10pt;\"><span style=\"background: white;\"><span style=\"color: black;\"><span style=\"font-size: 11.0pt;\">L\u00e4tt och kompakt i storlek<\/span><\/span><\/span><\/span><\/li>\n<li style=\"margin-right: 13.5pt; margin: 0in 0in 0.0001pt;\"><span style=\"font-size: 10pt;\"><span style=\"background: white;\"><span style=\"color: black;\"><span style=\"font-size: 11.0pt;\">R\u00e4ttar sig automatiskt upp och flyter i vattnet<\/span> <span style=\"font-size: 11.0pt;\">(ingen flytv\u00e4st\/flytring beh\u00f6vs)<\/span><\/span><\/span><\/span><\/li>\n<li style=\"margin: 0in 0in 0.0001pt;\"><span style=\"font-size: 10pt;\"><span style=\"font-size: 11.0pt;\">Synlig \u00f6ver 6 miles<\/span><\/span><\/li>\n<li style=\"margin: 0in 0in 0.0001pt;\"><span style=\"font-size: 10pt;\"><span style=\"font-size: 11.0pt;\"><span style=\"color: black;\">Anv\u00e4ndarutbytbara alkaliska C-cellsbatterier (ing\u00e5r ej)<\/span><\/span><\/span><\/li>\n<li style=\"margin: 0in 0in 0.0001pt;\"><span style=\"font-size: 10pt;\"><span style=\"font-size: 11.0pt;\">H\u00f6gintensiv LED-stroboskoplampa uppr\u00e4tth\u00e5ller en minimal <span style=\"background: white;\"><span style=\"color: black;\">toppekvivalent fast intensitet<\/span><\/span> p\u00e5 75 cd i 20 timmar eller mer (rumstemperatur)<\/span><\/span><\/li>\n<li style=\"margin: 0in 0in 0.0001pt;\"><span style=\"font-size: 10pt;\"><span style=\"font-size: 11.0pt;\">Den driftsm\u00e4ssiga livsl\u00e4ngden p\u00e5 20 timmar \u00e4r \u00f6ver 3 g\u00e5nger l\u00e4ngre \u00e4n USCG:s krav f\u00f6r att bibeh\u00e5lla <span style=\"background: white;\"><span style=\"color: black;\">en maximal ekvivalent fast intensitet<\/span><\/span> p\u00e5 75 cd.<\/span><\/span><\/li>\n<li style=\"margin: 0in 0in 0.0001pt;\"><span style=\"font-size: 10pt;\"><span style=\"font-size: 11.0pt;\">H\u00e5llbar design: Brandbest\u00e4ndig, oljebest\u00e4ndig, svampbest\u00e4ndig och korrosionsbest\u00e4ndig<\/span><\/span><\/li>\n<li style=\"margin: 0in 0in 0.0001pt;\"><span style=\"font-size: 10pt;\"><span style=\"font-size: 11.0pt;\">Vattent\u00e4t (IP67)<\/span><\/span><\/li>\n<li style=\"margin: 0in 0in 0.0001pt;\"><span style=\"font-size: 10pt;\"><span style=\"font-size: 11.0pt;\">Certifierad enligt USCG 161.013 som en visuell n\u00f6dsignal nattetid<\/span><\/span><\/li>\n<li style=\"margin: 0in 0in 0.0001pt;\"><span style=\"font-size: 10pt;\"><span style=\"font-size: 11.0pt;\">Inkluderar n\u00f6dflagga (certifierad enligt USCG 160.072 som visuell n\u00f6dsignal under dagtid)  <\/span><\/span><\/li>\n<\/ul>\n<h3 style=\"margin: 0in 0in 0.0001pt;\"><strong>ResQFlare i nyheterna:<\/strong><\/h3>\n<p><a href=\"https:\/\/www.sailingworld.com\/story\/gear\/safe-distress-flare-alternative\/\">Sailing World \u2013 Ett s\u00e4kert alternativ till n\u00f6dsignal<\/a><\/p>\n<p><a href=\"https:\/\/www.greatlakesscuttlebutt.com\/news\/featured-news\/this-year-s-boating-finds\/\">Great Lakes Scuttlebutt \u2013 \u00c5rets b\u00e5tfynd<\/a><\/p>\n<p><a href=\"https:\/\/lakelandboating.com\/acr-electronics-introduces-new-alternative-to-pyrotechnic-flares\/\">Lakeland Boating \u2013 ACR Electronics introducerar nytt alternativ till pyrotekniska facklor<\/a><\/p>\n","protected":false},"excerpt":{"rendered":"<p><span style=\"font-size: 11.0pt;\"><span style=\"background: white;\"><span style=\"color: black;\">ACR ResQFlare \u00e4r ett h\u00f6gintensivt elektroniskt LED-n\u00f6dsignalkit f\u00f6r b\u00e5tar. Tillsammans med den medf\u00f6ljande n\u00f6dflaggan \u00e4r ResQFlare och flaggan certifierade f\u00f6r att uppfylla g\u00e4llande krav fr\u00e5n den amerikanska kustbevakningen, vilket g\u00f6r att de kan b\u00e4ras ist\u00e4llet f\u00f6r traditionella pyrotekniska bloss p\u00e5 de flesta fritidsb\u00e5tar. Som ett bekv\u00e4mt alternativ till b\u00e5tpyrotekniska bloss eller b\u00e5tflossvapen ger ResQFlare 360\u00b0 sikt i \u00f6ver 9,6 km och dess effektiva design m\u00f6jligg\u00f6r betydande livsl\u00e4ngd (+20 timmars brinntid), vilket drastiskt \u00f6kar dina chanser att \u00f6verleva och r\u00e4ddas.  <\/span><\/span><\/span><\/p>\n<p>https:\/\/www.youtube.com\/watch?v=AVNmWXIpSro&amp;lc=UgwVlLiY8UH7ddCAyoZ4AaABAg<\/p>\n<p><a href=\"https:\/\/www.dropbox.com\/s\/0ezw0kexbm120vv\/Prop%2065%20-%20Lead%20and%20Lead%20Compounds.pdf?dl=0\">VARNING: F\u00d6RSLAG 65<\/a><\/p>\n<p>&nbsp;<\/p>\n<p><strong>OBS! ResQFlare (modell: LNK-ERS1) finns listad p\u00e5 den amerikanska kustbevakningens webbplats som ACR ResQFlare (modell LNK-ERS1). <a href=\"https:\/\/www.dropbox.com\/scl\/fi\/y2nf76hvxhmy9t4bxljnf\/USCG-Approved-Equipment-Details-Page_ResQFlare.pdf?rlkey=ash5nle98cfnrpnmr8jcizp8a&amp;st=i6dizypz&amp;dl=1\">Klicka p\u00e5 den h\u00e4r l\u00e4nken<\/a> f\u00f6r att se ACR ResQFlare listan p\u00e5 den amerikanska kustbevakningens lista \u00f6ver godk\u00e4nd utrustning.<\/strong><\/p>\n","protected":false},"featured_media":164584,"template":"","meta":{"_acf_changed":false,"om_disable_all_campaigns":false},"product_brand":[],"product_cat":[5822,5583,5823,5832,5825,5769],"product_tag":[11843,11853,11797,11932,11787,11775,11808,11898,11887,11821,11877,11815,13760,13767,11910,11919,11866],"class_list":{"0":"post-157874","1":"product","2":"type-product","3":"status-publish","4":"has-post-thumbnail","6":"product_cat-inat-landet","7":"product_cat-marin","8":"product_cat-nara-stranden","9":"product_cat-paddelsporter-fiske","10":"product_cat-till-havs","11":"product_cat-utomhus","12":"product_tag-batfackla","13":"product_tag-batfacklor","14":"product_tag-blossa","15":"product_tag-blosspistol","16":"product_tag-e-flare-sv","17":"product_tag-elektronisk-flare-sv","18":"product_tag-facklor","19":"product_tag-handhallen-bloss","20":"product_tag-led-blandning","21":"product_tag-led-nodljus","22":"product_tag-marin-flare","23":"product_tag-nodflamma","24":"product_tag-nodraketer","25":"product_tag-orion-flare-sv","26":"product_tag-rod-flam","27":"product_tag-rokfackla","28":"product_tag-signalfacklor","29":"pa_activity-fiske-sv","30":"pa_activity-paddelsporter","31":"pa_boat-size-0-20-sv","32":"pa_boat-size-21-40-sv","33":"pa_boat-size-40-80-sv","34":"pa_boat-type-bogserbat","35":"pa_boat-type-charter-yacht-sv","36":"pa_boat-type-kommersiellt-fiske","37":"pa_boat-type-motorbat","38":"pa_boat-type-segelbat","39":"pa_boat-type-sportcraft-sv","40":"pa_boat-type-yacht-sv","41":"pa_terrain-floder-vatmarker-sjoar","43":"first","44":"instock","45":"taxable","46":"shipping-taxable","47":"purchasable","48":"product-type-simple"},"acf":[],"_links":{"self":[{"href":"https:\/\/www.acrartex.com\/sv\/wp-json\/wp\/v2\/product\/157874","targetHints":{"allow":["GET"]}}],"collection":[{"href":"https:\/\/www.acrartex.com\/sv\/wp-json\/wp\/v2\/product"}],"about":[{"href":"https:\/\/www.acrartex.com\/sv\/wp-json\/wp\/v2\/types\/product"}],"wp:featuredmedia":[{"embeddable":true,"href":"https:\/\/www.acrartex.com\/sv\/wp-json\/wp\/v2\/media\/164584"}],"wp:attachment":[{"href":"https:\/\/www.acrartex.com\/sv\/wp-json\/wp\/v2\/media?parent=157874"}],"wp:term":[{"taxonomy":"product_brand","embeddable":true,"href":"https:\/\/www.acrartex.com\/sv\/wp-json\/wp\/v2\/product_brand?post=157874"},{"taxonomy":"product_cat","embeddable":true,"href":"https:\/\/www.acrartex.com\/sv\/wp-json\/wp\/v2\/product_cat?post=157874"},{"taxonomy":"product_tag","embeddable":true,"href":"https:\/\/www.acrartex.com\/sv\/wp-json\/wp\/v2\/product_tag?post=157874"}],"curies":[{"name":"wp","href":"https:\/\/api.w.org\/{rel}","templated":true}]}}