{"id":157860,"date":"2021-04-09T11:18:09","date_gmt":"2021-04-09T16:18:09","guid":{"rendered":"https:\/\/www.acrartex.com\/products\/lnk-al15-flyglokaliseringslampa-tso-c85b\/"},"modified":"2021-04-09T11:18:09","modified_gmt":"2021-04-09T16:18:09","slug":"lnk-al15-flyglokaliseringslampa-tso-c85b","status":"publish","type":"product","link":"https:\/\/www.acrartex.com\/sv\/products\/lnk-al15-flyglokaliseringslampa-tso-c85b\/","title":{"rendered":"LNK-AL15 Flyglokaliseringslampa (TSO-C85b)"},"content":{"rendered":"<p style=\"margin: 0in 0in 0.0001pt;\"><span style=\"font-size: 10pt;\"><span style=\"font-size: 11.0pt;\"><span style=\"background: white;\"><span style=\"color: black;\">LNK-AL15-lampan finns tillg\u00e4nglig under tre olika artikelnummer som listas nedan, vilka motsvarar olika kabell\u00e4ngder. M\u00f6jligheten att erbjuda flera kabell\u00e4ngder ger st\u00f6rre flexibilitet f\u00f6r olika installationsscenarier. De tillg\u00e4ngliga kabell\u00e4ngderna f\u00f6r LNK-AL15 \u00e4r 9, 18 och 24 tum.    <\/span><\/span><\/span><\/span><\/p>\n<p>&nbsp;<\/p>\n<p style=\"margin: 0in 0in 0.0001pt;\"><span style=\"font-size: 10pt;\"><b><span style=\"font-size: 11.0pt;\">ACR artikelnummer:<\/span><\/b><\/span><\/p>\n<p style=\"margin: 0in 0in 0.0001pt;\"><span style=\"font-size: 10pt;\"><span style=\"font-size: 11.0pt;\">1503023B \u2013 23 cm tr\u00e5dl\u00e4ngd<\/span><\/span><\/p>\n<p style=\"margin: 0in 0in 0.0001pt;\"><span style=\"font-size: 10pt;\"><span style=\"font-size: 11.0pt;\">1503046B \u2013 46 cm tr\u00e5dl\u00e4ngd<\/span><\/span><\/p>\n<p style=\"margin: 0in 0in 0.0001pt;\"><span style=\"font-size: 10pt;\"><span style=\"font-size: 11.0pt;\">1503061B \u2013 61 cm tr\u00e5dl\u00e4ngd<\/span><\/span><\/p>\n<p>&nbsp;<\/p>\n<p style=\"margin: 0in 0in 0.0001pt;\"><span style=\"font-size: 10pt;\"><b><span style=\"font-size: 12.0pt;\">Funktioner och f\u00f6rdelar:<\/span><\/b><\/span><\/p>\n<ul>\n<li style=\"margin-right: 13.5pt; margin: 0in 0in 0.0001pt;\"><span style=\"font-size: 10pt;\"><span style=\"background: white;\"><span style=\"color: black;\"><span style=\"font-size: 11.0pt;\">TSO-C85b-godk\u00e4nd lokaliseringslampa f\u00f6r flyg<\/span><\/span><\/span><\/span><\/li>\n<li style=\"margin-right: 13.5pt; margin: 0in 0in 0.0001pt;\"><span style=\"font-size: 10pt;\"><span style=\"background: white;\"><span style=\"color: black;\"><span style=\"font-size: 11.0pt;\">H\u00f6geffektiv LED-lampa<\/span><\/span><\/span><\/span><\/li>\n<li style=\"margin-right: 13.5pt; margin: 0in 0in 0.0001pt;\"><span style=\"font-size: 10pt;\"><span style=\"background: white;\"><span style=\"font-size: 11.0pt;\"><span style=\"color: black;\">Enkel integration med flytv\u00e4star<\/span><\/span><\/span><\/span><\/li>\n<li style=\"margin-right: 13.5pt; margin: 0in 0in 0.0001pt;\"><span style=\"font-size: 10pt;\"><span style=\"background: white;\"><span style=\"color: black;\"><span style=\"font-size: 11.0pt;\">Ultraliten och l\u00e4tt design<\/span><\/span><\/span><\/span><\/li>\n<li style=\"margin-right: 13.5pt; margin: 0in 0in 0.0001pt;\"><span style=\"font-size: 10pt;\"><span style=\"background: white;\"><span style=\"color: black;\"><span style=\"font-size: 11.0pt;\">Vattenaktiverat (s\u00f6tvatten och saltvatten)<\/span><\/span><\/span><\/span><\/li>\n<li style=\"margin-right: 13.5pt; margin: 0in 0in 0.0001pt;\"><span style=\"font-size: 10pt;\"><span style=\"background: white;\"><span style=\"color: black;\"><span style=\"font-size: 11.0pt;\">Obest\u00e4md batteritid*<\/span><\/span><\/span><\/span><\/li>\n<\/ul>\n<p><span style=\"font-size: 11.0pt;\"><span style=\"color: black;\">*F\u00f6rutsatt att ljus inte av misstag kommer i kontakt med vatten och f\u00f6rvaras enligt angivna f\u00f6rvaringskrav<\/span><\/span><\/p>\n","protected":false},"excerpt":{"rendered":"<p style=\"margin: 0in 0in 0.0001pt;\"><span style=\"font-size: 10pt;\"><span style=\"font-size: 11.0pt;\"><span style=\"background: white;\"><span style=\"color: black;\">LNK-AL15 \u00e4r en FAA TSO-C85b-godk\u00e4nd vattenaktiverad LED-lampa f\u00f6r att lokalisera \u00f6verlevande i vattnet till f\u00f6ljd av en flygolycka. Lampan och linsen i kombinationen p\u00e5 LNK-AL15 producerar ett kraftfullt ljus som varar i minst 8 timmar efter aktivering med en minsta ljusintensitet p\u00e5 1 cd. Under hela sin livsl\u00e4ngd kommer lampan att kontinuerligt avge ett fast vitt ljus f\u00f6r att tydligt indikera en \u00f6verlevandes plats och \u00f6ka sannolikheten f\u00f6r r\u00e4ddning.    <strong>F\u00f6rpackade om 300 enheter per l\u00e5da.<\/strong><\/span><\/span><\/span><\/span><\/p>\n<p><a href=\"sales@acrartex.com\">Beg\u00e4r en offert f\u00f6r bulkbest\u00e4llningar<\/a><\/p>\n","protected":false},"featured_media":12512,"template":"","meta":{"_acf_changed":false,"om_disable_all_campaigns":false},"product_brand":[],"product_cat":[5835,5834,5553,8624],"product_tag":[13753,13736,13776,13770,13745,9813,13762],"class_list":{"0":"post-157860","1":"product","2":"type-product","3":"status-publish","4":"has-post-thumbnail","6":"product_cat-affarsjet","7":"product_cat-allmanflyg","8":"product_cat-flyg","9":"product_cat-kommersiella-flygplan","10":"product_tag-flygoverlevnadslokaliseringslampa","11":"product_tag-flytvastlampa-for-flyg","12":"product_tag-led-overlevnadslokaliseringslampa-for-flyg","13":"product_tag-led-raddningsljus","14":"product_tag-overlevnadslokaliseringslampa","15":"product_tag-raddningsljus-sv","16":"product_tag-reservbatteridriven-overlevnadslampa-for-flyg","17":"pa_aircraft-type-enmotorig","18":"pa_aircraft-type-experimentell","19":"pa_aircraft-type-flermotorig","20":"pa_aircraft-type-flygplan","21":"pa_aircraft-type-latta-stralar","22":"pa_aircraft-type-medelstora-jetplan","23":"pa_aircraft-type-passagerarjet","24":"pa_aircraft-type-rotocraft-sv","25":"pa_aircraft-type-stora-jetstralar","26":"pa_aircraft-type-turboprop-sv","28":"first","29":"instock","30":"taxable","31":"shipping-taxable","32":"purchasable","33":"product-type-variable"},"acf":[],"_links":{"self":[{"href":"https:\/\/www.acrartex.com\/sv\/wp-json\/wp\/v2\/product\/157860","targetHints":{"allow":["GET"]}}],"collection":[{"href":"https:\/\/www.acrartex.com\/sv\/wp-json\/wp\/v2\/product"}],"about":[{"href":"https:\/\/www.acrartex.com\/sv\/wp-json\/wp\/v2\/types\/product"}],"wp:featuredmedia":[{"embeddable":true,"href":"https:\/\/www.acrartex.com\/sv\/wp-json\/wp\/v2\/media\/12512"}],"wp:attachment":[{"href":"https:\/\/www.acrartex.com\/sv\/wp-json\/wp\/v2\/media?parent=157860"}],"wp:term":[{"taxonomy":"product_brand","embeddable":true,"href":"https:\/\/www.acrartex.com\/sv\/wp-json\/wp\/v2\/product_brand?post=157860"},{"taxonomy":"product_cat","embeddable":true,"href":"https:\/\/www.acrartex.com\/sv\/wp-json\/wp\/v2\/product_cat?post=157860"},{"taxonomy":"product_tag","embeddable":true,"href":"https:\/\/www.acrartex.com\/sv\/wp-json\/wp\/v2\/product_tag?post=157860"}],"curies":[{"name":"wp","href":"https:\/\/api.w.org\/{rel}","templated":true}]}}