{"id":157707,"date":"2021-06-21T15:30:55","date_gmt":"2021-06-21T20:30:55","guid":{"rendered":"https:\/\/www.acrartex.com\/products\/bivy-stick-satellitkommunikator\/"},"modified":"2026-03-06T09:34:48","modified_gmt":"2026-03-06T14:34:48","slug":"bivy-stick-satellitkommunikator","status":"publish","type":"product","link":"https:\/\/www.acrartex.com\/sv\/products\/bivy-stick-satellitkommunikator\/","title":{"rendered":"Bivy Stick \u2013 Satellitkommunikator"},"content":{"rendered":"<p><span style=\"font-weight: 400;\">H\u00e5ll dig uppkopplad och s\u00e4ker var som helst p\u00e5 jorden med<\/span> <b>Bivy Stick<\/b> <span style=\"font-weight: 400;\">\u2013 en kompakt och kraftfull enhet som f\u00f6rvandlar din smartphone till en<\/span> <b>global satellitkommunikator.<\/b><span style=\"font-weight: 400;\">. Drivs av  <\/span><span style=\"font-weight: 400;\">Bivy Stick, ett<\/span> <b>Iridium-satellitn\u00e4tverk<\/b> , garanterar <b>100 % global t\u00e4ckning<\/b> <span style=\"font-weight: 400;\">, \u00e4ven i de mest avl\u00e4gsna och tuffa milj\u00f6erna.<\/span><\/p>\n<p><span style=\"font-weight: 400;\">Bivy Stick \u00e4r utformad f\u00f6r \u00e4ventyrare, uppt\u00e4cktsresande och krisberedskap och m\u00f6jligg\u00f6r<\/span> <b>tv\u00e5v\u00e4gs satellitmeddelanden<\/b> <span style=\"font-weight: 400;\">,<\/span> <b>GPS positionsdelning<\/b> <span style=\"font-weight: 400;\">och<\/span> <b>v\u00e4deruppdateringar.<\/b><span style=\"font-weight: 400;\">\u2014allt tillg\u00e4ngligt via Bivy -appen p\u00e5 iOS eller Android. Dess unika   <\/span><b>Med GroupTrack\u2122-funktionen<\/b> <span style=\"font-weight: 400;\">kan du skicka meddelanden till och sp\u00e5ra upp till<\/span> <b>12 Bivy Stick-anv\u00e4ndare<\/b> <span style=\"font-weight: 400;\">samtidigt, vilket g\u00f6r det enkelt f\u00f6r team, guider och familjer att h\u00e5lla kontakten och synas p\u00e5 en delad gruppkarta.<\/span><\/p>\n<p><span style=\"font-weight: 400;\">I en n\u00f6dsituation trycker du bara p\u00e5 den dedikerade<\/span> <b>SOS-knappen<\/b> <span style=\"font-weight: 400;\">f\u00f6r att omedelbart larma<\/span> <b>Global Rescue<\/b> <span style=\"font-weight: 400;\">, vilket ger dig<\/span> <b>tillg\u00e5ng till r\u00e4ddningstj\u00e4nst dygnet runt.<\/b><span style=\"font-weight: 400;\">\u2013 var som helst i v\u00e4rlden. Oavsett om du laddar ner offlinekartor, navigerar l\u00e4ngs ok\u00e4nda leder eller st\u00e4mmer av med n\u00e4ra och k\u00e4ra, ger Bivy Stick sinnesro och viktig kommunikation n\u00e4r det g\u00e4ller som mest. <\/span><\/p>\n<p><b>Bivy Apps roll<\/b><\/p>\n<p><span style=\"font-weight: 400;\">Uppt\u00e4ck \u00f6ver<\/span> <b>50 000 utomhus\u00e4ventyr<\/b><span style=\"font-weight: 400;\">  med Bivy -appen \u2013 ditt allt-i-ett-verktyg f\u00f6r att utforska naturen. Oavsett om du gillar vandring, cykling, paddling, kl\u00e4ttring eller n\u00e5gon av appens   <\/span>Bivy <b>har 20 st\u00f6dda \u00e4ventyrstyper<\/b> <span style=\"font-weight: 400;\">Bivy hj\u00e4lper dig att hitta den perfekta platsen och navigera den med sj\u00e4lvf\u00f6rtroende.<\/span><\/p>\n<p><span style=\"font-weight: 400;\">Sp\u00e5ra ditt<\/span> <b>tempo, din k\u00f6rstr\u00e4cka och din h\u00f6jd<\/b><span style=\"font-weight: 400;\">, och mer medan du utforskar, och loggar varje resa f\u00f6r att f\u00f6ra en personlig registrering av dina \u00e4ventyr. Med tillg\u00e5ng till   <\/span><b>Detaljerade globala offlinekartor<\/b> <span style=\"font-weight: 400;\">, du vet alltid exakt var du \u00e4r, \u00e4ven utan mobilt\u00e4ckning.<\/span><\/p>\n<p><span style=\"font-weight: 400;\">Tillsammans med ACR :s<\/span> <b>Bivy Stick<\/b> <span style=\"font-weight: 400;\">kombinerar Bivy -appen navigering, resesp\u00e5rning och<\/span> <b>p\u00e5litlig satellitkommunikation<\/b> <span style=\"font-weight: 400;\">, vilket ger<\/span> <b>prisv\u00e4rd s\u00e4kerhet och sinnesro<\/b> <span style=\"font-weight: 400;\">f\u00f6r alla, fr\u00e5n helgens uppt\u00e4cktsresande till erfarna proffs.<\/span><\/p>\n<p><b>Funktioner och f\u00f6rdelar:<\/b><\/p>\n<ul>\n<li><b>Tillf\u00f6rlitlig tv\u00e5v\u00e4gsmeddelanden<\/b> <span style=\"font-weight: 400;\">:<\/span> <span style=\"font-weight: 400;\">H\u00e5ll dig uppkopplad \u00e4ven utanf\u00f6r mobilt\u00e4ckningen med tv\u00e5v\u00e4gs-sms via det globala Iridium\u00ae-satellitn\u00e4tverket.<\/span><\/li>\n<li><b>Dedikerat telefonnummer och e-postadress<\/b> <span style=\"font-weight: 400;\">: Skicka meddelande med ditt eget telefonnummer och din e-postadress f\u00f6r smidig kommunikation.<\/span><span style=\"font-weight: 400;\"><br \/>\n<\/span><\/li>\n<li><b>Gruppmeddelanden och sp\u00e5rning med GroupTrack\u2122<\/b> <span style=\"font-weight: 400;\">:<\/span> <span style=\"font-weight: 400;\">  Kommunicera och dela platser med upp till 12 Bivy Stick-anv\u00e4ndare. V\u00e4nner och familj kan \u00f6vervaka din resa och delta i gruppchattar via en delad webbsida. <\/span><\/li>\n<li><b>Obegr\u00e4nsade anpassade incheckningar<\/b><span style=\"font-weight: 400;\">Skicka GPS -incheckningsmeddelanden med din exakta plats. Obegr\u00e4nsade incheckningar ing\u00e5r i en prenumeration.* <\/span><span style=\"font-weight: 400;\"><br \/>\n<\/span><\/li>\n<li><b>Sp\u00e5rning i realtid och platsdelning<\/b> <span style=\"font-weight: 400;\">: Webbsidan f\u00f6r platsdelning visar din incheckningshistorik, meddelandehistorik med svar och delade sp\u00e5r \u2013 allt p\u00e5 ett st\u00e4lle.<\/span><span style=\"font-weight: 400;\"><br \/>\n<\/span><\/li>\n<li><b>SOS-\u00f6vervakning dygnet runt av Global Rescue\u2122<\/b> <span style=\"font-weight: 400;\">:<\/span> <span style=\"font-weight: 400;\">Aktivera n\u00f6dlarm via appen eller enhetens SOS-knapp. Kommunicera direkt med r\u00e4ddningstj\u00e4nsten och SOS-larm kan avbrytas via enheten eller telefonen. <\/span><\/li>\n<li><b>Avancerade navigerings- och \u00e4ventyrsverktyg<\/b> <span style=\"font-weight: 400;\">:<\/span> <span style=\"font-weight: 400;\">Ladda ner offlinekartor och utforska tusentals \u00e4ventyr som skickats in av communityn, inklusive vandringsleder, kl\u00e4ttringar och vattenv\u00e4gar.<\/span><\/li>\n<li><b>Robust och vattent\u00e4t design<\/b> <span style=\"font-weight: 400;\">:<\/span> <span style=\"font-weight: 400;\">Med IPX7-klassning<\/span><\/li>\n<li><b>GoPro-kompatibel<\/b> <span style=\"font-weight: 400;\">: Helt kompatibel med GoPro-f\u00e4sten och inkluderar en GoPro-tillbeh\u00f6rsadapter f\u00f6r enkel integration.<\/span><\/li>\n<li><b>Komplett kit ing\u00e5r \u2013<\/b> <span style=\"font-weight: 400;\">Levereras med USB-C-laddningskabel, karbinhake, rem, snabbstartsguide och GoPro-adapter \u2013 allt du beh\u00f6ver f\u00f6r att komma ig\u00e5ng.<\/span><\/li>\n<li><b>Tillverkad i USA \u2013<\/b> <span style=\"font-weight: 400;\">Backas upp av 1 \u00e5rs tillverkargaranti f\u00f6r sinnesro.<\/span><\/li>\n<li>* <a href=\"https:\/\/bivystick.com\/plans\/\" data-cke-saved-href=\"https:\/\/www.bivy.com\/data-plans\">M\u00e5nadsabonnemang kr\u00e4vs<\/a> . Se tillverkarens webbplats f\u00f6r mer information.<\/li>\n<\/ul>\n<p>&nbsp;<\/p>\n<p>N\u00f6d-SOS Aktiveras i appen eller p\u00e5 enhetens knapp. Tillhandah\u00e5lls av GlobalRescue\u2122 <\/p>\n<p><a href=\"https:\/\/www.acrartex.com\/wp-content\/uploads\/2021\/06\/ProductOverview.png\"><img loading=\"lazy\" decoding=\"async\" class=\"alignnone size-medium wp-image-37736\" src=\"https:\/\/www.acrartex.com\/wp-content\/uploads\/2021\/06\/ProductOverview-300x300.png\" alt=\"\" width=\"300\" height=\"300\" srcset=\"https:\/\/www.acrartex.com\/wp-content\/uploads\/2021\/06\/ProductOverview-300x300.png 300w, https:\/\/www.acrartex.com\/wp-content\/uploads\/2021\/06\/ProductOverview-1024x1024.png 1024w, https:\/\/www.acrartex.com\/wp-content\/uploads\/2021\/06\/ProductOverview-150x150.png 150w, https:\/\/www.acrartex.com\/wp-content\/uploads\/2021\/06\/ProductOverview-768x768.png 768w, https:\/\/www.acrartex.com\/wp-content\/uploads\/2021\/06\/ProductOverview-1536x1536.png 1536w, https:\/\/www.acrartex.com\/wp-content\/uploads\/2021\/06\/ProductOverview-600x600.png 600w, https:\/\/www.acrartex.com\/wp-content\/uploads\/2021\/06\/ProductOverview-100x100.png 100w, https:\/\/www.acrartex.com\/wp-content\/uploads\/2021\/06\/ProductOverview.png 1601w\" sizes=\"auto, (max-width: 300px) 100vw, 300px\" \/><\/a> <a href=\"https:\/\/www.acrartex.com\/wp-content\/uploads\/2021\/06\/2_ProductOverview-04.png\"><img loading=\"lazy\" decoding=\"async\" class=\"alignnone size-medium wp-image-37732\" src=\"https:\/\/www.acrartex.com\/wp-content\/uploads\/2021\/06\/2_ProductOverview-04-300x300.png\" alt=\"\" width=\"300\" height=\"300\" srcset=\"https:\/\/www.acrartex.com\/wp-content\/uploads\/2021\/06\/2_ProductOverview-04-300x300.png 300w, https:\/\/www.acrartex.com\/wp-content\/uploads\/2021\/06\/2_ProductOverview-04-1024x1024.png 1024w, https:\/\/www.acrartex.com\/wp-content\/uploads\/2021\/06\/2_ProductOverview-04-150x150.png 150w, https:\/\/www.acrartex.com\/wp-content\/uploads\/2021\/06\/2_ProductOverview-04-768x768.png 768w, https:\/\/www.acrartex.com\/wp-content\/uploads\/2021\/06\/2_ProductOverview-04-1536x1536.png 1536w, https:\/\/www.acrartex.com\/wp-content\/uploads\/2021\/06\/2_ProductOverview-04-2048x2048.png 2048w, https:\/\/www.acrartex.com\/wp-content\/uploads\/2021\/06\/2_ProductOverview-04-600x600.png 600w, https:\/\/www.acrartex.com\/wp-content\/uploads\/2021\/06\/2_ProductOverview-04-100x100.png 100w\" sizes=\"auto, (max-width: 300px) 100vw, 300px\" \/><\/a> <a href=\"https:\/\/www.acrartex.com\/wp-content\/uploads\/2021\/06\/SOS.png\"><img loading=\"lazy\" decoding=\"async\" class=\"alignnone size-medium wp-image-37734\" src=\"https:\/\/www.acrartex.com\/wp-content\/uploads\/2021\/06\/SOS-300x300.png\" alt=\"\" width=\"300\" height=\"300\" srcset=\"https:\/\/www.acrartex.com\/wp-content\/uploads\/2021\/06\/SOS-300x300.png 300w, https:\/\/www.acrartex.com\/wp-content\/uploads\/2021\/06\/SOS-1024x1024.png 1024w, https:\/\/www.acrartex.com\/wp-content\/uploads\/2021\/06\/SOS-150x150.png 150w, https:\/\/www.acrartex.com\/wp-content\/uploads\/2021\/06\/SOS-768x768.png 768w, https:\/\/www.acrartex.com\/wp-content\/uploads\/2021\/06\/SOS-1536x1536.png 1536w, https:\/\/www.acrartex.com\/wp-content\/uploads\/2021\/06\/SOS-600x600.png 600w, https:\/\/www.acrartex.com\/wp-content\/uploads\/2021\/06\/SOS-100x100.png 100w, https:\/\/www.acrartex.com\/wp-content\/uploads\/2021\/06\/SOS.png 1601w\" sizes=\"auto, (max-width: 300px) 100vw, 300px\" \/><\/a><a href=\"https:\/\/www.acrartex.com\/wp-content\/uploads\/2021\/06\/2_ProductOverview-06.png\"><img loading=\"lazy\" decoding=\"async\" class=\"alignnone size-medium wp-image-37733\" src=\"https:\/\/www.acrartex.com\/wp-content\/uploads\/2021\/06\/2_ProductOverview-06-300x300.png\" alt=\"\" width=\"300\" height=\"300\" srcset=\"https:\/\/www.acrartex.com\/wp-content\/uploads\/2021\/06\/2_ProductOverview-06-300x300.png 300w, https:\/\/www.acrartex.com\/wp-content\/uploads\/2021\/06\/2_ProductOverview-06-1024x1024.png 1024w, https:\/\/www.acrartex.com\/wp-content\/uploads\/2021\/06\/2_ProductOverview-06-150x150.png 150w, https:\/\/www.acrartex.com\/wp-content\/uploads\/2021\/06\/2_ProductOverview-06-768x768.png 768w, https:\/\/www.acrartex.com\/wp-content\/uploads\/2021\/06\/2_ProductOverview-06-1536x1536.png 1536w, https:\/\/www.acrartex.com\/wp-content\/uploads\/2021\/06\/2_ProductOverview-06-2048x2048.png 2048w, https:\/\/www.acrartex.com\/wp-content\/uploads\/2021\/06\/2_ProductOverview-06-600x600.png 600w, https:\/\/www.acrartex.com\/wp-content\/uploads\/2021\/06\/2_ProductOverview-06-100x100.png 100w\" sizes=\"auto, (max-width: 300px) 100vw, 300px\" \/><\/a><\/p>\n<p>&nbsp;<\/p>\n<p>&nbsp;<\/p>\n<p>&nbsp;<\/p>\n","protected":false},"excerpt":{"rendered":"<p><span style=\"font-weight: 400;\">Med Bivy Stick kan du njuta av en p\u00e5litlig<\/span> <b>tv\u00e5v\u00e4gs satellitkommunikator<\/b> <span style=\"font-weight: 400;\">,<\/span> <b>gruppmeddelanden<\/b> <span style=\"font-weight: 400;\">,<\/span> <b>SOS-support dygnet runt<\/b> <span style=\"font-weight: 400;\">,<\/span> <b>GPS sp\u00e5rning<\/b> <span style=\"font-weight: 400;\">och<\/span> <b>platsdelning<\/b> <span style=\"font-weight: 400;\">\u2013 allt i ett<\/span> <b>kompakt<\/b> <span style=\"font-weight: 400;\">och<\/span> <b>l\u00e4tt system.<\/b><span style=\"font-weight: 400;\">  enhet. Den ger dig   <\/span><b>Frihet f\u00f6r off-grid-kommunikation<\/b> <span style=\"font-weight: 400;\">till<\/span> <b>marknadens mest \u00f6verkomliga v\u00e4rde<\/b> <span style=\"font-weight: 400;\">.<\/span><\/p>\n<p>H\u00e5ll dig uppkopplad, \u00e4ven utanf\u00f6r mobilt\u00e4ckningen.<\/p>\n<h4><\/h4>\n<h4><span style=\"color: #ff0000;\"><strong>Stolt tillverkad i USA!<\/strong><\/span><\/h4>\n<p><strong><a href=\"https:\/\/bivystick.com\/bivy-go-plan\/\">Uppt\u00e4ck Bivy Go-planen<\/a><\/strong><\/p>\n<p>&nbsp;<\/p>\n<p><a href=\"https:\/\/www.dropbox.com\/s\/0ezw0kexbm120vv\/Prop%2065%20-%20Lead%20and%20Lead%20Compounds.pdf?dl=0\">VARNING: F\u00d6RSLAG 65<\/a><\/p>\n<p>&nbsp;<\/p>\n","protected":false},"featured_media":157720,"template":"","meta":{"_acf_changed":false,"om_disable_all_campaigns":false},"product_brand":[],"product_cat":[16205,5583,5769],"product_tag":[13057,13069,13058,13050,13060,13068,13052,13054,16186,13064,13062,13055,13065,13066,13067,13056],"class_list":{"0":"post-157707","1":"product","2":"type-product","3":"status-publish","4":"has-post-thumbnail","6":"product_cat-bivy-stick-popup","7":"product_cat-marin","8":"product_cat-utomhus","9":"product_tag-2-vagskommunikation","10":"product_tag-4601-sv","11":"product_tag-acr-bivy-sv","12":"product_tag-bivy-sv","13":"product_tag-bivy-appen-sv","14":"product_tag-bivy-mot-plb","15":"product_tag-bivy-stick-sv","16":"product_tag-bivy-stick-bla-sv","17":"product_tag-bivy-mesh-popup","18":"product_tag-bluetooth-sv","19":"product_tag-global-raddning","20":"product_tag-iridium-sv","21":"product_tag-mini-sv","22":"product_tag-minsta-satellitkommunikator","23":"product_tag-satellit-gps-sparning","24":"product_tag-sparning","25":"pa_activity-camping-sv","26":"pa_activity-cykel-sv","27":"pa_activity-fiske-sv","28":"pa_activity-klattrande","29":"pa_activity-langdakning","30":"pa_activity-paddelsporter","31":"pa_activity-skidor-snowboardakning","32":"pa_activity-snoskoter","33":"pa_activity-terrang-4x4","34":"pa_activity-vandring-sv","35":"pa_boat-type-bogserbat","36":"pa_boat-type-charter-yacht-sv","37":"pa_boat-type-kommersiellt-fiske","38":"pa_boat-type-lastfartyg","39":"pa_boat-type-motorbat","40":"pa_boat-type-segelbat","41":"pa_boat-type-sportcraft-sv","42":"pa_boat-type-yacht-sv","43":"pa_terrain-floder-vatmarker-sjoar","44":"pa_terrain-kulle-och-berg","45":"pa_terrain-skog-och-djungel","46":"pa_terrain-tundra-sv","48":"first","49":"onbackorder","50":"taxable","51":"shipping-taxable","52":"purchasable","53":"product-type-simple"},"acf":[],"_links":{"self":[{"href":"https:\/\/www.acrartex.com\/sv\/wp-json\/wp\/v2\/product\/157707","targetHints":{"allow":["GET"]}}],"collection":[{"href":"https:\/\/www.acrartex.com\/sv\/wp-json\/wp\/v2\/product"}],"about":[{"href":"https:\/\/www.acrartex.com\/sv\/wp-json\/wp\/v2\/types\/product"}],"wp:featuredmedia":[{"embeddable":true,"href":"https:\/\/www.acrartex.com\/sv\/wp-json\/wp\/v2\/media\/157720"}],"wp:attachment":[{"href":"https:\/\/www.acrartex.com\/sv\/wp-json\/wp\/v2\/media?parent=157707"}],"wp:term":[{"taxonomy":"product_brand","embeddable":true,"href":"https:\/\/www.acrartex.com\/sv\/wp-json\/wp\/v2\/product_brand?post=157707"},{"taxonomy":"product_cat","embeddable":true,"href":"https:\/\/www.acrartex.com\/sv\/wp-json\/wp\/v2\/product_cat?post=157707"},{"taxonomy":"product_tag","embeddable":true,"href":"https:\/\/www.acrartex.com\/sv\/wp-json\/wp\/v2\/product_tag?post=157707"}],"curies":[{"name":"wp","href":"https:\/\/api.w.org\/{rel}","templated":true}]}}