{"id":157549,"date":"2021-08-04T13:32:16","date_gmt":"2021-08-04T18:32:16","guid":{"rendered":"https:\/\/www.acrartex.com\/products\/aquafix-plb-200-201\/"},"modified":"2021-08-04T13:32:16","modified_gmt":"2021-08-04T18:32:16","slug":"aquafix-plb-200-201","status":"publish","type":"product","link":"https:\/\/www.acrartex.com\/sv\/products\/aquafix-plb-200-201\/","title":{"rendered":"AquaFix ( PLB -200\/201)"},"content":{"rendered":"<p><a href=\"https:\/\/www.acrartex.com\/sv\/products\/resqlink-400-personal-locator-beacon\/\"><span style=\"color: #3366ff;\"><strong>Denna produkt har uppgraderats.<\/strong><\/span><\/a><\/p>\n<div>Olyckor h\u00e4nder varje dag p\u00e5 vattnet, oavsett om din b\u00e5t g\u00e5r under, om en man g\u00e5r \u00f6verbord eller om en storm har gjort din b\u00e5t obrukbar. P\u00e5 vattnet kan en vardaglig olycka omedelbart bli en livshotande situation om du inte \u00e4r f\u00f6rberedd. <\/div>\n<div><\/div>\n<div>Varf\u00f6r v\u00e4nta i dagar strandsatta i hopp om att n\u00e5gon ska hitta dig? L\u00e4gg kraften i din handflata med AquaFix\u2122 406 GPS PLB . Nu kan du f\u00f6rvandla den livshotande situationen till en lyckad r\u00e4ddningshistoria. Det \u00e4r lika enkelt som att trycka p\u00e5 en knapp, och med en intern GPS mottagare (artikelnummer 2797.4NH) kommer AquaFix\u2122 att h\u00e4mta din GPS position och s\u00e4nda den tillsammans med din personliga identifieringskod via COSPAS-SARSAT-satelliterna, vilket omedelbart varnar SAR-styrkor att du beh\u00f6ver hj\u00e4lp!   <\/div>\n<div><\/div>\n<div>AquaFix\u2122 fungerar snabbt. Om GPS data finns i fyrens f\u00f6rsta utbrott kan SAR-styrkor meddelas och b\u00f6rja planera din r\u00e4ddning p\u00e5 s\u00e5 lite som tre minuter. Var ansvarsfull, var f\u00f6rberedd, var s\u00e4ker. <\/div>\n","protected":false},"excerpt":{"rendered":"<p><span style=\"color: #3366ff;\"><strong>Denna produkt har uppgraderats. <a href=\"https:\/\/www.acrartex.com\/products\/resqlink-400\/\">Klicka h\u00e4r<\/a> f\u00f6r tillg\u00e4ngliga uppgraderingar.<\/strong><\/span><\/p>\n<p> AquaFix\u2122 Personal Locator Beacon eller PLB s\u00e4nder p\u00e5 406 MHz via COSPAS-SARSAT-satellitsystemet med din registrerade unika, digitalt kodade n\u00f6dsignal och 121,5 MHz SAR lokal m\u00e5ls\u00f6kande frekvens.<\/p>\n<p style=\"margin-left: 0in; margin-right: 0in;\">\n","protected":false},"featured_media":157632,"template":"","meta":{"_acf_changed":false,"om_disable_all_campaigns":false},"product_brand":[],"product_cat":[5583,5769],"product_tag":[13630,13635,13639,13644,13650,5560,5777,13615,13613,13617,13618,5773,6145,5772,5770,13622,13628,5781],"class_list":{"0":"post-157549","1":"product","2":"type-product","3":"status-publish","4":"has-post-thumbnail","6":"product_cat-marin","7":"product_cat-utomhus","8":"product_tag-2797-sv","9":"product_tag-2797-2-sv","10":"product_tag-2797-2nh-sv","11":"product_tag-2797-4-sv","12":"product_tag-2797-4nh-sv","13":"product_tag-406-sv","14":"product_tag-aqua-sv","15":"product_tag-aqua-fix-sv","16":"product_tag-aquafix-sv","17":"product_tag-aquafix-i-sv","18":"product_tag-aquafix-i-o-sv","19":"product_tag-gps-sv","20":"product_tag-nodsokare","21":"product_tag-personlig-lokaliseringsfyr-sv","22":"product_tag-plb-sv","23":"product_tag-plb-200-sv","24":"product_tag-plb-201-sv","25":"product_tag-vatten","26":"pa_product-arv","28":"first","29":"outofstock","30":"taxable","31":"shipping-taxable","32":"product-type-simple"},"acf":[],"_links":{"self":[{"href":"https:\/\/www.acrartex.com\/sv\/wp-json\/wp\/v2\/product\/157549","targetHints":{"allow":["GET"]}}],"collection":[{"href":"https:\/\/www.acrartex.com\/sv\/wp-json\/wp\/v2\/product"}],"about":[{"href":"https:\/\/www.acrartex.com\/sv\/wp-json\/wp\/v2\/types\/product"}],"wp:featuredmedia":[{"embeddable":true,"href":"https:\/\/www.acrartex.com\/sv\/wp-json\/wp\/v2\/media\/157632"}],"wp:attachment":[{"href":"https:\/\/www.acrartex.com\/sv\/wp-json\/wp\/v2\/media?parent=157549"}],"wp:term":[{"taxonomy":"product_brand","embeddable":true,"href":"https:\/\/www.acrartex.com\/sv\/wp-json\/wp\/v2\/product_brand?post=157549"},{"taxonomy":"product_cat","embeddable":true,"href":"https:\/\/www.acrartex.com\/sv\/wp-json\/wp\/v2\/product_cat?post=157549"},{"taxonomy":"product_tag","embeddable":true,"href":"https:\/\/www.acrartex.com\/sv\/wp-json\/wp\/v2\/product_tag?post=157549"}],"curies":[{"name":"wp","href":"https:\/\/api.w.org\/{rel}","templated":true}]}}