{"id":157529,"date":"2021-07-29T17:07:01","date_gmt":"2021-07-29T22:07:01","guid":{"rendered":"https:\/\/www.acrartex.com\/products\/globalfix-rlb-35\/"},"modified":"2021-07-29T17:07:01","modified_gmt":"2021-07-29T22:07:01","slug":"globalfix-rlb-35","status":"publish","type":"product","link":"https:\/\/www.acrartex.com\/sv\/products\/globalfix-rlb-35\/","title":{"rendered":"GlobalFix RLB-35"},"content":{"rendered":"<p><a href=\"https:\/\/www.acrartex.com\/products\/globalfix-v5-ais-epirb\/\"><em><strong>Denna produkt har uppgraderats.<\/strong><\/em><\/a><\/p>\n<div data-canvas-width=\"547.4670718954251\">\n<div data-canvas-width=\"539.4155986928106\">FastACQ\u2122 GPS motorn registrerar LAT\/LON fr\u00e5n kallstart b\u00e4ttre \u00e4n vanliga GPS motorer.<\/div>\n<div data-canvas-width=\"371.07709150326815\"><\/div>\n<div data-canvas-width=\"371.07709150326815\">FastACQ\u2122 GPS \u00e4r p\u00e5 i upp till 25 minuter under de f\u00f6rsta 45 minuterna av drift.<\/div>\n<div data-canvas-width=\"516.3214869281046\"><\/div>\n<div data-canvas-width=\"516.3214869281046\">Patenterat, egenutvecklat elektronikpaket ger st\u00f6rre frekvensstabilitet f\u00f6r den mest exakta positioneringen via LEOSAR-satelliterna. GPS positionsnoggrannhet p\u00e5 100 m (110 yards), optimalt m\u00f6jliggjort av COSPAS-SARSAT. <\/div>\n<div data-canvas-width=\"482.5856732026145\"><\/div>\n<div data-canvas-width=\"482.5856732026145\">Endast EPIRB tillg\u00e4nglig som tillhandah\u00e5ller ett GPS insamlingstest, ett fullst\u00e4ndigt funktionellt sj\u00e4lvtest av interna kretsar och batterisp\u00e4nningstest.<\/div>\n<div data-canvas-width=\"482.5856732026145\"><\/div>\n<div data-canvas-width=\"482.5856732026145\">Kategori 1: Helt sluten, h\u00f6gdensitets-, UV-stabiliserad polyeten<\/div>\n<div data-canvas-width=\"474.1053562091504\">f\u00e4ste med hydrostatisk utl\u00f6sning. T\u00e5l extremt tuffa milj\u00f6er. Hydrostatisk utl\u00f6sning aktiverar automatiskt EPIRB om fartyget sjunker till cirka 4 m (13 fot).  <\/div>\n<div data-canvas-width=\"506.93075816993485\">Kategori 2: Universellt Low Pro2-f\u00e4ste; inkluderar skottmontering och skenmontering som tillval.<\/div>\n<div data-canvas-width=\"506.93075816993485\"><\/div>\n<div data-canvas-width=\"547.7559820261438\">S\u00e4nder p\u00e5 406 MHz (COSPAS-SARSAT) med din registrerade, digitalt kodade n\u00f6dsignal och 121,5 MHz (SAR-m\u00e5ls\u00f6kande frekvens).<\/div>\n<\/div>\n","protected":false},"excerpt":{"rendered":"<p><em><strong>Denna produkt har uppgraderats. <a href=\"https:\/\/www.acrartex.com\/products\/globalfix-v5-ais-epirb\/\">Klicka h\u00e4r<\/a> f\u00f6r tillg\u00e4ngliga produktuppgraderingar.<\/strong><\/em><\/p>\n<div data-canvas-width=\"547.4670718954251\">Oavsett vilken typ av b\u00e5tliv du anv\u00e4nder, h\u00e4nder olyckor varje dag p\u00e5 vattnet. N\u00e4r situationen f\u00f6rs\u00e4mras, se till att du \u00e4r f\u00f6rberedd! <\/div>\n<div data-canvas-width=\"496.097777777778\">Den ultimata tekniken f\u00f6r marin livr\u00e4ddning finns nu tillg\u00e4nglig. Sl\u00e4pp l\u00f6s kraften hos GlobalFix \u2122 406 MHz GPS EPIRB och f\u00f6rvandla den livshotande situationen till en lyckad r\u00e4ddningshistoria. <\/div>\n<div data-canvas-width=\"141.5316320261438\">Det \u00e4r lika enkelt som att trycka p\u00e5 en str\u00f6mbrytare, och med en intern GPS mottagare kommer GlobalFix \u2122 att h\u00e4mta din GPS position och s\u00e4nda den tillsammans med din personliga identifieringskod via SARSAT-satelliterna, vilket omedelbart varnar SAR-styrkor att du beh\u00f6ver hj\u00e4lp!<\/div>\n<div data-canvas-width=\"133.5515816993464\">GlobalFix fungerar snabbt. N\u00e4r GPS data finns i fyrens f\u00f6rsta utbrott kan SAR-styrkor meddelas och b\u00f6rja planera din r\u00e4ddning p\u00e5 s\u00e5 lite som tre minuter. GlobalFix har testat oberoende i verkliga scenarier och presterat b\u00e4ttre \u00e4n alla andra 406 MHz EPIRB-enheter p\u00e5 marknaden. <\/div>\n<p>&nbsp;<\/p>\n<p>&nbsp;<\/p>\n","protected":false},"featured_media":157552,"template":"","meta":{"_acf_changed":false,"om_disable_all_campaigns":false},"product_brand":[],"product_cat":[5583],"product_tag":[13583,13590,13595,13600,5585,5613,5602,5625,5591,13611,13604],"class_list":{"0":"post-157529","1":"product","2":"type-product","3":"status-publish","4":"has-post-thumbnail","6":"product_cat-marin","7":"product_tag-2742-sv","8":"product_tag-2742nh-sv","9":"product_tag-2744-sv","10":"product_tag-2744nh-sv","11":"product_tag-epirb-sv","12":"product_tag-global-losning","13":"product_tag-globalfix-sv","14":"product_tag-gpirb-sv","15":"product_tag-nodsignal","16":"product_tag-rlb-35-sv","17":"product_tag-rlb35-sv","18":"pa_product-arv","20":"first","21":"outofstock","22":"taxable","23":"shipping-taxable","24":"product-type-simple"},"acf":[],"_links":{"self":[{"href":"https:\/\/www.acrartex.com\/sv\/wp-json\/wp\/v2\/product\/157529","targetHints":{"allow":["GET"]}}],"collection":[{"href":"https:\/\/www.acrartex.com\/sv\/wp-json\/wp\/v2\/product"}],"about":[{"href":"https:\/\/www.acrartex.com\/sv\/wp-json\/wp\/v2\/types\/product"}],"wp:featuredmedia":[{"embeddable":true,"href":"https:\/\/www.acrartex.com\/sv\/wp-json\/wp\/v2\/media\/157552"}],"wp:attachment":[{"href":"https:\/\/www.acrartex.com\/sv\/wp-json\/wp\/v2\/media?parent=157529"}],"wp:term":[{"taxonomy":"product_brand","embeddable":true,"href":"https:\/\/www.acrartex.com\/sv\/wp-json\/wp\/v2\/product_brand?post=157529"},{"taxonomy":"product_cat","embeddable":true,"href":"https:\/\/www.acrartex.com\/sv\/wp-json\/wp\/v2\/product_cat?post=157529"},{"taxonomy":"product_tag","embeddable":true,"href":"https:\/\/www.acrartex.com\/sv\/wp-json\/wp\/v2\/product_tag?post=157529"}],"curies":[{"name":"wp","href":"https:\/\/api.w.org\/{rel}","templated":true}]}}