{"id":157443,"date":"2021-08-04T16:32:27","date_gmt":"2021-08-04T21:32:27","guid":{"rendered":"https:\/\/www.acrartex.com\/products\/microfix-plb-300-personal-locator-beacon\/"},"modified":"2021-08-04T16:32:27","modified_gmt":"2021-08-04T21:32:27","slug":"microfix-plb-300-personal-locator-beacon","status":"publish","type":"product","link":"https:\/\/www.acrartex.com\/sv\/products\/microfix-plb-300-personal-locator-beacon\/","title":{"rendered":"MicroFix\u2122 PLB -300 Personal Locator Beacon"},"content":{"rendered":"<p><a href=\"https:\/\/www.acrartex.com\/sv\/produkt-kategori\/utomhus\/\"><em><strong>Denna produkt har utg\u00e5tt.  <\/strong><\/em><\/a><\/p>\n<p>S\u00e4nder p\u00e5 406 MHz via satellitsystemet COSPAS-SARSAT med din registrerade, unika, digitalt kodade n\u00f6dsignal och 121,5 MHz (SAR-m\u00e5ls\u00f6kande frekvens).<\/p>\n<p>Inbyggd 16-kanalig parallell GPS registrerar och s\u00e4nder sedan LAT\/LON n\u00e4r enheten aktiveras, vilket dramatiskt sparar v\u00e4rdefull tid f\u00f6r ditt n\u00f6dmeddelande att n\u00e5 lokala r\u00e4ddningscentraler och f\u00f6rser r\u00e4ddningstj\u00e4nsten med din exakta position inom 100 meter.<\/p>\n<p>L\u00e4tt att b\u00e4ra i en ryggs\u00e4ck eller ficka; liten nog att b\u00e4ras av skid\u00e5kare, vandrare, j\u00e4gare, kajakpaddlare, kl\u00e4ttrare, piloter, sn\u00f6skoter\u00e5kare eller andra friluftsentusiaster.<\/p>\n","protected":false},"excerpt":{"rendered":"<p><em><strong><a href=\"https:\/\/www.acrartex.com\/product-category\/outdoor\/\">Denna produkt har utg\u00e5tt. <\/a>  <\/strong><\/em><\/p>\n<p>Olyckor h\u00e4nder varje dag, oavsett om du \u00e4r ute p\u00e5 ett uppdrag i fara, arbetar i ett avl\u00e4gset omr\u00e5de eller helt enkelt campar eller jagar utomhus. Utomhus kan en vardaglig olycka omedelbart bli en livshotande situation, och r\u00e4ddningsinsatser kan ta dagar eller veckor om du inte \u00e4r f\u00f6rberedd. <\/p>\n<p>L\u00e4gg kraften i din handflata med en MicroFix 406 Personal Locator Beacon ( PLB ). Nu kan du f\u00f6rvandla den livshotande situationen till en lyckad r\u00e4ddningshistoria. Det \u00e4r lika enkelt som att trycka p\u00e5 en knapp, och med en intern GPS h\u00e4mtar MicroFix din GPS position och s\u00e4nder den tillsammans med din personliga identifieringskod via det globala satellitsystemet COSPASSARSAT, vilket omedelbart varnar s\u00f6k- och r\u00e4ddningsstyrkorna att du beh\u00f6ver hj\u00e4lp!  <\/p>\n<p>Detta \u00e4r ett v\u00e4rldsomsp\u00e4nnande humanit\u00e4rt livr\u00e4ddningssystem som har r\u00e4ddat \u00f6ver 30 000 liv, betalt med dina skattepengar, utan kostsamma prenumerationsavgifter.<\/p>\n<p>Var ansvarsfull, var f\u00f6rberedd, var s\u00e4ker.<\/p>\n","protected":false},"featured_media":157451,"template":"","meta":{"_acf_changed":false,"om_disable_all_campaigns":false},"product_brand":[],"product_cat":[5769],"product_tag":[13343,13348,11314,6742,13358,13353,13363,13367,11302,11326],"class_list":{"0":"post-157443","1":"product","2":"type-product","3":"status-publish","4":"has-post-thumbnail","6":"product_cat-utomhus","7":"product_tag-2898-sv","8":"product_tag-2898nh-sv","9":"product_tag-cospas-sv","10":"product_tag-cospas-sarsat-sv","11":"product_tag-micro-fix-plb-sv","12":"product_tag-mikrofix","13":"product_tag-plb-300-sv","14":"product_tag-plb300-sv","15":"product_tag-sarsat-sv","16":"product_tag-sarsat-cospas-sv","17":"pa_product-arv","19":"first","20":"outofstock","21":"taxable","22":"shipping-taxable","23":"product-type-simple"},"acf":[],"_links":{"self":[{"href":"https:\/\/www.acrartex.com\/sv\/wp-json\/wp\/v2\/product\/157443","targetHints":{"allow":["GET"]}}],"collection":[{"href":"https:\/\/www.acrartex.com\/sv\/wp-json\/wp\/v2\/product"}],"about":[{"href":"https:\/\/www.acrartex.com\/sv\/wp-json\/wp\/v2\/types\/product"}],"wp:featuredmedia":[{"embeddable":true,"href":"https:\/\/www.acrartex.com\/sv\/wp-json\/wp\/v2\/media\/157451"}],"wp:attachment":[{"href":"https:\/\/www.acrartex.com\/sv\/wp-json\/wp\/v2\/media?parent=157443"}],"wp:term":[{"taxonomy":"product_brand","embeddable":true,"href":"https:\/\/www.acrartex.com\/sv\/wp-json\/wp\/v2\/product_brand?post=157443"},{"taxonomy":"product_cat","embeddable":true,"href":"https:\/\/www.acrartex.com\/sv\/wp-json\/wp\/v2\/product_cat?post=157443"},{"taxonomy":"product_tag","embeddable":true,"href":"https:\/\/www.acrartex.com\/sv\/wp-json\/wp\/v2\/product_tag?post=157443"}],"curies":[{"name":"wp","href":"https:\/\/api.w.org\/{rel}","templated":true}]}}