{"id":157398,"date":"2021-08-04T18:10:30","date_gmt":"2021-08-04T23:10:30","guid":{"rendered":"https:\/\/www.acrartex.com\/products\/pathfinder3-sart\/"},"modified":"2021-08-04T18:10:30","modified_gmt":"2021-08-04T23:10:30","slug":"pathfinder3-sart","status":"publish","type":"product","link":"https:\/\/www.acrartex.com\/sv\/products\/pathfinder3-sart\/","title":{"rendered":"Pathfinder3 SART"},"content":{"rendered":"<p><a href=\"https:\/\/www.acrartex.com\/sv\/products\/pathfinder-pro-sart\/\"><b>Denna produkt har uppgraderats.<\/b><\/a><\/p>\n<ul>\n<li>Kompakt enhet packas enkelt in i livflotte<\/li>\n<li>Snabbf\u00e4ste ing\u00e5r<\/li>\n<li>Driftstid: 96 timmar i standby-l\u00e4ge; mer \u00e4n 8 timmar i driftl\u00e4ge<\/li>\n<li>Slagfast polystyrenh\u00f6lje utformat f\u00f6r att t\u00e5la tuffa milj\u00f6er<\/li>\n<li>Inkluderar 10 m l\u00e5ng s\u00e4kerhetslina och hopf\u00e4llbar st\u00e5ng, b\u00e5da f\u00f6rvarade inuti SART<\/li>\n<li>Vattent\u00e4t till 10 m<\/li>\n<li>Transports\u00e4kert litiumbatteri med l\u00e5ng livsl\u00e4ngd (5 \u00e5rs utbytestid) (endast 2714NH)<\/li>\n<li>V\u00e4rldsomsp\u00e4nnande certifiering; uppfyller GMDSS-, IEC-, IMO\/SOLAS 88-, ETSI 300 151- och RTCM-standarder, FCC-godk\u00e4nd, MED<\/li>\n<\/ul>\n","protected":false},"excerpt":{"rendered":"<p><strong>Denna produkt har uppgraderats. <a href=\"https:\/\/www.acrartex.com\/products\/pathfinder-pro-sart\/\">Klicka h\u00e4r<\/a> f\u00f6r tillg\u00e4ngliga produktuppgraderingar.<\/strong><\/p>\n<p>N\u00e4r enheten avl\u00e4ses via radar s\u00e4nder den ut 12 intensiva radarsignaler, vilket avsev\u00e4rt f\u00f6rb\u00e4ttrar s\u00f6k- och r\u00e4ddningsinsatserna. En s\u00f6k- och r\u00e4ddningstransponder \u00e4r faktiskt obligatorisk f\u00f6r alla kommersiella fartyg som m\u00e5ste uppfylla GMDSS-kraven, och alla fartyg som medf\u00f6r mer \u00e4n en livflotte. Det exklusiva ACR testl\u00e4get ger visuell\/h\u00f6rbar feedback som bekr\u00e4ftar driftsstatus.  <\/p>\n<p>&nbsp;<\/p>\n<p><a href=\"https:\/\/www.acrartex.com\/products\/pathfinder-pro-sart\/\"><strong>Denna produkt \u00e4r INTE tillg\u00e4nglig f\u00f6r e-handelsf\u00f6rs\u00e4ljning.  <\/strong><\/a><\/p>\n<p>&nbsp;<\/p>\n","protected":false},"featured_media":157412,"template":"","meta":{"_acf_changed":false,"om_disable_all_campaigns":false},"product_brand":[],"product_cat":[5826,5583,5825],"product_tag":[13282,13285,9736,9745,9739,9742,9741,13274,13278,9733,9738,9751,9737,9735,9753,9752,9743,9747,9734,9749,9748,9750,9740],"class_list":{"0":"post-157398","1":"product","2":"type-product","3":"status-publish","4":"has-post-thumbnail","6":"product_cat-kommersiell","7":"product_cat-marin","8":"product_cat-till-havs","9":"product_tag-2714-sv","10":"product_tag-2714nh-sv","11":"product_tag-acr-sart-sv","12":"product_tag-gmdss-sart-sv","13":"product_tag-jotron-sart-sv","14":"product_tag-jotron-tron-sart-sv","15":"product_tag-mcmurdo-sart-sv","16":"product_tag-pathfinder2-sv","17":"product_tag-pathfinder3-sv","18":"product_tag-sart-sv","19":"product_tag-sart-fall-sv","20":"product_tag-sart-gmdss-sv","21":"product_tag-sart-ivf-sv","22":"product_tag-sart-batteri","23":"product_tag-sart-godkannanden","24":"product_tag-sart-krav","25":"product_tag-sart-test-sv","26":"product_tag-sart-testare","27":"product_tag-sart-transponder-sv","28":"product_tag-sjomansart","29":"product_tag-testning-sart","30":"product_tag-tron-sart-20-sv","31":"product_tag-tronsart","32":"pa_product-arv","34":"first","35":"outofstock","36":"taxable","37":"shipping-taxable","38":"product-type-simple"},"acf":[],"_links":{"self":[{"href":"https:\/\/www.acrartex.com\/sv\/wp-json\/wp\/v2\/product\/157398","targetHints":{"allow":["GET"]}}],"collection":[{"href":"https:\/\/www.acrartex.com\/sv\/wp-json\/wp\/v2\/product"}],"about":[{"href":"https:\/\/www.acrartex.com\/sv\/wp-json\/wp\/v2\/types\/product"}],"wp:featuredmedia":[{"embeddable":true,"href":"https:\/\/www.acrartex.com\/sv\/wp-json\/wp\/v2\/media\/157412"}],"wp:attachment":[{"href":"https:\/\/www.acrartex.com\/sv\/wp-json\/wp\/v2\/media?parent=157398"}],"wp:term":[{"taxonomy":"product_brand","embeddable":true,"href":"https:\/\/www.acrartex.com\/sv\/wp-json\/wp\/v2\/product_brand?post=157398"},{"taxonomy":"product_cat","embeddable":true,"href":"https:\/\/www.acrartex.com\/sv\/wp-json\/wp\/v2\/product_cat?post=157398"},{"taxonomy":"product_tag","embeddable":true,"href":"https:\/\/www.acrartex.com\/sv\/wp-json\/wp\/v2\/product_tag?post=157398"}],"curies":[{"name":"wp","href":"https:\/\/api.w.org\/{rel}","templated":true}]}}