{"id":157256,"date":"2022-02-07T16:20:41","date_gmt":"2022-02-07T21:20:41","guid":{"rendered":"https:\/\/www.acrartex.com\/products\/elt-4000s\/"},"modified":"2022-02-07T16:20:41","modified_gmt":"2022-02-07T21:20:41","slug":"elt-4000s","status":"publish","type":"product","link":"https:\/\/www.acrartex.com\/sv\/products\/elt-4000s\/","title":{"rendered":"ELT 4000S"},"content":{"rendered":"<p><strong>Produkt\u00f6versikt<\/strong><\/p>\n<p>ARTEX <a href=\"https:\/\/www.acrartex.com\/sv\/news\/nasta-generations-litiumfria-emergency-locator-transmitter-lanseras-av-artex\/\">ELT 4000S \u00e4r en b\u00e4rbar \u00f6verlevnads ELT (\u00f6verlevnads-ELT)<\/a> som s\u00e4nder p\u00e5 121,5 och 406 MHz, vilket \u00e4r undantaget fr\u00e5n TSO C142- och DO-227-kraven tack vare det innovativa alkaliska batteridrivna systemet. ELT s\u00e4ndaren \u00e4r baserad p\u00e5 ARTEX ELT 4000-systemet och representerar den senaste ELT s\u00e4ndartekniken med ett litiumfritt batteri i en livr\u00e4ddningss\u00e4ndare som sparar operat\u00f6rerna fraktkostnader f\u00f6r farligt gods. ARTEX ELT 4000S \u00e4r flytande och aktiveras automatiskt n\u00e4r den anv\u00e4nds i vatten. En manuell aktiveringsbrytare ing\u00e5r ocks\u00e5 f\u00f6r landanv\u00e4ndning. En intern GPS (GNSS) h\u00e4mtar positionsdata f\u00f6r inkludering i 406 MHz-s\u00e4ndningen, och en rem m\u00f6jligg\u00f6r fasts\u00e4ttning p\u00e5 en livflotte.    <\/p>\n<p><iframe loading=\"lazy\" title=\"ARTEX ELT 4000S Portable Emergency Locator Transmitter\" width=\"500\" height=\"281\" src=\"https:\/\/www.youtube.com\/embed\/KBgLQOc3Xag?feature=oembed\" frameborder=\"0\" allow=\"accelerometer; autoplay; clipboard-write; encrypted-media; gyroscope; picture-in-picture; web-share\" referrerpolicy=\"strict-origin-when-cross-origin\" allowfullscreen><\/iframe><\/p>\n<p>ARTEX ELT 4000S har ett l\u00e4ttl\u00e4st testsystem med tv\u00e5 LED-indikatorer. En gr\u00f6n LED indikerar ett lyckat sj\u00e4lvtest. Den 4,5 meter l\u00e5nga remsan \u00e4r prydligt f\u00f6rvarad i det \u00f6vre h\u00f6ljet och den vikbara antennen \u00e4r s\u00e4krad och kan f\u00e4llas ut med en hand.   <\/p>\n<p>Det TSO-godk\u00e4nda monteringssystemet erbjuder fleraxlig frig\u00f6ring vilket ger flexibilitet p\u00e5 installationsplatsen. Ett utbytbart batterisystem erbjuder underh\u00e5llsm\u00f6jligheter p\u00e5 vingen vilket minskar \u00e4gandekostnaderna. <\/p>\n<p><strong>Produktegenskaper<\/strong><\/p>\n<ul>\n<li>Godk\u00e4nd av FAA och EASA<\/li>\n<li>Robust design med inbyggd flytkraft (ingen flytkrage)<\/li>\n<li>Integrerad GPS<\/li>\n<li>Alkaliskt batteri (undantaget fr\u00e5n TSO C142- och DO-227-kraven)<\/li>\n<li>Fem\u00e5rigt utbytbart alkaliskt batterisystem (p\u00e5 vingen)<\/li>\n<li>Undantaget fr\u00e5n specialvillkor, ingen frakt av farligt gods<\/li>\n<li>Enkelt f\u00e4ste f\u00f6r enkel enhandsutplacering<\/li>\n<li>Kompatibel med befintliga handh\u00e5llna ARTEX -programmerare<\/li>\n<li>V\u00e4nster- och h\u00f6gerh\u00e4nta f\u00e4stkonfigurationer tillg\u00e4ngliga<\/li>\n<\/ul>\n<p>Intresserad av att l\u00e4ra dig mer om <a href=\"http:\/\/www.gadss.com\">GADSS.com<\/a><\/p>\n","protected":false},"excerpt":{"rendered":"<p>ARTEX ELT 4000S \u00e4r en b\u00e4rbar \u00f6verlevnads ELT (survival ELT) fr\u00e5n FAA och EASA som s\u00e4nder p\u00e5 121,5 och 406 MHz. ELT s\u00e4ndaren \u00e4r baserad p\u00e5 ARTEX ELT 4000-systemet och representerar den senaste ELT s\u00e4ndartekniken med ett litiumfritt batteri i en livr\u00e4ddningss\u00e4ndare, undantagen fr\u00e5n TSO C142- och DO-227-godk\u00e4nnande. ARTEX ELT 4000S \u00e4r flytande och aktiveras automatiskt n\u00e4r den anv\u00e4nds i vatten. En manuell aktiveringsbrytare ing\u00e5r ocks\u00e5 f\u00f6r landanv\u00e4ndning. En intern GPS (GNSS) h\u00e4mtar positionsdata f\u00f6r inkludering i 406 MHz-s\u00e4ndningen, och en lina m\u00f6jligg\u00f6r fasts\u00e4ttning p\u00e5 en livflotte.    <\/p>\n<p>&nbsp;<\/p>\n","protected":false},"featured_media":27655,"template":"","meta":{"_acf_changed":false,"om_disable_all_campaigns":false},"product_brand":[],"product_cat":[5835,5553,8624],"product_tag":[8847,13032,13028,13027],"class_list":{"0":"post-157256","1":"product","2":"type-product","3":"status-publish","4":"has-post-thumbnail","6":"product_cat-affarsjet","7":"product_cat-flyg","8":"product_cat-kommersiella-flygplan","9":"product_tag-barbar-elt","10":"product_tag-do-227a-sv","11":"product_tag-elt-4000s-sv","12":"product_tag-overlevnads-elt","13":"pa_aircraft-type-flermotorig","14":"pa_aircraft-type-flygplan","15":"pa_aircraft-type-medelstora-jetplan","16":"pa_aircraft-type-stora-jetstralar","18":"first","19":"instock","20":"taxable","21":"shipping-taxable","22":"product-type-simple"},"acf":[],"_links":{"self":[{"href":"https:\/\/www.acrartex.com\/sv\/wp-json\/wp\/v2\/product\/157256","targetHints":{"allow":["GET"]}}],"collection":[{"href":"https:\/\/www.acrartex.com\/sv\/wp-json\/wp\/v2\/product"}],"about":[{"href":"https:\/\/www.acrartex.com\/sv\/wp-json\/wp\/v2\/types\/product"}],"wp:featuredmedia":[{"embeddable":true,"href":"https:\/\/www.acrartex.com\/sv\/wp-json\/wp\/v2\/media\/27655"}],"wp:attachment":[{"href":"https:\/\/www.acrartex.com\/sv\/wp-json\/wp\/v2\/media?parent=157256"}],"wp:term":[{"taxonomy":"product_brand","embeddable":true,"href":"https:\/\/www.acrartex.com\/sv\/wp-json\/wp\/v2\/product_brand?post=157256"},{"taxonomy":"product_cat","embeddable":true,"href":"https:\/\/www.acrartex.com\/sv\/wp-json\/wp\/v2\/product_cat?post=157256"},{"taxonomy":"product_tag","embeddable":true,"href":"https:\/\/www.acrartex.com\/sv\/wp-json\/wp\/v2\/product_tag?post=157256"}],"curies":[{"name":"wp","href":"https:\/\/api.w.org\/{rel}","templated":true}]}}