{"id":157181,"date":"2021-09-23T19:59:54","date_gmt":"2021-09-24T00:59:54","guid":{"rendered":"https:\/\/www.acrartex.com\/products\/resqlink-410-rls-personal-locator-beacon\/"},"modified":"2026-01-13T14:53:03","modified_gmt":"2026-01-13T19:53:03","slug":"resqlink-410-rls-personal-locator-beacon","status":"publish","type":"product","link":"https:\/\/www.acrartex.com\/sv\/products\/resqlink-410-rls-personal-locator-beacon\/","title":{"rendered":"ResQLink \u2122 410 RLS Personal Locator Beacon"},"content":{"rendered":"<p>Liten men t\u00e5lig, ResQLink 410 RLS har professionellt konstruerats och testats f\u00f6r att s\u00e4kerst\u00e4lla att den t\u00e5l \u00e4ven de tuffaste elementen. Denna flytande Personal Locator Beacon kr\u00e4ver ingen prenumeration f\u00f6r anv\u00e4ndning och inkluderar den nya funktionen Return Link Service ( RLS ). S\u00e4ndare med RLS bekr\u00e4ftar att deras n\u00f6dmeddelande har mottagits och att deras plats har uppt\u00e4ckts. RLS fungerar genom att skicka en signal tillbaka via Cospas Sarsat-satellitn\u00e4tverket f\u00f6r att bekr\u00e4fta till anv\u00e4ndaren att n\u00f6dmeddelandet fr\u00e5n en s\u00e4ndare har mottagits och att deras plats har uppt\u00e4ckts. Anv\u00e4ndarbekr\u00e4ftelse indikeras tydligt med ett blinkande bl\u00e5tt ljus.    <\/p>\n<p>&nbsp;<\/p>\n<p>Med tre niv\u00e5er av integrerad n\u00f6dsignaleringsteknik \u2013 GPS positionering, en kraftfull 406 MHz-signal och 121,5 MHz-funktion f\u00f6r m\u00e5ls\u00f6kande \u2013 vidarebefordrar ResQLink 410 RLS snabbt och exakt din position till ett v\u00e4rldsomsp\u00e4nnande n\u00e4tverk av s\u00f6k- och r\u00e4ddningssatelliter. Dessutom underl\u00e4ttar en inbyggd stroboskoplampa och infrar\u00f6d stroboskoplampa r\u00e4ddningsinsatser nattetid eller vid annan r\u00e4ddning med l\u00e5g sikt. Oavsett om det \u00e4r p\u00e5 land, till sj\u00f6ss eller i luften, kan du lita p\u00e5 att ResQLink satellitprecision och milit\u00e4ra h\u00e5llbarhet g\u00f6r r\u00e4ddningsinsatsen i din handflata.  <\/p>\n<p>&nbsp;<\/p>\n<p>Vart ditt \u00e4ventyr \u00e4n tar dig, oavsett om det \u00e4r en resa till de h\u00f6gsta bergstopparna, den mest ouppt\u00e4ckta terr\u00e4ngen eller de vidstr\u00e4cktaste haven, kan du vara s\u00e4ker p\u00e5 att ResQLink 410 RLS alltid aktiveras enkelt. F\u00e4ll bara ut antennen, tryck p\u00e5 str\u00f6mbrytaren s\u00e5 bekr\u00e4ftar s\u00e4ndaren n\u00e4r ditt n\u00f6dmeddelande har mottagits och din plats har uppt\u00e4ckts, samtidigt som den enkelt v\u00e4gleder r\u00e4ddningspersonal inom 100 meter eller mindre fr\u00e5n din position. <\/p>\n<p>&nbsp;<\/p>\n<p>Tack vare innovativa designelement kan multifunktionskl\u00e4mmor anv\u00e4ndas tillsammans med fyrljuset, vilket ger m\u00e5nga b\u00e4rbarhetsalternativ som passar en m\u00e4ngd olika anv\u00e4ndningsomr\u00e5den. Den \u00f6kade enkla anv\u00e4ndningen av ResQLink 410 RLS p\u00e5 dig, eller med din utrustning, gjorde alla dina \u00e4ventyr inte bara s\u00e4krare, utan ocks\u00e5 bekv\u00e4mare. <\/p>\n<p>&nbsp;<\/p>\n<p>ResQLink 410 RLS har samma tillf\u00f6rlitlighet och robusta h\u00e5llbarhet som sina f\u00f6reg\u00e5ngare, men \u00e4r ocks\u00e5 byggd f\u00f6r komfort. Njut av tryggheten i att veta att ditt n\u00f6dmeddelande har mottagits och din plats har uppt\u00e4ckts. Som ledande inom livr\u00e4ddande produkter f\u00f6r b\u00e5de professionellt och fritidsbruk erbjuder ACR o\u00f6vertr\u00e4ffad s\u00e4kerhet och sinnesro med ResQLink 410 RLS Personal Locator Beacon .  <\/p>\n<p>&nbsp;<\/p>\n<p><strong> <\/strong><strong>Funktioner och f\u00f6rdelar:<\/strong><\/p>\n<p>&nbsp;<\/p>\n<ul>\n<li>Ingen prenumeration kr\u00e4vs<\/li>\n<li>Return Link Service ( RLS )-funktionalitet<\/li>\n<li>GPS | Galileo GNSS<\/li>\n<li>Inbyggd flytkraft<\/li>\n<li>Stroboskop och infrar\u00f6d stroboskop<\/li>\n<li>Global t\u00e4ckning<\/li>\n<li>MEOSAR-kompatibel<\/li>\n<li>Liten och l\u00e4tt<\/li>\n<li>5 \u00e5rs batteritid<\/li>\n<li>24+ timmars drifttid**<\/li>\n<li>Multifunktionskl\u00e4mma ing\u00e5r<\/li>\n<\/ul>\n<p>&nbsp;<\/p>\n<p>**baserat p\u00e5 testrapport fr\u00e5n ackrediterat laboratorium<\/p>\n<p>&nbsp;<\/p>\n<p>Den fullst\u00e4ndiga listan \u00f6ver l\u00e4nder som har godk\u00e4nt att RLS s\u00e4ljs och anv\u00e4nds i deras territorium finns p\u00e5 den h\u00e4r l\u00e4nken <span lang=\"PT-BR\">:<\/span> <a href=\"https:\/\/cospas-sarsat.int\/en\/beacon-ownership\/rls-enabled-beacon-purchase\"><span lang=\"PT-BR\">https:\/\/cospas-sarsat.int\/en\/beacon-ownership\/rls-enabled-beacon-purchase<\/span><\/a><\/p>\n<p class=\"Paragraph1\" align=\"left\"><span lang=\"PT-BR\">Det kan bli en f\u00f6rdr\u00f6jning i l\u00e4nder som informerar Cospas-Sarsat , s\u00e5 m\u00e5nga l\u00e4nder som inte finns med p\u00e5 listan ovan kan ocks\u00e5 till\u00e5ta RLS -aktiverade beacons.<\/span><span lang=\"PT-BR\">. Cospas-Sarsat rekommenderar att man direkt kontaktar de nationella\/territoriella myndigheterna f\u00f6r den senaste informationen om vad som \u00e4r till\u00e5tet.<\/span><\/p>\n<p class=\"Paragraph1\" align=\"left\"><i><span lang=\"PT-BR\">* USCG kan kontaktas h\u00e4r<\/span><\/i> <a href=\"https:\/\/www.dco.uscg.mil\/Our-Organization\/Assistant-Commandant-for-Response-Policy-CG-5R\/Office-of-Incident-Management-Preparedness-CG-5RI\/US-Coast-Guard-Office-of-Search-and-Rescue-CG-SAR\/NSARC\/\"><i>https:\/\/www.dco.uscg.mil\/Our-Organization\/Assistant-Commandant-for-Response-Policy-CG-5R\/Office-of-Incident-Management-Preparedness-CG-5RI\/US-Coast-Guard-Office-of-Search-and-Rescue-CG-SAR\/NSARC\/<\/i><\/a><\/p>\n<p class=\"Paragraph1\" align=\"left\"><i><span lang=\"PT-BR\">** NOAA kan kontaktas h\u00e4r<\/span><\/i> <a href=\"https:\/\/www.sarsat.noaa.gov\/\"><i>https:\/\/www.sarsat.noaa.gov\/<\/i><\/a><\/p>\n<p><strong>2331: ResQlink 410 RLS Base PLB s\u00e4kerhetssats<\/strong> | Detta kit levereras med f\u00f6ljande artiklar:<\/p>\n<p>ResQLink 410 RLS \u2122 Personal Locator Beacon (programmerad i USA)<br \/>\n C-Strobe\u2122 H2O r\u00e4ddningslampa<br \/>\n Res-Q\u2122 visselpipa<br \/>\n RapidDitch torrp\u00e5se<br \/>\n Signalspegel<\/p>\n","protected":false},"excerpt":{"rendered":"<p>Liten men t\u00e5lig, ResQLink 410 RLS har professionellt konstruerats och testats f\u00f6r att s\u00e4kerst\u00e4lla att den t\u00e5l \u00e4ven de tuffaste elementen. Denna flytande Personal Locator Beacon kr\u00e4ver ingen prenumeration f\u00f6r anv\u00e4ndning och med den nya Return Link Service ( RLS )-funktionen ger denna ACR -s\u00e4ndare dig tryggheten i att veta att ditt n\u00f6dmeddelande har mottagits och din position har uppt\u00e4ckts. <\/p>\n<p>&nbsp;<\/p>\n<p><b>Funktioner och f\u00f6rdelar:<\/b><\/p>\n<p>&nbsp;<\/p>\n<ul>\n<li>Ingen prenumeration kr\u00e4vs<\/li>\n<li>Return Link Service ( RLS )-funktionalitet<\/li>\n<li><a name=\"_Hlk2671037\" data-cke-saved-name=\"_Hlk2671037\"><\/a>GPS | Galileo GNSS<\/li>\n<li>Inbyggd flytkraft<\/li>\n<li>Stroboskop och infrar\u00f6d stroboskop<\/li>\n<li>Global t\u00e4ckning<\/li>\n<li>MEOSAR-kompatibel<\/li>\n<li>Liten och l\u00e4tt<\/li>\n<li>5 \u00e5rs batteritid<\/li>\n<li>24+ timmars drifttid**<\/li>\n<li>Multifunktionskl\u00e4mma ing\u00e5r<\/li>\n<\/ul>\n<p>&nbsp;<\/p>\n<p>**Baserat p\u00e5 testrapport fr\u00e5n ackrediterat laboratorium<\/p>\n<p>&nbsp;<\/p>\n<p><a href=\"https:\/\/www.dropbox.com\/s\/8343nj28z0d7bxa\/Prop%2065%20-%20BPA.pdf?dl=0\" data-cke-saved-href=\"https:\/\/www.dropbox.com\/s\/8343nj28z0d7bxa\/Prop%2065%20-%20BPA.pdf?dl=0\">VARNING: F\u00d6RSLAG 65<\/a><\/p>\n","protected":false},"featured_media":88803,"template":"","meta":{"_acf_changed":false,"om_disable_all_campaigns":false},"product_brand":[],"product_cat":[5829,5822,5826,5583,5823,5832,12347,5830,5825,5769,5827],"product_tag":[5560,6160,7094,11654,6742,5773,5772,5770,5842,12979,12978],"class_list":{"0":"post-157181","1":"product","2":"type-product","3":"status-publish","4":"has-post-thumbnail","6":"product_cat-actionsport-terrang","7":"product_cat-inat-landet","8":"product_cat-kommersiell","9":"product_cat-marin","10":"product_cat-nara-stranden","11":"product_cat-paddelsporter-fiske","12":"product_cat-personal-locator-beacon-sv","13":"product_cat-reseutrustning","14":"product_cat-till-havs","15":"product_cat-utomhus","16":"product_cat-vandring-klattring-camping","17":"product_tag-406-sv","18":"product_tag-406-mhz-sv","19":"product_tag-acr-sv","20":"product_tag-acr-personlig-lokaliseringsfyr-sv","21":"product_tag-cospas-sarsat-sv","22":"product_tag-gps-sv","23":"product_tag-personlig-lokaliseringsfyr-sv","24":"product_tag-plb-sv","25":"product_tag-resqlank","26":"product_tag-return-link-service-sv","27":"product_tag-rls-sv","28":"pa_activity-camping-sv","29":"pa_activity-cykel-sv","30":"pa_activity-fiske-sv","31":"pa_activity-klattrande","32":"pa_activity-langdakning","33":"pa_activity-paddelsporter","34":"pa_activity-skidor-snowboardakning","35":"pa_activity-snoskoter","36":"pa_activity-terrang-4x4","37":"pa_activity-vandring-sv","38":"pa_aircraft-type-enmotorig","39":"pa_aircraft-type-experimentell","40":"pa_aircraft-type-flermotorig","41":"pa_aircraft-type-latta-stralar","42":"pa_aircraft-type-medelstora-jetplan","43":"pa_aircraft-type-passagerarjet","44":"pa_aircraft-type-rotocraft-sv","45":"pa_aircraft-type-stora-jetstralar","46":"pa_aircraft-type-turboprop-sv","47":"pa_boat-size-0-20-sv","48":"pa_boat-size-21-40-sv","49":"pa_boat-size-40-80-sv","50":"pa_boat-size-80-sv","51":"pa_boat-type-bogserbat","52":"pa_boat-type-charter-yacht-sv","53":"pa_boat-type-kommersiellt-fiske","54":"pa_boat-type-lastfartyg","55":"pa_boat-type-motorbat","56":"pa_boat-type-segelbat","57":"pa_boat-type-sportcraft-sv","58":"pa_boat-type-yacht-sv","59":"pa_product-rescue-beacons-sv","60":"pa_terrain-floder-vatmarker-sjoar","61":"pa_terrain-kulle-och-berg","62":"pa_terrain-skog-och-djungel","63":"pa_terrain-tundra-sv","65":"first","66":"instock","67":"taxable","68":"shipping-taxable","69":"purchasable","70":"product-type-variable"},"acf":[],"_links":{"self":[{"href":"https:\/\/www.acrartex.com\/sv\/wp-json\/wp\/v2\/product\/157181","targetHints":{"allow":["GET"]}}],"collection":[{"href":"https:\/\/www.acrartex.com\/sv\/wp-json\/wp\/v2\/product"}],"about":[{"href":"https:\/\/www.acrartex.com\/sv\/wp-json\/wp\/v2\/types\/product"}],"wp:featuredmedia":[{"embeddable":true,"href":"https:\/\/www.acrartex.com\/sv\/wp-json\/wp\/v2\/media\/88803"}],"wp:attachment":[{"href":"https:\/\/www.acrartex.com\/sv\/wp-json\/wp\/v2\/media?parent=157181"}],"wp:term":[{"taxonomy":"product_brand","embeddable":true,"href":"https:\/\/www.acrartex.com\/sv\/wp-json\/wp\/v2\/product_brand?post=157181"},{"taxonomy":"product_cat","embeddable":true,"href":"https:\/\/www.acrartex.com\/sv\/wp-json\/wp\/v2\/product_cat?post=157181"},{"taxonomy":"product_tag","embeddable":true,"href":"https:\/\/www.acrartex.com\/sv\/wp-json\/wp\/v2\/product_tag?post=157181"}],"curies":[{"name":"wp","href":"https:\/\/api.w.org\/{rel}","templated":true}]}}